{"id":21525,"date":"2026-04-23T11:51:29","date_gmt":"2026-04-23T09:51:29","guid":{"rendered":"https:\/\/campingetxarri.com\/verano\/"},"modified":"2026-04-28T10:59:10","modified_gmt":"2026-04-28T08:59:10","slug":"ete","status":"publish","type":"page","link":"https:\/\/campingetxarri.com\/fr\/ete\/","title":{"rendered":"Verano"},"content":{"rendered":"\n<div class=\"slider-wrapper relative\" id=\"slider-1926241649\" >\n    <div class=\"slider slider-nav-simple slider-nav-large slider-nav-light slider-style-normal\"\n        data-flickity-options='{\n            \"cellAlign\": \"center\",\n            \"imagesLoaded\": true,\n            \"lazyLoad\": 1,\n            \"freeScroll\": false,\n            \"wrapAround\": true,\n            \"autoPlay\": 4000,\n            \"pauseAutoPlayOnHover\" : false,\n            \"prevNextButtons\": false,\n            \"contain\" : true,\n            \"adaptiveHeight\" : true,\n            \"dragThreshold\" : 10,\n            \"percentPosition\": true,\n            \"pageDots\": false,\n            \"rightToLeft\": false,\n            \"draggable\": true,\n            \"selectedAttraction\": 0.1,\n            \"parallax\" : 0,\n            \"friction\": 0.6        }'\n        >\n        \n\n<div class=\"row row-collapse row-full-width align-center\"  id=\"row-149189348\">\n\n\n\t<div id=\"col-468791979\" class=\"col delante small-12 large-12\"  >\n\t\t\t\t<div class=\"col-inner\"  >\n\t\t\t\n\t\t\t\n\n<div class=\"video video-fit mb\" style=\"padding-top:75%;\"><iframe loading=\"lazy\" title=\"1920x1080 ETXARRI FR aep\" width=\"1020\" height=\"574\" src=\"https:\/\/www.youtube.com\/embed\/ASBj8SEO10M?feature=oembed\" frameborder=\"0\" allow=\"accelerometer; autoplay; clipboard-write; encrypted-media; gyroscope; picture-in-picture; web-share\" referrerpolicy=\"strict-origin-when-cross-origin\" allowfullscreen><\/iframe><\/div>\n\n\n\t\t<\/div>\n\t\t\t\t\t<\/div>\n\n\t\n\n<\/div>\n\n     <\/div>\n\n     <div class=\"loading-spin dark large centered\"><\/div>\n\n\t<\/div>\n\n\n\n\t<section class=\"section\" id=\"section_1567151420\">\n\t\t<div class=\"bg section-bg fill bg-fill bg-loaded bg-loaded\" >\n\n\t\t\t\n\t\t\t\n\t\t\t\n\n\t\t<\/div>\n\n\t\t\n\n\t\t<div class=\"section-content relative\">\n\t\t\t\n\n<div class=\"row align-middle align-center\"  id=\"row-1160030793\">\n\n\n\t<div id=\"col-171366787\" class=\"col medium-11 small-12 large-7\"  data-animate=\"bounceInUp\">\n\t\t\t\t<div class=\"col-inner text-center\"  >\n\t\t\t\n\t\t\t\n\n\t<div id=\"gap-1530188601\" class=\"gap-element clearfix\" style=\"display:block; height:auto;\">\n\t\t\n<style>\n#gap-1530188601 {\n  padding-top: 20px;\n}\n<\/style>\n\t<\/div>\n\t\n\n\t<div id=\"gap-423043805\" class=\"gap-element clearfix\" style=\"display:block; height:auto;\">\n\t\t\n<style>\n#gap-423043805 {\n  padding-top: 0px;\n}\n@media (min-width:550px) {\n  #gap-423043805 {\n    padding-top: 50px;\n  }\n}\n<\/style>\n\t<\/div>\n\t\n\n\t<div id=\"text-1877238228\" class=\"text\">\n\t\t\n\n<h1 class=\"uppercase\" style=\"text-align: center;\"><span style=\"font-size: 85%; font-family: hkbold;\">\u00c9T\u00c9 AU CAMPING ETXARRI<\/span><\/h1>\n<p>Sous le soleil de l\u2019\u00e9t\u00e9, le Camping Etxarri devient un refuge parfait pour ceux qui recherchent <strong>nature, repos et aventure au c\u0153ur de la Navarre<\/strong>. Entour\u00e9 de montagnes et de paysages verdoyants, cet espace invite \u00e0 se d\u00e9connecter du rythme quotidien et \u00e0 se reconnecter \u00e0 l\u2019essentiel.<\/p>\n<p>Ici, chaque jour est une opportunit\u00e9 : des baignades rafra\u00eechissantes dans la piscine aux randonn\u00e9es dans les environs, en passant par des <strong>activit\u00e9s de plein air, des sports en groupe et des moments de d\u00e9tente \u00e0 l\u2019ombre des arbres<\/strong>. Les nuits offrent une atmosph\u00e8re paisible, id\u00e9ale pour profiter de la compagnie, du ciel \u00e9toil\u00e9 et de l\u2019air pur.<\/p>\n<p>Que ce soit en famille, entre amis ou en couple, le Camping Etxarri propose une <strong>exp\u00e9rience estivale authentique<\/strong>, o\u00f9 le plaisir et la nature vont de pair.<\/p>\n\t\t\n<style>\n#text-1877238228 {\n  font-size: 1.35rem;\n}\n<\/style>\n\t<\/div>\n\t\n\n\t\t<\/div>\n\t\t\t\t\n<style>\n#col-171366787 > .col-inner {\n  padding: 0px 0px 0px 0;\n}\n@media (min-width:850px) {\n  #col-171366787 > .col-inner {\n    padding: 0px 0px 0px 0%;\n  }\n}\n<\/style>\n\t<\/div>\n\n\t\n\n<\/div>\n\n\t\t<\/div>\n\n\t\t\n<style>\n#section_1567151420 {\n  padding-top: 30px;\n  padding-bottom: 30px;\n}\n@media (min-width:550px) {\n  #section_1567151420 {\n    padding-top: 50px;\n    padding-bottom: 50px;\n  }\n}\n<\/style>\n\t<\/section>\n\t\n\t<section class=\"section\" id=\"section_1221608451\">\n\t\t<div class=\"bg section-bg fill bg-fill bg-loaded \" >\n\n\t\t\t\n\t\t\t\n\t\t\t\n\n\t\t<\/div>\n\n\t\t\n\n\t\t<div class=\"section-content relative\">\n\t\t\t\n\n\t<div id=\"gap-1430305478\" class=\"gap-element clearfix\" style=\"display:block; height:auto;\">\n\t\t\n<style>\n#gap-1430305478 {\n  padding-top: 30px;\n}\n<\/style>\n\t<\/div>\n\t\n\n<div class=\"row row-large align-middle align-center\"  id=\"row-240949320\">\n\n\n\t<div id=\"col-140951083\" class=\"col medium-5 small-12 large-5\"  >\n\t\t\t\t<div class=\"col-inner\"  >\n\t\t\t\n\t\t\t\n\n\t<div class=\"img has-hover x md-x lg-x y md-y lg-y\" id=\"image_1093864975\">\n\t\t\t\t\t\t\t\t<div class=\"img-inner image-cover dark\" style=\"padding-top:500px;\">\n\t\t\t<img loading=\"lazy\" decoding=\"async\" width=\"1000\" height=\"667\" src=\"https:\/\/campingetxarri.com\/wp-content\/uploads\/2024\/05\/piscinas.jpg\" class=\"attachment-original size-original\" alt=\"piscinas\" srcset=\"https:\/\/campingetxarri.com\/wp-content\/uploads\/2024\/05\/piscinas.jpg 1000w, https:\/\/campingetxarri.com\/wp-content\/uploads\/2024\/05\/piscinas-300x200.jpg 300w, https:\/\/campingetxarri.com\/wp-content\/uploads\/2024\/05\/piscinas-768x512.jpg 768w\" sizes=\"auto, (max-width: 1000px) 100vw, 1000px\" \/>\t\t\t\t\t\t\n\t\t\t\t\t<\/div>\n\t\t\t\t\t\t\t\t\n<style>\n#image_1093864975 {\n  width: 100%;\n}\n<\/style>\n\t<\/div>\n\t\n\n\n\t\t<\/div>\n\t\t\t\t\t<\/div>\n\n\t\n\n\t<div id=\"col-1920209701\" class=\"col medium-5 small-12 large-5 small-col-first\"  >\n\t\t\t\t<div class=\"col-inner\" style=\"background-color:#eeecdc;\" >\n\t\t\t\n\t\t\t\n\n\n\t\t<div class=\"icon-box featured-box icon-box-top text-left\"  >\n\t\t\t\t<div class=\"icon-box-text last-reset\">\n\t\t\t\t\t\t\t\t\t\n\n\t<div id=\"gap-1067461087\" class=\"gap-element clearfix\" style=\"display:block; height:auto;\">\n\t\t\n<style>\n#gap-1067461087 {\n  padding-top: 15px;\n}\n<\/style>\n\t<\/div>\n\t\n\n<h3 style=\"text-align: center;\"><strong>\ud83c\udfca PISCINE EXT\u00c9RIEURE ET ZONES DE BARBECUE<\/strong><strong>\u00a0\ud83c\udf74<\/strong><\/h3>\n<p style=\"text-align: center;\">D\u00e9tendez-vous sous le soleil dans nos piscines ext\u00e9rieures et partagez des moments uniques dans les espaces barbecue.<\/p>\n<p style=\"text-align: center;\">Le plan parfait pour se rafra\u00eechir pendant la journ\u00e9e et profiter de longues soir\u00e9es en bonne compagnie.<\/p>\n<p style=\"text-align: center;\">\u00a0<\/p>\n<a href=\"https:\/\/campingetxarri.com\/en\/pool\/\" target=\"_self\" class=\"button primary is-outline\"  style=\"border-radius:10px;\">\n    <span>PLUS D\u2019INFORMATIONS<\/span>\n  <\/a>\n\n\n\n\t\t<\/div>\n\t<\/div>\n\t\n\t\n\t<div id=\"gap-526764236\" class=\"gap-element clearfix\" style=\"display:block; height:auto;\">\n\t\t\n<style>\n#gap-526764236 {\n  padding-top: 30px;\n}\n<\/style>\n\t<\/div>\n\t\n\n\n\t\t<\/div>\n\t\t\t\t\n<style>\n#col-1920209701 > .col-inner {\n  padding: 8% 5% 5% 8%;\n  margin: 0px 0px 0px 0px;\n  border-radius: 22px;\n}\n<\/style>\n\t<\/div>\n\n\t\n\n<\/div>\n\t<div id=\"gap-1039778\" class=\"gap-element clearfix\" style=\"display:block; height:auto;\">\n\t\t\n<style>\n#gap-1039778 {\n  padding-top: 30px;\n}\n<\/style>\n\t<\/div>\n\t\n\n<div class=\"row row-collapse align-middle align-center\"  id=\"row-1960362909\">\n\n\n\t<div id=\"col-1926863070\" class=\"col medium-5 small-12 large-5\"  >\n\t\t\t\t<div class=\"col-inner\" style=\"background-color:#eeecdc;\" >\n\t\t\t\n\t\t\t\n\n\n\t\t<div class=\"icon-box featured-box icon-box-left text-left\"  >\n\t\t\t\t<div class=\"icon-box-text last-reset\">\n\t\t\t\t\t\t\t\t\t\n\n<h3><span style=\"font-family: hkbold;\"><strong>ITIN\u00c9RAIRES CYCLOTOURIST \ud83d\udeb5\u200d\u2640\ufe0f<\/strong><\/span><\/h3>\n\n\t\t<\/div>\n\t<\/div>\n\t\n\t\n\t<div id=\"gap-1714964301\" class=\"gap-element clearfix\" style=\"display:block; height:auto;\">\n\t\t\n<style>\n#gap-1714964301 {\n  padding-top: 30px;\n}\n<\/style>\n\t<\/div>\n\t\n\n<p style=\"text-align: center;\">Explorez l\u2019environnement naturel \u00e0 votre rythme gr\u00e2ce \u00e0 nos itin\u00e9raires cyclotouristiques.<\/p>\n<p style=\"text-align: center;\">D\u00e9couvrez des paysages spectaculaires, respirez l\u2019air pur et vivez une exp\u00e9rience active au c\u0153ur de la nature.<\/p>\n<a href=\"https:\/\/campingetxarri.com\/fr\/routes-de-cyclotourisme\/\" target=\"_self\" class=\"button primary is-outline\"  style=\"border-radius:10px;\">\n    <span>PLUS D\u2019INFORMATIONS<\/span>\n  <\/a>\n\n\n\n\t\t<\/div>\n\t\t\t\t\n<style>\n#col-1926863070 > .col-inner {\n  padding: 8% 5% 5% 8%;\n  margin: 0px 0px 0px 0px;\n  border-radius: 22px;\n}\n<\/style>\n\t<\/div>\n\n\t\n\n\t<div id=\"col-456015945\" class=\"col medium-5 small-12 large-5\"  >\n\t\t\t\t<div class=\"col-inner\"  >\n\t\t\t\n\t\t\t\n\n\t<div class=\"img has-hover x md-x lg-x y md-y lg-y\" id=\"image_1876730892\">\n\t\t\t\t\t\t\t\t<div class=\"img-inner image-cover dark\" style=\"padding-top:500px;\">\n\t\t\t<img loading=\"lazy\" decoding=\"async\" width=\"1536\" height=\"707\" src=\"https:\/\/campingetxarri.com\/wp-content\/uploads\/2025\/03\/gravel.jpg\" class=\"attachment-original size-original\" alt=\"\" srcset=\"https:\/\/campingetxarri.com\/wp-content\/uploads\/2025\/03\/gravel.jpg 1536w, https:\/\/campingetxarri.com\/wp-content\/uploads\/2025\/03\/gravel-300x138.jpg 300w, https:\/\/campingetxarri.com\/wp-content\/uploads\/2025\/03\/gravel-1024x471.jpg 1024w, https:\/\/campingetxarri.com\/wp-content\/uploads\/2025\/03\/gravel-768x354.jpg 768w\" sizes=\"auto, (max-width: 1536px) 100vw, 1536px\" \/>\t\t\t\t\t\t\n\t\t\t\t\t<\/div>\n\t\t\t\t\t\t\t\t\n<style>\n#image_1876730892 {\n  width: 100%;\n}\n<\/style>\n\t<\/div>\n\t\n\n\n\t\t<\/div>\n\t\t\t\t\t<\/div>\n\n\t\n\n<\/div>\n<div class=\"row row-large align-middle align-center\"  id=\"row-123880766\">\n\n\n\t<div id=\"col-1371178912\" class=\"col medium-5 small-12 large-5\"  >\n\t\t\t\t<div class=\"col-inner\"  >\n\t\t\t\n\t\t\t\n\n\t<div id=\"gap-1038574704\" class=\"gap-element clearfix\" style=\"display:block; height:auto;\">\n\t\t\n<style>\n#gap-1038574704 {\n  padding-top: 30px;\n}\n<\/style>\n\t<\/div>\n\t\n\n\t<div id=\"gap-1871983557\" class=\"gap-element clearfix\" style=\"display:block; height:auto;\">\n\t\t\n<style>\n#gap-1871983557 {\n  padding-top: 30px;\n}\n<\/style>\n\t<\/div>\n\t\n\n\t<div class=\"img has-hover x md-x lg-x y md-y lg-y\" id=\"image_608894979\">\n\t\t\t\t\t\t\t\t<div class=\"img-inner image-cover dark\" style=\"padding-top:500px;\">\n\t\t\t<img loading=\"lazy\" decoding=\"async\" width=\"1000\" height=\"562\" src=\"https:\/\/campingetxarri.com\/wp-content\/uploads\/2024\/01\/DSC05352-scaled-1.jpg\" class=\"attachment-original size-original\" alt=\"Camping Etxarri - Zona infantil. Instalaciones y servicios\" srcset=\"https:\/\/campingetxarri.com\/wp-content\/uploads\/2024\/01\/DSC05352-scaled-1.jpg 1000w, https:\/\/campingetxarri.com\/wp-content\/uploads\/2024\/01\/DSC05352-scaled-1-300x169.jpg 300w, https:\/\/campingetxarri.com\/wp-content\/uploads\/2024\/01\/DSC05352-scaled-1-768x432.jpg 768w\" sizes=\"auto, (max-width: 1000px) 100vw, 1000px\" \/>\t\t\t\t\t\t\n\t\t\t\t\t<\/div>\n\t\t\t\t\t\t\t\t\n<style>\n#image_608894979 {\n  width: 100%;\n}\n<\/style>\n\t<\/div>\n\t\n\n\n\t\t<\/div>\n\t\t\t\t\t<\/div>\n\n\t\n\n\t<div id=\"col-1459786061\" class=\"col medium-5 small-12 large-5 small-col-first\"  >\n\t\t\t\t<div class=\"col-inner\" style=\"background-color:#eeecdc;\" >\n\t\t\t\n\t\t\t\n\n\n\t\t<div class=\"icon-box featured-box icon-box-left text-left\"  >\n\t\t\t\t<div class=\"icon-box-text last-reset\">\n\t\t\t\t\t\t\t\t\t\n\n\t<div id=\"gap-1941818947\" class=\"gap-element clearfix\" style=\"display:block; height:auto;\">\n\t\t\n<style>\n#gap-1941818947 {\n  padding-top: 15px;\n}\n<\/style>\n\t<\/div>\n\t\n\n<h3><strong>\ud83d\udedd AIRE DE JEUX POUR ENFANTS AVEC ACTIVIT\u00c9S ET SPECTACLES EN DIRECT \ud83c\udfa4<\/strong><\/h3>\n<p style=\"text-align: center;\" data-start=\"72\" data-end=\"110\">Les plus petits ont aussi leur espace.<\/p>\n<p style=\"text-align: center;\" data-start=\"112\" data-end=\"300\" data-is-last-node=\"\" data-is-only-node=\"\">Notre aire de jeux, avec des activit\u00e9s programm\u00e9es et des spectacles en direct, garantit le divertissement pour toute la famille, avec des propositions dynamiques adapt\u00e9es \u00e0 tous les \u00e2ges.<\/p>\n<p>\u00a0<\/p>\n<a href=\"https:\/\/campingetxarri.com\/fr\/animation\/\" target=\"_self\" class=\"button primary is-outline\"  >\n    <span>PLUS D\u2019INFORMATIONS<\/span>\n  <\/a>\n\n\n\n\t\t<\/div>\n\t<\/div>\n\t\n\t\n\t<div id=\"gap-1083127395\" class=\"gap-element clearfix\" style=\"display:block; height:auto;\">\n\t\t\n<style>\n#gap-1083127395 {\n  padding-top: 30px;\n}\n<\/style>\n\t<\/div>\n\t\n\n\n\t\t<\/div>\n\t\t\t\t\n<style>\n#col-1459786061 > .col-inner {\n  padding: 8% 5% 5% 8%;\n  margin: 0px 0px 0px 0px;\n  border-radius: 22px;\n}\n<\/style>\n\t<\/div>\n\n\t\n\n<\/div>\n\t<div id=\"gap-1737160586\" class=\"gap-element clearfix\" style=\"display:block; height:auto;\">\n\t\t\n<style>\n#gap-1737160586 {\n  padding-top: 30px;\n}\n<\/style>\n\t<\/div>\n\t\n\n<div class=\"row row-collapse align-middle align-center\"  id=\"row-1105684954\">\n\n\n\t<div id=\"col-231682582\" class=\"col medium-5 small-12 large-5\"  >\n\t\t\t\t<div class=\"col-inner\" style=\"background-color:#eeecdc;\" >\n\t\t\t\n\t\t\t\n\n\n\t\t<div class=\"icon-box featured-box icon-box-left text-left\"  >\n\t\t\t\t<div class=\"icon-box-text last-reset\">\n\t\t\t\t\t\t\t\t\t\n\n<h3><span style=\"font-family: hkbold;\"><strong>\ud83c\udfd6\ufe0f EXCURSIONS ET GASTRONOMIE \u26f0\ufe0f<\/strong><\/span><\/h3>\n\n\t\t<\/div>\n\t<\/div>\n\t\n\t\n\t<div id=\"gap-1045066560\" class=\"gap-element clearfix\" style=\"display:block; height:auto;\">\n\t\t\n<style>\n#gap-1045066560 {\n  padding-top: 30px;\n}\n<\/style>\n\t<\/div>\n\t\n\n<p style=\"text-align: center;\" data-start=\"0\" data-end=\"94\">Plongez dans la culture locale avec des excursions inoubliables et une gastronomie qui s\u00e9duit.<\/p>\n<p style=\"text-align: center;\" data-start=\"96\" data-end=\"224\" data-is-last-node=\"\" data-is-only-node=\"\">Des itin\u00e9raires \u00e0 travers des lieux embl\u00e9matiques aux saveurs authentiques, chaque jour est une nouvelle exp\u00e9rience \u00e0 d\u00e9couvrir.<\/p>\n<a href=\"https:\/\/campingetxarri.com\/fr\/que-faire-avec-enfants\/\" target=\"_self\" class=\"button primary is-outline\"  >\n    <span>PLUS D\u2019INFORMATIONS<\/span>\n  <\/a>\n\n\n\n\t\t<\/div>\n\t\t\t\t\n<style>\n#col-231682582 > .col-inner {\n  padding: 8% 5% 5% 8%;\n  margin: 0px 0px 0px 0px;\n  border-radius: 22px;\n}\n<\/style>\n\t<\/div>\n\n\t\n\n\t<div id=\"col-2058774510\" class=\"col medium-5 small-12 large-5\"  >\n\t\t\t\t<div class=\"col-inner\"  >\n\t\t\t\n\t\t\t\n\n\t<div class=\"img has-hover x md-x lg-x y md-y lg-y\" id=\"image_969239247\">\n\t\t\t\t\t\t\t\t<div class=\"img-inner image-cover dark\" style=\"padding-top:500px;\">\n\t\t\t<img loading=\"lazy\" decoding=\"async\" width=\"2560\" height=\"1920\" src=\"https:\/\/campingetxarri.com\/wp-content\/uploads\/2023\/10\/disparo-alto-angulo-fascinante-paisaje-playa-san-sebastian-espana-scaled.jpg\" class=\"attachment-original size-original\" alt=\"Camping Etxarri, descubre Navarra y alrededores.\" srcset=\"https:\/\/campingetxarri.com\/wp-content\/uploads\/2023\/10\/disparo-alto-angulo-fascinante-paisaje-playa-san-sebastian-espana-scaled.jpg 2560w, https:\/\/campingetxarri.com\/wp-content\/uploads\/2023\/10\/disparo-alto-angulo-fascinante-paisaje-playa-san-sebastian-espana-300x225.jpg 300w, https:\/\/campingetxarri.com\/wp-content\/uploads\/2023\/10\/disparo-alto-angulo-fascinante-paisaje-playa-san-sebastian-espana-1024x768.jpg 1024w, https:\/\/campingetxarri.com\/wp-content\/uploads\/2023\/10\/disparo-alto-angulo-fascinante-paisaje-playa-san-sebastian-espana-768x576.jpg 768w, https:\/\/campingetxarri.com\/wp-content\/uploads\/2023\/10\/disparo-alto-angulo-fascinante-paisaje-playa-san-sebastian-espana-1536x1152.jpg 1536w, https:\/\/campingetxarri.com\/wp-content\/uploads\/2023\/10\/disparo-alto-angulo-fascinante-paisaje-playa-san-sebastian-espana-2048x1536.jpg 2048w\" sizes=\"auto, (max-width: 2560px) 100vw, 2560px\" \/>\t\t\t\t\t\t\n\t\t\t\t\t<\/div>\n\t\t\t\t\t\t\t\t\n<style>\n#image_969239247 {\n  width: 100%;\n}\n<\/style>\n\t<\/div>\n\t\n\n\n\t\t<\/div>\n\t\t\t\t\t<\/div>\n\n\t\n\n<\/div>\n\t<div id=\"gap-717060305\" class=\"gap-element clearfix\" style=\"display:block; height:auto;\">\n\t\t\n<style>\n#gap-717060305 {\n  padding-top: 30px;\n}\n<\/style>\n\t<\/div>\n\t\n\n<div class=\"row row-large align-middle align-center\"  id=\"row-1355946718\">\n\n\n\t<div id=\"col-80650685\" class=\"col medium-5 small-12 large-5\"  >\n\t\t\t\t<div class=\"col-inner\"  >\n\t\t\t\n\t\t\t\n\n\t<div class=\"img has-hover x md-x lg-x y md-y lg-y\" id=\"image_675470071\">\n\t\t\t\t\t\t\t\t<div class=\"img-inner image-cover dark\" style=\"padding-top:500px;\">\n\t\t\t<img loading=\"lazy\" decoding=\"async\" width=\"800\" height=\"532\" src=\"https:\/\/campingetxarri.com\/wp-content\/uploads\/2024\/01\/camping-ECHARRI-Padel-2-1-scaled-e1704356998561.jpg\" class=\"attachment-original size-original\" alt=\"Camping Etxarri - Pista de p\u00e1del. Instalaciones y servicios\" srcset=\"https:\/\/campingetxarri.com\/wp-content\/uploads\/2024\/01\/camping-ECHARRI-Padel-2-1-scaled-e1704356998561.jpg 800w, https:\/\/campingetxarri.com\/wp-content\/uploads\/2024\/01\/camping-ECHARRI-Padel-2-1-scaled-e1704356998561-300x200.jpg 300w, https:\/\/campingetxarri.com\/wp-content\/uploads\/2024\/01\/camping-ECHARRI-Padel-2-1-scaled-e1704356998561-768x511.jpg 768w\" sizes=\"auto, (max-width: 800px) 100vw, 800px\" \/>\t\t\t\t\t\t\n\t\t\t\t\t<\/div>\n\t\t\t\t\t\t\t\t\n<style>\n#image_675470071 {\n  width: 100%;\n}\n<\/style>\n\t<\/div>\n\t\n\n\n\t\t<\/div>\n\t\t\t\t\t<\/div>\n\n\t\n\n\t<div id=\"col-2102488543\" class=\"col medium-5 small-12 large-5\"  >\n\t\t\t\t<div class=\"col-inner\" style=\"background-color:#eeecdc;\" >\n\t\t\t\n\t\t\t\n\n\n\t\t<div class=\"icon-box featured-box icon-box-left text-left\"  >\n\t\t\t\t<div class=\"icon-box-text last-reset\">\n\t\t\t\t\t\t\t\t\t\n\n<h3><span style=\"font-family: hkbold;\"><strong>\ud83c\udfc0 Terrains multisports et courts de padel \ud83c\udfbe<\/strong><\/span><\/h3>\n\n\t\t<\/div>\n\t<\/div>\n\t\n\t\n\t<div id=\"gap-950915299\" class=\"gap-element clearfix\" style=\"display:block; height:auto;\">\n\t\t\n<style>\n#gap-950915299 {\n  padding-top: 30px;\n}\n<\/style>\n\t<\/div>\n\t\n\n<p style=\"text-align: center;\" data-start=\"0\" data-end=\"72\">Profitez de l\u2019\u00e9t\u00e9 en mouvement sur nos terrains multisports et de padel.<\/p>\n<p style=\"text-align: center;\" data-start=\"74\" data-end=\"211\" data-is-last-node=\"\" data-is-only-node=\"\">Que ce soit pour un match entre amis ou une comp\u00e9tition improvis\u00e9e, il y a toujours de la place pour le plaisir et le sport en plein air.<\/p>\n<a href=\"https:\/\/campingetxarri.com\/fr\/animation\/\" target=\"_self\" class=\"button primary is-outline\"  >\n    <span>PLUS D\u2019INFORMATIONS<\/span>\n  <\/a>\n\n\n\n\t\t<\/div>\n\t\t\t\t\n<style>\n#col-2102488543 > .col-inner {\n  padding: 8% 5% 5% 8%;\n  margin: 0px 0px 0px 0px;\n  border-radius: 22px;\n}\n<\/style>\n\t<\/div>\n\n\t\n\n<\/div>\n\n\t\t<\/div>\n\n\t\t\n<style>\n#section_1221608451 {\n  padding-top: 100px;\n  padding-bottom: 100px;\n}\n#section_1221608451 .section-bg.bg-loaded {\n  background-image: 5669;\n}\n#section_1221608451 .section-bg {\n  background-position: 36% 46%;\n}\n<\/style>\n\t<\/section>\n\t\n\t<div id=\"gap-1892790206\" class=\"gap-element clearfix\" style=\"display:block; height:auto;\">\n\t\t\n<style>\n#gap-1892790206 {\n  padding-top: 0px;\n}\n<\/style>\n\t<\/div>\n\t\n\n\n\n\n\n<p><\/p>\n","protected":false},"excerpt":{"rendered":"","protected":false},"author":1,"featured_media":0,"parent":0,"menu_order":0,"comment_status":"closed","ping_status":"closed","template":"page-blank.php","meta":{"inline_featured_image":false,"footnotes":""},"class_list":["post-21525","page","type-page","status-publish","hentry"],"yoast_head":"<!-- This site is optimized with the Yoast SEO plugin v21.7 - https:\/\/yoast.com\/wordpress\/plugins\/seo\/ -->\n<title>\u00e9t\u00e9 - Camping Etxarri<\/title>\n<meta name=\"description\" content=\"Activit\u00e9s et excursions pour toute la famille au Camping Etxarri. Parcs naturels, excursions et itin\u00e9raires \u00e0 v\u00e9lo.\" \/>\n<meta name=\"robots\" content=\"index, follow, max-snippet:-1, max-image-preview:large, max-video-preview:-1\" \/>\n<link rel=\"canonical\" href=\"https:\/\/campingetxarri.com\/fr\/ete\/\" \/>\n<meta property=\"og:locale\" content=\"fr_FR\" \/>\n<meta property=\"og:type\" content=\"article\" \/>\n<meta property=\"og:title\" content=\"\u00e9t\u00e9 - Camping Etxarri\" \/>\n<meta property=\"og:description\" content=\"Activit\u00e9s et excursions pour toute la famille au Camping Etxarri. Parcs naturels, excursions et itin\u00e9raires \u00e0 v\u00e9lo.\" \/>\n<meta property=\"og:url\" content=\"https:\/\/campingetxarri.com\/fr\/ete\/\" \/>\n<meta property=\"og:site_name\" content=\"Camping Etxarri\" \/>\n<meta property=\"article:modified_time\" content=\"2026-04-28T08:59:10+00:00\" \/>\n<meta name=\"twitter:card\" content=\"summary_large_image\" \/>\n<meta name=\"twitter:label1\" content=\"Dur\u00e9e de lecture estim\u00e9e\" \/>\n\t<meta name=\"twitter:data1\" content=\"5 minutes\" \/>\n<script type=\"application\/ld+json\" class=\"yoast-schema-graph\">{\"@context\":\"https:\/\/schema.org\",\"@graph\":[{\"@type\":\"WebPage\",\"@id\":\"https:\/\/campingetxarri.com\/fr\/ete\/\",\"url\":\"https:\/\/campingetxarri.com\/fr\/ete\/\",\"name\":\"\u00e9t\u00e9 - Camping Etxarri\",\"isPartOf\":{\"@id\":\"https:\/\/campingetxarri.com\/fr\/#website\"},\"datePublished\":\"2026-04-23T09:51:29+00:00\",\"dateModified\":\"2026-04-28T08:59:10+00:00\",\"description\":\"Activit\u00e9s et excursions pour toute la famille au Camping Etxarri. Parcs naturels, excursions et itin\u00e9raires \u00e0 v\u00e9lo.\",\"breadcrumb\":{\"@id\":\"https:\/\/campingetxarri.com\/fr\/ete\/#breadcrumb\"},\"inLanguage\":\"fr-FR\",\"potentialAction\":[{\"@type\":\"ReadAction\",\"target\":[\"https:\/\/campingetxarri.com\/fr\/ete\/\"]}]},{\"@type\":\"BreadcrumbList\",\"@id\":\"https:\/\/campingetxarri.com\/fr\/ete\/#breadcrumb\",\"itemListElement\":[{\"@type\":\"ListItem\",\"position\":1,\"name\":\"Portada\",\"item\":\"https:\/\/campingetxarri.com\/fr\/\"},{\"@type\":\"ListItem\",\"position\":2,\"name\":\"Verano\"}]},{\"@type\":\"WebSite\",\"@id\":\"https:\/\/campingetxarri.com\/fr\/#website\",\"url\":\"https:\/\/campingetxarri.com\/fr\/\",\"name\":\"Camping Etxarri\",\"description\":\"\",\"potentialAction\":[{\"@type\":\"SearchAction\",\"target\":{\"@type\":\"EntryPoint\",\"urlTemplate\":\"https:\/\/campingetxarri.com\/fr\/?s={search_term_string}\"},\"query-input\":\"required name=search_term_string\"}],\"inLanguage\":\"fr-FR\"}]}<\/script>\n<!-- \/ Yoast SEO plugin. -->","yoast_head_json":{"title":"\u00e9t\u00e9 - Camping Etxarri","description":"Activit\u00e9s et excursions pour toute la famille au Camping Etxarri. Parcs naturels, excursions et itin\u00e9raires \u00e0 v\u00e9lo.","robots":{"index":"index","follow":"follow","max-snippet":"max-snippet:-1","max-image-preview":"max-image-preview:large","max-video-preview":"max-video-preview:-1"},"canonical":"https:\/\/campingetxarri.com\/fr\/ete\/","og_locale":"fr_FR","og_type":"article","og_title":"\u00e9t\u00e9 - Camping Etxarri","og_description":"Activit\u00e9s et excursions pour toute la famille au Camping Etxarri. Parcs naturels, excursions et itin\u00e9raires \u00e0 v\u00e9lo.","og_url":"https:\/\/campingetxarri.com\/fr\/ete\/","og_site_name":"Camping Etxarri","article_modified_time":"2026-04-28T08:59:10+00:00","twitter_card":"summary_large_image","twitter_misc":{"Dur\u00e9e de lecture estim\u00e9e":"5 minutes"},"schema":{"@context":"https:\/\/schema.org","@graph":[{"@type":"WebPage","@id":"https:\/\/campingetxarri.com\/fr\/ete\/","url":"https:\/\/campingetxarri.com\/fr\/ete\/","name":"\u00e9t\u00e9 - Camping Etxarri","isPartOf":{"@id":"https:\/\/campingetxarri.com\/fr\/#website"},"datePublished":"2026-04-23T09:51:29+00:00","dateModified":"2026-04-28T08:59:10+00:00","description":"Activit\u00e9s et excursions pour toute la famille au Camping Etxarri. Parcs naturels, excursions et itin\u00e9raires \u00e0 v\u00e9lo.","breadcrumb":{"@id":"https:\/\/campingetxarri.com\/fr\/ete\/#breadcrumb"},"inLanguage":"fr-FR","potentialAction":[{"@type":"ReadAction","target":["https:\/\/campingetxarri.com\/fr\/ete\/"]}]},{"@type":"BreadcrumbList","@id":"https:\/\/campingetxarri.com\/fr\/ete\/#breadcrumb","itemListElement":[{"@type":"ListItem","position":1,"name":"Portada","item":"https:\/\/campingetxarri.com\/fr\/"},{"@type":"ListItem","position":2,"name":"Verano"}]},{"@type":"WebSite","@id":"https:\/\/campingetxarri.com\/fr\/#website","url":"https:\/\/campingetxarri.com\/fr\/","name":"Camping Etxarri","description":"","potentialAction":[{"@type":"SearchAction","target":{"@type":"EntryPoint","urlTemplate":"https:\/\/campingetxarri.com\/fr\/?s={search_term_string}"},"query-input":"required name=search_term_string"}],"inLanguage":"fr-FR"}]}},"_links":{"self":[{"href":"https:\/\/campingetxarri.com\/fr\/wp-json\/wp\/v2\/pages\/21525","targetHints":{"allow":["GET"]}}],"collection":[{"href":"https:\/\/campingetxarri.com\/fr\/wp-json\/wp\/v2\/pages"}],"about":[{"href":"https:\/\/campingetxarri.com\/fr\/wp-json\/wp\/v2\/types\/page"}],"author":[{"embeddable":true,"href":"https:\/\/campingetxarri.com\/fr\/wp-json\/wp\/v2\/users\/1"}],"replies":[{"embeddable":true,"href":"https:\/\/campingetxarri.com\/fr\/wp-json\/wp\/v2\/comments?post=21525"}],"version-history":[{"count":2,"href":"https:\/\/campingetxarri.com\/fr\/wp-json\/wp\/v2\/pages\/21525\/revisions"}],"predecessor-version":[{"id":21528,"href":"https:\/\/campingetxarri.com\/fr\/wp-json\/wp\/v2\/pages\/21525\/revisions\/21528"}],"wp:attachment":[{"href":"https:\/\/campingetxarri.com\/fr\/wp-json\/wp\/v2\/media?parent=21525"}],"curies":[{"name":"wp","href":"https:\/\/api.w.org\/{rel}","templated":true}]}}