{"id":21277,"date":"2025-04-08T15:43:10","date_gmt":"2025-04-08T13:43:10","guid":{"rendered":"https:\/\/campingetxarri.com\/politica-cookies\/"},"modified":"2026-01-12T10:35:00","modified_gmt":"2026-01-12T09:35:00","slug":"cookies","status":"publish","type":"page","link":"https:\/\/campingetxarri.com\/fr\/cookies\/","title":{"rendered":"Pol\u00edtica de Cookies"},"content":{"rendered":"\n\t<section class=\"section\" id=\"section_424260955\">\n\t\t<div class=\"bg section-bg fill bg-fill bg-loaded bg-loaded\" >\n\n\t\t\t\n\t\t\t\n\t\t\t\n\n\t\t<\/div>\n\n\t\t\n\n\t\t<div class=\"section-content relative\">\n\t\t\t\n\n<div class=\"row align-center\"  id=\"row-1410712947\">\n\n\n\t<div id=\"col-1202495423\" class=\"col medium-7 small-12 large-6\"  >\n\t\t\t\t<div class=\"col-inner text-center\"  >\n\t\t\t\n\t\t\t\n\n\t<div id=\"text-4133630876\" class=\"text\">\n\t\t\n\n<h1><span style=\"font-size: 170%;\">Politique en mati\u00e8re de cookies<\/span><\/h1>\n\t\t\n<style>\n#text-4133630876 {\n  color: #465f51;\n}\n#text-4133630876 > * {\n  color: #465f51;\n}\n<\/style>\n\t<\/div>\n\t\n\n\t\t<\/div>\n\t\t\t\t\t<\/div>\n\n\t\n\n<\/div>\n<div class=\"row align-center\"  id=\"row-1653028989\">\n\n\n\t<div id=\"col-930361181\" class=\"col medium-12 small-12 large-8\"  >\n\t\t\t\t<div class=\"col-inner\" style=\"background-color:rgb(255,255,255);\" >\n\t\t\t\n\t\t\t\n\n\t<div id=\"text-2311533362\" class=\"text\">\n\t\t\n\n<p><strong><u>Politique relative aux cookies, deuxi\u00e8me couche d\u2019information.<\/u><\/strong><\/p>\n<ol>\n<li><strong>QUE SONT LES COOKIES ?<\/strong><\/li>\n<\/ol>\n<p><strong>Hospium 10, S.L<\/strong> est responsable du site web https:\/\/campingetxarri.com\/ et utilise des cookies et\/ou d\u2019autres fichiers de fonctionnalit\u00e9 similaire (ci-apr\u00e8s \u00ab Cookies \u00bb).<\/p>\n<p>Un cookie est un fichier texte qu\u2019un site web, une application ou une autre plateforme enregistre sur votre appareil, comme votre ordinateur, tablette ou smartphone. Il contient des informations sur votre navigation ou votre utilisation, comme un identifiant permettant de reconna\u00eetre votre appareil. Les cookies sont n\u00e9cessaires pour faciliter la navigation et comprendre la mani\u00e8re dont les utilisateurs interagissent avec les sites web, ce qui permet d\u2019apporter des am\u00e9liorations. Ils sont \u00e9galement utiles pour personnaliser la publicit\u00e9 selon vos pr\u00e9f\u00e9rences et pour d\u2019autres finalit\u00e9s d\u00e9taill\u00e9es ci-dessous. Les cookies n\u2019endommagent pas votre appareil.<\/p>\n<p>\u00a0<\/p>\n<ol start=\"2\">\n<li><strong>TYPOLOGIE DES COOKIES<\/strong><\/li>\n<\/ol>\n<p>Veuillez consulter cette section qui fournit une description g\u00e9n\u00e9rale des diff\u00e9rents types de cookies pouvant \u00eatre utilis\u00e9s dans un environnement en ligne.<\/p>\n<p>\u00a0<\/p>\n<p>Selon le propri\u00e9taire des cookies, ils peuvent \u00eatre class\u00e9s comme suit :<\/p>\n<ol>\n<li>Cookies internes : ces cookies sont envoy\u00e9s \u00e0 l\u2019ordinateur ou \u00e0 l\u2019appareil de l\u2019utilisateur depuis l\u2019\u00e9quipement ou le domaine g\u00e9r\u00e9 par l\u2019\u00e9diteur lui-m\u00eame, qui fournit le site web ou le service demand\u00e9 par l\u2019utilisateur.<\/li>\n<li>Cookies tiers : ces cookies sont envoy\u00e9s \u00e0 l\u2019ordinateur ou \u00e0 l\u2019appareil de l\u2019utilisateur depuis un \u00e9quipement ou un domaine qui n\u2019est pas g\u00e9r\u00e9 par l\u2019\u00e9diteur, mais par une autre entit\u00e9 qui traite les donn\u00e9es obtenues via les cookies.<\/li>\n<\/ol>\n<p>\u00a0<\/p>\n<p>\u00a0<\/p>\n<p>Selon la finalit\u00e9 du cookie, ils peuvent \u00eatre class\u00e9s comme suit :<\/p>\n<p>\u00a0<\/p>\n<ul>\n<li><strong><u>Cookies strictement n\u00e9cessaires (techniques)<\/u><\/strong> : ils permettent \u00e0 l\u2019utilisateur de naviguer sur un site web, une plateforme ou une application et d\u2019utiliser les diff\u00e9rentes options ou services propos\u00e9s. Ces cookies remplissent des fonctions essentielles, telles que le contr\u00f4le du trafic, l\u2019identification des donn\u00e9es ou des sessions, l\u2019acc\u00e8s \u00e0 des zones restreintes, la m\u00e9morisation d\u2019\u00e9l\u00e9ments d\u2019une commande, la gestion des paiements, la garantie de la s\u00e9curit\u00e9 du service, la participation \u00e0 des \u00e9v\u00e9nements, le stockage de contenus multim\u00e9dias et le partage de contenus sur les r\u00e9seaux sociaux. Ces cookies techniques sont t\u00e9l\u00e9charg\u00e9s automatiquement lorsque le site web est affich\u00e9 ou que le service demand\u00e9 par l\u2019utilisateur est fourni.<\/li>\n<\/ul>\n<p>\u00a0<\/p>\n<ul>\n<li><strong><u>Cookies de fonctionnalit\u00e9 ou de personnalisation<\/u><\/strong> : ils permettent de m\u00e9moriser des informations afin de fournir \u00e0 l\u2019utilisateur un service ou une plateforme pr\u00e9sentant des caract\u00e9ristiques sp\u00e9cifiques qui diff\u00e9rencient son exp\u00e9rience de celle des autres utilisateurs. Ces caract\u00e9ristiques peuvent inclure la langue, le nombre de r\u00e9sultats affich\u00e9s lors d\u2019une recherche, l\u2019apparence ou le contenu du service en fonction du navigateur utilis\u00e9 ou de la r\u00e9gion depuis laquelle le service est accessible, entre autres. Le refus de ces cookies peut entra\u00eener des performances plus lentes du site web ou des recommandations inadapt\u00e9es.<\/li>\n<\/ul>\n<p>\u00a0<\/p>\n<ul>\n<li><strong><u>Cookies d\u2019analyse<\/u><\/strong> : ils sont utilis\u00e9s pour recueillir des informations sur le nombre d\u2019utilisateurs, les sections visit\u00e9es sur le site web et leur interaction avec celui-ci. Ces donn\u00e9es sont utilis\u00e9es pour r\u00e9aliser une analyse statistique de l\u2019utilisation du service par les utilisateurs, dans le but d\u2019identifier des axes d\u2019am\u00e9lioration sur la base des sch\u00e9mas d\u2019utilisation.<\/li>\n<\/ul>\n<p>\u00a0<\/p>\n<ul>\n<li><strong><u>Cookies de publicit\u00e9 comportementale<\/u><\/strong> : ils enregistrent et stockent des informations sur les habitudes de navigation des utilisateurs, facilitant la cr\u00e9ation de profils sp\u00e9cifiques afin d\u2019afficher des publicit\u00e9s personnalis\u00e9es. Ces cookies permettent une gestion efficace des espaces publicitaires que l\u2019\u00e9diteur a inclus, soit directement, soit en collaboration avec des tiers.<\/li>\n<\/ul>\n<ol start=\"3\">\n<li><strong>FINALIT\u00c9 DES COOKIES SUR NOTRE SITE WEB<\/strong><\/li>\n<\/ol>\n<p>Les cookies jouent un r\u00f4le fondamental dans le fonctionnement de notre site web. Leur objectif principal est de permettre une navigation plus confortable et plus efficace. Par exemple, ils sont utilis\u00e9s pour m\u00e9moriser vos pr\u00e9f\u00e9rences pendant la navigation et lors de visites ult\u00e9rieures.<\/p>\n<p>Ils nous aident \u00e9galement \u00e0 personnaliser la publicit\u00e9 en fonction de vos habitudes de navigation. Les informations collect\u00e9es via les cookies nous permettent d\u2019effectuer des estimations statistiques et des analyses d\u2019utilisation, telles que le nombre de visites et les sections les plus consult\u00e9es. Cela nous permet d\u2019am\u00e9liorer nos services et d\u2019adapter la plateforme \u00e0 vos int\u00e9r\u00eats individuels.<\/p>\n<p>Dans certains cas, nous utilisons des cookies pour collecter des informations nous permettant d\u2019afficher des publicit\u00e9s bas\u00e9es sur vos habitudes de navigation sur notre plateforme et sur des plateformes de tiers.<\/p>\n<p>Ci-dessous, sont d\u00e9taill\u00e9s \u00e0 la fois les tiers qui peuvent installer et acc\u00e9der aux cookies sur votre appareil, ainsi que les finalit\u00e9s pour lesquelles les informations qu\u2019ils stockent sont utilis\u00e9es :<\/p>\n<table width=\"665\">\n<tbody>\n<tr>\n<td width=\"297\">\n<p><strong>FINALIT\u00c9<\/strong><\/p>\n<\/td>\n<td width=\"155\">\n<p><strong>TIERS<\/strong><\/p>\n<\/td>\n<td width=\"213\">\n<p><strong>PLUS D\u2019INFORMATIONS<\/strong><\/p>\n<\/td>\n<\/tr>\n<tr>\n<td width=\"297\">\n<p>Analyse : les cookies d\u2019analyse sont utilis\u00e9s<br \/>pour \u00e9tablir des profils de navigation et<br \/>conna\u00eetre les pr\u00e9f\u00e9rences des utilisateurs afin<br \/>d\u2019am\u00e9liorer l\u2019offre de produits et de services.<\/p>\n<\/td>\n<td width=\"155\">\n<p>Google<\/p>\n<\/td>\n<td width=\"213\">\n<p><a href=\"https:\/\/developers.google.com\/analytics\/devguides\/collection\/analyticsjs\/cookie-usage\">Cliquez ici<\/a><\/p>\n<\/td>\n<\/tr>\n<tr>\n<td width=\"297\">\n<p>R\u00e9seaux sociaux : les r\u00e9seaux sociaux avec lesquels nous interagissons sur notre site web utilisent des cookies dans leurs boutons de partage. Nous n\u2019avons aucune intervention, contr\u00f4le ou rapport sur les r\u00e9sultats ; ceux-ci rel\u00e8vent de la responsabilit\u00e9 de chaque r\u00e9seau social. Lorsque l\u2019utilisateur s\u2019inscrit \u00e0 un service avec les identifiants d\u2019un r\u00e9seau social, il autorise le r\u00e9seau social \u00e0 enregistrer un cookie persistant qui m\u00e9morise son identit\u00e9 et lui garantit l\u2019acc\u00e8s aux services jusqu\u2019\u00e0 expiration. L\u2019utilisateur peut supprimer ce cookie et r\u00e9voquer l\u2019acc\u00e8s aux services via les r\u00e9seaux sociaux en mettant \u00e0 jour ses pr\u00e9f\u00e9rences sur le r\u00e9seau social concern\u00e9.<\/p>\n<p>\u00a0<\/p>\n<\/td>\n<td width=\"155\">\n<p>Facebook<\/p>\n<p>Connect<\/p>\n<\/td>\n<td width=\"213\">\n<p><a href=\"https:\/\/www.facebook.com\/about\/privacy\">Cliquez ici<\/a><\/p>\n<\/td>\n<\/tr>\n<\/tbody>\n<\/table>\n<p>\u00a0<\/p>\n<p>\u00a0<\/p>\n<ol start=\"4\">\n<li><strong>GESTION DES COOKIES SUR NOTRE SITE WEB<\/strong><\/li>\n<\/ol>\n<p>Dans le panneau de configuration des cookies, accessible \u00e0 tout moment sur notre plateforme, vous trouverez des informations d\u00e9taill\u00e9es sur les cookies que nous utilisons. Il pr\u00e9cise leur finalit\u00e9, leur dur\u00e9e et qui les g\u00e8re (nous ou des tiers). Ce panneau vous permet de g\u00e9rer l\u2019activation et la d\u00e9sactivation des cookies qui ne sont pas strictement n\u00e9cessaires au fonctionnement de la plateforme, ainsi que de modifier votre consentement \u00e0 tout moment.<\/p>\n<div class=\"cky-audit-table-element\">\u00a0<\/div>\n<p>Vous pouvez acc\u00e9der \u00e0 la configuration en cliquant <a class=\"cky-banner-element\" style=\"cursor: pointer;\"><strong><u>ici<\/u><\/strong><\/a> afin de modifier vos pr\u00e9f\u00e9rences ou de retirer votre consentement.<\/p>\n<p>Vous avez \u00e9galement la possibilit\u00e9 de d\u00e9sactiver l\u2019utilisation des cookies dans votre navigateur pendant que vous naviguez sur Internet. Ci-dessous, nous vous indiquons comment effectuer ce param\u00e9trage dans les navigateurs les plus courants :<\/p>\n<ul>\n<li><a href=\"https:\/\/support.google.com\/chrome\/answer\/95647?co=GENIE.Platform=Desktop&amp;&amp;hl=es\">Google Chrome<\/a><\/li>\n<li><a href=\"https:\/\/support.mozilla.org\/es\/kb\/impedir-que-los-sitios-web-guarden-sus-preferencia\">Mozilla Firefox<\/a><\/li>\n<li><a href=\"https:\/\/support.microsoft.com\/es-es\/help\/17442\/windows-internet-explorer-delete-manage-cookies\">Internet Explorer<\/a><\/li>\n<li><a href=\"https:\/\/privacy.microsoft.com\/es-ES\/windows-10-microsoft-edge-and-privacy\">Microsoft Edge<\/a><\/li>\n<li><a href=\"https:\/\/support.apple.com\/es-es\/HT201265\">Safari<\/a><\/li>\n<li><a href=\"http:\/\/help.opera.com\/Linux\/10.60\/es-ES\/cookies.html\">Opera<\/a><\/li>\n<\/ul>\n<p>\u00a0<\/p>\n<p>Vous pouvez exercer cette option visant \u00e0 emp\u00eacher l\u2019utilisation de cookies \u00e0 tout moment. Veuillez noter que la gestion du panneau de configuration des cookies et l\u2019option de les refuser sont sp\u00e9cifiques \u00e0 chaque navigateur que vous utilisez.<\/p>\n<p>Par cons\u00e9quent, si vous configurez les cookies d\u2019une certaine mani\u00e8re sur un appareil et souhaitez que cette option s\u2019applique de fa\u00e7on similaire sur un autre appareil, vous devrez activer la m\u00eame option sur cet autre appareil.<\/p>\n<p>L\u2019utilisateur doit garder \u00e0 l\u2019esprit que certaines fonctionnalit\u00e9s des contenus de notre site web ne sont disponibles que si l\u2019installation de cookies est autoris\u00e9e dans son navigateur. Si vous d\u00e9cidez de ne pas accepter ou de bloquer certains cookies (selon leur finalit\u00e9), cela peut affecter, totalement ou partiellement, le fonctionnement normal du site web ou emp\u00eacher l\u2019acc\u00e8s \u00e0 certains de ses services.<\/p>\n<p><strong>\u00a0<\/strong><\/p>\n<ol start=\"5\">\n<li><strong>UTILISATION DES INFORMATIONS STOCK\u00c9ES DANS LES COOKIES<\/strong><\/li>\n<\/ol>\n<p><strong>\u00a0<\/strong><\/p>\n<p>Les informations stock\u00e9es dans les cookies de notre site web sont utilis\u00e9es uniquement par nous. Toutefois, certains cookies de tiers, g\u00e9r\u00e9s par des entit\u00e9s externes, peuvent \u00eatre utilis\u00e9s pour nous fournir des services suppl\u00e9mentaires. Pour plus de d\u00e9tails, consultez notre panneau de configuration des cookies, accessible \u00e0 tout moment sur notre site web.<\/p>\n<p>\u00a0<\/p>\n<p>Nous vous sugg\u00e9rons de consulter notre politique de confidentialit\u00e9 sur notre site web pour obtenir des informations d\u00e9taill\u00e9es sur la mani\u00e8re dont vos donn\u00e9es personnelles sont trait\u00e9es dans le cadre de notre collaboration avec des tiers, ainsi que lors des transferts internationaux de donn\u00e9es. Nous vous recommandons \u00e9galement de consulter les politiques de confidentialit\u00e9 et les param\u00e8tres de confidentialit\u00e9 de ces partenaires externes via leurs propres plateformes.<\/p>\n<p><strong>\u00a0<\/strong><\/p>\n<ol start=\"6\">\n<li><strong>MISES \u00c0 JOUR ET MODIFICATIONS DE LA POLITIQUE RELATIVE AUX COOKIES<\/strong><\/li>\n<\/ol>\n<p><strong>Hospium 10, S.L<\/strong> peut modifier la pr\u00e9sente politique relative aux cookies en raison de nouvelles exigences l\u00e9gislatives ou r\u00e9glementaires, ou afin de l\u2019adapter aux instructions \u00e9mises par l\u2019Agence espagnole de protection des donn\u00e9es.<\/p>\n<p>Si vous souhaitez obtenir plus d\u2019informations sur l\u2019utilisation que nous faisons des cookies, vous pouvez nous envoyer un e-mail \u00e0 : info@campingetxarri.com<\/p>\n\t\t\n<style>\n#text-2311533362 {\n  text-align: left;\n}\n<\/style>\n\t<\/div>\n\t\n\n\n\t\t<\/div>\n\t\t\t\t\n<style>\n#col-930361181 > .col-inner {\n  padding: 20px 20px 10px 20px;\n}\n@media (min-width:550px) {\n  #col-930361181 > .col-inner {\n    padding: 70px 70px 40px 70px;\n  }\n}\n<\/style>\n\t<\/div>\n\n\t\n\n<\/div>\n\t<div id=\"gap-462789535\" class=\"gap-element clearfix\" style=\"display:block; height:auto;\">\n\t\t\n<style>\n#gap-462789535 {\n  padding-top: 10px;\n}\n@media (min-width:550px) {\n  #gap-462789535 {\n    padding-top: 50px;\n  }\n}\n<\/style>\n\t<\/div>\n\t\n\n\n\t\t<\/div>\n\n\t\t\n<style>\n#section_424260955 {\n  padding-top: 80px;\n  padding-bottom: 80px;\n}\n<\/style>\n\t<\/section>\n\t\n\n\n\n<p><\/p>\n","protected":false},"excerpt":{"rendered":"","protected":false},"author":1,"featured_media":0,"parent":0,"menu_order":0,"comment_status":"closed","ping_status":"closed","template":"page-blank.php","meta":{"inline_featured_image":false,"footnotes":""},"class_list":["post-21277","page","type-page","status-publish","hentry"],"yoast_head":"<!-- This site is optimized with the Yoast SEO plugin v21.7 - https:\/\/yoast.com\/wordpress\/plugins\/seo\/ -->\n<title>Pol\u00edtica de Cookies - Camping Etxarri<\/title>\n<meta name=\"robots\" content=\"index, follow, max-snippet:-1, max-image-preview:large, max-video-preview:-1\" \/>\n<link rel=\"canonical\" href=\"https:\/\/campingetxarri.com\/fr\/cookies\/\" \/>\n<meta property=\"og:locale\" content=\"fr_FR\" \/>\n<meta property=\"og:type\" content=\"article\" \/>\n<meta property=\"og:title\" content=\"Pol\u00edtica de Cookies - Camping Etxarri\" \/>\n<meta property=\"og:url\" content=\"https:\/\/campingetxarri.com\/fr\/cookies\/\" \/>\n<meta property=\"og:site_name\" content=\"Camping Etxarri\" \/>\n<meta property=\"article:modified_time\" content=\"2026-01-12T09:35:00+00:00\" \/>\n<meta name=\"twitter:card\" content=\"summary_large_image\" \/>\n<meta name=\"twitter:label1\" content=\"Dur\u00e9e de lecture estim\u00e9e\" \/>\n\t<meta name=\"twitter:data1\" content=\"16 minutes\" \/>\n<script type=\"application\/ld+json\" class=\"yoast-schema-graph\">{\"@context\":\"https:\/\/schema.org\",\"@graph\":[{\"@type\":\"WebPage\",\"@id\":\"https:\/\/campingetxarri.com\/fr\/cookies\/\",\"url\":\"https:\/\/campingetxarri.com\/fr\/cookies\/\",\"name\":\"Pol\u00edtica de Cookies - Camping Etxarri\",\"isPartOf\":{\"@id\":\"https:\/\/campingetxarri.com\/fr\/#website\"},\"datePublished\":\"2025-04-08T13:43:10+00:00\",\"dateModified\":\"2026-01-12T09:35:00+00:00\",\"breadcrumb\":{\"@id\":\"https:\/\/campingetxarri.com\/fr\/cookies\/#breadcrumb\"},\"inLanguage\":\"fr-FR\",\"potentialAction\":[{\"@type\":\"ReadAction\",\"target\":[\"https:\/\/campingetxarri.com\/fr\/cookies\/\"]}]},{\"@type\":\"BreadcrumbList\",\"@id\":\"https:\/\/campingetxarri.com\/fr\/cookies\/#breadcrumb\",\"itemListElement\":[{\"@type\":\"ListItem\",\"position\":1,\"name\":\"Portada\",\"item\":\"https:\/\/campingetxarri.com\/fr\/\"},{\"@type\":\"ListItem\",\"position\":2,\"name\":\"Pol\u00edtica de Cookies\"}]},{\"@type\":\"WebSite\",\"@id\":\"https:\/\/campingetxarri.com\/fr\/#website\",\"url\":\"https:\/\/campingetxarri.com\/fr\/\",\"name\":\"Camping Etxarri\",\"description\":\"\",\"potentialAction\":[{\"@type\":\"SearchAction\",\"target\":{\"@type\":\"EntryPoint\",\"urlTemplate\":\"https:\/\/campingetxarri.com\/fr\/?s={search_term_string}\"},\"query-input\":\"required name=search_term_string\"}],\"inLanguage\":\"fr-FR\"}]}<\/script>\n<!-- \/ Yoast SEO plugin. -->","yoast_head_json":{"title":"Pol\u00edtica de Cookies - Camping Etxarri","robots":{"index":"index","follow":"follow","max-snippet":"max-snippet:-1","max-image-preview":"max-image-preview:large","max-video-preview":"max-video-preview:-1"},"canonical":"https:\/\/campingetxarri.com\/fr\/cookies\/","og_locale":"fr_FR","og_type":"article","og_title":"Pol\u00edtica de Cookies - Camping Etxarri","og_url":"https:\/\/campingetxarri.com\/fr\/cookies\/","og_site_name":"Camping Etxarri","article_modified_time":"2026-01-12T09:35:00+00:00","twitter_card":"summary_large_image","twitter_misc":{"Dur\u00e9e de lecture estim\u00e9e":"16 minutes"},"schema":{"@context":"https:\/\/schema.org","@graph":[{"@type":"WebPage","@id":"https:\/\/campingetxarri.com\/fr\/cookies\/","url":"https:\/\/campingetxarri.com\/fr\/cookies\/","name":"Pol\u00edtica de Cookies - Camping Etxarri","isPartOf":{"@id":"https:\/\/campingetxarri.com\/fr\/#website"},"datePublished":"2025-04-08T13:43:10+00:00","dateModified":"2026-01-12T09:35:00+00:00","breadcrumb":{"@id":"https:\/\/campingetxarri.com\/fr\/cookies\/#breadcrumb"},"inLanguage":"fr-FR","potentialAction":[{"@type":"ReadAction","target":["https:\/\/campingetxarri.com\/fr\/cookies\/"]}]},{"@type":"BreadcrumbList","@id":"https:\/\/campingetxarri.com\/fr\/cookies\/#breadcrumb","itemListElement":[{"@type":"ListItem","position":1,"name":"Portada","item":"https:\/\/campingetxarri.com\/fr\/"},{"@type":"ListItem","position":2,"name":"Pol\u00edtica de Cookies"}]},{"@type":"WebSite","@id":"https:\/\/campingetxarri.com\/fr\/#website","url":"https:\/\/campingetxarri.com\/fr\/","name":"Camping Etxarri","description":"","potentialAction":[{"@type":"SearchAction","target":{"@type":"EntryPoint","urlTemplate":"https:\/\/campingetxarri.com\/fr\/?s={search_term_string}"},"query-input":"required name=search_term_string"}],"inLanguage":"fr-FR"}]}},"_links":{"self":[{"href":"https:\/\/campingetxarri.com\/fr\/wp-json\/wp\/v2\/pages\/21277","targetHints":{"allow":["GET"]}}],"collection":[{"href":"https:\/\/campingetxarri.com\/fr\/wp-json\/wp\/v2\/pages"}],"about":[{"href":"https:\/\/campingetxarri.com\/fr\/wp-json\/wp\/v2\/types\/page"}],"author":[{"embeddable":true,"href":"https:\/\/campingetxarri.com\/fr\/wp-json\/wp\/v2\/users\/1"}],"replies":[{"embeddable":true,"href":"https:\/\/campingetxarri.com\/fr\/wp-json\/wp\/v2\/comments?post=21277"}],"version-history":[{"count":4,"href":"https:\/\/campingetxarri.com\/fr\/wp-json\/wp\/v2\/pages\/21277\/revisions"}],"predecessor-version":[{"id":21310,"href":"https:\/\/campingetxarri.com\/fr\/wp-json\/wp\/v2\/pages\/21277\/revisions\/21310"}],"wp:attachment":[{"href":"https:\/\/campingetxarri.com\/fr\/wp-json\/wp\/v2\/media?parent=21277"}],"curies":[{"name":"wp","href":"https:\/\/api.w.org\/{rel}","templated":true}]}}