{"id":15167,"date":"2021-07-09T12:35:00","date_gmt":"2021-07-09T10:35:00","guid":{"rendered":"https:\/\/campingetxarri.com\/?page_id=15167"},"modified":"2025-10-16T14:15:35","modified_gmt":"2025-10-16T12:15:35","slug":"politique-de-confidentialite","status":"publish","type":"page","link":"https:\/\/campingetxarri.com\/fr\/politique-de-confidentialite\/","title":{"rendered":"Politique de confidentialit\u00e9"},"content":{"rendered":"\n\t<section class=\"section\" id=\"section_57430257\">\n\t\t<div class=\"bg section-bg fill bg-fill bg-loaded bg-loaded\" >\n\n\t\t\t\n\t\t\t\n\t\t\t\n\n\t\t<\/div>\n\n\t\t\n\n\t\t<div class=\"section-content relative\">\n\t\t\t\n\n<div class=\"row align-center\"  id=\"row-1307379656\">\n\n\n\t<div id=\"col-1760095200\" class=\"col medium-7 small-12 large-6\"  >\n\t\t\t\t<div class=\"col-inner text-center\"  >\n\t\t\t\n\t\t\t\n\n\t<div id=\"text-1253804165\" class=\"text\">\n\t\t\n\n<h1><span style=\"font-size: 170%;\">Politique de confidentialit\u00e9<\/span><\/h1>\n\t\t\n<style>\n#text-1253804165 {\n  color: #465f51;\n}\n#text-1253804165 > * {\n  color: #465f51;\n}\n<\/style>\n\t<\/div>\n\t\n\n\t\t<\/div>\n\t\t\t\t\t<\/div>\n\n\t\n\n<\/div>\n<div class=\"row align-center\"  id=\"row-181555843\">\n\n\n\t<div id=\"col-736744959\" class=\"col medium-12 small-12 large-10\"  >\n\t\t\t\t<div class=\"col-inner\" style=\"background-color:rgb(255,255,255);\" >\n\t\t\t\n\t\t\t\n\n\t<div id=\"text-3992474630\" class=\"text\">\n\t\t\n\n<p>Ce texte juridique d\u00e9taille la mani\u00e8re dont nous collectons et traitons vos donn\u00e9es personnelles dans le cadre de votre utilisation de notre site web https:\/\/etxarri.quimeras.cat, y compris toute information que vous pouvez nous fournir par le biais du site lorsque vous effectuez une r\u00e9servation.<\/p>\n<p>En nous fournissant des donn\u00e9es, vous nous informez que nos services ne sont pas accessibles aux personnes que la loi emp\u00eache de donner leur consentement, de sorte que lorsque vous nous soumettez les formulaires, vous nous garantissez que vous avez la capacit\u00e9 suffisante pour donner votre consentement.<\/p>\n<p>Nous vous informons ci-dessous de la politique de protection des donn\u00e9es de: <strong>Camping Etxarri, S.L<\/strong><\/p>\n<ol>\n<li><strong>Responsable du traitement des donn\u00e9es.<\/strong><\/li>\n<\/ol>\n<p>Coordonn\u00e9es du responsable :<\/p>\n<p><strong>Camping Etxarri, S.L.,<\/strong> CIF: B47785621 y domicilio en: Paraje de Danbolintxulo, s\/n . 31820 ETXARRI ARANATZ \u2013 NAVARRA y tel\u00e9fono: 948460537 Courriel : ifno@campingetxarri.com<\/p>\n<p>Registro Mercantil de Navarra, el d\u00eda 22 de octubre de 2018, al Tomo 1546, Folio 143, Secci\u00f3n 8, Hoja VA 30154, I\/A 2.<\/p>\n<p><strong>Camping Etxarri, S.L,<\/strong> est responsable de vos donn\u00e9es (ci-apr\u00e8s nous, notre ou nos).<\/p>\n<ol start=\"2\">\n<li><strong>Quelles sont les donn\u00e9es collect\u00e9es ?<\/strong><\/li>\n<\/ol>\n<p>Le r\u00e8glement g\u00e9n\u00e9ral sur la protection des donn\u00e9es d\u00e9finit <strong>les donn\u00e9es \u00e0 caract\u00e8re personnel<\/strong> comme toute information concernant une personne physique identifi\u00e9e ou identifiable, c&rsquo;est-\u00e0-dire toute information permettant d&rsquo;identifier une personne. Cela n&rsquo;inclut pas les donn\u00e9es anonymes, ni les donn\u00e9es en pourcentage.<\/p>\n<p>Les donn\u00e9es personnelles qui peuvent \u00eatre collect\u00e9es directement aupr\u00e8s de l&rsquo;int\u00e9ress\u00e9 seront trait\u00e9es de mani\u00e8re confidentielle et seront incorpor\u00e9es aux activit\u00e9s de traitement correspondantes, propri\u00e9t\u00e9 de <strong>Camping Etxarri, S.L.<\/strong><\/p>\n<p>Nous pouvons traiter certains types de donn\u00e9es personnelles sur notre site Web, notamment :<\/p>\n<ul>\n<li>Donn\u00e9es d&rsquo;identit\u00e9: Nom, pr\u00e9nom et num\u00e9ro d&rsquo;identification.<\/li>\n<li>Donn\u00e9es sur les caract\u00e9ristiques personnelles: Date de naissance.<\/li>\n<li>Coordonn\u00e9es: E-mail, t\u00e9l\u00e9phone et adresse.<\/li>\n<li>Donn\u00e9es financi\u00e8res: Donn\u00e9es relatives aux cartes.<\/li>\n<\/ul>\n<p>Nous ne collectons aucune donn\u00e9e relative \u00e0 des cat\u00e9gories particuli\u00e8res de donn\u00e9es \u00e0 caract\u00e8re personnel (donn\u00e9es r\u00e9v\u00e9lant l&rsquo;origine raciale ou ethnique, les opinions politiques, les convictions religieuses ou philosophiques, l&rsquo;appartenance syndicale et les informations sur votre sant\u00e9, les donn\u00e9es g\u00e9n\u00e9tiques ou biom\u00e9triques).<\/p>\n<p>Si vous \u00eates tenu de collecter des donn\u00e9es \u00e0 caract\u00e8re personnel en vertu de la loi ou d&rsquo;un contrat conclu entre nous et que vous refusez de les fournir, il se peut que nous ne soyons pas en mesure d&rsquo;ex\u00e9cuter le contrat ou de fournir le service et vous devez nous en informer \u00e0 l&rsquo;avance.<\/p>\n<ol start=\"3\">\n<li><strong>Comment recueillons-nous vos donn\u00e9es personnelles?<\/strong><\/li>\n<\/ol>\n<p>Les moyens que nous utilisons pour collecter les donn\u00e9es personnelles sont les suivants :<\/p>\n<ul>\n<li><strong>Par le biais du formulaire sur notre site web, par nos courriels de contact, par t\u00e9l\u00e9phone ou par courrier, lorsque:<\/strong>\n<ul>\n<li>vous demandez des informations sur nos services<\/li>\n<li>Vous passez un contrat pour la fourniture de nos services<\/li>\n<li>Vous demandez un devis<\/li>\n<\/ul>\n<\/li>\n<li><strong>Par le biais de la technologie ou d&rsquo;interactions automatis\u00e9es: <\/strong>sur notre site, nous pouvons collecter automatiquement des donn\u00e9es techniques sur votre ordinateur, vos actions de navigation et vos habitudes d&rsquo;utilisation. Ces donn\u00e9es sont collect\u00e9es par le biais de cookies ou de technologies similaires. Si vous souhaitez plus d&rsquo;informations, vous pouvez consulter notre politique en mati\u00e8re de cookies <a href=\"https:\/\/campingetxarri.com\/politica-de-cookies\/\">ici<\/a>.\u00a0 \u00a0<\/li>\n<li><strong>Par l&rsquo;interm\u00e9diaire de tiers:<\/strong>\n<ul>\n<li><strong>Google: <\/strong>Donn\u00e9es analytiques ou donn\u00e9es de recherche. En dehors de l&rsquo;Union europ\u00e9enne.<\/li>\n<\/ul>\n<\/li>\n<\/ul>\n<ol start=\"4\">\n<li><strong> Finalit\u00e9 et l\u00e9gitimit\u00e9 de l&rsquo;utilisation de vos donn\u00e9es.<\/strong><\/li>\n<\/ol>\n<p>Les utilisations les plus courantes de vos donn\u00e9es personnelles sont les suivantes:<\/p>\n<ul>\n<li>Pour la formalisation d&rsquo;un contrat entre<strong> Camping Etxarri, S.L.<\/strong> et vous.<\/li>\n<li>Lorsque vous consentez au traitement de vos donn\u00e9es.<\/li>\n<li>Lorsque nous en avons besoin pour nous conformer \u00e0 une obligation l\u00e9gale ou r\u00e9glementaire.<\/li>\n<li>Lorsque cela est n\u00e9cessaire pour notre int\u00e9r\u00eat l\u00e9gitime ou celui d&rsquo;un tiers.<\/li>\n<\/ul>\n<p>Vous trouverez ci-dessous un tableau indiquant les fa\u00e7ons dont nous utiliserons vos donn\u00e9es personnelles et la l\u00e9gitimit\u00e9 de leur utilisation, ainsi que le type de donn\u00e9es personnelles que nous traiterons.<\/p>\n<p>Nous pouvons traiter certaines donn\u00e9es \u00e0 caract\u00e8re personnel pour des raisons juridiques suppl\u00e9mentaires. Si vous avez besoin de plus de d\u00e9tails, veuillez envoyer un courriel <strong>\u00e0 info@campingetxarri.com.<\/strong><\/p>\n<table style=\"height: 1029px;\" width=\"554\">\n<tbody>\n<tr>\n<td width=\"132\"><strong>Formulaire<\/strong><\/td>\n<td width=\"208\">\n<p><strong>Objectif<\/strong><\/p>\n<\/td>\n<td width=\"159\">\n<p><strong>Type de donn\u00e9es<\/strong><\/p>\n<\/td>\n<td width=\"171\">\n<p><strong>L\u00e9gitimit\u00e9 du traitement<\/strong><\/p>\n<\/td>\n<\/tr>\n<tr>\n<td width=\"132\">\n<p>R\u00e9servations<\/p>\n<\/td>\n<td width=\"208\">\n<p>L&rsquo;objectif est la gestion des r\u00e9servations<\/p>\n<\/td>\n<td width=\"159\">\n<p>Pr\u00e9nom<\/p>\n<p>&#8211; Nom de famille<\/p>\n<p>&#8211; Votre adresse e-mail<\/p>\n<p>&#8211; T\u00e9l\u00e9phone<\/p>\n<p>&#8211; DNI\/NIE\/Passeport<\/p>\n<p>&#8211; Adresse<\/p>\n<p>&#8211; Num\u00e9ro de carte<\/p>\n<\/td>\n<td width=\"171\">\n<p>Consentement de la personne concern\u00e9e (art. 6.1.a GDPR)<\/p>\n<p>\u00a0<\/p>\n<p>Traitement n\u00e9cessaire au respect d&rsquo;une obligation l\u00e9gale applicable au responsable du traitement (art. 6.1.c GDPR)<\/p>\n<p>\u00a0<\/p>\n<p>Traitement n\u00e9cessaire \u00e0 l&rsquo;ex\u00e9cution d&rsquo;un contrat auquel la personne concern\u00e9e est partie ou \u00e0 l&rsquo;ex\u00e9cution de mesures pr\u00e9contractuelles \u00e0 la demande de la personne concern\u00e9e (art. 6.1b GDPR)<\/p>\n<p>Le traitement est n\u00e9cessaire aux fins des int\u00e9r\u00eats l\u00e9gitimes poursuivis par le responsable du traitement (art. 6.1f GDPR)<\/p>\n<\/td>\n<\/tr>\n<\/tbody>\n<\/table>\n<p><strong>\u00a0<\/strong><\/p>\n<p><strong>\u00a0<\/strong><\/p>\n<p><strong>Finalit\u00e9<\/strong>: nous n&rsquo;utiliserons vos donn\u00e9es qu&rsquo;aux fins pour lesquelles nous les avons collect\u00e9es, sauf si nous estimons raisonnablement que nous devrions les utiliser pour une autre raison, \u00e0 condition que nous vous en informions \u00e0 l&rsquo;avance afin que vous soyez au courant de la raison l\u00e9gale du traitement et que la finalit\u00e9 soit compatible avec la finalit\u00e9 d&rsquo;origine.<\/p>\n<ol start=\"5\">\n<li><strong>Combien de temps conserverons-nous vos donn\u00e9es?<\/strong><\/li>\n<\/ol>\n<p>Elles seront conserv\u00e9es pendant la dur\u00e9e n\u00e9cessaire \u00e0 la r\u00e9alisation de l&rsquo;objectif pour lequel elles ont \u00e9t\u00e9 collect\u00e9es et \u00e0 la d\u00e9termination de toute responsabilit\u00e9 \u00e9ventuelle pouvant d\u00e9couler de cet objectif et du traitement des donn\u00e9es. Les dispositions des diff\u00e9rents r\u00e8glements concernant la p\u00e9riode de conservation s&rsquo;appliquent, dans la mesure o\u00f9 elles sont applicables \u00e0 ce traitement.<\/p>\n<ol start=\"6\">\n<li><strong>Mineurs.<\/strong><\/li>\n<\/ol>\n<p><strong>Camping Etxarri, S.L.<\/strong> n&rsquo;autorise pas les personnes \u00e2g\u00e9es de moins de 14 ans \u00e0 fournir leurs donn\u00e9es personnelles par le biais des moyens mis \u00e0 disposition sur ce site web (remplissage de formulaires web de demande de services, contact ou envoi de courriers \u00e9lectroniques). Par cons\u00e9quent, les personnes qui fournissent des donn\u00e9es personnelles par le biais de ces moyens d\u00e9clarent formellement avoir plus de 14 ans, et<strong> Camping Etxarri, S.L.<\/strong> est exon\u00e9r\u00e9 de toute responsabilit\u00e9 en cas de non-respect de cette exigence.<\/p>\n<p>Si votre enfant n&rsquo;ayant pas atteint l&rsquo;\u00e2ge limite fix\u00e9 a fourni des donn\u00e9es personnelles \u00e0 <strong>Camping Etxarri, S.L.,<\/strong> veuillez nous contacter pour demander l&rsquo;exercice des droits applicables.<\/p>\n<p>Dans les cas o\u00f9 les services offerts par <strong>Camping Etxarri, S.L.<\/strong> sont destin\u00e9s \u00e0 des mineurs de moins de 14 ans, les moyens seront mis en \u0153uvre pour obtenir l&rsquo;autorisation des parents ou des tuteurs l\u00e9gaux du mineur.<\/p>\n<ol start=\"7\">\n<li><strong>Exercice des droits de protection des donn\u00e9es :<\/strong><\/li>\n<\/ol>\n<p><strong>Comment exercer ces droits?<\/strong>L&rsquo;utilisateur peut envoyer une communication au si\u00e8ge social de <strong>Camping Etxarri, S.L.<\/strong> ou \u00e0 l&rsquo;adresse \u00e9lectronique <strong>info@campingetxarri.com,<\/strong> en joignant dans les deux cas une photocopie de sa carte d&rsquo;identit\u00e9 nationale ou d&rsquo;un autre document d&rsquo;identification similaire, pour demander l&rsquo;exercice des droits suivants<\/p>\n<ul>\n<li><strong>Acc\u00e8s \u00e0 vos donn\u00e9es personnelles<\/strong> : vous pouvez demander \u00e0 <strong>Camping Etxarri, S.L<\/strong> si elle utilise vos donn\u00e9es personnelles.<\/li>\n<li>\u00c0 demander leur rectification, si elles ne sont pas correctes, ou \u00e0 exercer le droit \u00e0 l&rsquo;oubli les concernant.<\/li>\n<li><strong>\u00c0 demander la limitation du traitement<\/strong>, dans ce cas, les donn\u00e9es ne seront conserv\u00e9es que par<strong> Camping Etxarri, S.L<\/strong> pour l&rsquo;exercice ou la d\u00e9fense de r\u00e9clamations.<\/li>\n<li>\u00c0 vous opposer \u00e0 leur traitement: <strong>Camping Etxarri, S.L<\/strong> cessera de traiter les donn\u00e9es de la mani\u00e8re que vous indiquez, sauf si des motifs l\u00e9gitimes ou pour l&rsquo;exercice ou la d\u00e9fense de r\u00e9clamations potentielles exigent qu&rsquo;elles continuent \u00e0 \u00eatre trait\u00e9es.<\/li>\n<li><strong> \u00c0 la portabilit\u00e9 des donn\u00e9es:<\/strong> si vous souhaitez que vos donn\u00e9es soient trait\u00e9es par une autre entreprise, <strong>Camping Etxarri, S.L<\/strong> facilitera la portabilit\u00e9 de vos donn\u00e9es vers le nouveau responsable.<\/li>\n<\/ul>\n<p>Vous pouvez utiliser les formulaires mis \u00e0 votre disposition par l&rsquo;Agence espagnole de protection des donn\u00e9es pour exercer les droits susmentionn\u00e9s: <a href=\"https:\/\/www.aepd.es\/reglamento\/derechos\/index.html\">Ici<\/a><\/p>\n<p>R\u00e9clamation aupr\u00e8s de l&rsquo;AEPD : si vous consid\u00e9rez qu&rsquo;il y a un probl\u00e8me avec la mani\u00e8re dont <strong>Camping Etxarri, S.L.<\/strong> traite vos donn\u00e9es, vous pouvez adresser vos r\u00e9clamations \u00e0 l&rsquo;autorit\u00e9 de contr\u00f4le correspondante,l&rsquo;autorit\u00e9 comp\u00e9tente en Espagne: <a href=\"https:\/\/sedeagpd.gob.es\/sede-electronica-web\/vistas\/formNuevaReclamacion\/solicitudReclamacion.jsf;jsessionid=5085E2038B4210818633610065963C3E\">Agence espagnole de protection des donn\u00e9es.<\/a><a href=\"https:\/\/sedeagpd.gob.es\/sede-electronica-web\/vistas\/formNuevaReclamacion\/solicitudReclamacion.jsf;jsessionid=5085E2038B4210818633610065963C3E\">s.<\/a><\/p>\n<p>Nous vous demanderons des informations sp\u00e9cifiques pour nous aider \u00e0 confirmer votre identit\u00e9 et pour garantir votre droit d&rsquo;acc\u00e9der \u00e0 vos donn\u00e9es \u00e0 caract\u00e8re personnel (ou d&rsquo;exercer l&rsquo;un des autres droits mentionn\u00e9s ci-dessus). Il s&rsquo;agit d&rsquo;une mesure de s\u00e9curit\u00e9 visant \u00e0 garantir que les donn\u00e9es \u00e0 caract\u00e8re personnel ne sont pas divulgu\u00e9es \u00e0 des personnes qui ne sont pas habilit\u00e9es \u00e0 les recevoir.<\/p>\n<p>Nous traiterons toutes les demandes dans le d\u00e9lai l\u00e9gal d&rsquo;un mois. Toutefois, ce d\u00e9lai peut \u00eatre d\u00e9pass\u00e9 si votre demande est particuli\u00e8rement complexe. Dans ce cas, nous vous en informerons et vous tiendrons au courant.<\/p>\n<ol start=\"8\">\n<li><strong>Communication de donn\u00e9es: fourniture de services<\/strong><\/li>\n<\/ol>\n<p>Il est possible que, dans le cadre de notre travail, nous ayons besoin de l&rsquo;assistance de tiers, qui ne traiteront les donn\u00e9es que pour fournir le service contract\u00e9, et avec lesquels nous avons mis en place les mesures correspondantes pour garantir vos droits:<\/p>\n<ul>\n<li>Prestataires de services fournissant des services de technologie de l&rsquo;information et de gestion des syst\u00e8mes.<\/li>\n<li>Les conseillers professionnels, y compris les avocats, les auditeurs et les souscripteurs, qui fournissent des services de conseil en mati\u00e8re bancaire, juridique, d&rsquo;assurance et de comptabilit\u00e9.<\/li>\n<\/ul>\n<p>Tous les sous-traitants auxquels nous transf\u00e9rons vos donn\u00e9es respecteront la s\u00e9curit\u00e9 de vos donn\u00e9es personnelles et les traiteront conform\u00e9ment au GDPR.<\/p>\n<p>Nous n&rsquo;autorisons ces sous-traitants \u00e0 traiter vos donn\u00e9es qu&rsquo;\u00e0 des fins sp\u00e9cifiques et conform\u00e9ment \u00e0 nos instructions. Toutefois, afin de respecter les exigences de transparence, vous pouvez demander une liste des entreprises qui nous fournissent des services en envoyant un courriel \u00e0: <strong>info@campingetxarri.com.<\/strong><\/p>\n<ol start=\"9\">\n<li><strong>S\u00e9curit\u00e9 des donn\u00e9es.<\/strong><\/li>\n<\/ol>\n<p>Nous avons mis en \u0153uvre des mesures de s\u00e9curit\u00e9 appropri\u00e9es pour \u00e9viter que vos donn\u00e9es \u00e0 caract\u00e8re personnel ne soient accidentellement perdues, utilis\u00e9es ou consult\u00e9es de mani\u00e8re non autoris\u00e9e, modifi\u00e9es ou divulgu\u00e9es. En outre, nous limitons l&rsquo;acc\u00e8s \u00e0 vos donn\u00e9es \u00e0 caract\u00e8re personnel aux employ\u00e9s, agents, sous-traitants et autres tiers qui ont un besoin professionnel de conna\u00eetre ces donn\u00e9es. Ils ne traiteront vos donn\u00e9es personnelles que conform\u00e9ment \u00e0 nos instructions et sont tenus \u00e0 un devoir de confidentialit\u00e9.<\/p>\n<p>Nous avons mis en place des proc\u00e9dures pour traiter toute violation pr\u00e9sum\u00e9e de vos donn\u00e9es \u00e0 caract\u00e8re personnel et nous vous notifierons, ainsi qu&rsquo;\u00e0 l&rsquo;autorit\u00e9 de contr\u00f4le, en cas de violation de la s\u00e9curit\u00e9, conform\u00e9ment aux articles 33 et 34 du RGPD.<\/p>\n\t\t\n<style>\n#text-3992474630 {\n  text-align: left;\n}\n<\/style>\n\t<\/div>\n\t\n\n\n\t\t<\/div>\n\t\t\t\t\n<style>\n#col-736744959 > .col-inner {\n  padding: 20px 20px 10px 20px;\n}\n@media (min-width:550px) {\n  #col-736744959 > .col-inner {\n    padding: 70px 70px 40px 70px;\n  }\n}\n<\/style>\n\t<\/div>\n\n\t\n\n<\/div>\n\t<div id=\"gap-876044596\" class=\"gap-element clearfix\" style=\"display:block; height:auto;\">\n\t\t\n<style>\n#gap-876044596 {\n  padding-top: 10px;\n}\n@media (min-width:550px) {\n  #gap-876044596 {\n    padding-top: 50px;\n  }\n}\n<\/style>\n\t<\/div>\n\t\n\n\n\t\t<\/div>\n\n\t\t\n<style>\n#section_57430257 {\n  padding-top: 80px;\n  padding-bottom: 80px;\n}\n<\/style>\n\t<\/section>\n\t\n\n","protected":false},"excerpt":{"rendered":"","protected":false},"author":1,"featured_media":0,"parent":0,"menu_order":0,"comment_status":"closed","ping_status":"closed","template":"page-blank.php","meta":{"inline_featured_image":false,"footnotes":""},"class_list":["post-15167","page","type-page","status-publish","hentry"],"yoast_head":"<!-- This site is optimized with the Yoast SEO plugin v21.7 - https:\/\/yoast.com\/wordpress\/plugins\/seo\/ -->\n<title>Politique de confidentialit\u00e9 - Camping Etxarri<\/title>\n<meta name=\"robots\" content=\"index, follow, max-snippet:-1, max-image-preview:large, max-video-preview:-1\" \/>\n<link rel=\"canonical\" href=\"https:\/\/campingetxarri.com\/fr\/politique-de-confidentialite\/\" \/>\n<meta property=\"og:locale\" content=\"fr_FR\" \/>\n<meta property=\"og:type\" content=\"article\" \/>\n<meta property=\"og:title\" content=\"Politique de confidentialit\u00e9 - Camping Etxarri\" \/>\n<meta property=\"og:url\" content=\"https:\/\/campingetxarri.com\/fr\/politique-de-confidentialite\/\" \/>\n<meta property=\"og:site_name\" content=\"Camping Etxarri\" \/>\n<meta property=\"article:modified_time\" content=\"2025-10-16T12:15:35+00:00\" \/>\n<meta name=\"twitter:card\" content=\"summary_large_image\" \/>\n<meta name=\"twitter:label1\" content=\"Dur\u00e9e de lecture estim\u00e9e\" \/>\n\t<meta name=\"twitter:data1\" content=\"18 minutes\" \/>\n<script type=\"application\/ld+json\" class=\"yoast-schema-graph\">{\"@context\":\"https:\/\/schema.org\",\"@graph\":[{\"@type\":\"WebPage\",\"@id\":\"https:\/\/campingetxarri.com\/fr\/politique-de-confidentialite\/\",\"url\":\"https:\/\/campingetxarri.com\/fr\/politique-de-confidentialite\/\",\"name\":\"Politique de confidentialit\u00e9 - Camping Etxarri\",\"isPartOf\":{\"@id\":\"https:\/\/campingetxarri.com\/fr\/#website\"},\"datePublished\":\"2021-07-09T10:35:00+00:00\",\"dateModified\":\"2025-10-16T12:15:35+00:00\",\"breadcrumb\":{\"@id\":\"https:\/\/campingetxarri.com\/fr\/politique-de-confidentialite\/#breadcrumb\"},\"inLanguage\":\"fr-FR\",\"potentialAction\":[{\"@type\":\"ReadAction\",\"target\":[\"https:\/\/campingetxarri.com\/fr\/politique-de-confidentialite\/\"]}]},{\"@type\":\"BreadcrumbList\",\"@id\":\"https:\/\/campingetxarri.com\/fr\/politique-de-confidentialite\/#breadcrumb\",\"itemListElement\":[{\"@type\":\"ListItem\",\"position\":1,\"name\":\"Portada\",\"item\":\"https:\/\/campingetxarri.com\/fr\/\"},{\"@type\":\"ListItem\",\"position\":2,\"name\":\"Politique de confidentialit\u00e9\"}]},{\"@type\":\"WebSite\",\"@id\":\"https:\/\/campingetxarri.com\/fr\/#website\",\"url\":\"https:\/\/campingetxarri.com\/fr\/\",\"name\":\"Camping Etxarri\",\"description\":\"\",\"potentialAction\":[{\"@type\":\"SearchAction\",\"target\":{\"@type\":\"EntryPoint\",\"urlTemplate\":\"https:\/\/campingetxarri.com\/fr\/?s={search_term_string}\"},\"query-input\":\"required name=search_term_string\"}],\"inLanguage\":\"fr-FR\"}]}<\/script>\n<!-- \/ Yoast SEO plugin. -->","yoast_head_json":{"title":"Politique de confidentialit\u00e9 - Camping Etxarri","robots":{"index":"index","follow":"follow","max-snippet":"max-snippet:-1","max-image-preview":"max-image-preview:large","max-video-preview":"max-video-preview:-1"},"canonical":"https:\/\/campingetxarri.com\/fr\/politique-de-confidentialite\/","og_locale":"fr_FR","og_type":"article","og_title":"Politique de confidentialit\u00e9 - Camping Etxarri","og_url":"https:\/\/campingetxarri.com\/fr\/politique-de-confidentialite\/","og_site_name":"Camping Etxarri","article_modified_time":"2025-10-16T12:15:35+00:00","twitter_card":"summary_large_image","twitter_misc":{"Dur\u00e9e de lecture estim\u00e9e":"18 minutes"},"schema":{"@context":"https:\/\/schema.org","@graph":[{"@type":"WebPage","@id":"https:\/\/campingetxarri.com\/fr\/politique-de-confidentialite\/","url":"https:\/\/campingetxarri.com\/fr\/politique-de-confidentialite\/","name":"Politique de confidentialit\u00e9 - Camping Etxarri","isPartOf":{"@id":"https:\/\/campingetxarri.com\/fr\/#website"},"datePublished":"2021-07-09T10:35:00+00:00","dateModified":"2025-10-16T12:15:35+00:00","breadcrumb":{"@id":"https:\/\/campingetxarri.com\/fr\/politique-de-confidentialite\/#breadcrumb"},"inLanguage":"fr-FR","potentialAction":[{"@type":"ReadAction","target":["https:\/\/campingetxarri.com\/fr\/politique-de-confidentialite\/"]}]},{"@type":"BreadcrumbList","@id":"https:\/\/campingetxarri.com\/fr\/politique-de-confidentialite\/#breadcrumb","itemListElement":[{"@type":"ListItem","position":1,"name":"Portada","item":"https:\/\/campingetxarri.com\/fr\/"},{"@type":"ListItem","position":2,"name":"Politique de confidentialit\u00e9"}]},{"@type":"WebSite","@id":"https:\/\/campingetxarri.com\/fr\/#website","url":"https:\/\/campingetxarri.com\/fr\/","name":"Camping Etxarri","description":"","potentialAction":[{"@type":"SearchAction","target":{"@type":"EntryPoint","urlTemplate":"https:\/\/campingetxarri.com\/fr\/?s={search_term_string}"},"query-input":"required name=search_term_string"}],"inLanguage":"fr-FR"}]}},"_links":{"self":[{"href":"https:\/\/campingetxarri.com\/fr\/wp-json\/wp\/v2\/pages\/15167","targetHints":{"allow":["GET"]}}],"collection":[{"href":"https:\/\/campingetxarri.com\/fr\/wp-json\/wp\/v2\/pages"}],"about":[{"href":"https:\/\/campingetxarri.com\/fr\/wp-json\/wp\/v2\/types\/page"}],"author":[{"embeddable":true,"href":"https:\/\/campingetxarri.com\/fr\/wp-json\/wp\/v2\/users\/1"}],"replies":[{"embeddable":true,"href":"https:\/\/campingetxarri.com\/fr\/wp-json\/wp\/v2\/comments?post=15167"}],"version-history":[{"count":7,"href":"https:\/\/campingetxarri.com\/fr\/wp-json\/wp\/v2\/pages\/15167\/revisions"}],"predecessor-version":[{"id":20965,"href":"https:\/\/campingetxarri.com\/fr\/wp-json\/wp\/v2\/pages\/15167\/revisions\/20965"}],"wp:attachment":[{"href":"https:\/\/campingetxarri.com\/fr\/wp-json\/wp\/v2\/media?parent=15167"}],"curies":[{"name":"wp","href":"https:\/\/api.w.org\/{rel}","templated":true}]}}