{"id":15142,"date":"2023-02-26T20:01:04","date_gmt":"2023-02-26T19:01:04","guid":{"rendered":"https:\/\/campingetxarri.com\/?page_id=15142"},"modified":"2025-09-24T13:24:29","modified_gmt":"2025-09-24T11:24:29","slug":"valle-de-sakana","status":"publish","type":"page","link":"https:\/\/campingetxarri.com\/fr\/valle-de-sakana\/","title":{"rendered":"Valle de Sakana"},"content":{"rendered":"\n<div class=\"slider-wrapper relative\" id=\"slider-1862176802\" >\n    <div class=\"slider slider-nav-simple slider-nav-large slider-nav-light slider-style-normal\"\n        data-flickity-options='{\n            \"cellAlign\": \"center\",\n            \"imagesLoaded\": true,\n            \"lazyLoad\": 1,\n            \"freeScroll\": false,\n            \"wrapAround\": true,\n            \"autoPlay\": 4000,\n            \"pauseAutoPlayOnHover\" : false,\n            \"prevNextButtons\": false,\n            \"contain\" : true,\n            \"adaptiveHeight\" : true,\n            \"dragThreshold\" : 10,\n            \"percentPosition\": true,\n            \"pageDots\": false,\n            \"rightToLeft\": false,\n            \"draggable\": true,\n            \"selectedAttraction\": 0.1,\n            \"parallax\" : 0,\n            \"friction\": 0.6        }'\n        >\n        \n\n<div class=\"row row-collapse row-full-width align-center\"  id=\"row-901119957\">\n\n\n\t<div id=\"col-1706093912\" class=\"col delante small-12 large-12\"  >\n\t\t\t\t<div class=\"col-inner\"  >\n\t\t\t\n\t\t\t\n\n\n  <div class=\"banner has-hover\" id=\"banner-1539015007\">\n          <div class=\"banner-inner fill\">\n        <div class=\"banner-bg fill\" >\n            <div class=\"bg fill bg-fill bg-loaded\"><\/div>\n                        <div class=\"overlay\"><\/div>            \n                    <\/div>\n\t\t\n\t<div class=\"ux-shape-divider ux-shape-divider--bottom ux-shape-divider--style-waves-opacity-3\">\n\t\t<svg viewBox=\"0 0 1000 300\" xmlns=\"http:\/\/www.w3.org\/2000\/svg\" preserveAspectRatio=\"none\">\n\t<path class=\"ux-shape-fill\" opacity=\"0.05\" d=\"M1014 264V386H206L34 300C34 300 344.42 277.16 436 221C542 156 590 160 704 209C811 255 899.11 214.94 979 346L1014 264Z\"\/>\n\t<path class=\"ux-shape-fill\" opacity=\"0.1\" d=\"M-302 55C-302 55 -66.73 263.25 50 214C178 160 283 116 353 141C445.68 174.1 534.28 256.19 588 249C692.9 235 764.52 75.94 855 131C940.61 183.09 1000 254 1000 254V328L-306 338L-302 55Z\"\/>\n\t<path class=\"ux-shape-fill\" opacity=\"0.15\" d=\"M-286 255C-286 255 -72 152 52 126C176 100 255 155 436 227C581.57 284.91 614.7 277.79 708 227C787 184 1009 3.0001 1093 164C1146 265.63 1031 293 1031 293L924 377L-288 389L-286 255Z\"\/>\n\t<path class=\"ux-shape-fill\" opacity=\"0.3\" d=\"M-24 69C-24 69 275.68 370.66 389 314C397 310 622 316 673 356C690.47 369.7 845 224 890 182C944.8 130.85 1018 92 1078 143C1154.12 207.7 1196 242 1196 242L1184 374L-28 386L-24 69Z\"\/>\n\t<path class=\"ux-shape-fill\" d=\"M-12 201C-12 201 58 284 182 258C306 232 342.29 221.23 456 264C565 305 640.82 288.36 721 249C776 222 837.5 191.31 935 253C984 284 1030 279 1030 279L1024 430L-12 440V201Z\"\/>\n<\/svg>\n\t<\/div>\n        <div class=\"banner-layers container\">\n            <div class=\"fill banner-link\"><\/div>            \n\n   <div id=\"text-box-1328928068\" class=\"text-box banner-layer x50 md-x20 lg-x20 y80 md-y80 lg-y80 res-text\">\n                                <div class=\"text-box-content text dark\">\n              \n              <div class=\"text-inner text-center\">\n                  \n\n\t<div id=\"text-3923307424\" class=\"text\">\n\t\t\n\n<h1 class=\"uppercase\" style=\"text-align: left;\"><span style=\"font-size: 90%;\" data-line-height=\"xs\">vall\u00e9e de sakana<br \/><\/span><\/h1>\n\t\t\n<style>\n#text-3923307424 {\n  line-height: 1.75;\n  text-align: left;\n}\n@media (min-width:550px) {\n  #text-3923307424 {\n    line-height: 1.7;\n    text-align: left;\n  }\n}\n<\/style>\n\t<\/div>\n\t\n\n              <\/div>\n           <\/div>\n                            \n<style>\n#text-box-1328928068 {\n  width: 78%;\n}\n#text-box-1328928068 .text-box-content {\n  font-size: 91%;\n}\n@media (min-width:550px) {\n  #text-box-1328928068 {\n    width: 50%;\n  }\n  #text-box-1328928068 .text-box-content {\n    font-size: 149%;\n  }\n}\n<\/style>\n    <\/div>\n \n\n        <\/div>\n      <\/div>\n\n            \n<style>\n#banner-1539015007 {\n  padding-top: 500px;\n}\n#banner-1539015007 .bg.bg-loaded {\n  background-image: url(https:\/\/campingetxarri.com\/wp-content\/uploads\/2023\/10\/MODALIDAD-1.-OIER-GARICANO-1-scaled.jpg);\n}\n#banner-1539015007 .overlay {\n  background-color: rgba(0, 0, 0, 0.198);\n}\n#banner-1539015007 .bg {\n  background-position: 37% 56%;\n}\n#banner-1539015007 .ux-shape-divider--bottom svg {\n  height: 150px;\n  --divider-width: 242%;\n}\n#banner-1539015007 .ux-shape-divider--bottom .ux-shape-fill {\n  fill: rgb(246, 245, 241);\n}\n@media (min-width:550px) {\n  #banner-1539015007 {\n    padding-top: 700px;\n  }\n  #banner-1539015007 .ux-shape-divider--bottom svg {\n    --divider-width: 100%;\n  }\n}\n<\/style>\n  <\/div>\n\n\n\n\t\t<\/div>\n\t\t\t\t\t<\/div>\n\n\t\n\n<\/div>\n\n     <\/div>\n\n     <div class=\"loading-spin dark large centered\"><\/div>\n\n\t<\/div>\n\n\n\n\t<section class=\"section\" id=\"section_1548189195\">\n\t\t<div class=\"bg section-bg fill bg-fill bg-loaded bg-loaded\" >\n\n\t\t\t\n\t\t\t\n\t\t\t\n\n\t\t<\/div>\n\n\t\t\n\n\t\t<div class=\"section-content relative\">\n\t\t\t\n\n<div class=\"row align-middle align-center\"  id=\"row-1441199868\">\n\n\n\t<div id=\"col-171297183\" class=\"col medium-11 small-12 large-10\"  data-animate=\"bounceInUp\">\n\t\t\t\t<div class=\"col-inner text-center\"  >\n\t\t\t\n\t\t\t\n\n\t<div id=\"gap-340596485\" class=\"gap-element clearfix\" style=\"display:block; height:auto;\">\n\t\t\n<style>\n#gap-340596485 {\n  padding-top: 20px;\n}\n<\/style>\n\t<\/div>\n\t\n\n\t<div id=\"gap-1621483455\" class=\"gap-element clearfix\" style=\"display:block; height:auto;\">\n\t\t\n<style>\n#gap-1621483455 {\n  padding-top: 0px;\n}\n@media (min-width:550px) {\n  #gap-1621483455 {\n    padding-top: 50px;\n  }\n}\n<\/style>\n\t<\/div>\n\t\n\n\t<div id=\"gap-1754632504\" class=\"gap-element clearfix\" style=\"display:block; height:auto;\">\n\t\t\n<style>\n#gap-1754632504 {\n  padding-top: 0px;\n}\n@media (min-width:550px) {\n  #gap-1754632504 {\n    padding-top: 50px;\n  }\n}\n<\/style>\n\t<\/div>\n\t\n\n\t<div id=\"text-1433077504\" class=\"text\">\n\t\t\n\n<h1 class=\"uppercase\"><span style=\"font-size: 100%; font-family: hkbold;\">un paradis cach\u00e9 en navarre<\/span><\/h1>\n\t\t\n<style>\n#text-1433077504 {\n  font-size: 1.4rem;\n}\n<\/style>\n\t<\/div>\n\t\n<p>D\u00e9couvrez un cadre naturel unique. La vall\u00e9e de Sakana est l&rsquo;endroit id\u00e9al pour se ressourcer et se rapprocher de la nature.<\/p>\n<p>Des paysages naturels impressionnants, des villages charmants, de belles \u00e9glises romanes, une gastronomie exquise et des traditions transform\u00e9es en festivals.<\/p>\n\n\t\t<\/div>\n\t\t\t\t\n<style>\n#col-171297183 > .col-inner {\n  padding: 0px 0px 0px 0;\n}\n@media (min-width:850px) {\n  #col-171297183 > .col-inner {\n    padding: 0px 0px 0px 0%;\n  }\n}\n<\/style>\n\t<\/div>\n\n\t\n\n<\/div>\n\n\t\t<\/div>\n\n\t\t\n<style>\n#section_1548189195 {\n  padding-top: 0px;\n  padding-bottom: 0px;\n}\n<\/style>\n\t<\/section>\n\t\n\t<div id=\"gap-632872797\" class=\"gap-element clearfix\" style=\"display:block; height:auto;\">\n\t\t\n<style>\n#gap-632872797 {\n  padding-top: 20px;\n}\n@media (min-width:550px) {\n  #gap-632872797 {\n    padding-top: 90px;\n  }\n}\n<\/style>\n\t<\/div>\n\t\n\n\t<div id=\"gap-2141454822\" class=\"gap-element clearfix\" style=\"display:block; height:auto;\">\n\t\t\n<style>\n#gap-2141454822 {\n  padding-top: 0px;\n}\n<\/style>\n\t<\/div>\n\t\n\n\n\t<section class=\"section\" id=\"section_2146512480\">\n\t\t<div class=\"bg section-bg fill bg-fill bg-loaded bg-loaded\" >\n\n\t\t\t\n\t\t\t\n\t\t\t\n\n\t\t<\/div>\n\n\t\t\n\n\t\t<div class=\"section-content relative\">\n\t\t\t\n\n<div class=\"row row-collapse row-full-width align-middle\"  id=\"row-2107754067\">\n\n\n\t<div id=\"col-587441489\" class=\"col delante medium-5 small-12 large-5\"  data-animate=\"bounceInLeft\">\n\t\t\t\t<div class=\"col-inner\"  >\n\t\t\t\n\t\t\t\n\n\t<div class=\"img has-hover x md-x lg-x y md-y lg-y\" id=\"image_1983756633\">\n\t\t\t\t\t\t\t\t<div class=\"img-inner image-cover dark\" style=\"padding-top:56.25%;\">\n\t\t\t<img loading=\"lazy\" decoding=\"async\" width=\"1024\" height=\"680\" src=\"https:\/\/campingetxarri.com\/wp-content\/uploads\/2023\/10\/35831416592_52d59a9b6d_b.jpg\" class=\"attachment-original size-original\" alt=\"Camping Etxarri, actividades.\" srcset=\"https:\/\/campingetxarri.com\/wp-content\/uploads\/2023\/10\/35831416592_52d59a9b6d_b.jpg 1024w, https:\/\/campingetxarri.com\/wp-content\/uploads\/2023\/10\/35831416592_52d59a9b6d_b-300x199.jpg 300w, https:\/\/campingetxarri.com\/wp-content\/uploads\/2023\/10\/35831416592_52d59a9b6d_b-768x510.jpg 768w\" sizes=\"auto, (max-width: 1024px) 100vw, 1024px\" \/>\t\t\t\t\t\t\n\t\t\t\t\t<\/div>\n\t\t\t\t\t\t\t\t\n<style>\n#image_1983756633 {\n  width: 100%;\n}\n<\/style>\n\t<\/div>\n\t\n\n\n\t\t<\/div>\n\t\t\t\t\n<style>\n#col-587441489 > .col-inner {\n  margin: 0px 0px -20px 0px;\n}\n@media (min-width:550px) {\n  #col-587441489 > .col-inner {\n    margin: 0px 0px 0px 10%;\n  }\n}\n<\/style>\n\t<\/div>\n\n\t\n\n\t<div id=\"col-1107247227\" class=\"col medium-7 small-12 large-7\"  >\n\t\t\t\t<div class=\"col-inner\" style=\"background-color:rgb(43, 60, 50);\" >\n\t\t\t\n\t\t\t\n\n\n  <div class=\"banner has-hover\" id=\"banner-957306503\">\n          <div class=\"banner-inner fill\">\n        <div class=\"banner-bg fill\" >\n            <div class=\"bg fill bg-fill bg-loaded\"><\/div>\n                                    \n                    <\/div>\n\t\t\n        <div class=\"banner-layers container\">\n            <div class=\"fill banner-link\"><\/div>            \n\n   <div id=\"text-box-1056039446\" class=\"text-box banner-layer x50 md-x50 lg-x50 y50 md-y50 lg-y50 res-text\">\n                     <div data-animate=\"bounceInUp\">           <div class=\"text-box-content text \">\n              \n              <div class=\"text-inner text-left\">\n                  \n\n<h1><span style=\"font-size: 90%;\" data-text-color=\"primary\"><span style=\"font-family: hkbold;\">route des ch\u00eanes centenaires<\/span><\/span><\/h1>\n<p><span style=\"font-weight: 400; font-size: 140%;\">Le sentier traverse une belle for\u00eat de ch\u00eanes situ\u00e9e tout pr\u00e8s du Camping Etxarri. Cet itin\u00e9raire fait partie de sentiers locaux parfaitement balis\u00e9s.<\/span><\/p>\n<p><span style=\"font-weight: 400; font-size: 140%;\">La principale caract\u00e9ristique qui le rend sp\u00e9cial est la pr\u00e9sence de magnifiques ch\u00eanes centenaires qui bordent tout le parcours.La promenade est facile \u00e0 r\u00e9aliser et offre une exp\u00e9rience visuelle d\u00e9licieuse.<\/span><\/p>\n<p><span style=\"font-weight: 400; font-size: 140%;\"> C&rsquo;est parfait \u00e0 faire \u00e0 tout moment de l&rsquo;ann\u00e9e et id\u00e9al pour les enfants.<\/span><\/p>\n<p>\u00a0<\/p>\n<p>\u00a0<\/p>\n<p>\u00a0<\/p>\n\n\n\n              <\/div>\n           <\/div>\n       <\/div>                     \n<style>\n#text-box-1056039446 {\n  margin: 30px 0px 0px 0px;\n  width: 90%;\n}\n#text-box-1056039446 .text-box-content {\n  font-size: 102%;\n}\n@media (min-width:550px) {\n  #text-box-1056039446 {\n    width: 55%;\n  }\n}\n<\/style>\n    <\/div>\n \n\n        <\/div>\n      <\/div>\n\n            \n<style>\n#banner-957306503 {\n  padding-top: 350px;\n  background-color: rgb(238, 236, 220);\n}\n@media (min-width:550px) {\n  #banner-957306503 {\n    padding-top: 500px;\n  }\n}\n<\/style>\n  <\/div>\n\n\n\n\t\t<\/div>\n\t\t\t\t\n<style>\n#col-1107247227 > .col-inner {\n  padding: 0px 0px 0px 0px;\n  margin: 0px 0px 0px 0px;\n}\n<\/style>\n\t<\/div>\n\n\t\n\n<\/div>\n\t<div id=\"gap-239380038\" class=\"gap-element clearfix\" style=\"display:block; height:auto;\">\n\t\t\n<style>\n#gap-239380038 {\n  padding-top: 0px;\n}\n@media (min-width:550px) {\n  #gap-239380038 {\n    padding-top: 70px;\n  }\n}\n<\/style>\n\t<\/div>\n\t\n\n<div class=\"row row-collapse row-full-width align-middle\"  id=\"row-701864858\">\n\n\n\t<div id=\"col-673572506\" class=\"col medium-6 small-12 large-6\"  data-animate=\"fadeInRight\">\n\t\t\t\t<div class=\"col-inner\"  >\n\t\t\t\n\t\t\t\n\n\t<div id=\"text-3586977401\" class=\"text\">\n\t\t\n\n<h1><span style=\"font-size: 125%;\" data-text-color=\"primary\"><span style=\"font-family: hkbold;\">itin\u00e9raire des d\u00f3lmens<\/span><\/span><\/h1>\n<p><span style=\"font-weight: 400;\">Cet itin\u00e9raire part \u00e9galement du Camping Etxarri et est compos\u00e9 de deux sentiers de longueurs diff\u00e9rentes, qui s&rsquo;adaptent aux go\u00fbts de tous les visiteurs. Les deux sentiers sont parfaitement balis\u00e9s et balis\u00e9s. La balade offre une exp\u00e9rience inoubliable en pleine nature dans un cadre naturel unique.<\/span><\/p>\n\t\t\n<style>\n#text-3586977401 {\n  text-align: left;\n}\n<\/style>\n\t<\/div>\n\t\n\n\t\t<\/div>\n\t\t\t\t\n<style>\n#col-673572506 > .col-inner {\n  padding: 5% 10% 5% 5%;\n  max-width: 700px;\n}\n<\/style>\n\t<\/div>\n\n\t\n\n\t<div id=\"col-1304421804\" class=\"col medium-6 small-12 large-6 small-col-first\"  >\n\t\t\t\t<div class=\"col-inner\"  >\n\t\t\t\n\t\t\t\n\n\t<div class=\"img has-hover x md-x lg-x y md-y lg-y\" id=\"image_827765103\">\n\t\t\t\t\t\t\t\t<div class=\"img-inner image-cover dark\" style=\"padding-top:56.25%;\">\n\t\t\t<img loading=\"lazy\" decoding=\"async\" width=\"1000\" height=\"752\" src=\"https:\/\/campingetxarri.com\/wp-content\/uploads\/2024\/01\/MODALIDAD-1.-AITOR-CASAS-2-scaled-1.jpg\" class=\"attachment-original size-original\" alt=\"Camping Etxarri, actividades. Descubre Navarra.\" srcset=\"https:\/\/campingetxarri.com\/wp-content\/uploads\/2024\/01\/MODALIDAD-1.-AITOR-CASAS-2-scaled-1.jpg 1000w, https:\/\/campingetxarri.com\/wp-content\/uploads\/2024\/01\/MODALIDAD-1.-AITOR-CASAS-2-scaled-1-300x226.jpg 300w, https:\/\/campingetxarri.com\/wp-content\/uploads\/2024\/01\/MODALIDAD-1.-AITOR-CASAS-2-scaled-1-768x578.jpg 768w\" sizes=\"auto, (max-width: 1000px) 100vw, 1000px\" \/>\t\t\t\t\t\t\n\t\t\t\t\t<\/div>\n\t\t\t\t\t\t\t\t\n<style>\n#image_827765103 {\n  width: 100%;\n}\n<\/style>\n\t<\/div>\n\t\n\n\n\t\t<\/div>\n\t\t\t\t\t<\/div>\n\n\t\n\n<\/div>\n\t<div id=\"gap-1279696373\" class=\"gap-element clearfix\" style=\"display:block; height:auto;\">\n\t\t\n<style>\n#gap-1279696373 {\n  padding-top: 0px;\n}\n@media (min-width:550px) {\n  #gap-1279696373 {\n    padding-top: 70px;\n  }\n}\n<\/style>\n\t<\/div>\n\t\n\n<div class=\"row row-collapse row-full-width align-middle\"  id=\"row-1860051573\">\n\n\n\t<div id=\"col-97238768\" class=\"col delante medium-5 small-12 large-5\"  data-animate=\"bounceInLeft\">\n\t\t\t\t<div class=\"col-inner\"  >\n\t\t\t\n\t\t\t\n\n\t<div class=\"img has-hover x md-x lg-x y md-y lg-y\" id=\"image_825077804\">\n\t\t\t\t\t\t\t\t<div class=\"img-inner image-cover dark\" style=\"padding-top:56.25%;\">\n\t\t\t<img loading=\"lazy\" decoding=\"async\" width=\"1000\" height=\"1333\" src=\"https:\/\/campingetxarri.com\/wp-content\/uploads\/2024\/01\/IMG_20200819_181649-scaled-1.jpg\" class=\"attachment-original size-original\" alt=\"Camping Etxarri, actividades. Descubre Navarra.\" srcset=\"https:\/\/campingetxarri.com\/wp-content\/uploads\/2024\/01\/IMG_20200819_181649-scaled-1.jpg 1000w, https:\/\/campingetxarri.com\/wp-content\/uploads\/2024\/01\/IMG_20200819_181649-scaled-1-225x300.jpg 225w, https:\/\/campingetxarri.com\/wp-content\/uploads\/2024\/01\/IMG_20200819_181649-scaled-1-768x1024.jpg 768w\" sizes=\"auto, (max-width: 1000px) 100vw, 1000px\" \/>\t\t\t\t\t\t\n\t\t\t\t\t<\/div>\n\t\t\t\t\t\t\t\t\n<style>\n#image_825077804 {\n  width: 100%;\n}\n<\/style>\n\t<\/div>\n\t\n\n\n\t\t<\/div>\n\t\t\t\t\n<style>\n#col-97238768 > .col-inner {\n  margin: 0px 0px -20px 0px;\n}\n@media (min-width:550px) {\n  #col-97238768 > .col-inner {\n    margin: 0px 0px 0px 10%;\n  }\n}\n<\/style>\n\t<\/div>\n\n\t\n\n\t<div id=\"col-550046010\" class=\"col medium-7 small-12 large-7\"  >\n\t\t\t\t<div class=\"col-inner\" style=\"background-color:rgb(43, 60, 50);\" >\n\t\t\t\n\t\t\t\n\n\n  <div class=\"banner has-hover\" id=\"banner-1231941881\">\n          <div class=\"banner-inner fill\">\n        <div class=\"banner-bg fill\" >\n            <div class=\"bg fill bg-fill bg-loaded\"><\/div>\n                                    \n                    <\/div>\n\t\t\n        <div class=\"banner-layers container\">\n            <div class=\"fill banner-link\"><\/div>            \n\n   <div id=\"text-box-1437246463\" class=\"text-box banner-layer x50 md-x50 lg-x50 y50 md-y50 lg-y50 res-text\">\n                     <div data-animate=\"bounceInUp\">           <div class=\"text-box-content text \">\n              \n              <div class=\"text-inner text-left\">\n                  \n\n<h1><span style=\"font-size: 90%;\" data-text-color=\"primary\"><span style=\"font-family: hkbold;\">D\u00e9couvrez Sakana<\/span><\/span><\/h1>\n<p><span style=\"font-size: 140%; font-family: hkreg;\" data-line-height=\"xl\"><span style=\"font-weight: 400;\">Villes, itin\u00e9raires, nature, patrimoine culturel&#8230; D\u00e9couvrez tout ce que Sakana peut vous offrir \u00e0 proximit\u00e9 du Camping Etxarri. Laissez-vous captiver par son environnement naturel unique.<\/span><\/span><\/p>\n<a rel=\"noopener noreferrer\" href=\"https:\/\/www.sakana.eus\/fr\/\" target=\"_blank\" class=\"button primary is-shade is-larger box-shadow-4 box-shadow-5-hover\"  style=\"border-radius:10px;\">\n    <span>Page web<\/span>\n  <\/a>\n\n\n\n\n\n              <\/div>\n           <\/div>\n       <\/div>                     \n<style>\n#text-box-1437246463 {\n  margin: 30px 0px 0px 0px;\n  width: 90%;\n}\n#text-box-1437246463 .text-box-content {\n  font-size: 102%;\n}\n@media (min-width:550px) {\n  #text-box-1437246463 {\n    width: 55%;\n  }\n}\n<\/style>\n    <\/div>\n \n\n        <\/div>\n      <\/div>\n\n            \n<style>\n#banner-1231941881 {\n  padding-top: 550px;\n  background-color: rgb(238, 236, 220);\n}\n@media (min-width:550px) {\n  #banner-1231941881 {\n    padding-top: 600px;\n  }\n}\n<\/style>\n  <\/div>\n\n\n\n\t\t<\/div>\n\t\t\t\t\n<style>\n#col-550046010 > .col-inner {\n  padding: 0px 0px 0px 0px;\n  margin: 0px 0px 0px 0px;\n}\n<\/style>\n\t<\/div>\n\n\t\n\n<\/div>\n\n\t\t<\/div>\n\n\t\t\n<style>\n#section_2146512480 {\n  padding-top: 30px;\n  padding-bottom: 30px;\n  background-color: rgb(246, 245, 241);\n}\n<\/style>\n\t<\/section>\n\t\n\t<div id=\"gap-582361298\" class=\"gap-element clearfix\" style=\"display:block; height:auto;\">\n\t\t\n<style>\n#gap-582361298 {\n  padding-top: 0px;\n}\n@media (min-width:550px) {\n  #gap-582361298 {\n    padding-top: 70px;\n  }\n}\n<\/style>\n\t<\/div>\n\t\n\n\n","protected":false},"excerpt":{"rendered":"","protected":false},"author":1,"featured_media":0,"parent":0,"menu_order":0,"comment_status":"closed","ping_status":"closed","template":"page-transparent-header-light.php","meta":{"inline_featured_image":false,"footnotes":""},"class_list":["post-15142","page","type-page","status-publish","hentry"],"yoast_head":"<!-- This site is optimized with the Yoast SEO plugin v21.7 - https:\/\/yoast.com\/wordpress\/plugins\/seo\/ -->\n<title>Valle de Sakana - Camping Etxarri<\/title>\n<meta name=\"robots\" content=\"index, follow, max-snippet:-1, max-image-preview:large, max-video-preview:-1\" \/>\n<link rel=\"canonical\" href=\"https:\/\/campingetxarri.com\/fr\/valle-de-sakana\/\" \/>\n<meta property=\"og:locale\" content=\"fr_FR\" \/>\n<meta property=\"og:type\" content=\"article\" \/>\n<meta property=\"og:title\" content=\"Valle de Sakana - Camping Etxarri\" \/>\n<meta property=\"og:url\" content=\"https:\/\/campingetxarri.com\/fr\/valle-de-sakana\/\" \/>\n<meta property=\"og:site_name\" content=\"Camping Etxarri\" \/>\n<meta property=\"article:modified_time\" content=\"2025-09-24T11:24:29+00:00\" \/>\n<meta name=\"twitter:card\" content=\"summary_large_image\" \/>\n<meta name=\"twitter:label1\" content=\"Dur\u00e9e de lecture estim\u00e9e\" \/>\n\t<meta name=\"twitter:data1\" content=\"4 minutes\" \/>\n<script type=\"application\/ld+json\" class=\"yoast-schema-graph\">{\"@context\":\"https:\/\/schema.org\",\"@graph\":[{\"@type\":\"WebPage\",\"@id\":\"https:\/\/campingetxarri.com\/fr\/valle-de-sakana\/\",\"url\":\"https:\/\/campingetxarri.com\/fr\/valle-de-sakana\/\",\"name\":\"Valle de Sakana - Camping Etxarri\",\"isPartOf\":{\"@id\":\"https:\/\/campingetxarri.com\/fr\/#website\"},\"datePublished\":\"2023-02-26T19:01:04+00:00\",\"dateModified\":\"2025-09-24T11:24:29+00:00\",\"breadcrumb\":{\"@id\":\"https:\/\/campingetxarri.com\/fr\/valle-de-sakana\/#breadcrumb\"},\"inLanguage\":\"fr-FR\",\"potentialAction\":[{\"@type\":\"ReadAction\",\"target\":[\"https:\/\/campingetxarri.com\/fr\/valle-de-sakana\/\"]}]},{\"@type\":\"BreadcrumbList\",\"@id\":\"https:\/\/campingetxarri.com\/fr\/valle-de-sakana\/#breadcrumb\",\"itemListElement\":[{\"@type\":\"ListItem\",\"position\":1,\"name\":\"Portada\",\"item\":\"https:\/\/campingetxarri.com\/fr\/\"},{\"@type\":\"ListItem\",\"position\":2,\"name\":\"Valle de Sakana\"}]},{\"@type\":\"WebSite\",\"@id\":\"https:\/\/campingetxarri.com\/fr\/#website\",\"url\":\"https:\/\/campingetxarri.com\/fr\/\",\"name\":\"Camping Etxarri\",\"description\":\"\",\"potentialAction\":[{\"@type\":\"SearchAction\",\"target\":{\"@type\":\"EntryPoint\",\"urlTemplate\":\"https:\/\/campingetxarri.com\/fr\/?s={search_term_string}\"},\"query-input\":\"required name=search_term_string\"}],\"inLanguage\":\"fr-FR\"}]}<\/script>\n<!-- \/ Yoast SEO plugin. -->","yoast_head_json":{"title":"Valle de Sakana - Camping Etxarri","robots":{"index":"index","follow":"follow","max-snippet":"max-snippet:-1","max-image-preview":"max-image-preview:large","max-video-preview":"max-video-preview:-1"},"canonical":"https:\/\/campingetxarri.com\/fr\/valle-de-sakana\/","og_locale":"fr_FR","og_type":"article","og_title":"Valle de Sakana - Camping Etxarri","og_url":"https:\/\/campingetxarri.com\/fr\/valle-de-sakana\/","og_site_name":"Camping Etxarri","article_modified_time":"2025-09-24T11:24:29+00:00","twitter_card":"summary_large_image","twitter_misc":{"Dur\u00e9e de lecture estim\u00e9e":"4 minutes"},"schema":{"@context":"https:\/\/schema.org","@graph":[{"@type":"WebPage","@id":"https:\/\/campingetxarri.com\/fr\/valle-de-sakana\/","url":"https:\/\/campingetxarri.com\/fr\/valle-de-sakana\/","name":"Valle de Sakana - Camping Etxarri","isPartOf":{"@id":"https:\/\/campingetxarri.com\/fr\/#website"},"datePublished":"2023-02-26T19:01:04+00:00","dateModified":"2025-09-24T11:24:29+00:00","breadcrumb":{"@id":"https:\/\/campingetxarri.com\/fr\/valle-de-sakana\/#breadcrumb"},"inLanguage":"fr-FR","potentialAction":[{"@type":"ReadAction","target":["https:\/\/campingetxarri.com\/fr\/valle-de-sakana\/"]}]},{"@type":"BreadcrumbList","@id":"https:\/\/campingetxarri.com\/fr\/valle-de-sakana\/#breadcrumb","itemListElement":[{"@type":"ListItem","position":1,"name":"Portada","item":"https:\/\/campingetxarri.com\/fr\/"},{"@type":"ListItem","position":2,"name":"Valle de Sakana"}]},{"@type":"WebSite","@id":"https:\/\/campingetxarri.com\/fr\/#website","url":"https:\/\/campingetxarri.com\/fr\/","name":"Camping Etxarri","description":"","potentialAction":[{"@type":"SearchAction","target":{"@type":"EntryPoint","urlTemplate":"https:\/\/campingetxarri.com\/fr\/?s={search_term_string}"},"query-input":"required name=search_term_string"}],"inLanguage":"fr-FR"}]}},"_links":{"self":[{"href":"https:\/\/campingetxarri.com\/fr\/wp-json\/wp\/v2\/pages\/15142","targetHints":{"allow":["GET"]}}],"collection":[{"href":"https:\/\/campingetxarri.com\/fr\/wp-json\/wp\/v2\/pages"}],"about":[{"href":"https:\/\/campingetxarri.com\/fr\/wp-json\/wp\/v2\/types\/page"}],"author":[{"embeddable":true,"href":"https:\/\/campingetxarri.com\/fr\/wp-json\/wp\/v2\/users\/1"}],"replies":[{"embeddable":true,"href":"https:\/\/campingetxarri.com\/fr\/wp-json\/wp\/v2\/comments?post=15142"}],"version-history":[{"count":5,"href":"https:\/\/campingetxarri.com\/fr\/wp-json\/wp\/v2\/pages\/15142\/revisions"}],"predecessor-version":[{"id":20941,"href":"https:\/\/campingetxarri.com\/fr\/wp-json\/wp\/v2\/pages\/15142\/revisions\/20941"}],"wp:attachment":[{"href":"https:\/\/campingetxarri.com\/fr\/wp-json\/wp\/v2\/media?parent=15142"}],"curies":[{"name":"wp","href":"https:\/\/api.w.org\/{rel}","templated":true}]}}