{"id":13934,"date":"2023-02-27T08:16:51","date_gmt":"2023-02-27T07:16:51","guid":{"rendered":"https:\/\/campingetxarri.com\/?page_id=13934"},"modified":"2026-03-12T09:24:18","modified_gmt":"2026-03-12T08:24:18","slug":"animation","status":"publish","type":"page","link":"https:\/\/campingetxarri.com\/fr\/animation\/","title":{"rendered":"Animation"},"content":{"rendered":"\n<div class=\"slider-wrapper relative\" id=\"slider-451089920\" >\n    <div class=\"slider slider-nav-simple slider-nav-large slider-nav-light slider-style-normal\"\n        data-flickity-options='{\n            \"cellAlign\": \"center\",\n            \"imagesLoaded\": true,\n            \"lazyLoad\": 1,\n            \"freeScroll\": false,\n            \"wrapAround\": true,\n            \"autoPlay\": 4000,\n            \"pauseAutoPlayOnHover\" : false,\n            \"prevNextButtons\": false,\n            \"contain\" : true,\n            \"adaptiveHeight\" : true,\n            \"dragThreshold\" : 10,\n            \"percentPosition\": true,\n            \"pageDots\": false,\n            \"rightToLeft\": false,\n            \"draggable\": true,\n            \"selectedAttraction\": 0.1,\n            \"parallax\" : 0,\n            \"friction\": 0.6        }'\n        >\n        \n\n<div class=\"row row-collapse row-full-width align-center\"  id=\"row-2118178818\">\n\n\n\t<div id=\"col-1100383836\" class=\"col delante small-12 large-12\"  >\n\t\t\t\t<div class=\"col-inner\"  >\n\t\t\t\n\t\t\t\n\n\n  <div class=\"banner has-hover has-parallax\" id=\"banner-1581094900\">\n          <div class=\"banner-inner fill\">\n        <div class=\"banner-bg fill\" data-parallax=\"-5\" data-parallax-container=\".banner\" data-parallax-background>\n            <div class=\"bg fill bg-fill bg-loaded\"><\/div>\n                        <div class=\"overlay\"><\/div>            \n                    <\/div>\n\t\t\n\t<div class=\"ux-shape-divider ux-shape-divider--bottom ux-shape-divider--style-waves-opacity-3\">\n\t\t<svg viewBox=\"0 0 1000 300\" xmlns=\"http:\/\/www.w3.org\/2000\/svg\" preserveAspectRatio=\"none\">\n\t<path class=\"ux-shape-fill\" opacity=\"0.05\" d=\"M1014 264V386H206L34 300C34 300 344.42 277.16 436 221C542 156 590 160 704 209C811 255 899.11 214.94 979 346L1014 264Z\"\/>\n\t<path class=\"ux-shape-fill\" opacity=\"0.1\" d=\"M-302 55C-302 55 -66.73 263.25 50 214C178 160 283 116 353 141C445.68 174.1 534.28 256.19 588 249C692.9 235 764.52 75.94 855 131C940.61 183.09 1000 254 1000 254V328L-306 338L-302 55Z\"\/>\n\t<path class=\"ux-shape-fill\" opacity=\"0.15\" d=\"M-286 255C-286 255 -72 152 52 126C176 100 255 155 436 227C581.57 284.91 614.7 277.79 708 227C787 184 1009 3.0001 1093 164C1146 265.63 1031 293 1031 293L924 377L-288 389L-286 255Z\"\/>\n\t<path class=\"ux-shape-fill\" opacity=\"0.3\" d=\"M-24 69C-24 69 275.68 370.66 389 314C397 310 622 316 673 356C690.47 369.7 845 224 890 182C944.8 130.85 1018 92 1078 143C1154.12 207.7 1196 242 1196 242L1184 374L-28 386L-24 69Z\"\/>\n\t<path class=\"ux-shape-fill\" d=\"M-12 201C-12 201 58 284 182 258C306 232 342.29 221.23 456 264C565 305 640.82 288.36 721 249C776 222 837.5 191.31 935 253C984 284 1030 279 1030 279L1024 430L-12 440V201Z\"\/>\n<\/svg>\n\t<\/div>\n        <div class=\"banner-layers container\">\n            <div class=\"fill banner-link\"><\/div>            \n\n\n   <div id=\"text-box-461285481\" class=\"text-box banner-layer x50 md-x20 lg-x20 y80 md-y80 lg-y80 res-text\">\n                                <div class=\"text-box-content text dark\">\n              \n              <div class=\"text-inner text-left\">\n                  \n\n\t<div id=\"text-1386264682\" class=\"text\">\n\t\t\n\n<h1 class=\"uppercase\" style=\"text-align: left;\">ANIMATION ET PLAISIR<\/h1>\n\t\t\n<style>\n#text-1386264682 {\n  line-height: 1.7;\n  text-align: center;\n}\n@media (min-width:550px) {\n  #text-1386264682 {\n    text-align: left;\n  }\n}\n<\/style>\n\t<\/div>\n\t\n\n              <\/div>\n           <\/div>\n                            \n<style>\n#text-box-461285481 {\n  width: 78%;\n}\n#text-box-461285481 .text-box-content {\n  font-size: 91%;\n}\n@media (min-width:550px) {\n  #text-box-461285481 {\n    width: 49%;\n  }\n  #text-box-461285481 .text-box-content {\n    font-size: 149%;\n  }\n}\n<\/style>\n    <\/div>\n \n\n        <\/div>\n      <\/div>\n\n            \n<style>\n#banner-1581094900 {\n  padding-top: 350px;\n}\n#banner-1581094900 .bg.bg-loaded {\n  background-image: url(https:\/\/campingetxarri.com\/wp-content\/uploads\/2024\/01\/DSC06095-scaled-1.jpg);\n}\n#banner-1581094900 .overlay {\n  background-color: rgba(0, 0, 0, 0.395);\n}\n#banner-1581094900 .bg {\n  background-position: 64% 45%;\n}\n#banner-1581094900 .ux-shape-divider--bottom svg {\n  height: 150px;\n  --divider-width: 242%;\n}\n#banner-1581094900 .ux-shape-divider--bottom .ux-shape-fill {\n  fill: rgb(246, 245, 241);\n}\n@media (min-width:550px) {\n  #banner-1581094900 {\n    padding-top: 800px;\n  }\n  #banner-1581094900 .overlay {\n    background-color: rgba(0, 0, 0, 0.221);\n  }\n  #banner-1581094900 .ux-shape-divider--bottom svg {\n    --divider-width: 100%;\n  }\n}\n<\/style>\n  <\/div>\n\n\n\n\t\t<\/div>\n\t\t\t\t\t<\/div>\n\n\t\n\n<\/div>\n\n     <\/div>\n\n     <div class=\"loading-spin dark large centered\"><\/div>\n\n\t<\/div>\n\n\n\n\t<section class=\"section\" id=\"section_1631250738\">\n\t\t<div class=\"bg section-bg fill bg-fill bg-loaded bg-loaded\" >\n\n\t\t\t\n\t\t\t\n\t\t\t\n\n\t\t<\/div>\n\n\t\t\n\n\t\t<div class=\"section-content relative\">\n\t\t\t\n\n<div class=\"row align-middle align-center\"  id=\"row-1265698091\">\n\n\n\t<div id=\"col-2016249150\" class=\"col medium-11 small-12 large-7\"  data-animate=\"bounceInUp\">\n\t\t\t\t<div class=\"col-inner text-center\"  >\n\t\t\t\n\t\t\t\n\n\t<div id=\"gap-698588245\" class=\"gap-element clearfix\" style=\"display:block; height:auto;\">\n\t\t\n<style>\n#gap-698588245 {\n  padding-top: 20px;\n}\n<\/style>\n\t<\/div>\n\t\n\n\t<div id=\"gap-1716490099\" class=\"gap-element clearfix\" style=\"display:block; height:auto;\">\n\t\t\n<style>\n#gap-1716490099 {\n  padding-top: 0px;\n}\n@media (min-width:550px) {\n  #gap-1716490099 {\n    padding-top: 50px;\n  }\n}\n<\/style>\n\t<\/div>\n\t\n\n\t<div id=\"text-788106593\" class=\"text\">\n\t\t\n\n<h1 class=\"uppercase\"><span style=\"font-size: 90%; font-family: hkbold;\">animation pour toute la famille<\/span><\/h1>\n<p><span style=\"font-weight: 400; font-size: 75%;\">Au Camping Etxarri, vous trouverez des animations pour tous les membres de la famille. Nous voulons que vous viviez et profitiez pleinement de vos vacances dans nos installations. Notre \u00e9quipe d&rsquo;animation fera de votre s\u00e9jour au camping une exp\u00e9rience pleine de plaisir sans limite. <\/span><\/p>\n\t\t\n<style>\n#text-788106593 {\n  font-size: 1.4rem;\n}\n<\/style>\n\t<\/div>\n\t\n\n\t\t<\/div>\n\t\t\t\t\n<style>\n#col-2016249150 > .col-inner {\n  padding: 0px 0px 0px 0;\n}\n@media (min-width:850px) {\n  #col-2016249150 > .col-inner {\n    padding: 0px 0px 0px 0%;\n  }\n}\n<\/style>\n\t<\/div>\n\n\t\n\n<\/div>\n\n\t\t<\/div>\n\n\t\t\n<style>\n#section_1631250738 {\n  padding-top: 30px;\n  padding-bottom: 30px;\n}\n@media (min-width:550px) {\n  #section_1631250738 {\n    padding-top: 80px;\n    padding-bottom: 80px;\n  }\n}\n<\/style>\n\t<\/section>\n\t\n\t<section class=\"section\" id=\"section_69560263\">\n\t\t<div class=\"bg section-bg fill bg-fill bg-loaded bg-loaded\" >\n\n\t\t\t\n\t\t\t\n\t\t\t\n\n\t\t<\/div>\n\n\t\t\t<div class=\"ux-shape-divider ux-shape-divider--top ux-shape-divider--style-arrow\">\n\t\t<svg viewBox=\"0 0 1000 100\" xmlns=\"http:\/\/www.w3.org\/2000\/svg\" preserveAspectRatio=\"none\">\n\t<path class=\"ux-shape-fill\" d=\"M1000 100H0L0 96H483L500 79L517 96H1000V100Z\"\/>\n<\/svg>\n\t<\/div>\n\n\n\t\t<div class=\"section-content relative\">\n\t\t\t\n\n<div class=\"row\"  id=\"row-356131615\">\n\n\n\t<div id=\"col-538081729\" class=\"col medium-6 small-12 large-6\"  >\n\t\t\t\t<div class=\"col-inner dark\"  >\n\t\t\t\n\t\t\t\n\n\t<div class=\"box has-hover   has-hover box-text-bottom\" >\n\n\t\t<div class=\"box-image\" >\n\t\t\t\t\t\t<div class=\"image-cover\" style=\"padding-top:75%;\">\n\t\t\t\t<img loading=\"lazy\" decoding=\"async\" width=\"1000\" height=\"562\" src=\"https:\/\/campingetxarri.com\/wp-content\/uploads\/2024\/01\/DSC05985-scaled-1.jpg\" class=\"attachment- size-\" alt=\"Camping Etxarri - Txiki Txoko. Instalaciones y servicios.\" srcset=\"https:\/\/campingetxarri.com\/wp-content\/uploads\/2024\/01\/DSC05985-scaled-1.jpg 1000w, https:\/\/campingetxarri.com\/wp-content\/uploads\/2024\/01\/DSC05985-scaled-1-300x169.jpg 300w, https:\/\/campingetxarri.com\/wp-content\/uploads\/2024\/01\/DSC05985-scaled-1-768x432.jpg 768w\" sizes=\"auto, (max-width: 1000px) 100vw, 1000px\" \/>\t\t\t\t\t\t\t\t\t\t\t<\/div>\n\t\t\t\t\t<\/div>\n\n\t\t<div class=\"box-text text-left\" style=\"padding:20px 0px 0px 0px;\">\n\t\t\t<div class=\"box-text-inner\">\n\t\t\t\t\n\n<h3><span style=\"font-family: hkbold; font-size: 120%;\">ATELIERS ET ACTIVIT\u00c9S POUR LES ENFANTS<\/span><\/h3>\n<p><span style=\"font-weight: 400;\">Les plus petits seront fascin\u00e9s par nos ateliers de peinture, bracelets, s\u00e9ances de bricolage, maquillage, dessins, s\u00e9ances musicales pour enfants&#8230; Dans chacun d&rsquo;eux, ils pourront laisser libre cours \u00e0 leur imagination et exprimer leur cr\u00e9ativit\u00e9.<\/span><\/p>\n\t<div id=\"gap-1079682622\" class=\"gap-element clearfix\" style=\"display:block; height:auto;\">\n\t\t\n<style>\n#gap-1079682622 {\n  padding-top: 30px;\n}\n<\/style>\n\t<\/div>\n\t\n\n\n\t\t\t<\/div>\n\t\t<\/div>\n\t<\/div>\n\t\n\t<div class=\"box has-hover   has-hover box-text-bottom\" >\n\n\t\t<div class=\"box-image\" >\n\t\t\t\t\t\t<div class=\"image-cover\" style=\"padding-top:50%;\">\n\t\t\t\t<img loading=\"lazy\" decoding=\"async\" width=\"1000\" height=\"562\" src=\"https:\/\/campingetxarri.com\/wp-content\/uploads\/2024\/01\/DSC05232-Mejorado-NR-scaled-1.jpg\" class=\"attachment- size-\" alt=\"Camping Etxarri, actividades infantiles.\" srcset=\"https:\/\/campingetxarri.com\/wp-content\/uploads\/2024\/01\/DSC05232-Mejorado-NR-scaled-1.jpg 1000w, https:\/\/campingetxarri.com\/wp-content\/uploads\/2024\/01\/DSC05232-Mejorado-NR-scaled-1-300x169.jpg 300w, https:\/\/campingetxarri.com\/wp-content\/uploads\/2024\/01\/DSC05232-Mejorado-NR-scaled-1-768x432.jpg 768w\" sizes=\"auto, (max-width: 1000px) 100vw, 1000px\" \/>\t\t\t\t\t\t\t\t\t\t\t<\/div>\n\t\t\t\t\t<\/div>\n\n\t\t<div class=\"box-text text-left\" style=\"padding:20px 0px 0px 0px;\">\n\t\t\t<div class=\"box-text-inner\">\n\t\t\t\t\n\n<h3><span style=\"font-family: hkbold; font-size: 120%;\">Jeux de soci\u00e9t\u00e9<\/span><\/h3>\n<p>Avec nos s\u00e9ances de jeux de soci\u00e9t\u00e9, tous les membres de la famille peuvent en profiter, des plus petits aux plus grands.<\/p>\n\n\t\t\t<\/div>\n\t\t<\/div>\n\t<\/div>\n\t\n\t<div class=\"box has-hover   has-hover box-text-bottom\" >\n\n\t\t<div class=\"box-image\" >\n\t\t\t\t\t\t<div class=\"image-cover\" style=\"padding-top:50%;\">\n\t\t\t\t<img loading=\"lazy\" decoding=\"async\" width=\"1024\" height=\"768\" src=\"https:\/\/campingetxarri.com\/wp-content\/uploads\/2025\/04\/alquiler-bicis.jpg\" class=\"attachment- size-\" alt=\"alquiler bicis\" srcset=\"https:\/\/campingetxarri.com\/wp-content\/uploads\/2025\/04\/alquiler-bicis.jpg 1024w, https:\/\/campingetxarri.com\/wp-content\/uploads\/2025\/04\/alquiler-bicis-300x225.jpg 300w, https:\/\/campingetxarri.com\/wp-content\/uploads\/2025\/04\/alquiler-bicis-768x576.jpg 768w\" sizes=\"auto, (max-width: 1024px) 100vw, 1024px\" \/>\t\t\t\t\t\t\t\t\t\t\t<\/div>\n\t\t\t\t\t<\/div>\n\n\t\t<div class=\"box-text text-left\" style=\"padding:20px 0px 0px 0px;\">\n\t\t\t<div class=\"box-text-inner\">\n\t\t\t\t\n\n<h3><span style=\"font-family: hkbold; font-size: 120%;\">LOCATION DE V\u00c9LOS<\/span><\/h3>\n<p>Vous aimez d\u00e9couvrir de nouveaux paysages sur deux roues ? Au Camping Etxarri, nous avons des v\u00e9los \u00e0 louer pour que vous puissiez profiter des plus belles promenades de la r\u00e9gion. Nous vous offrons \u00e9galement toute l&rsquo;information n\u00e9cessaire sur les itin\u00e9raires de diff\u00e9rents styles et niveaux, une fa\u00e7on id\u00e9ale de se connecter avec la nature tout en p\u00e9dalant !<\/p>\n\n\t\t\t<\/div>\n\t\t<\/div>\n\t<\/div>\n\t\n\n\t\t<\/div>\n\t\t\t\t\t<\/div>\n\n\t\n\n\t<div id=\"col-864006322\" class=\"col medium-6 small-12 large-6\"  >\n\t\t\t\t<div class=\"col-inner\"  >\n\t\t\t\n\t\t\t\n\n<div class=\"row\"  id=\"row-1250449609\">\n\n\n\t<div id=\"col-1911706153\" class=\"col small-12 large-12\"  >\n\t\t\t\t<div class=\"col-inner dark\"  >\n\t\t\t\n\t\t\t\n\n\t<div class=\"box has-hover   has-hover box-text-bottom\" >\n\n\t\t<div class=\"box-image\" >\n\t\t\t\t\t\t<div class=\"image-cover\" style=\"padding-top:50%;\">\n\t\t\t\t<img loading=\"lazy\" decoding=\"async\" width=\"2048\" height=\"1127\" src=\"https:\/\/campingetxarri.com\/wp-content\/uploads\/2024\/01\/camping-ECHARRI-pisci-8-scaled.jpg\" class=\"attachment- size-\" alt=\"Camping Etxarri - Actividades. Animaci\u00f3n en Navarra.\" srcset=\"https:\/\/campingetxarri.com\/wp-content\/uploads\/2024\/01\/camping-ECHARRI-pisci-8-scaled.jpg 2048w, https:\/\/campingetxarri.com\/wp-content\/uploads\/2024\/01\/camping-ECHARRI-pisci-8-300x165.jpg 300w, https:\/\/campingetxarri.com\/wp-content\/uploads\/2024\/01\/camping-ECHARRI-pisci-8-1024x563.jpg 1024w, https:\/\/campingetxarri.com\/wp-content\/uploads\/2024\/01\/camping-ECHARRI-pisci-8-768x423.jpg 768w, https:\/\/campingetxarri.com\/wp-content\/uploads\/2024\/01\/camping-ECHARRI-pisci-8-1536x845.jpg 1536w\" sizes=\"auto, (max-width: 2048px) 100vw, 2048px\" \/>\t\t\t\t\t\t\t\t\t\t\t<\/div>\n\t\t\t\t\t<\/div>\n\n\t\t<div class=\"box-text text-left\" style=\"padding:20px 0px 0px 0px;\">\n\t\t\t<div class=\"box-text-inner\">\n\t\t\t\t\n\n<h3><span style=\"font-family: hkbold; font-size: 120%;\">LES JEUX DANS LA PISCINE<\/span><\/h3>\n<p><span style=\"font-weight: 400;\">Plongez dans les jeux de piscine du Camping Etxarri! Nos animations au bord de la piscine vous offrent une exp\u00e9rience unique, pleine de jeux aquatiques qui rendront vos journ\u00e9es au soleil inoubliables.<\/span><\/p>\n\n\t\t\t<\/div>\n\t\t<\/div>\n\t<\/div>\n\t\n\n\t\t<\/div>\n\t\t\t\t\t<\/div>\n\n\t\n\n\t<div id=\"col-1504290237\" class=\"col medium-6 small-12 large-6\"  >\n\t\t\t\t<div class=\"col-inner dark\"  >\n\t\t\t\n\t\t\t\n\n\t<div class=\"box has-hover   has-hover box-text-bottom\" >\n\n\t\t<div class=\"box-image\" >\n\t\t\t\t\t\t<div class=\"image-cover\" style=\"padding-top:75%;\">\n\t\t\t\t<img loading=\"lazy\" decoding=\"async\" width=\"1344\" height=\"1008\" src=\"https:\/\/campingetxarri.com\/wp-content\/uploads\/2025\/04\/AQUAGYM1-1.jpg\" class=\"attachment- size-\" alt=\"AQUAGYM\" srcset=\"https:\/\/campingetxarri.com\/wp-content\/uploads\/2025\/04\/AQUAGYM1-1.jpg 1344w, https:\/\/campingetxarri.com\/wp-content\/uploads\/2025\/04\/AQUAGYM1-1-300x225.jpg 300w, https:\/\/campingetxarri.com\/wp-content\/uploads\/2025\/04\/AQUAGYM1-1-1024x768.jpg 1024w, https:\/\/campingetxarri.com\/wp-content\/uploads\/2025\/04\/AQUAGYM1-1-768x576.jpg 768w\" sizes=\"auto, (max-width: 1344px) 100vw, 1344px\" \/>\t\t\t\t\t\t\t\t\t\t\t<\/div>\n\t\t\t\t\t<\/div>\n\n\t\t<div class=\"box-text text-left\" style=\"padding:20px 0px 0px 0px;\">\n\t\t\t<div class=\"box-text-inner\">\n\t\t\t\t\n\n<h3><span style=\"font-family: hkbold;\"><span style=\"font-size: 24.192px;\">ACTIVIT\u00c9S SPORTIVES<\/span><\/span><\/h3>\n<p><span style=\"font-weight: 400;\">Au Camping Etxarri, nous croyons en la combinaison parfaite entre divertissement, sport et nature. C&rsquo;est pour cette raison que nous proposons \u00e9galement dans notre offre de divertissement des activit\u00e9s sportives qui vous permettront de rester actif et diverti pendant votre s\u00e9jour.<\/span><\/p>\n<p>\u00a0<\/p>\n\n\t\t\t<\/div>\n\t\t<\/div>\n\t<\/div>\n\t\n\t<div class=\"box has-hover   has-hover box-text-bottom\" >\n\n\t\t<div class=\"box-image\" >\n\t\t\t\t\t\t<div class=\"image-cover\" style=\"padding-top:90%;\">\n\t\t\t\t<img loading=\"lazy\" decoding=\"async\" width=\"1200\" height=\"1600\" src=\"https:\/\/campingetxarri.com\/wp-content\/uploads\/2025\/04\/MUSICA1-1.jpg\" class=\"attachment- size-\" alt=\"MUSICA\" srcset=\"https:\/\/campingetxarri.com\/wp-content\/uploads\/2025\/04\/MUSICA1-1.jpg 1200w, https:\/\/campingetxarri.com\/wp-content\/uploads\/2025\/04\/MUSICA1-1-225x300.jpg 225w, https:\/\/campingetxarri.com\/wp-content\/uploads\/2025\/04\/MUSICA1-1-768x1024.jpg 768w, https:\/\/campingetxarri.com\/wp-content\/uploads\/2025\/04\/MUSICA1-1-1152x1536.jpg 1152w\" sizes=\"auto, (max-width: 1200px) 100vw, 1200px\" \/>\t\t\t\t\t\t\t\t\t\t\t<\/div>\n\t\t\t\t\t<\/div>\n\n\t\t<div class=\"box-text text-left\" style=\"padding:20px 0px 0px 0px;\">\n\t\t\t<div class=\"box-text-inner\">\n\t\t\t\t\n\n<h3><span style=\"font-family: hkbold; font-size: 120%;\">SPECTACLES EN DIRECT<\/span><\/h3>\n<p>Le Camping Etxarri propose un large \u00e9ventail de spectacles en direct pour animer vos soir\u00e9es d&rsquo;\u00e9t\u00e9. Musique en direct, spectacles de magie, clown, th\u00e9\u00e2tre et bien plus encore. De plus, pour les plus petits, nous disposons d&rsquo;une discoth\u00e8que o\u00f9 ils pourront danser et s&rsquo;amuser au rythme de leurs chansons pr\u00e9f\u00e9r\u00e9es. Et pour terminer la journ\u00e9e, rien de tel qu&rsquo;une s\u00e9ance de cin\u00e9ma en plein air, id\u00e9ale pour toute la famille, sous les \u00e9toiles&#8230; Plaisir garanti pour tous !<\/p>\n\n\t\t\t<\/div>\n\t\t<\/div>\n\t<\/div>\n\t\n\n\t\t<\/div>\n\t\t\t\t\t<\/div>\n\n\t\n\n\t<div id=\"col-600867974\" class=\"col medium-6 small-12 large-6\"  >\n\t\t\t\t<div class=\"col-inner dark\"  >\n\t\t\t\n\t\t\t\n\n\t<div class=\"box has-hover   has-hover box-text-bottom\" >\n\n\t\t<div class=\"box-image\" >\n\t\t\t\t\t\t<div class=\"image-cover\" style=\"padding-top:75%;\">\n\t\t\t\t<img loading=\"lazy\" decoding=\"async\" width=\"800\" height=\"532\" src=\"https:\/\/campingetxarri.com\/wp-content\/uploads\/2024\/01\/camping-ECHARRI-Padel-2-1-scaled-e1704356998561.jpg\" class=\"attachment- size-\" alt=\"Camping Etxarri - Pista de p\u00e1del. Instalaciones y servicios\" srcset=\"https:\/\/campingetxarri.com\/wp-content\/uploads\/2024\/01\/camping-ECHARRI-Padel-2-1-scaled-e1704356998561.jpg 800w, https:\/\/campingetxarri.com\/wp-content\/uploads\/2024\/01\/camping-ECHARRI-Padel-2-1-scaled-e1704356998561-300x200.jpg 300w, https:\/\/campingetxarri.com\/wp-content\/uploads\/2024\/01\/camping-ECHARRI-Padel-2-1-scaled-e1704356998561-768x511.jpg 768w\" sizes=\"auto, (max-width: 800px) 100vw, 800px\" \/>\t\t\t\t\t\t\t\t\t\t\t<\/div>\n\t\t\t\t\t<\/div>\n\n\t\t<div class=\"box-text text-left\" style=\"padding:20px 0px 0px 0px;\">\n\t\t\t<div class=\"box-text-inner\">\n\t\t\t\t\n\n<h3><span style=\"font-family: hkbold; font-size: 120%;\">P\u00c1DEL<\/span><\/h3>\n<p><span style=\"font-weight: 400;\">\u00cates-vous passionn\u00e9 de paddle-tennis? Au Camping Etxarri, nous vous offrons la possibilit\u00e9 de vivre des matchs passionnants sur nos courts de paddle-tennis. Rejoignez-nous pour une excellente fa\u00e7on de profiter du sport et de la comp\u00e9tition dans un environnement d\u00e9tendu et accueillant.<\/span><\/p>\n<p>\u00a0<\/p>\n\n\t\t\t<\/div>\n\t\t<\/div>\n\t<\/div>\n\t\n\t<div class=\"box has-hover   has-hover box-text-bottom\" >\n\n\t\t<div class=\"box-image\" >\n\t\t\t\t\t\t<div class=\"image-cover\" style=\"padding-top:90%;\">\n\t\t\t\t<img loading=\"lazy\" decoding=\"async\" width=\"1000\" height=\"563\" src=\"https:\/\/campingetxarri.com\/wp-content\/uploads\/2025\/04\/masajes.jpg\" class=\"attachment- size-\" alt=\"masajes\" srcset=\"https:\/\/campingetxarri.com\/wp-content\/uploads\/2025\/04\/masajes.jpg 1000w, https:\/\/campingetxarri.com\/wp-content\/uploads\/2025\/04\/masajes-300x169.jpg 300w, https:\/\/campingetxarri.com\/wp-content\/uploads\/2025\/04\/masajes-768x432.jpg 768w\" sizes=\"auto, (max-width: 1000px) 100vw, 1000px\" \/>\t\t\t\t\t\t\t\t\t\t\t<\/div>\n\t\t\t\t\t<\/div>\n\n\t\t<div class=\"box-text text-left\" style=\"padding:20px 0px 0px 0px;\">\n\t\t\t<div class=\"box-text-inner\">\n\t\t\t\t\n\n<h3><span style=\"font-family: hkbold; font-size: 120%;\">MASSAGES<\/span><\/h3>\n<p>Offrez-vous un moment de bien-\u00eatre au Camping Etxarri. Laissez-vous guider par notre masseuse professionnelle et choisissez entre un massage relaxant ou un massage du visage. Profitez de vacances compl\u00e8tes en prenant soin de vous. R\u00e9servez d\u00e8s maintenant votre s\u00e9ance pour seulement 40 \u20ac.<\/p>\n<p>\u00a0<\/p>\n\n\n\t\t\t<\/div>\n\t\t<\/div>\n\t<\/div>\n\t\n\n\t\t<\/div>\n\t\t\t\t\t<\/div>\n\n\t\n\n<\/div>\n\n\t\t<\/div>\n\t\t\t\t\t<\/div>\n\n\t\n\n<\/div>\n\n\t\t<\/div>\n\n\t\t\n<style>\n#section_69560263 {\n  padding-top: 100px;\n  padding-bottom: 100px;\n  background-color: rgb(70, 95, 81);\n}\n#section_69560263 .ux-shape-divider--top svg {\n  height: 150px;\n  --divider-top-width: 300%;\n}\n#section_69560263 .ux-shape-divider--top .ux-shape-fill {\n  fill: rgb(246, 245, 241);\n}\n@media (min-width:550px) {\n  #section_69560263 .ux-shape-divider--top svg {\n    --divider-top-width: 100%;\n  }\n}\n<\/style>\n\t<\/section>\n\t\n\t<div id=\"gap-1305228699\" class=\"gap-element clearfix\" style=\"display:block; height:auto;\">\n\t\t\n<style>\n#gap-1305228699 {\n  padding-top: 0px;\n}\n<\/style>\n\t<\/div>\n\t\n\n\n\n","protected":false},"excerpt":{"rendered":"","protected":false},"author":1,"featured_media":0,"parent":0,"menu_order":0,"comment_status":"closed","ping_status":"closed","template":"page-transparent-header-light.php","meta":{"inline_featured_image":false,"footnotes":""},"class_list":["post-13934","page","type-page","status-publish","hentry"],"yoast_head":"<!-- This site is optimized with the Yoast SEO plugin v21.7 - https:\/\/yoast.com\/wordpress\/plugins\/seo\/ -->\n<title>Animation - Camping Etxarri<\/title>\n<meta name=\"robots\" content=\"index, follow, max-snippet:-1, max-image-preview:large, max-video-preview:-1\" \/>\n<link rel=\"canonical\" href=\"https:\/\/campingetxarri.com\/fr\/animation\/\" \/>\n<meta property=\"og:locale\" content=\"fr_FR\" \/>\n<meta property=\"og:type\" content=\"article\" \/>\n<meta property=\"og:title\" content=\"Animation - Camping Etxarri\" \/>\n<meta property=\"og:url\" content=\"https:\/\/campingetxarri.com\/fr\/animation\/\" \/>\n<meta property=\"og:site_name\" content=\"Camping Etxarri\" \/>\n<meta property=\"article:modified_time\" content=\"2026-03-12T08:24:18+00:00\" \/>\n<meta name=\"twitter:card\" content=\"summary_large_image\" \/>\n<meta name=\"twitter:label1\" content=\"Dur\u00e9e de lecture estim\u00e9e\" \/>\n\t<meta name=\"twitter:data1\" content=\"4 minutes\" \/>\n<script type=\"application\/ld+json\" class=\"yoast-schema-graph\">{\"@context\":\"https:\/\/schema.org\",\"@graph\":[{\"@type\":\"WebPage\",\"@id\":\"https:\/\/campingetxarri.com\/fr\/animation\/\",\"url\":\"https:\/\/campingetxarri.com\/fr\/animation\/\",\"name\":\"Animation - Camping Etxarri\",\"isPartOf\":{\"@id\":\"https:\/\/campingetxarri.com\/fr\/#website\"},\"datePublished\":\"2023-02-27T07:16:51+00:00\",\"dateModified\":\"2026-03-12T08:24:18+00:00\",\"breadcrumb\":{\"@id\":\"https:\/\/campingetxarri.com\/fr\/animation\/#breadcrumb\"},\"inLanguage\":\"fr-FR\",\"potentialAction\":[{\"@type\":\"ReadAction\",\"target\":[\"https:\/\/campingetxarri.com\/fr\/animation\/\"]}]},{\"@type\":\"BreadcrumbList\",\"@id\":\"https:\/\/campingetxarri.com\/fr\/animation\/#breadcrumb\",\"itemListElement\":[{\"@type\":\"ListItem\",\"position\":1,\"name\":\"Portada\",\"item\":\"https:\/\/campingetxarri.com\/fr\/\"},{\"@type\":\"ListItem\",\"position\":2,\"name\":\"Animation\"}]},{\"@type\":\"WebSite\",\"@id\":\"https:\/\/campingetxarri.com\/fr\/#website\",\"url\":\"https:\/\/campingetxarri.com\/fr\/\",\"name\":\"Camping Etxarri\",\"description\":\"\",\"potentialAction\":[{\"@type\":\"SearchAction\",\"target\":{\"@type\":\"EntryPoint\",\"urlTemplate\":\"https:\/\/campingetxarri.com\/fr\/?s={search_term_string}\"},\"query-input\":\"required name=search_term_string\"}],\"inLanguage\":\"fr-FR\"}]}<\/script>\n<!-- \/ Yoast SEO plugin. -->","yoast_head_json":{"title":"Animation - Camping Etxarri","robots":{"index":"index","follow":"follow","max-snippet":"max-snippet:-1","max-image-preview":"max-image-preview:large","max-video-preview":"max-video-preview:-1"},"canonical":"https:\/\/campingetxarri.com\/fr\/animation\/","og_locale":"fr_FR","og_type":"article","og_title":"Animation - Camping Etxarri","og_url":"https:\/\/campingetxarri.com\/fr\/animation\/","og_site_name":"Camping Etxarri","article_modified_time":"2026-03-12T08:24:18+00:00","twitter_card":"summary_large_image","twitter_misc":{"Dur\u00e9e de lecture estim\u00e9e":"4 minutes"},"schema":{"@context":"https:\/\/schema.org","@graph":[{"@type":"WebPage","@id":"https:\/\/campingetxarri.com\/fr\/animation\/","url":"https:\/\/campingetxarri.com\/fr\/animation\/","name":"Animation - Camping Etxarri","isPartOf":{"@id":"https:\/\/campingetxarri.com\/fr\/#website"},"datePublished":"2023-02-27T07:16:51+00:00","dateModified":"2026-03-12T08:24:18+00:00","breadcrumb":{"@id":"https:\/\/campingetxarri.com\/fr\/animation\/#breadcrumb"},"inLanguage":"fr-FR","potentialAction":[{"@type":"ReadAction","target":["https:\/\/campingetxarri.com\/fr\/animation\/"]}]},{"@type":"BreadcrumbList","@id":"https:\/\/campingetxarri.com\/fr\/animation\/#breadcrumb","itemListElement":[{"@type":"ListItem","position":1,"name":"Portada","item":"https:\/\/campingetxarri.com\/fr\/"},{"@type":"ListItem","position":2,"name":"Animation"}]},{"@type":"WebSite","@id":"https:\/\/campingetxarri.com\/fr\/#website","url":"https:\/\/campingetxarri.com\/fr\/","name":"Camping Etxarri","description":"","potentialAction":[{"@type":"SearchAction","target":{"@type":"EntryPoint","urlTemplate":"https:\/\/campingetxarri.com\/fr\/?s={search_term_string}"},"query-input":"required name=search_term_string"}],"inLanguage":"fr-FR"}]}},"_links":{"self":[{"href":"https:\/\/campingetxarri.com\/fr\/wp-json\/wp\/v2\/pages\/13934","targetHints":{"allow":["GET"]}}],"collection":[{"href":"https:\/\/campingetxarri.com\/fr\/wp-json\/wp\/v2\/pages"}],"about":[{"href":"https:\/\/campingetxarri.com\/fr\/wp-json\/wp\/v2\/types\/page"}],"author":[{"embeddable":true,"href":"https:\/\/campingetxarri.com\/fr\/wp-json\/wp\/v2\/users\/1"}],"replies":[{"embeddable":true,"href":"https:\/\/campingetxarri.com\/fr\/wp-json\/wp\/v2\/comments?post=13934"}],"version-history":[{"count":13,"href":"https:\/\/campingetxarri.com\/fr\/wp-json\/wp\/v2\/pages\/13934\/revisions"}],"predecessor-version":[{"id":21438,"href":"https:\/\/campingetxarri.com\/fr\/wp-json\/wp\/v2\/pages\/13934\/revisions\/21438"}],"wp:attachment":[{"href":"https:\/\/campingetxarri.com\/fr\/wp-json\/wp\/v2\/media?parent=13934"}],"curies":[{"name":"wp","href":"https:\/\/api.w.org\/{rel}","templated":true}]}}