{"id":288,"date":"2021-07-09T12:35:00","date_gmt":"2021-07-09T12:35:00","guid":{"rendered":"https:\/\/templates.sebdelaweb.com\/dommel\/?page_id=288"},"modified":"2025-11-18T11:11:36","modified_gmt":"2025-11-18T10:11:36","slug":"politica-de-privacidad","status":"publish","type":"page","link":"https:\/\/campingetxarri.com\/es\/politica-de-privacidad\/","title":{"rendered":"Pol\u00edtica de privacidad"},"content":{"rendered":"\n\t<section class=\"section\" id=\"section_760352803\">\n\t\t<div class=\"bg section-bg fill bg-fill bg-loaded bg-loaded\" >\n\n\t\t\t\n\t\t\t\n\t\t\t\n\n\t\t<\/div>\n\n\t\t\n\n\t\t<div class=\"section-content relative\">\n\t\t\t\n\n<div class=\"row align-center\"  id=\"row-131243579\">\n\n\n\t<div id=\"col-300006741\" class=\"col medium-7 small-12 large-6\"  >\n\t\t\t\t<div class=\"col-inner text-center\"  >\n\t\t\t\n\t\t\t\n\n\t<div id=\"text-3421282279\" class=\"text\">\n\t\t\n\n<h1><span style=\"font-size: 170%;\">Pol\u00edtica de privacidad<\/span><\/h1>\n\t\t\n<style>\n#text-3421282279 {\n  color: #465f51;\n}\n#text-3421282279 > * {\n  color: #465f51;\n}\n<\/style>\n\t<\/div>\n\t\n\n\t\t<\/div>\n\t\t\t\t\t<\/div>\n\n\t\n\n<\/div>\n<div class=\"row align-center\"  id=\"row-380133020\">\n\n\n\t<div id=\"col-527787946\" class=\"col medium-12 small-12 large-8\"  >\n\t\t\t\t<div class=\"col-inner\" style=\"background-color:rgb(255,255,255);\" >\n\t\t\t\n\t\t\t\n\n\t<div id=\"text-3813676942\" class=\"text\">\n\t\t\n\n<p><strong>Pol\u00edtica de Privacidad<\/strong><\/p>\n<p>Este texto legal le da detalles de c\u00f3mo recopilamos y procesamos sus datos personales a trav\u00e9s del uso de nuestro sitio web https:\/\/campingetxarri.com\/es\/, incluyendo cualquier informaci\u00f3n que pueda proporcionarnos a trav\u00e9s del sitio cuando realiza la contrataci\u00f3n de un servicio o proporciona sus datos a trav\u00e9s del formulario habilitado para tal fin.<\/p>\n<p>Al proporcionarnos los datos, le informamos que nuestros servicios no son posibles para aquellas personas que la normativa les impide prestar consentimiento, por lo que cuando nos remite los formularios nos garantiza que tiene la capacidad suficiente para otorgar consentimiento.<\/p>\n<p>A continuaci\u00f3n, le informamos sobre la pol\u00edtica de protecci\u00f3n de datos de: <strong>Hospium 10, S.L<\/strong><\/p>\n<ol>\n<li>\n<h2><strong> Responsable del tratamiento.<\/strong><\/h2>\n<\/li>\n<\/ol>\n<p>Datos de contacto del responsable:<\/p>\n<p><strong>Hospium 10, S.L, <\/strong>con CIF: B47785621 y domicilio en: Paraje de Danbolintxulo, s\/n . 31820 ETXARRI ARANATZ &#8211; NAVARRA y tel\u00e9fono: 948460537. Email: info@campingetxarri.com<\/p>\n<p>Inscrito en el Registro Mercantil de Navarra, el d\u00eda 22 de octubre de 2018, al Tomo 1546, Folio 143, Secci\u00f3n 8, Hoja VA 30154, I\/A 2.<\/p>\n<p><strong>Hospium 10, S.L<\/strong>, es el responsable de sus datos. (En adelante nosotros o nuestro).<\/p>\n<ol start=\"2\">\n<li>\n<h2><strong> \u00bfQu\u00e9 datos recopilamos? <\/strong><\/h2>\n<\/li>\n<\/ol>\n<p>El Reglamento General de Protecci\u00f3n de Datos, define los <strong>datos personales<\/strong> como toda informaci\u00f3n sobre una persona f\u00edsica identificada o identificable, es decir cualquier informaci\u00f3n capaz de identificar a una persona. Esto no incluir\u00eda los datos an\u00f3nimos, ni porcentuales.<\/p>\n<p>Los datos de car\u00e1cter personal que se pudieran recabar directamente del interesado, ser\u00e1n tratados de forma confidencial y quedar\u00e1n incorporados a las correspondientes actividades del tratamiento, titularidad de <strong>Hospium 10, S.L<\/strong>.<\/p>\n<p>En nuestra Web podemos procesar ciertos tipos de datos personales, que podr\u00e1n incluir:<\/p>\n<ul>\n<li>Datos de identidad: nombre, apellidos.<\/li>\n<li>Datos de caracter\u00edsticas personales: fecha de nacimiento.<\/li>\n<li>Datos de contacto: email, tel\u00e9fono y direcci\u00f3n.<\/li>\n<li>Datos t\u00e9cnicos: datos de inicio de sesi\u00f3n, direcciones de protocolo de Internet, tipo y versi\u00f3n de navegador, configuraci\u00f3n y ubicaci\u00f3n de la zona horaria, sistema operativo, tipos y versiones de plug-in de navegador, y cualquier otra tecnolog\u00eda en los dispositivos que usa para acceder a nuestra p\u00e1gina web.<\/li>\n<li>Datos de perfil: contrase\u00f1a.<\/li>\n<\/ul>\n<p>\u00a0<\/p>\n<p>No recopilamos ning\u00fan dato relativo a categor\u00edas especiales de datos personales (aquellos que desvelen su origen \u00e9tnico o racial, las opiniones pol\u00edticas, las convicciones religiosas o filos\u00f3ficas, la afiliaci\u00f3n sindical e informaci\u00f3n sobre su salud, datos gen\u00e9ticos o biom\u00e9tricos).<\/p>\n<p>En caso de que se le solicite recopilar datos personales por ley o seg\u00fan los t\u00e9rminos de contrataci\u00f3n entre nosotros y se niegue a facilit\u00e1rnoslos, es posible que no podamos realizar dicho contrato o prestar el servicio, debiendo comunic\u00e1rnoslo con antelaci\u00f3n.\u00a0<\/p>\n<ol start=\"3\">\n<li>\n<h2><strong> \u00bfC\u00f3mo recopilamos sus datos personales? <\/strong><\/h2>\n<\/li>\n<\/ol>\n<p>Los medios que usamos para recopilar datos personales son:<\/p>\n<ul>\n<li><strong>A trav\u00e9s del formulario de nuestra p\u00e1gina web, a trav\u00e9s de nuestro email de contacto, por tel\u00e9fono o correo postal, cuando:<\/strong>\n<ul>\n<li>Contrata la prestaci\u00f3n de nuestros servicios o productos<\/li>\n<\/ul>\n<\/li>\n<\/ul>\n<p>Para asegurar la calidad de nuestro portal, tenemos que reservamos el <strong>derecho de rechazar cualquier solicitud de registro<\/strong> o bien de suspender o cancelar un registro previamente aceptado si entendemos que no cumple estos requisitos o cualquier otra ley o norma. Si esto ocurre, intentaremos exponer los motivos de nuestra decisi\u00f3n, pero no nos podemos comprometer a hacerlo en todos los casos.<\/p>\n<ul>\n<li><strong>A trav\u00e9s de la tecnolog\u00eda o interacciones automatizadas<\/strong>: en nuestro sitio podemos recopilar autom\u00e1ticamente datos t\u00e9cnicos sobre su equipo, acciones de navegaci\u00f3n y patrones de uso. Estos datos son recopilados a trav\u00e9s de cookies o tecnolog\u00edas similares. Si quiere ampliar la informaci\u00f3n, puede consultar nuestra pol\u00edtica de cookies<a href=\"https:\/\/campingetxarri.com\/es\/politica-cookies\/\"> aqu\u00ed<\/a>.<\/li>\n<li><strong>A trav\u00e9s de terceros:<\/strong>\n<ul>\n<li><strong>Google: <\/strong>datos anal\u00edticos o datos de b\u00fasqueda. Fuera de la Uni\u00f3n Europea.<\/li>\n<\/ul>\n<\/li>\n<\/ul>\n<ol start=\"4\">\n<li>\n<h2><strong> Finalidad y legitimidad para el uso de sus datos. <\/strong><\/h2>\n<\/li>\n<\/ol>\n<p>Los usos m\u00e1s comunes de sus datos personales son:<\/p>\n<ul>\n<li>Para la formalizaci\u00f3n de un contrato entre <strong>Hospium 10, S.L<\/strong> y usted.<\/li>\n<li>Cuando preste su consentimiento en el tratamiento de sus datos.<\/li>\n<li>Cuando los necesitemos para dar cumplimiento a una obligaci\u00f3n legal o regulatoria.<\/li>\n<li>Cuando sea necesario para nuestro inter\u00e9s leg\u00edtimo o de un tercero.<\/li>\n<\/ul>\n<p>El Usuario podr\u00e1 revocar el consentimiento prestado en cualquier momento enviando un correo a info@campingetxarri.com o consultando el apartado de ejercicio de derechos m\u00e1s adelante.<\/p>\n<p>A continuaci\u00f3n, adjuntamos una tabla en la que pueden consultar las formas en las que vamos a utilizar sus datos personales y la legitimidad para su uso, adem\u00e1s de saber qu\u00e9 tipo de datos personales vamos a tratar. Podemos procesar alg\u00fan dato personal por alg\u00fan motivo legal adicional, por lo que si necesita detalles al respecto puede enviar un correo electr\u00f3nico a info@campingetxarri.com<\/p>\n<table width=\"670\">\n<tbody>\n<tr>\n<td width=\"118\">\n<p><strong>Formulario<\/strong><\/p>\n<\/td>\n<td width=\"165\">\n<p><strong>Finalidad<\/strong><\/p>\n<\/td>\n<td width=\"238\">\n<p><strong>Tipo de datos<\/strong><\/p>\n<\/td>\n<td width=\"150\">\n<p><strong>Legitimidad para su tratamiento<\/strong><\/p>\n<\/td>\n<\/tr>\n<tr>\n<td width=\"118\">\n<p>Quiero unirme<\/p>\n<\/td>\n<td width=\"165\">\n<p>La finalidad es la gesti\u00f3n de datos recibidos para unirme al club<\/p>\n<\/td>\n<td width=\"238\">\n<p>&#8211;\u00a0\u00a0\u00a0\u00a0\u00a0\u00a0\u00a0\u00a0\u00a0 Nombre<\/p>\n<p>&#8211;\u00a0\u00a0\u00a0\u00a0\u00a0\u00a0\u00a0\u00a0\u00a0 Apellidos<\/p>\n<p>&#8211;\u00a0\u00a0\u00a0\u00a0\u00a0\u00a0\u00a0\u00a0\u00a0 Fecha de nacimiento<\/p>\n<p>&#8211;\u00a0\u00a0\u00a0\u00a0\u00a0\u00a0\u00a0\u00a0\u00a0 Direcci\u00f3n<\/p>\n<p>&#8211;\u00a0\u00a0\u00a0\u00a0\u00a0\u00a0\u00a0\u00a0\u00a0 Email<\/p>\n<p>&#8211;\u00a0\u00a0\u00a0\u00a0\u00a0\u00a0\u00a0\u00a0\u00a0 Tel\u00e9fono<\/p>\n<p>&#8211;\u00a0\u00a0\u00a0\u00a0\u00a0\u00a0\u00a0\u00a0\u00a0 Contrase\u00f1a<\/p>\n<p>\u00a0<\/p>\n<\/td>\n<td width=\"150\">\n<p>Consentimiento del interesado (art. 6.1.a RGPD)<\/p>\n<p>\u00a0<\/p>\n<p>Medidas precontractuales (art. 6.1.b RGPD)<\/p>\n<p>Tratamiento es necesario para la satisfacci\u00f3n de intereses leg\u00edtimos perseguidos por el responsable del tratamiento (art. 6.1f RGPD)<\/p>\n<\/td>\n<\/tr>\n<tr>\n<td width=\"118\">\n<p>\u00a0<\/p>\n<p>Acceder<\/p>\n<\/td>\n<td width=\"165\">\n<p>La finalidad es la gesti\u00f3n de los datos proporcionados para acceder<\/p>\n<\/td>\n<td width=\"238\">\n<p>&#8211;\u00a0\u00a0\u00a0\u00a0\u00a0\u00a0\u00a0\u00a0\u00a0 Email<\/p>\n<p>&#8211;\u00a0\u00a0\u00a0\u00a0\u00a0\u00a0\u00a0\u00a0\u00a0 Contrase\u00f1a<\/p>\n<\/td>\n<td width=\"150\">\n<p>Consentimiento del interesado (art. 6.1.a RGPD)<\/p>\n<p>Medidas precontractuales (art. 6.1.b RGPD)<\/p>\n<p>Tratamiento es necesario para la satisfacci\u00f3n de intereses leg\u00edtimos perseguidos por el responsable del tratamiento (art. 6.1f RGPD)<\/p>\n<\/td>\n<\/tr>\n<tr>\n<td width=\"118\">\n<p>Reservas<\/p>\n<\/td>\n<td width=\"165\">\n<p>La finalidad es la gesti\u00f3n de reservas<\/p>\n<\/td>\n<td width=\"238\">\n<p>&#8211;\u00a0\u00a0\u00a0\u00a0\u00a0\u00a0\u00a0\u00a0\u00a0 Nombre<\/p>\n<p>&#8211;\u00a0\u00a0\u00a0\u00a0\u00a0\u00a0\u00a0\u00a0\u00a0 Apellidos<\/p>\n<p>&#8211;\u00a0\u00a0\u00a0\u00a0\u00a0\u00a0\u00a0\u00a0\u00a0 Email<\/p>\n<p>&#8211;\u00a0\u00a0\u00a0\u00a0\u00a0\u00a0\u00a0\u00a0\u00a0 Tel\u00e9fono<\/p>\n<p>\u00a0<\/p>\n<\/td>\n<td width=\"150\">\n<p>Consentimiento del interesado (art. 6.1.a RGPD)<\/p>\n<p>\u00a0<\/p>\n<p>Tratamiento necesario para el cumplimiento de una obligaci\u00f3n legal aplicable al responsable del tratamiento (art. 6.1.c RGPD)<\/p>\n<p>\u00a0<\/p>\n<p>Tratamiento necesario para la ejecuci\u00f3n de un contrato en el que el interesado es parte o para la aplicaci\u00f3n a petici\u00f3n de este de medidas precontractuales (art. 6.1b RGPD)<\/p>\n<p>Tratamiento es necesario para la satisfacci\u00f3n de intereses leg\u00edtimos perseguidos por el responsable del tratamiento (art. 6.1f RGPD)<\/p>\n<\/td>\n<\/tr>\n<\/tbody>\n<\/table>\n<p><strong>\u00a0<\/strong><strong>Comunicaciones comerciales<\/strong>: solo recibir\u00e1 comunicaciones si<\/p>\n<ul>\n<li>Nos solicit\u00f3 informaci\u00f3n o realiz\u00f3 una contrataci\u00f3n con nosotros de un producto o servicio.<\/li>\n<li>Si nos proporcion\u00f3 sus datos, aceptando la casilla habilitada al respecto en nuestro formulario.<\/li>\n<li>Siempre y cuando no haya manifestado su voluntad de dejar de recibir dichas comunicaciones.<\/li>\n<\/ul>\n<p>Obtenemos su consentimiento expreso antes de mandarle cualquier comunicaci\u00f3n, pudiendo solicitar en cualquier momento que dejemos de mandarle comunicaciones en el email\u00a0 info@campingetxarri.com<\/p>\n<p>Cuando opte por dejar de recibir nuestras comunicaciones, sus datos personales seguir\u00e1n almacenados como resultado de la contrataci\u00f3n realizada por usted para ajustarnos a las exigencias legales.<\/p>\n<p><strong>Finalidad<\/strong>: s\u00f3lo utilizaremos sus datos para los fines para los que los recopilamos, a menos que consideremos razonablemente que debemos usarlo para otro motivo, notific\u00e1ndoselo previamente para que est\u00e9 informado del motivo legal de su procesamiento y siempre y cuando el fin sea compatible con el prop\u00f3sito original.<\/p>\n<ol start=\"5\">\n<li>\n<h2><strong> \u00bfDurante cu\u00e1nto tiempo conservaremos sus datos?<\/strong><\/h2>\n<\/li>\n<\/ol>\n<p>Se conservar\u00e1n durante el tiempo necesario para cumplir con la finalidad para la que se recabaron y para determinar las posibles responsabilidades que se pudieran derivar de dicha finalidad y del tratamiento de los datos. Ser\u00e1 de aplicaci\u00f3n lo dispuesto en las diferentes normativas respecto al plazo de conservaci\u00f3n, en lo que resulte de aplicaci\u00f3n al presente tratamiento.<\/p>\n<p><strong>Datos de los suscriptores por e-mail o formulario<\/strong>: Desde que el usuario se suscribe hasta que se d\u00e9 de baja.<\/p>\n<ol start=\"6\">\n<li>\n<h2><strong> Menores de edad.<\/strong><\/h2>\n<\/li>\n<\/ol>\n<p><strong>Hospium 10, S.L <\/strong>no autoriza a los\/las menores de 14 a\u00f1os a facilitar sus datos personales a trav\u00e9s de los medios habilitados en este sitio web (cumplimentaci\u00f3n de los formularios web para la solicitud de servicios, de contacto o mediante el env\u00edo de correos electr\u00f3nicos). Por tanto, las personas que faciliten datos personales utilizando dichos medios manifiestan formalmente ser mayores de 14 a\u00f1os quedando <strong>Hospium 10, S.L<\/strong> eximido de cualquier responsabilidad por el incumplimiento de este requisito.<\/p>\n<p>Si su hijo\/a de edad menor al l\u00edmite de edad establecido, ha proporcionado informaci\u00f3n personal a <strong>Hospium 10, S.L<\/strong>, p\u00f3ngase en contacto para poder solicitar el ejercicio de sus derechos aplicables.<\/p>\n<p>En aquellos casos en los que los servicios ofrecidos por <strong>Hospium 10, S.L<\/strong> est\u00e9n destinados a menores de 14 a\u00f1os se habilitar\u00e1n los medios para recabar la autorizaci\u00f3n de los padres o tutores legales del\/de la menor<\/p>\n<ol start=\"7\">\n<li>\n<h2><strong> Ejercicio de los Derechos de Protecci\u00f3n de Datos:<\/strong><\/h2>\n<\/li>\n<\/ol>\n<p><strong>\u00bfC\u00f3mo ejercer dichos derechos?<\/strong> Los usuarios podr\u00e1n dirigir una comunicaci\u00f3n al domicilio social de <strong>Hospium 10, S.L<\/strong> o direcci\u00f3n de correo electr\u00f3nico info@campingetxarri.com, incluyendo en ambos casos fotocopia de su D.N.I u otro documento de identificaci\u00f3n similar, para solicitar el ejercicio de los siguientes derechos:<\/p>\n<ul>\n<li><strong><u>Acceso<\/u><\/strong> a sus datos personales: podr\u00e1 preguntar a <strong>Hospium 10, S.L<\/strong> si est\u00e1 usando sus datos personales.<\/li>\n<li>A solicitar su <strong><u>rectificaci\u00f3n<\/u><\/strong>, si no fuesen correctos, o a ejercer el <strong><u>derecho al olvido<\/u><\/strong> con respecto a los mismos.<\/li>\n<li>A solicitar la <strong><u>limitaci\u00f3n del tratamiento<\/u><\/strong>, en este caso, solo ser\u00e1n conservados por <strong>Hospium 10, S.L<\/strong> para el ejercicio o defensa de reclamaciones<\/li>\n<li>A <strong><u>oponerse<\/u><\/strong> a su tratamiento: <strong>Hospium 10, S.L<\/strong> dejar\u00e1 tratar los datos en la forma que nos indiques, salvo que por motivos leg\u00edtimos o para el ejercicio o defensa de posibles reclamaciones, estos deban seguir trat\u00e1ndose.<\/li>\n<li>A la <strong><u>portabilidad <\/u><\/strong>de los datos: en caso de que quieras que sus datos sean tratados por otra firma, <strong>Hospium 10, S.L<\/strong>, le facilitar\u00e1 la portabilidad de sus datos al nuevo responsable.<\/li>\n<\/ul>\n<p>Podr\u00e1 utilizar los modelos puestos a su disposici\u00f3n por la Agencia Espa\u00f1ola de Protecci\u00f3n de Datos, para ejercer sus anteriores derechos: <a href=\"https:\/\/www.aepd.es\/reglamento\/derechos\/index.html\">Aqu\u00ed\u00a0<\/a><\/p>\n<p>Reclamar ante la AEPD: si considera que hay un problema con la forma en que\u00a0\u00a0 <strong>Hospium 10, S.L<\/strong> est\u00e1 tratando sus datos, podr\u00e1 dirigir sus reclamaciones a la autoridad de control correspondiente, siendo en Espa\u00f1a, la competente para ello: <a href=\"https:\/\/sedeagpd.gob.es\/sede-electronica-web\/vistas\/formNuevaReclamacion\/solicitudReclamacion.jsf;jsessionid=5085E2038B4210818633610065963C3E\">Agencia Espa\u00f1ola de Protecci\u00f3n de Datos.<\/a><\/p>\n<p>Le solicitaremos informaci\u00f3n espec\u00edfica para ayudarnos a confirmar su identidad y garantizar su derecho a acceder a sus datos personales (o ejercer cualquier otro de los derechos mencionados anteriormente). Esto es una medida de seguridad para garantizar que los datos personales no se revelen a ninguna persona que no tenga derecho a recibirlos.<\/p>\n<p>Todas las solicitudes las solventaremos en el plazo legal indicado de un mes. No obstante, puede llevarnos m\u00e1s de un mes si su solicitud es particularmente compleja. En este caso, le notificaremos y le mantendremos actualizado.<\/p>\n<ol start=\"8\">\n<li>\n<h2><strong> Comunicaci\u00f3n de datos: prestaci\u00f3n de servicios.<\/strong><\/h2>\n<\/li>\n<\/ol>\n<p>Es posible que, en el desempe\u00f1o de nuestro trabajo, necesitemos de la ayuda de terceros, que solo trataran los datos para prestar el servicio contratado, y con los que disponemos de las correspondientes medidas para garantizar sus derechos:<\/p>\n<ul>\n<li>Proveedores de servicios que brindan servicios de administraci\u00f3n de sistemas y tecnolog\u00eda de la informaci\u00f3n.<\/li>\n<li>Asesores profesionales que incluyen abogados, auditores y aseguradores que brindan servicios de consultor\u00eda bancarios, legales, de seguros y de contabilidad<\/li>\n<\/ul>\n<p>Todos los encargados de tratamiento a quienes transferimos sus datos respetar\u00e1n la seguridad de sus datos personales y los tratar\u00e1n de acuerdo al RGPD.<\/p>\n<p>Solo permitimos que dichos encargados traten sus datos para fines determinados y de conformidad con nuestras instrucciones. No obstante puede solicitarnos, en cumplimiento de la transparencia un listado de quienes son estas empresas que nos prestan servicios, puede hacerlo al email: info@campingetxarri.com<\/p>\n<ol start=\"9\">\n<li>\n<h2><strong>Seguridad de Datos.<\/strong><\/h2>\n<\/li>\n<\/ol>\n<p>Hemos implementado las medidas de seguridad adecuadas para evitar que sus datos personales se pierdan accidentalmente, se usen o accedan de forma no autorizada, se modifiquen o divulguen. Adem\u00e1s, limitamos el acceso a sus datos personales a aquellos empleados, agentes contratistas y otros terceros que tengan una necesidad comercial de conocer dichos datos. Solo procesar\u00e1n sus datos personales seg\u00fan nuestras instrucciones y estar\u00e1n sujetos a un deber de confidencialidad.<\/p>\n<p>Hemos implementado procedimientos para tratar cualquier sospecha de violaci\u00f3n de sus datos personales y se lo notificaremos a usted y a la Autoridad de Control en caso de que ocurriera, tal como queda regulado en el RGPD en sus art\u00edculos 33 y 34, una brecha de seguridad.<\/p>\n\t\t\n<style>\n#text-3813676942 {\n  text-align: left;\n}\n<\/style>\n\t<\/div>\n\t\n\n\n\t\t<\/div>\n\t\t\t\t\n<style>\n#col-527787946 > .col-inner {\n  padding: 20px 20px 10px 20px;\n}\n@media (min-width:550px) {\n  #col-527787946 > .col-inner {\n    padding: 70px 70px 40px 70px;\n  }\n}\n<\/style>\n\t<\/div>\n\n\t\n\n<\/div>\n\t<div id=\"gap-957670465\" class=\"gap-element clearfix\" style=\"display:block; height:auto;\">\n\t\t\n<style>\n#gap-957670465 {\n  padding-top: 10px;\n}\n@media (min-width:550px) {\n  #gap-957670465 {\n    padding-top: 50px;\n  }\n}\n<\/style>\n\t<\/div>\n\t\n\n\n\t\t<\/div>\n\n\t\t\n<style>\n#section_760352803 {\n  padding-top: 80px;\n  padding-bottom: 80px;\n}\n<\/style>\n\t<\/section>\n\t\n\n","protected":false},"excerpt":{"rendered":"","protected":false},"author":1,"featured_media":0,"parent":0,"menu_order":0,"comment_status":"closed","ping_status":"closed","template":"page-blank.php","meta":{"inline_featured_image":false,"footnotes":""},"class_list":["post-288","page","type-page","status-publish","hentry"],"yoast_head":"<!-- This site is optimized with the Yoast SEO plugin v21.7 - https:\/\/yoast.com\/wordpress\/plugins\/seo\/ -->\n<title>Pol\u00edtica de privacidad - Camping Etxarri<\/title>\n<meta name=\"robots\" content=\"index, follow, max-snippet:-1, max-image-preview:large, max-video-preview:-1\" \/>\n<link rel=\"canonical\" href=\"https:\/\/campingetxarri.com\/es\/politica-de-privacidad\/\" \/>\n<meta property=\"og:locale\" content=\"es_ES\" \/>\n<meta property=\"og:type\" content=\"article\" \/>\n<meta property=\"og:title\" content=\"Pol\u00edtica de privacidad - Camping Etxarri\" \/>\n<meta property=\"og:url\" content=\"https:\/\/campingetxarri.com\/es\/politica-de-privacidad\/\" \/>\n<meta property=\"og:site_name\" content=\"Camping Etxarri\" \/>\n<meta property=\"article:modified_time\" content=\"2025-11-18T10:11:36+00:00\" \/>\n<meta name=\"twitter:card\" content=\"summary_large_image\" \/>\n<meta name=\"twitter:label1\" content=\"Tiempo de lectura\" \/>\n\t<meta name=\"twitter:data1\" content=\"19 minutos\" \/>\n<script type=\"application\/ld+json\" class=\"yoast-schema-graph\">{\"@context\":\"https:\/\/schema.org\",\"@graph\":[{\"@type\":\"WebPage\",\"@id\":\"https:\/\/campingetxarri.com\/es\/politica-de-privacidad\/\",\"url\":\"https:\/\/campingetxarri.com\/es\/politica-de-privacidad\/\",\"name\":\"Pol\u00edtica de privacidad - Camping Etxarri\",\"isPartOf\":{\"@id\":\"https:\/\/campingetxarri.com\/es\/#website\"},\"datePublished\":\"2021-07-09T12:35:00+00:00\",\"dateModified\":\"2025-11-18T10:11:36+00:00\",\"breadcrumb\":{\"@id\":\"https:\/\/campingetxarri.com\/es\/politica-de-privacidad\/#breadcrumb\"},\"inLanguage\":\"es\",\"potentialAction\":[{\"@type\":\"ReadAction\",\"target\":[\"https:\/\/campingetxarri.com\/es\/politica-de-privacidad\/\"]}]},{\"@type\":\"BreadcrumbList\",\"@id\":\"https:\/\/campingetxarri.com\/es\/politica-de-privacidad\/#breadcrumb\",\"itemListElement\":[{\"@type\":\"ListItem\",\"position\":1,\"name\":\"Portada\",\"item\":\"https:\/\/campingetxarri.com\/es\/\"},{\"@type\":\"ListItem\",\"position\":2,\"name\":\"Pol\u00edtica de privacidad\"}]},{\"@type\":\"WebSite\",\"@id\":\"https:\/\/campingetxarri.com\/es\/#website\",\"url\":\"https:\/\/campingetxarri.com\/es\/\",\"name\":\"Camping Etxarri\",\"description\":\"\",\"potentialAction\":[{\"@type\":\"SearchAction\",\"target\":{\"@type\":\"EntryPoint\",\"urlTemplate\":\"https:\/\/campingetxarri.com\/es\/?s={search_term_string}\"},\"query-input\":\"required name=search_term_string\"}],\"inLanguage\":\"es\"}]}<\/script>\n<!-- \/ Yoast SEO plugin. -->","yoast_head_json":{"title":"Pol\u00edtica de privacidad - Camping Etxarri","robots":{"index":"index","follow":"follow","max-snippet":"max-snippet:-1","max-image-preview":"max-image-preview:large","max-video-preview":"max-video-preview:-1"},"canonical":"https:\/\/campingetxarri.com\/es\/politica-de-privacidad\/","og_locale":"es_ES","og_type":"article","og_title":"Pol\u00edtica de privacidad - Camping Etxarri","og_url":"https:\/\/campingetxarri.com\/es\/politica-de-privacidad\/","og_site_name":"Camping Etxarri","article_modified_time":"2025-11-18T10:11:36+00:00","twitter_card":"summary_large_image","twitter_misc":{"Tiempo de lectura":"19 minutos"},"schema":{"@context":"https:\/\/schema.org","@graph":[{"@type":"WebPage","@id":"https:\/\/campingetxarri.com\/es\/politica-de-privacidad\/","url":"https:\/\/campingetxarri.com\/es\/politica-de-privacidad\/","name":"Pol\u00edtica de privacidad - Camping Etxarri","isPartOf":{"@id":"https:\/\/campingetxarri.com\/es\/#website"},"datePublished":"2021-07-09T12:35:00+00:00","dateModified":"2025-11-18T10:11:36+00:00","breadcrumb":{"@id":"https:\/\/campingetxarri.com\/es\/politica-de-privacidad\/#breadcrumb"},"inLanguage":"es","potentialAction":[{"@type":"ReadAction","target":["https:\/\/campingetxarri.com\/es\/politica-de-privacidad\/"]}]},{"@type":"BreadcrumbList","@id":"https:\/\/campingetxarri.com\/es\/politica-de-privacidad\/#breadcrumb","itemListElement":[{"@type":"ListItem","position":1,"name":"Portada","item":"https:\/\/campingetxarri.com\/es\/"},{"@type":"ListItem","position":2,"name":"Pol\u00edtica de privacidad"}]},{"@type":"WebSite","@id":"https:\/\/campingetxarri.com\/es\/#website","url":"https:\/\/campingetxarri.com\/es\/","name":"Camping Etxarri","description":"","potentialAction":[{"@type":"SearchAction","target":{"@type":"EntryPoint","urlTemplate":"https:\/\/campingetxarri.com\/es\/?s={search_term_string}"},"query-input":"required name=search_term_string"}],"inLanguage":"es"}]}},"_links":{"self":[{"href":"https:\/\/campingetxarri.com\/es\/wp-json\/wp\/v2\/pages\/288","targetHints":{"allow":["GET"]}}],"collection":[{"href":"https:\/\/campingetxarri.com\/es\/wp-json\/wp\/v2\/pages"}],"about":[{"href":"https:\/\/campingetxarri.com\/es\/wp-json\/wp\/v2\/types\/page"}],"author":[{"embeddable":true,"href":"https:\/\/campingetxarri.com\/es\/wp-json\/wp\/v2\/users\/1"}],"replies":[{"embeddable":true,"href":"https:\/\/campingetxarri.com\/es\/wp-json\/wp\/v2\/comments?post=288"}],"version-history":[{"count":17,"href":"https:\/\/campingetxarri.com\/es\/wp-json\/wp\/v2\/pages\/288\/revisions"}],"predecessor-version":[{"id":21142,"href":"https:\/\/campingetxarri.com\/es\/wp-json\/wp\/v2\/pages\/288\/revisions\/21142"}],"wp:attachment":[{"href":"https:\/\/campingetxarri.com\/es\/wp-json\/wp\/v2\/media?parent=288"}],"curies":[{"name":"wp","href":"https:\/\/api.w.org\/{rel}","templated":true}]}}