{"id":21493,"date":"2026-04-23T11:51:29","date_gmt":"2026-04-23T09:51:29","guid":{"rendered":"https:\/\/campingetxarri.com\/?page_id=21493"},"modified":"2026-04-28T10:36:47","modified_gmt":"2026-04-28T08:36:47","slug":"verano","status":"publish","type":"page","link":"https:\/\/campingetxarri.com\/es\/verano\/","title":{"rendered":"Verano"},"content":{"rendered":"\n<div class=\"slider-wrapper relative\" id=\"slider-529039724\" >\n    <div class=\"slider slider-nav-simple slider-nav-large slider-nav-light slider-style-normal\"\n        data-flickity-options='{\n            \"cellAlign\": \"center\",\n            \"imagesLoaded\": true,\n            \"lazyLoad\": 1,\n            \"freeScroll\": false,\n            \"wrapAround\": true,\n            \"autoPlay\": 4000,\n            \"pauseAutoPlayOnHover\" : false,\n            \"prevNextButtons\": false,\n            \"contain\" : true,\n            \"adaptiveHeight\" : true,\n            \"dragThreshold\" : 10,\n            \"percentPosition\": true,\n            \"pageDots\": false,\n            \"rightToLeft\": false,\n            \"draggable\": true,\n            \"selectedAttraction\": 0.1,\n            \"parallax\" : 0,\n            \"friction\": 0.6        }'\n        >\n        \n\n<div class=\"row row-collapse row-full-width align-center\"  id=\"row-151456505\">\n\n\n\t<div id=\"col-78934235\" class=\"col delante small-12 large-12\"  >\n\t\t\t\t<div class=\"col-inner\"  >\n\t\t\t\n\t\t\t\n\n<div class=\"video video-fit mb\" style=\"padding-top:75%;\"><iframe loading=\"lazy\" title=\"Bienvenidos a Etxarri\" width=\"1020\" height=\"574\" src=\"https:\/\/www.youtube.com\/embed\/unfMjcadlt4?feature=oembed\" frameborder=\"0\" allow=\"accelerometer; autoplay; clipboard-write; encrypted-media; gyroscope; picture-in-picture; web-share\" referrerpolicy=\"strict-origin-when-cross-origin\" allowfullscreen><\/iframe><\/div>\n\n\n\t\t<\/div>\n\t\t\t\t\t<\/div>\n\n\t\n\n<\/div>\n\n     <\/div>\n\n     <div class=\"loading-spin dark large centered\"><\/div>\n\n\t<\/div>\n\n\n\n\t<section class=\"section\" id=\"section_1824595713\">\n\t\t<div class=\"bg section-bg fill bg-fill bg-loaded bg-loaded\" >\n\n\t\t\t\n\t\t\t\n\t\t\t\n\n\t\t<\/div>\n\n\t\t\n\n\t\t<div class=\"section-content relative\">\n\t\t\t\n\n<div class=\"row align-middle align-center\"  id=\"row-954246757\">\n\n\n\t<div id=\"col-698178715\" class=\"col medium-11 small-12 large-7\"  data-animate=\"bounceInUp\">\n\t\t\t\t<div class=\"col-inner text-center\"  >\n\t\t\t\n\t\t\t\n\n\t<div id=\"gap-1005814816\" class=\"gap-element clearfix\" style=\"display:block; height:auto;\">\n\t\t\n<style>\n#gap-1005814816 {\n  padding-top: 20px;\n}\n<\/style>\n\t<\/div>\n\t\n\n\t<div id=\"gap-138637000\" class=\"gap-element clearfix\" style=\"display:block; height:auto;\">\n\t\t\n<style>\n#gap-138637000 {\n  padding-top: 0px;\n}\n@media (min-width:550px) {\n  #gap-138637000 {\n    padding-top: 50px;\n  }\n}\n<\/style>\n\t<\/div>\n\t\n\n\t<div id=\"text-592843964\" class=\"text\">\n\t\t\n\n<h1 class=\"uppercase\" style=\"text-align: center;\"><span style=\"font-size: 85%; font-family: hkbold;\">VERANO EN CAMPING ETXARRI<\/span><\/h1>\n<p>Bajo el sol del verano, el Camping Etxarri se convierte en un refugio perfecto para quienes buscan <strong>naturaleza, descanso y aventura<\/strong> en plena Navarra. Rodeado de monta\u00f1as y verdes paisajes, este espacio invita a desconectar del ritmo diario y reconectar con lo esencial.<\/p>\n<p>Aqu\u00ed, cada d\u00eda es una oportunidad: desde refrescantes <strong>ba\u00f1os en la piscina<\/strong> y <strong>rutas de senderismo<\/strong> por los alrededores, hasta actividades al aire libre, <strong>deportes<\/strong> en grupo y momentos de relax bajo la sombra de los \u00e1rboles. Las noches traen consigo un ambiente tranquilo, ideal para disfrutar de la compa\u00f1\u00eda, el <strong>cielo estrellado y el aire puro<\/strong>.<\/p>\n<p>Ya sea <strong>en familia, con amigos o en pareja<\/strong>, el Camping Etxarri ofrece una experiencia veraniega aut\u00e9ntica, donde la diversi\u00f3n y la naturaleza van de la mano.<\/p>\n\t\t\n<style>\n#text-592843964 {\n  font-size: 1.35rem;\n}\n<\/style>\n\t<\/div>\n\t\n\n\t\t<\/div>\n\t\t\t\t\n<style>\n#col-698178715 > .col-inner {\n  padding: 0px 0px 0px 0;\n}\n@media (min-width:850px) {\n  #col-698178715 > .col-inner {\n    padding: 0px 0px 0px 0%;\n  }\n}\n<\/style>\n\t<\/div>\n\n\t\n\n<\/div>\n\n\t\t<\/div>\n\n\t\t\n<style>\n#section_1824595713 {\n  padding-top: 30px;\n  padding-bottom: 30px;\n}\n@media (min-width:550px) {\n  #section_1824595713 {\n    padding-top: 50px;\n    padding-bottom: 50px;\n  }\n}\n<\/style>\n\t<\/section>\n\t\n\t<section class=\"section\" id=\"section_1214779240\">\n\t\t<div class=\"bg section-bg fill bg-fill bg-loaded \" >\n\n\t\t\t\n\t\t\t\n\t\t\t\n\n\t\t<\/div>\n\n\t\t\n\n\t\t<div class=\"section-content relative\">\n\t\t\t\n\n\t<div id=\"gap-1570765105\" class=\"gap-element clearfix\" style=\"display:block; height:auto;\">\n\t\t\n<style>\n#gap-1570765105 {\n  padding-top: 30px;\n}\n<\/style>\n\t<\/div>\n\t\n\n<div class=\"row row-large align-middle align-center\"  id=\"row-24304690\">\n\n\n\t<div id=\"col-1652469866\" class=\"col medium-5 small-12 large-5\"  >\n\t\t\t\t<div class=\"col-inner\"  >\n\t\t\t\n\t\t\t\n\n\t<div class=\"img has-hover x md-x lg-x y md-y lg-y\" id=\"image_1686576631\">\n\t\t\t\t\t\t\t\t<div class=\"img-inner image-cover dark\" style=\"padding-top:500px;\">\n\t\t\t<img loading=\"lazy\" decoding=\"async\" width=\"1000\" height=\"667\" src=\"https:\/\/campingetxarri.com\/wp-content\/uploads\/2024\/05\/piscinas.jpg\" class=\"attachment-original size-original\" alt=\"piscinas\" srcset=\"https:\/\/campingetxarri.com\/wp-content\/uploads\/2024\/05\/piscinas.jpg 1000w, https:\/\/campingetxarri.com\/wp-content\/uploads\/2024\/05\/piscinas-300x200.jpg 300w, https:\/\/campingetxarri.com\/wp-content\/uploads\/2024\/05\/piscinas-768x512.jpg 768w\" sizes=\"auto, (max-width: 1000px) 100vw, 1000px\" \/>\t\t\t\t\t\t\n\t\t\t\t\t<\/div>\n\t\t\t\t\t\t\t\t\n<style>\n#image_1686576631 {\n  width: 100%;\n}\n<\/style>\n\t<\/div>\n\t\n\n\n\t\t<\/div>\n\t\t\t\t\t<\/div>\n\n\t\n\n\t<div id=\"col-1223786263\" class=\"col medium-5 small-12 large-5 small-col-first\"  >\n\t\t\t\t<div class=\"col-inner\" style=\"background-color:#eeecdc;\" >\n\t\t\t\n\t\t\t\n\n\n\t\t<div class=\"icon-box featured-box icon-box-top text-left\"  >\n\t\t\t\t<div class=\"icon-box-text last-reset\">\n\t\t\t\t\t\t\t\t\t\n\n\t<div id=\"gap-364501900\" class=\"gap-element clearfix\" style=\"display:block; height:auto;\">\n\t\t\n<style>\n#gap-364501900 {\n  padding-top: 15px;\n}\n<\/style>\n\t<\/div>\n\t\n\n<h3><strong>\ud83c\udfca <\/strong><strong>PISCINA EXTERIOR Y ZONAS DE BARBACOA \ud83c\udf74<\/strong><\/h3>\n<p style=\"text-align: center;\">Rel\u00e1jate bajo el sol en nuestras piscinas exteriores y comparte momentos \u00fanicos en las zonas de barbacoa.<\/p>\n<p style=\"text-align: center;\">El plan perfecto para refrescarte durante el d\u00eda y disfrutar de largas veladas en buena compa\u00f1\u00eda.<\/p>\n<p>\u00a0<\/p>\n<a href=\"https:\/\/campingetxarri.com\/es\/piscina\/\" target=\"_self\" class=\"button primary is-outline\"  style=\"border-radius:10px;\">\n    <span>M\u00c1S INFORMACI\u00d3N<\/span>\n  <\/a>\n\n\n\n\t\t<\/div>\n\t<\/div>\n\t\n\t\n\t<div id=\"gap-1974853237\" class=\"gap-element clearfix\" style=\"display:block; height:auto;\">\n\t\t\n<style>\n#gap-1974853237 {\n  padding-top: 30px;\n}\n<\/style>\n\t<\/div>\n\t\n\n\n\t\t<\/div>\n\t\t\t\t\n<style>\n#col-1223786263 > .col-inner {\n  padding: 8% 5% 5% 8%;\n  margin: 0px 0px 0px 0px;\n  border-radius: 22px;\n}\n<\/style>\n\t<\/div>\n\n\t\n\n<\/div>\n\t<div id=\"gap-209117206\" class=\"gap-element clearfix\" style=\"display:block; height:auto;\">\n\t\t\n<style>\n#gap-209117206 {\n  padding-top: 30px;\n}\n<\/style>\n\t<\/div>\n\t\n\n<div class=\"row row-collapse align-middle align-center\"  id=\"row-1398677788\">\n\n\n\t<div id=\"col-1403270932\" class=\"col medium-5 small-12 large-5\"  >\n\t\t\t\t<div class=\"col-inner\" style=\"background-color:#eeecdc;\" >\n\t\t\t\n\t\t\t\n\n\n\t\t<div class=\"icon-box featured-box icon-box-left text-left\"  >\n\t\t\t\t<div class=\"icon-box-text last-reset\">\n\t\t\t\t\t\t\t\t\t\n\n<h3><span style=\"font-family: hkbold;\"><strong>RUTAS CICLOTURISTAS \ud83d\udeb5\u200d\u2640\ufe0f<\/strong><\/span><\/h3>\n\n\t\t<\/div>\n\t<\/div>\n\t\n\t\n\t<div id=\"gap-2028855932\" class=\"gap-element clearfix\" style=\"display:block; height:auto;\">\n\t\t\n<style>\n#gap-2028855932 {\n  padding-top: 30px;\n}\n<\/style>\n\t<\/div>\n\t\n\n<p style=\"text-align: center;\">Explora el entorno natural a tu ritmo con nuestras rutas cicloturistas.<\/p>\n<p style=\"text-align: center;\">Descubre paisajes espectaculares, respira aire puro y vive una experiencia activa rodeado de naturaleza.<\/p>\n<a href=\"https:\/\/campingetxarri.com\/es\/rutas-cicloturistas\/\" target=\"_self\" class=\"button primary is-outline\"  style=\"border-radius:10px;\">\n    <span>M\u00c1S INFORMACI\u00d3N<\/span>\n  <\/a>\n\n\n\n\t\t<\/div>\n\t\t\t\t\n<style>\n#col-1403270932 > .col-inner {\n  padding: 8% 5% 5% 8%;\n  margin: 0px 0px 0px 0px;\n  border-radius: 22px;\n}\n<\/style>\n\t<\/div>\n\n\t\n\n\t<div id=\"col-1983548743\" class=\"col medium-5 small-12 large-5\"  >\n\t\t\t\t<div class=\"col-inner\"  >\n\t\t\t\n\t\t\t\n\n\t<div class=\"img has-hover x md-x lg-x y md-y lg-y\" id=\"image_868013731\">\n\t\t\t\t\t\t\t\t<div class=\"img-inner image-cover dark\" style=\"padding-top:500px;\">\n\t\t\t<img loading=\"lazy\" decoding=\"async\" width=\"1536\" height=\"707\" src=\"https:\/\/campingetxarri.com\/wp-content\/uploads\/2025\/03\/gravel.jpg\" class=\"attachment-original size-original\" alt=\"\" srcset=\"https:\/\/campingetxarri.com\/wp-content\/uploads\/2025\/03\/gravel.jpg 1536w, https:\/\/campingetxarri.com\/wp-content\/uploads\/2025\/03\/gravel-300x138.jpg 300w, https:\/\/campingetxarri.com\/wp-content\/uploads\/2025\/03\/gravel-1024x471.jpg 1024w, https:\/\/campingetxarri.com\/wp-content\/uploads\/2025\/03\/gravel-768x354.jpg 768w\" sizes=\"auto, (max-width: 1536px) 100vw, 1536px\" \/>\t\t\t\t\t\t\n\t\t\t\t\t<\/div>\n\t\t\t\t\t\t\t\t\n<style>\n#image_868013731 {\n  width: 100%;\n}\n<\/style>\n\t<\/div>\n\t\n\n\n\t\t<\/div>\n\t\t\t\t\t<\/div>\n\n\t\n\n<\/div>\n<div class=\"row row-large align-middle align-center\"  id=\"row-1305198023\">\n\n\n\t<div id=\"col-1310462427\" class=\"col medium-5 small-12 large-5\"  >\n\t\t\t\t<div class=\"col-inner\"  >\n\t\t\t\n\t\t\t\n\n\t<div id=\"gap-845026418\" class=\"gap-element clearfix\" style=\"display:block; height:auto;\">\n\t\t\n<style>\n#gap-845026418 {\n  padding-top: 30px;\n}\n<\/style>\n\t<\/div>\n\t\n\n\t<div id=\"gap-1072129413\" class=\"gap-element clearfix\" style=\"display:block; height:auto;\">\n\t\t\n<style>\n#gap-1072129413 {\n  padding-top: 30px;\n}\n<\/style>\n\t<\/div>\n\t\n\n\t<div class=\"img has-hover x md-x lg-x y md-y lg-y\" id=\"image_467166748\">\n\t\t\t\t\t\t\t\t<div class=\"img-inner image-cover dark\" style=\"padding-top:500px;\">\n\t\t\t<img loading=\"lazy\" decoding=\"async\" width=\"1000\" height=\"562\" src=\"https:\/\/campingetxarri.com\/wp-content\/uploads\/2024\/01\/DSC05352-scaled-1.jpg\" class=\"attachment-original size-original\" alt=\"Camping Etxarri - Zona infantil. Instalaciones y servicios\" srcset=\"https:\/\/campingetxarri.com\/wp-content\/uploads\/2024\/01\/DSC05352-scaled-1.jpg 1000w, https:\/\/campingetxarri.com\/wp-content\/uploads\/2024\/01\/DSC05352-scaled-1-300x169.jpg 300w, https:\/\/campingetxarri.com\/wp-content\/uploads\/2024\/01\/DSC05352-scaled-1-768x432.jpg 768w\" sizes=\"auto, (max-width: 1000px) 100vw, 1000px\" \/>\t\t\t\t\t\t\n\t\t\t\t\t<\/div>\n\t\t\t\t\t\t\t\t\n<style>\n#image_467166748 {\n  width: 100%;\n}\n<\/style>\n\t<\/div>\n\t\n\n\n\t\t<\/div>\n\t\t\t\t\t<\/div>\n\n\t\n\n\t<div id=\"col-1442149847\" class=\"col medium-5 small-12 large-5 small-col-first\"  >\n\t\t\t\t<div class=\"col-inner\" style=\"background-color:#eeecdc;\" >\n\t\t\t\n\t\t\t\n\n\n\t\t<div class=\"icon-box featured-box icon-box-left text-left\"  >\n\t\t\t\t<div class=\"icon-box-text last-reset\">\n\t\t\t\t\t\t\t\t\t\n\n\t<div id=\"gap-235602419\" class=\"gap-element clearfix\" style=\"display:block; height:auto;\">\n\t\t\n<style>\n#gap-235602419 {\n  padding-top: 15px;\n}\n<\/style>\n\t<\/div>\n\t\n\n<h3><strong>\ud83d\udedd ZONA INFANTIL CON ACTIVIDADES Y ACTUACIONES EN DIRECTO \ud83c\udfa4<\/strong><\/h3>\n<p style=\"text-align: center;\">Los m\u00e1s peque\u00f1os tambi\u00e9n tienen su espacio.<\/p>\n<p style=\"text-align: center;\">Nuestra zona infantil, con actividades programadas y las actuaciones en directo garantizan la diversi\u00f3n para toda la familia, con propuestas din\u00e1micas pensadas para todas las edades.<\/p>\n<p>\u00a0<\/p>\n<a href=\"https:\/\/campingetxarri.com\/es\/animacion\/\" target=\"_self\" class=\"button primary is-outline\"  >\n    <span>M\u00c1S INFORMACI\u00d3N<\/span>\n  <\/a>\n\n\n\n\t\t<\/div>\n\t<\/div>\n\t\n\t\n\t<div id=\"gap-665398107\" class=\"gap-element clearfix\" style=\"display:block; height:auto;\">\n\t\t\n<style>\n#gap-665398107 {\n  padding-top: 30px;\n}\n<\/style>\n\t<\/div>\n\t\n\n\n\t\t<\/div>\n\t\t\t\t\n<style>\n#col-1442149847 > .col-inner {\n  padding: 8% 5% 5% 8%;\n  margin: 0px 0px 0px 0px;\n  border-radius: 22px;\n}\n<\/style>\n\t<\/div>\n\n\t\n\n<\/div>\n\t<div id=\"gap-1827475819\" class=\"gap-element clearfix\" style=\"display:block; height:auto;\">\n\t\t\n<style>\n#gap-1827475819 {\n  padding-top: 30px;\n}\n<\/style>\n\t<\/div>\n\t\n\n<div class=\"row row-collapse align-middle align-center\"  id=\"row-1576047278\">\n\n\n\t<div id=\"col-72626517\" class=\"col medium-5 small-12 large-5\"  >\n\t\t\t\t<div class=\"col-inner\" style=\"background-color:#eeecdc;\" >\n\t\t\t\n\t\t\t\n\n\n\t\t<div class=\"icon-box featured-box icon-box-left text-left\"  >\n\t\t\t\t<div class=\"icon-box-text last-reset\">\n\t\t\t\t\t\t\t\t\t\n\n<h3><span style=\"font-family: hkbold;\"><strong>\ud83c\udfd6\ufe0f EXCURSIONES Y GASTRONOMIA \u26f0\ufe0f<\/strong><\/span><\/h3>\n\n\t\t<\/div>\n\t<\/div>\n\t\n\t\n\t<div id=\"gap-664335518\" class=\"gap-element clearfix\" style=\"display:block; height:auto;\">\n\t\t\n<style>\n#gap-664335518 {\n  padding-top: 30px;\n}\n<\/style>\n\t<\/div>\n\t\n\n<p style=\"text-align: center;\">Sum\u00e9rgete en la cultura local con excursiones inolvidables y una gastronom\u00eda que conquista.<\/p>\n<p style=\"text-align: center;\">Desde rutas por lugares emblem\u00e1ticos hasta sabores aut\u00e9nticos, cada d\u00eda es una nueva experiencia por descubrir.<\/p>\n<a href=\"https:\/\/campingetxarri.com\/es\/que-hacer-familias\/\" target=\"_self\" class=\"button primary is-outline\"  >\n    <span>M\u00c1S INFORMACI\u00d3N<\/span>\n  <\/a>\n\n\n\n\t\t<\/div>\n\t\t\t\t\n<style>\n#col-72626517 > .col-inner {\n  padding: 8% 5% 5% 8%;\n  margin: 0px 0px 0px 0px;\n  border-radius: 22px;\n}\n<\/style>\n\t<\/div>\n\n\t\n\n\t<div id=\"col-830055601\" class=\"col medium-5 small-12 large-5\"  >\n\t\t\t\t<div class=\"col-inner\"  >\n\t\t\t\n\t\t\t\n\n\t<div class=\"img has-hover x md-x lg-x y md-y lg-y\" id=\"image_1566492620\">\n\t\t\t\t\t\t\t\t<div class=\"img-inner image-cover dark\" style=\"padding-top:500px;\">\n\t\t\t<img loading=\"lazy\" decoding=\"async\" width=\"2560\" height=\"1920\" src=\"https:\/\/campingetxarri.com\/wp-content\/uploads\/2023\/10\/disparo-alto-angulo-fascinante-paisaje-playa-san-sebastian-espana-scaled.jpg\" class=\"attachment-original size-original\" alt=\"Camping Etxarri, descubre Navarra y alrededores.\" srcset=\"https:\/\/campingetxarri.com\/wp-content\/uploads\/2023\/10\/disparo-alto-angulo-fascinante-paisaje-playa-san-sebastian-espana-scaled.jpg 2560w, https:\/\/campingetxarri.com\/wp-content\/uploads\/2023\/10\/disparo-alto-angulo-fascinante-paisaje-playa-san-sebastian-espana-300x225.jpg 300w, https:\/\/campingetxarri.com\/wp-content\/uploads\/2023\/10\/disparo-alto-angulo-fascinante-paisaje-playa-san-sebastian-espana-1024x768.jpg 1024w, https:\/\/campingetxarri.com\/wp-content\/uploads\/2023\/10\/disparo-alto-angulo-fascinante-paisaje-playa-san-sebastian-espana-768x576.jpg 768w, https:\/\/campingetxarri.com\/wp-content\/uploads\/2023\/10\/disparo-alto-angulo-fascinante-paisaje-playa-san-sebastian-espana-1536x1152.jpg 1536w, https:\/\/campingetxarri.com\/wp-content\/uploads\/2023\/10\/disparo-alto-angulo-fascinante-paisaje-playa-san-sebastian-espana-2048x1536.jpg 2048w\" sizes=\"auto, (max-width: 2560px) 100vw, 2560px\" \/>\t\t\t\t\t\t\n\t\t\t\t\t<\/div>\n\t\t\t\t\t\t\t\t\n<style>\n#image_1566492620 {\n  width: 100%;\n}\n<\/style>\n\t<\/div>\n\t\n\n\n\t\t<\/div>\n\t\t\t\t\t<\/div>\n\n\t\n\n<\/div>\n\t<div id=\"gap-1637494499\" class=\"gap-element clearfix\" style=\"display:block; height:auto;\">\n\t\t\n<style>\n#gap-1637494499 {\n  padding-top: 30px;\n}\n<\/style>\n\t<\/div>\n\t\n\n<div class=\"row row-large align-middle align-center\"  id=\"row-890253761\">\n\n\n\t<div id=\"col-2066364890\" class=\"col medium-5 small-12 large-5\"  >\n\t\t\t\t<div class=\"col-inner\"  >\n\t\t\t\n\t\t\t\n\n\t<div class=\"img has-hover x md-x lg-x y md-y lg-y\" id=\"image_805025730\">\n\t\t\t\t\t\t\t\t<div class=\"img-inner image-cover dark\" style=\"padding-top:500px;\">\n\t\t\t<img loading=\"lazy\" decoding=\"async\" width=\"800\" height=\"532\" src=\"https:\/\/campingetxarri.com\/wp-content\/uploads\/2024\/01\/camping-ECHARRI-Padel-2-1-scaled-e1704356998561.jpg\" class=\"attachment-original size-original\" alt=\"Camping Etxarri - Pista de p\u00e1del. Instalaciones y servicios\" srcset=\"https:\/\/campingetxarri.com\/wp-content\/uploads\/2024\/01\/camping-ECHARRI-Padel-2-1-scaled-e1704356998561.jpg 800w, https:\/\/campingetxarri.com\/wp-content\/uploads\/2024\/01\/camping-ECHARRI-Padel-2-1-scaled-e1704356998561-300x200.jpg 300w, https:\/\/campingetxarri.com\/wp-content\/uploads\/2024\/01\/camping-ECHARRI-Padel-2-1-scaled-e1704356998561-768x511.jpg 768w\" sizes=\"auto, (max-width: 800px) 100vw, 800px\" \/>\t\t\t\t\t\t\n\t\t\t\t\t<\/div>\n\t\t\t\t\t\t\t\t\n<style>\n#image_805025730 {\n  width: 100%;\n}\n<\/style>\n\t<\/div>\n\t\n\n\n\t\t<\/div>\n\t\t\t\t\t<\/div>\n\n\t\n\n\t<div id=\"col-557040768\" class=\"col medium-5 small-12 large-5\"  >\n\t\t\t\t<div class=\"col-inner\" style=\"background-color:#eeecdc;\" >\n\t\t\t\n\t\t\t\n\n\n\t\t<div class=\"icon-box featured-box icon-box-left text-left\"  >\n\t\t\t\t<div class=\"icon-box-text last-reset\">\n\t\t\t\t\t\t\t\t\t\n\n<h3><span style=\"font-family: hkbold;\"><strong>\ud83c\udfc0 Pistas polideportivas y p\u00e1del \ud83c\udfbe<\/strong><\/span><\/h3>\n\n\t\t<\/div>\n\t<\/div>\n\t\n\t\n\t<div id=\"gap-2032402836\" class=\"gap-element clearfix\" style=\"display:block; height:auto;\">\n\t\t\n<style>\n#gap-2032402836 {\n  padding-top: 30px;\n}\n<\/style>\n\t<\/div>\n\t\n\n<p style=\"text-align: center;\">Disfruta del verano en movimiento en nuestras pistas polideportivas y de p\u00e1del.<\/p>\n<p style=\"text-align: center;\">Ya sea un partido entre amigos o una competici\u00f3n improvisada, aqu\u00ed siempre hay espacio para la diversi\u00f3n y el deporte al aire libre.<\/p>\n<a href=\"https:\/\/campingetxarri.com\/es\/animacion\/\" target=\"_self\" class=\"button primary is-outline\"  >\n    <span>M\u00c1S INFORMACI\u00d3N<\/span>\n  <\/a>\n\n\n\n\t\t<\/div>\n\t\t\t\t\n<style>\n#col-557040768 > .col-inner {\n  padding: 8% 5% 5% 8%;\n  margin: 0px 0px 0px 0px;\n  border-radius: 22px;\n}\n<\/style>\n\t<\/div>\n\n\t\n\n<\/div>\n\n\t\t<\/div>\n\n\t\t\n<style>\n#section_1214779240 {\n  padding-top: 100px;\n  padding-bottom: 100px;\n}\n#section_1214779240 .section-bg.bg-loaded {\n  background-image: 5669;\n}\n#section_1214779240 .section-bg {\n  background-position: 36% 46%;\n}\n<\/style>\n\t<\/section>\n\t\n\t<div id=\"gap-1787230037\" class=\"gap-element clearfix\" style=\"display:block; height:auto;\">\n\t\t\n<style>\n#gap-1787230037 {\n  padding-top: 0px;\n}\n<\/style>\n\t<\/div>\n\t\n\n\n\n\n\n<p><\/p>\n","protected":false},"excerpt":{"rendered":"","protected":false},"author":1,"featured_media":0,"parent":0,"menu_order":0,"comment_status":"closed","ping_status":"closed","template":"page-blank.php","meta":{"inline_featured_image":false,"footnotes":""},"class_list":["post-21493","page","type-page","status-publish","hentry"],"yoast_head":"<!-- This site is optimized with the Yoast SEO plugin v21.7 - https:\/\/yoast.com\/wordpress\/plugins\/seo\/ -->\n<title>Verano - Camping Etxarri<\/title>\n<meta name=\"description\" content=\"Actividades y excursiones para toda la familia en Camping Etxarri. Parques naturales, excursiones y rutas en bici.\" \/>\n<meta name=\"robots\" content=\"index, follow, max-snippet:-1, max-image-preview:large, max-video-preview:-1\" \/>\n<link rel=\"canonical\" href=\"https:\/\/campingetxarri.com\/es\/verano\/\" \/>\n<meta property=\"og:locale\" content=\"es_ES\" \/>\n<meta property=\"og:type\" content=\"article\" \/>\n<meta property=\"og:title\" content=\"Verano - Camping Etxarri\" \/>\n<meta property=\"og:description\" content=\"Actividades y excursiones para toda la familia en Camping Etxarri. Parques naturales, excursiones y rutas en bici.\" \/>\n<meta property=\"og:url\" content=\"https:\/\/campingetxarri.com\/es\/verano\/\" \/>\n<meta property=\"og:site_name\" content=\"Camping Etxarri\" \/>\n<meta property=\"article:modified_time\" content=\"2026-04-28T08:36:47+00:00\" \/>\n<meta name=\"twitter:card\" content=\"summary_large_image\" \/>\n<meta name=\"twitter:label1\" content=\"Tiempo de lectura\" \/>\n\t<meta name=\"twitter:data1\" content=\"5 minutos\" \/>\n<script type=\"application\/ld+json\" class=\"yoast-schema-graph\">{\"@context\":\"https:\/\/schema.org\",\"@graph\":[{\"@type\":\"WebPage\",\"@id\":\"https:\/\/campingetxarri.com\/es\/verano\/\",\"url\":\"https:\/\/campingetxarri.com\/es\/verano\/\",\"name\":\"Verano - Camping Etxarri\",\"isPartOf\":{\"@id\":\"https:\/\/campingetxarri.com\/es\/#website\"},\"datePublished\":\"2026-04-23T09:51:29+00:00\",\"dateModified\":\"2026-04-28T08:36:47+00:00\",\"description\":\"Actividades y excursiones para toda la familia en Camping Etxarri. Parques naturales, excursiones y rutas en bici.\",\"breadcrumb\":{\"@id\":\"https:\/\/campingetxarri.com\/es\/verano\/#breadcrumb\"},\"inLanguage\":\"es\",\"potentialAction\":[{\"@type\":\"ReadAction\",\"target\":[\"https:\/\/campingetxarri.com\/es\/verano\/\"]}]},{\"@type\":\"BreadcrumbList\",\"@id\":\"https:\/\/campingetxarri.com\/es\/verano\/#breadcrumb\",\"itemListElement\":[{\"@type\":\"ListItem\",\"position\":1,\"name\":\"Portada\",\"item\":\"https:\/\/campingetxarri.com\/es\/\"},{\"@type\":\"ListItem\",\"position\":2,\"name\":\"Verano\"}]},{\"@type\":\"WebSite\",\"@id\":\"https:\/\/campingetxarri.com\/es\/#website\",\"url\":\"https:\/\/campingetxarri.com\/es\/\",\"name\":\"Camping Etxarri\",\"description\":\"\",\"potentialAction\":[{\"@type\":\"SearchAction\",\"target\":{\"@type\":\"EntryPoint\",\"urlTemplate\":\"https:\/\/campingetxarri.com\/es\/?s={search_term_string}\"},\"query-input\":\"required name=search_term_string\"}],\"inLanguage\":\"es\"}]}<\/script>\n<!-- \/ Yoast SEO plugin. -->","yoast_head_json":{"title":"Verano - Camping Etxarri","description":"Actividades y excursiones para toda la familia en Camping Etxarri. Parques naturales, excursiones y rutas en bici.","robots":{"index":"index","follow":"follow","max-snippet":"max-snippet:-1","max-image-preview":"max-image-preview:large","max-video-preview":"max-video-preview:-1"},"canonical":"https:\/\/campingetxarri.com\/es\/verano\/","og_locale":"es_ES","og_type":"article","og_title":"Verano - Camping Etxarri","og_description":"Actividades y excursiones para toda la familia en Camping Etxarri. Parques naturales, excursiones y rutas en bici.","og_url":"https:\/\/campingetxarri.com\/es\/verano\/","og_site_name":"Camping Etxarri","article_modified_time":"2026-04-28T08:36:47+00:00","twitter_card":"summary_large_image","twitter_misc":{"Tiempo de lectura":"5 minutos"},"schema":{"@context":"https:\/\/schema.org","@graph":[{"@type":"WebPage","@id":"https:\/\/campingetxarri.com\/es\/verano\/","url":"https:\/\/campingetxarri.com\/es\/verano\/","name":"Verano - Camping Etxarri","isPartOf":{"@id":"https:\/\/campingetxarri.com\/es\/#website"},"datePublished":"2026-04-23T09:51:29+00:00","dateModified":"2026-04-28T08:36:47+00:00","description":"Actividades y excursiones para toda la familia en Camping Etxarri. Parques naturales, excursiones y rutas en bici.","breadcrumb":{"@id":"https:\/\/campingetxarri.com\/es\/verano\/#breadcrumb"},"inLanguage":"es","potentialAction":[{"@type":"ReadAction","target":["https:\/\/campingetxarri.com\/es\/verano\/"]}]},{"@type":"BreadcrumbList","@id":"https:\/\/campingetxarri.com\/es\/verano\/#breadcrumb","itemListElement":[{"@type":"ListItem","position":1,"name":"Portada","item":"https:\/\/campingetxarri.com\/es\/"},{"@type":"ListItem","position":2,"name":"Verano"}]},{"@type":"WebSite","@id":"https:\/\/campingetxarri.com\/es\/#website","url":"https:\/\/campingetxarri.com\/es\/","name":"Camping Etxarri","description":"","potentialAction":[{"@type":"SearchAction","target":{"@type":"EntryPoint","urlTemplate":"https:\/\/campingetxarri.com\/es\/?s={search_term_string}"},"query-input":"required name=search_term_string"}],"inLanguage":"es"}]}},"_links":{"self":[{"href":"https:\/\/campingetxarri.com\/es\/wp-json\/wp\/v2\/pages\/21493","targetHints":{"allow":["GET"]}}],"collection":[{"href":"https:\/\/campingetxarri.com\/es\/wp-json\/wp\/v2\/pages"}],"about":[{"href":"https:\/\/campingetxarri.com\/es\/wp-json\/wp\/v2\/types\/page"}],"author":[{"embeddable":true,"href":"https:\/\/campingetxarri.com\/es\/wp-json\/wp\/v2\/users\/1"}],"replies":[{"embeddable":true,"href":"https:\/\/campingetxarri.com\/es\/wp-json\/wp\/v2\/comments?post=21493"}],"version-history":[{"count":14,"href":"https:\/\/campingetxarri.com\/es\/wp-json\/wp\/v2\/pages\/21493\/revisions"}],"predecessor-version":[{"id":21521,"href":"https:\/\/campingetxarri.com\/es\/wp-json\/wp\/v2\/pages\/21493\/revisions\/21521"}],"wp:attachment":[{"href":"https:\/\/campingetxarri.com\/es\/wp-json\/wp\/v2\/media?parent=21493"}],"curies":[{"name":"wp","href":"https:\/\/api.w.org\/{rel}","templated":true}]}}