{"id":13268,"date":"2023-10-30T09:45:07","date_gmt":"2023-10-30T08:45:07","guid":{"rendered":"https:\/\/campingetxarri.com\/?page_id=13268"},"modified":"2024-08-22T18:32:44","modified_gmt":"2024-08-22T16:32:44","slug":"parcelas-erdi","status":"publish","type":"page","link":"https:\/\/campingetxarri.com\/es\/parcelas-erdi\/","title":{"rendered":"Parcelas Erdi"},"content":{"rendered":"\n\t<section class=\"section\" id=\"section_461705843\">\n\t\t<div class=\"bg section-bg fill bg-fill bg-loaded bg-loaded\" >\n\n\t\t\t\n\t\t\t\n\t\t\t\n\n\t\t<\/div>\n\n\t\t\n\n\t\t<div class=\"section-content relative\">\n\t\t\t\n\n<div class=\"row\"  id=\"row-1760329351\">\n\n\n\t<div id=\"col-126950222\" class=\"col medium-3 small-12 large-3\"  >\n\t\t\t\t<div class=\"col-inner\"  >\n\t\t\t\n\t\t\t\n\n\t<div id=\"text-3456955923\" class=\"text\">\n\t\t\n\n<h1><span style=\"font-size: 140%; font-family: hkbold;\" data-text-color=\"primary\">PARCELAS erdi<\/span><\/h1>\n\t\t\n<style>\n#text-3456955923 {\n  text-align: left;\n  color: rgb(0,0,0);\n}\n#text-3456955923 > * {\n  color: rgb(0,0,0);\n}\n<\/style>\n\t<\/div>\n\t\n\t<div id=\"gap-792048347\" class=\"gap-element clearfix\" style=\"display:block; height:auto;\">\n\t\t\n<style>\n#gap-792048347 {\n  padding-top: 30px;\n}\n<\/style>\n\t<\/div>\n\t\n\n\n\t\t<\/div>\n\t\t\t\t\n<style>\n#col-126950222 > .col-inner {\n  margin: 0px 0px -50px 0px;\n}\n<\/style>\n\t<\/div>\n\n\t\n\n\t<div id=\"col-38881547\" class=\"col medium-4 small-12 large-4\"  >\n\t\t\t\t<div class=\"col-inner\"  >\n\t\t\t\n\t\t\t\n\n\n\t\t<\/div>\n\t\t\t\t\n<style>\n#col-38881547 > .col-inner {\n  padding: 10px 0px 0px 0px;\n}\n<\/style>\n\t<\/div>\n\n\t\n\n<\/div>\n<div class=\"row show-for-medium\"  id=\"row-2078695222\">\n\n\n\t<div id=\"col-932157171\" class=\"col small-12 large-12\"  >\n\t\t\t\t<div class=\"col-inner\"  >\n\t\t\t\n\t\t\t\n\n<div class=\"slider-wrapper relative\" id=\"slider-721687462\" >\n    <div class=\"slider slider-nav-circle slider-nav-large slider-nav-light slider-style-normal\"\n        data-flickity-options='{\n            \"cellAlign\": \"center\",\n            \"imagesLoaded\": true,\n            \"lazyLoad\": 1,\n            \"freeScroll\": false,\n            \"wrapAround\": true,\n            \"autoPlay\": 6000,\n            \"pauseAutoPlayOnHover\" : true,\n            \"prevNextButtons\": true,\n            \"contain\" : true,\n            \"adaptiveHeight\" : true,\n            \"dragThreshold\" : 10,\n            \"percentPosition\": true,\n            \"pageDots\": true,\n            \"rightToLeft\": false,\n            \"draggable\": true,\n            \"selectedAttraction\": 0.1,\n            \"parallax\" : 0,\n            \"friction\": 0.6        }'\n        >\n        \n\n\t<div class=\"img has-hover x md-x lg-x y md-y lg-y\" id=\"image_20684531\">\n\t\t\t\t\t\t\t\t<div class=\"img-inner image-cover dark\" style=\"padding-top:75%;\">\n\t\t\t<img loading=\"lazy\" decoding=\"async\" width=\"1020\" height=\"459\" src=\"https:\/\/campingetxarri.com\/wp-content\/uploads\/2023\/10\/WhatsApp-Image-2023-01-05-at-12.55.38-1024x461.jpeg\" class=\"attachment-large size-large\" alt=\"Camping Etxarri, alojamientos. parcelas Navarra\" srcset=\"https:\/\/campingetxarri.com\/wp-content\/uploads\/2023\/10\/WhatsApp-Image-2023-01-05-at-12.55.38-1024x461.jpeg 1024w, https:\/\/campingetxarri.com\/wp-content\/uploads\/2023\/10\/WhatsApp-Image-2023-01-05-at-12.55.38-300x135.jpeg 300w, https:\/\/campingetxarri.com\/wp-content\/uploads\/2023\/10\/WhatsApp-Image-2023-01-05-at-12.55.38-768x346.jpeg 768w, https:\/\/campingetxarri.com\/wp-content\/uploads\/2023\/10\/WhatsApp-Image-2023-01-05-at-12.55.38-1536x691.jpeg 1536w, https:\/\/campingetxarri.com\/wp-content\/uploads\/2023\/10\/WhatsApp-Image-2023-01-05-at-12.55.38.jpeg 1600w\" sizes=\"auto, (max-width: 1020px) 100vw, 1020px\" \/>\t\t\t\t\t\t\n\t\t\t\t\t<\/div>\n\t\t\t\t\t\t\t\t\n<style>\n#image_20684531 {\n  width: 100%;\n}\n<\/style>\n\t<\/div>\n\t\n\n\t<div class=\"img has-hover x md-x lg-x y md-y lg-y\" id=\"image_142333405\">\n\t\t\t\t\t\t\t\t<div class=\"img-inner image-cover dark\" style=\"padding-top:75%;\">\n\t\t\t<img loading=\"lazy\" decoding=\"async\" width=\"1020\" height=\"459\" src=\"https:\/\/campingetxarri.com\/wp-content\/uploads\/2023\/10\/ERDI-PARTZELA-1024x461.jpeg\" class=\"attachment-large size-large\" alt=\"Camping Etxarri, alojamientos. parcelas Navarra\" srcset=\"https:\/\/campingetxarri.com\/wp-content\/uploads\/2023\/10\/ERDI-PARTZELA-1024x461.jpeg 1024w, https:\/\/campingetxarri.com\/wp-content\/uploads\/2023\/10\/ERDI-PARTZELA-300x135.jpeg 300w, https:\/\/campingetxarri.com\/wp-content\/uploads\/2023\/10\/ERDI-PARTZELA-768x346.jpeg 768w, https:\/\/campingetxarri.com\/wp-content\/uploads\/2023\/10\/ERDI-PARTZELA-1536x691.jpeg 1536w, https:\/\/campingetxarri.com\/wp-content\/uploads\/2023\/10\/ERDI-PARTZELA.jpeg 1600w\" sizes=\"auto, (max-width: 1020px) 100vw, 1020px\" \/>\t\t\t\t\t\t\n\t\t\t\t\t<\/div>\n\t\t\t\t\t\t\t\t\n<style>\n#image_142333405 {\n  width: 100%;\n}\n<\/style>\n\t<\/div>\n\t\n\n\t<div class=\"img has-hover x md-x lg-x y md-y lg-y\" id=\"image_1742626180\">\n\t\t\t\t\t\t\t\t<div class=\"img-inner image-cover dark\" style=\"padding-top:75%;\">\n\t\t\t<img loading=\"lazy\" decoding=\"async\" width=\"1020\" height=\"459\" src=\"https:\/\/campingetxarri.com\/wp-content\/uploads\/2023\/10\/WhatsApp-Image-2023-01-05-at-12.55.44-1-1024x461.jpeg\" class=\"attachment-large size-large\" alt=\"Camping Etxarri, alojamientos. parcelas Navarra\" srcset=\"https:\/\/campingetxarri.com\/wp-content\/uploads\/2023\/10\/WhatsApp-Image-2023-01-05-at-12.55.44-1-1024x461.jpeg 1024w, https:\/\/campingetxarri.com\/wp-content\/uploads\/2023\/10\/WhatsApp-Image-2023-01-05-at-12.55.44-1-300x135.jpeg 300w, https:\/\/campingetxarri.com\/wp-content\/uploads\/2023\/10\/WhatsApp-Image-2023-01-05-at-12.55.44-1-768x346.jpeg 768w, https:\/\/campingetxarri.com\/wp-content\/uploads\/2023\/10\/WhatsApp-Image-2023-01-05-at-12.55.44-1-1536x691.jpeg 1536w, https:\/\/campingetxarri.com\/wp-content\/uploads\/2023\/10\/WhatsApp-Image-2023-01-05-at-12.55.44-1.jpeg 1600w\" sizes=\"auto, (max-width: 1020px) 100vw, 1020px\" \/>\t\t\t\t\t\t\n\t\t\t\t\t<\/div>\n\t\t\t\t\t\t\t\t\n<style>\n#image_1742626180 {\n  width: 100%;\n}\n<\/style>\n\t<\/div>\n\t\n\n\n     <\/div>\n\n     <div class=\"loading-spin dark large centered\"><\/div>\n\n\t<\/div>\n\n\n\n\t\t<\/div>\n\t\t\t\t\t<\/div>\n\n\t\n\n<\/div>\n<div class=\"row hide-for-medium\"  id=\"row-1853254530\">\n\n\n\t<div id=\"col-542638657\" class=\"col small-12 large-12\"  >\n\t\t\t\t<div class=\"col-inner\"  >\n\t\t\t\n\t\t\t\n\n  <div class=\"banner-grid-wrapper\">\n  <div id=\"banner-grid-1752763804\" class=\"banner-grid row row-grid row-small\" data-packery-options=\"\">\n                      \n\n<div class=\"col grid-col small-13 large-8 grid-col-1\" ><div class=\"col-inner\">\n\n\t<div class=\"img has-hover x md-x lg-x y md-y lg-y\" id=\"image_1031438361\">\n\t\t\t\t\t\t\t\t<div class=\"img-inner image-cover dark\" style=\"padding-top:100%;\">\n\t\t\t<img loading=\"lazy\" decoding=\"async\" width=\"1000\" height=\"750\" src=\"https:\/\/campingetxarri.com\/wp-content\/uploads\/2024\/01\/IMG_20210822_133439-1-scaled-1.jpg\" class=\"attachment-original size-original\" alt=\"Camping Etxarri, alojamientos. Parcelas Navarra\" srcset=\"https:\/\/campingetxarri.com\/wp-content\/uploads\/2024\/01\/IMG_20210822_133439-1-scaled-1.jpg 1000w, https:\/\/campingetxarri.com\/wp-content\/uploads\/2024\/01\/IMG_20210822_133439-1-scaled-1-300x225.jpg 300w, https:\/\/campingetxarri.com\/wp-content\/uploads\/2024\/01\/IMG_20210822_133439-1-scaled-1-768x576.jpg 768w\" sizes=\"auto, (max-width: 1000px) 100vw, 1000px\" \/>\t\t\t\t\t\t\n\t\t\t\t\t<\/div>\n\t\t\t\t\t\t\t\t\n<style>\n#image_1031438361 {\n  width: 100%;\n}\n<\/style>\n\t<\/div>\n\t\n\n\n<\/div><\/div>\n<div class=\"col grid-col small-15 large-4 grid-col-1-2\" ><div class=\"col-inner\">\n\n\t<div class=\"img has-hover x md-x lg-x y md-y lg-y\" id=\"image_813860417\">\n\t\t\t\t\t\t\t\t<div class=\"img-inner image-cover dark\" style=\"padding-top:100%;\">\n\t\t\t<img loading=\"lazy\" decoding=\"async\" width=\"1000\" height=\"750\" src=\"https:\/\/campingetxarri.com\/wp-content\/uploads\/2024\/08\/erdi-tiendas-camping.jpg\" class=\"attachment-original size-original\" alt=\"alojamiento parcelas erdi\" srcset=\"https:\/\/campingetxarri.com\/wp-content\/uploads\/2024\/08\/erdi-tiendas-camping.jpg 1000w, https:\/\/campingetxarri.com\/wp-content\/uploads\/2024\/08\/erdi-tiendas-camping-300x225.jpg 300w, https:\/\/campingetxarri.com\/wp-content\/uploads\/2024\/08\/erdi-tiendas-camping-768x576.jpg 768w\" sizes=\"auto, (max-width: 1000px) 100vw, 1000px\" \/>\t\t\t\t\t\t\n\t\t\t\t\t<\/div>\n\t\t\t\t\t\t\t\t\n<style>\n#image_813860417 {\n  width: 100%;\n}\n<\/style>\n\t<\/div>\n\t\n\n\n<\/div><\/div>\n<div class=\"col grid-col small-14 large-4 grid-col-1-2\" ><div class=\"col-inner\">\n\n\t<div class=\"img has-hover x md-x lg-x y md-y lg-y\" id=\"image_1493518588\">\n\t\t\t\t\t\t\t\t<div class=\"img-inner image-cover dark\" style=\"padding-top:100%;\">\n\t\t\t<img loading=\"lazy\" decoding=\"async\" width=\"1000\" height=\"750\" src=\"https:\/\/campingetxarri.com\/wp-content\/uploads\/2024\/08\/erdi-furgoneta-tienda.jpg\" class=\"attachment-original size-original\" alt=\"alojamiento parcelas erdi\" srcset=\"https:\/\/campingetxarri.com\/wp-content\/uploads\/2024\/08\/erdi-furgoneta-tienda.jpg 1000w, https:\/\/campingetxarri.com\/wp-content\/uploads\/2024\/08\/erdi-furgoneta-tienda-300x225.jpg 300w, https:\/\/campingetxarri.com\/wp-content\/uploads\/2024\/08\/erdi-furgoneta-tienda-768x576.jpg 768w\" sizes=\"auto, (max-width: 1000px) 100vw, 1000px\" \/>\t\t\t\t\t\t\n\t\t\t\t\t<\/div>\n\t\t\t\t\t\t\t\t\n<style>\n#image_1493518588 {\n  width: 100%;\n}\n<\/style>\n\t<\/div>\n\t\n\n\n<\/div><\/div>\n\n            <\/div>\n    <style>\n    #banner-grid-1752763804 .grid-col-1{height: 600px}\n    #banner-grid-1752763804 .grid-col-1-2{height: 300px}\n    #banner-grid-1752763804 .grid-col-1-3{height:200px}\n    #banner-grid-1752763804 .grid-col-2-3{height: 400px}\n    #banner-grid-1752763804 .grid-col-1-4{height: 150px}\n    #banner-grid-1752763804 .grid-col-3-4{height: 450px}\n\n\n    \n    \n\n  <\/style>\n    <\/div>\n  \n<div class=\"is-divider divider clearfix\" style=\"max-width:1280px;height:1px;\"><\/div>\n\n\n\t\t<\/div>\n\t\t\t\t\t<\/div>\n\n\t\n\n<\/div>\n<div class=\"row row-large\"  id=\"row-799445115\">\n\n\n\t<div id=\"col-1056689643\" class=\"col medium-8 small-12 large-8\"  >\n\t\t\t\t<div class=\"col-inner text-left\"  >\n\t\t\t\n\t\t\t\n\n<h2>COMODIDAD Y TRANQUILIDAD EN ETXARRI<\/h2>\n<p>En Camping Etxarri entendemos que la comodidad y la tranquilidad son esenciales durante tus vacaciones. Por eso, nuestras parcelas Erdi son perfectas para aquellos que deseen estar en contacto con la naturaleza.<\/p>\n<p>Estas parcelas medianas, de hierba o de gravilla, acogen furgonetas peque\u00f1as y medianas y tiendas de campa\u00f1a. Est\u00e1n protegidas por la sombra de los \u00e1rboles del camping, donde te garantizamos la privacidad y la tranquilidad que te mereces.<\/p>\n<p>Hay que tener en cuenta que la toma de luz puede no estar en la propia parcela, por lo que recomendamos llevar un alargador.<\/p>\n<p>Reserva ahora parcela en Camping Etxarri y te esperamos en Navarra.<\/p>\n<a href=\"https:\/\/q10-etxarri-dot-q10-campings.appspot.com\/booking1?adultsRoom1=2&#038;advanced_filters=%3B1\" target=\"_self\" class=\"button primary\"  style=\"padding:8px 30px 8px 30px;\">\n    <span>Reserva ahora<\/span>\n  <\/a>\n\n\n\n\t\t<\/div>\n\t\t\t\t\t<\/div>\n\n\t\n\n\t<div id=\"col-438206155\" class=\"col medium-4 small-12 large-4\"  data-animate=\"fadeInUp\">\n\t\t\t\t<div class=\"col-inner text-left\" style=\"background-color:#e7d3b1;\" >\n\t\t\t\n\t<div class=\"is-border\"\n\t\tstyle=\"border-width:0px 0px 0px 0px;\">\n\t<\/div>\n\t\t\t\n\n<div class=\"row\"  id=\"row-103550968\">\n\n\n\t<div id=\"col-997576657\" class=\"col medium-6 small-12 large-6\"  >\n\t\t\t\t<div class=\"col-inner\"  >\n\t\t\t\n\t\t\t\n\n\n\t\t<div class=\"icon-box featured-box icon-box-left text-left\"  style=\"margin:0px 0px 15px 0px;\">\n\t\t\t\t\t<div class=\"icon-box-img\" style=\"width: 20px\">\n\t\t\t\t<div class=\"icon\">\n\t\t\t\t\t<div class=\"icon-inner\" >\n\t\t\t\t\t\t<img loading=\"lazy\" decoding=\"async\" width=\"1\" height=\"1\" src=\"https:\/\/campingetxarri.com\/wp-content\/uploads\/2023\/02\/bathroom-shower-1.svg\" class=\"attachment-medium size-medium\" alt=\"\" \/>\t\t\t\t\t<\/div>\n\t\t\t\t<\/div>\n\t\t\t<\/div>\n\t\t\t\t<div class=\"icon-box-text last-reset\">\n\t\t\t\t\t\t\t\t\t\n\n<p><span style=\"font-size: 90%;\">Ba\u00f1o en las instalaciones<\/span><\/p>\n\n\t\t<\/div>\n\t<\/div>\n\t\n\t\n\n\t\t<div class=\"icon-box featured-box icon-box-left text-left\"  style=\"margin:0px 0px 15px 0px;\">\n\t\t\t\t\t<div class=\"icon-box-img\" style=\"width: 20px\">\n\t\t\t\t<div class=\"icon\">\n\t\t\t\t\t<div class=\"icon-inner\" >\n\t\t\t\t\t\t<img loading=\"lazy\" decoding=\"async\" width=\"1\" height=\"1\" src=\"https:\/\/campingetxarri.com\/wp-content\/uploads\/2024\/08\/icon-alargador.svg\" class=\"attachment-medium size-medium\" alt=\"\" \/>\t\t\t\t\t<\/div>\n\t\t\t\t<\/div>\n\t\t\t<\/div>\n\t\t\t\t<div class=\"icon-box-text last-reset\">\n\t\t\t\t\t\t\t\t\t\n\n<p><span style=\"font-size: 90%;\">Necesario alargador<\/span><\/p>\n\n\t\t<\/div>\n\t<\/div>\n\t\n\t\n\n\t\t<div class=\"icon-box featured-box icon-box-left text-left\"  style=\"margin:0px 0px 15px 0px;\">\n\t\t\t\t\t<div class=\"icon-box-img\" style=\"width: 20px\">\n\t\t\t\t<div class=\"icon\">\n\t\t\t\t\t<div class=\"icon-inner\" >\n\t\t\t\t\t\t<img loading=\"lazy\" decoding=\"async\" width=\"1\" height=\"1\" src=\"https:\/\/campingetxarri.com\/wp-content\/uploads\/2024\/08\/icon-hierba-gravilla.svg\" class=\"attachment-medium size-medium\" alt=\"\" \/>\t\t\t\t\t<\/div>\n\t\t\t\t<\/div>\n\t\t\t<\/div>\n\t\t\t\t<div class=\"icon-box-text last-reset\">\n\t\t\t\t\t\t\t\t\t\n\n<p><span style=\"font-size: 90%;\">Hierba \/ Gravilla<\/span><\/p>\n\n\t\t<\/div>\n\t<\/div>\n\t\n\t\n\t<div id=\"gap-2127983155\" class=\"gap-element clearfix\" style=\"display:block; height:auto;\">\n\t\t\n<style>\n#gap-2127983155 {\n  padding-top: 20px;\n}\n@media (min-width:550px) {\n  #gap-2127983155 {\n    padding-top: 20px;\n  }\n}\n<\/style>\n\t<\/div>\n\t\n\n\n\t\t<\/div>\n\t\t\t\t\n<style>\n#col-997576657 > .col-inner {\n  margin: 0px 0px -50px 0px;\n}\n<\/style>\n\t<\/div>\n\n\t\n\n\t<div id=\"col-853362968\" class=\"col medium-6 small-12 large-6\"  >\n\t\t\t\t<div class=\"col-inner\"  >\n\t\t\t\n\t\t\t\n\n\n\t\t<div class=\"icon-box featured-box icon-box-left text-left\"  style=\"margin:0px 0px 15px 0px;\">\n\t\t\t\t\t<div class=\"icon-box-img\" style=\"width: 20px\">\n\t\t\t\t<div class=\"icon\">\n\t\t\t\t\t<div class=\"icon-inner\" >\n\t\t\t\t\t\t<img loading=\"lazy\" decoding=\"async\" width=\"300\" height=\"300\" src=\"https:\/\/campingetxarri.com\/wp-content\/uploads\/2023\/10\/enchufe-300x300-1.png\" class=\"attachment-medium size-medium\" alt=\"\" srcset=\"https:\/\/campingetxarri.com\/wp-content\/uploads\/2023\/10\/enchufe-300x300-1.png 300w, https:\/\/campingetxarri.com\/wp-content\/uploads\/2023\/10\/enchufe-300x300-1-150x150.png 150w\" sizes=\"auto, (max-width: 300px) 100vw, 300px\" \/>\t\t\t\t\t<\/div>\n\t\t\t\t<\/div>\n\t\t\t<\/div>\n\t\t\t\t<div class=\"icon-box-text last-reset\">\n\t\t\t\t\t\t\t\t\t\n\n<p><span style=\"font-size: 90%;\">6A<\/span><\/p>\n\n\t\t<\/div>\n\t<\/div>\n\t\n\t\n\n\t\t<div class=\"icon-box featured-box icon-box-left text-left\"  style=\"margin:0px 0px 15px 0px;\">\n\t\t\t\t\t<div class=\"icon-box-img\" style=\"width: 20px\">\n\t\t\t\t<div class=\"icon\">\n\t\t\t\t\t<div class=\"icon-inner\" >\n\t\t\t\t\t\t<img loading=\"lazy\" decoding=\"async\" width=\"1\" height=\"1\" src=\"https:\/\/campingetxarri.com\/wp-content\/uploads\/2024\/08\/icon-furgoneta-tienda.svg\" class=\"attachment-medium size-medium\" alt=\"\" \/>\t\t\t\t\t<\/div>\n\t\t\t\t<\/div>\n\t\t\t<\/div>\n\t\t\t\t<div class=\"icon-box-text last-reset\">\n\t\t\t\t\t\t\t\t\t\n\n<p><span style=\"font-size: 90%;\">Furgoneta peque\u00f1a o mediana \/ tienda<\/span><\/p>\n\n\t\t<\/div>\n\t<\/div>\n\t\n\t\n\n\t\t<div class=\"icon-box featured-box icon-box-left text-left\"  style=\"margin:0px 0px 15px 0px;\">\n\t\t\t\t\t<div class=\"icon-box-img\" style=\"width: 20px\">\n\t\t\t\t<div class=\"icon\">\n\t\t\t\t\t<div class=\"icon-inner\" >\n\t\t\t\t\t\t<img loading=\"lazy\" decoding=\"async\" width=\"1\" height=\"1\" src=\"https:\/\/campingetxarri.com\/wp-content\/uploads\/2023\/02\/dog-01.svg\" class=\"attachment-medium size-medium\" alt=\"\" \/>\t\t\t\t\t<\/div>\n\t\t\t\t<\/div>\n\t\t\t<\/div>\n\t\t\t\t<div class=\"icon-box-text last-reset\">\n\t\t\t\t\t\t\t\t\t\n\n<p><span style=\"font-size: 90%;\">Trae a tu mascota<\/span><\/p>\n\n\t\t<\/div>\n\t<\/div>\n\t\n\t\n\n\t\t<\/div>\n\t\t\t\t\n<style>\n#col-853362968 > .col-inner {\n  margin: 0px 0px -50px 0px;\n}\n<\/style>\n\t<\/div>\n\n\t\n\n<\/div>\n\n\t\t<\/div>\n\t\t\t\t\n<style>\n#col-438206155 > .col-inner {\n  padding: 15% 10% 15% 10%;\n  margin: 0px 0px 0px 0px;\n  border-radius: 64px;\n}\n<\/style>\n\t<\/div>\n\n\t\n\n<\/div>\n\n\t\t<\/div>\n\n\t\t\n<style>\n#section_461705843 {\n  padding-top: 50px;\n  padding-bottom: 50px;\n}\n@media (min-width:550px) {\n  #section_461705843 {\n    padding-top: 110px;\n    padding-bottom: 110px;\n  }\n}\n@media (min-width:850px) {\n  #section_461705843 {\n    padding-top: 131px;\n    padding-bottom: 131px;\n  }\n}\n<\/style>\n\t<\/section>\n\t\n\n","protected":false},"excerpt":{"rendered":"","protected":false},"author":1,"featured_media":0,"parent":0,"menu_order":0,"comment_status":"closed","ping_status":"closed","template":"page-blank.php","meta":{"inline_featured_image":false,"footnotes":""},"class_list":["post-13268","page","type-page","status-publish","hentry"],"yoast_head":"<!-- This site is optimized with the Yoast SEO plugin v21.7 - https:\/\/yoast.com\/wordpress\/plugins\/seo\/ -->\n<title>Parcelas Erdi - Camping Etxarri<\/title>\n<meta name=\"description\" content=\"Parcelas para furgonetas y campers en Camping Etxarri. Superficie de 55\u202fm\u00b2 con electricidad y sombra. Sanitarios y ba\u00f1os en las instalaciones.\" \/>\n<meta name=\"robots\" content=\"index, follow, max-snippet:-1, max-image-preview:large, max-video-preview:-1\" \/>\n<link rel=\"canonical\" href=\"https:\/\/campingetxarri.com\/es\/parcelas-erdi\/\" \/>\n<meta property=\"og:locale\" content=\"es_ES\" \/>\n<meta property=\"og:type\" content=\"article\" \/>\n<meta property=\"og:title\" content=\"Parcelas Erdi - Camping Etxarri\" \/>\n<meta property=\"og:description\" content=\"Parcelas para furgonetas y campers en Camping Etxarri. Superficie de 55\u202fm\u00b2 con electricidad y sombra. Sanitarios y ba\u00f1os en las instalaciones.\" \/>\n<meta property=\"og:url\" content=\"https:\/\/campingetxarri.com\/es\/parcelas-erdi\/\" \/>\n<meta property=\"og:site_name\" content=\"Camping Etxarri\" \/>\n<meta property=\"article:modified_time\" content=\"2024-08-22T16:32:44+00:00\" \/>\n<meta name=\"twitter:card\" content=\"summary_large_image\" \/>\n<meta name=\"twitter:label1\" content=\"Tiempo de lectura\" \/>\n\t<meta name=\"twitter:data1\" content=\"2 minutos\" \/>\n<script type=\"application\/ld+json\" class=\"yoast-schema-graph\">{\"@context\":\"https:\/\/schema.org\",\"@graph\":[{\"@type\":\"WebPage\",\"@id\":\"https:\/\/campingetxarri.com\/es\/parcelas-erdi\/\",\"url\":\"https:\/\/campingetxarri.com\/es\/parcelas-erdi\/\",\"name\":\"Parcelas Erdi - Camping Etxarri\",\"isPartOf\":{\"@id\":\"https:\/\/campingetxarri.com\/es\/#website\"},\"datePublished\":\"2023-10-30T08:45:07+00:00\",\"dateModified\":\"2024-08-22T16:32:44+00:00\",\"description\":\"Parcelas para furgonetas y campers en Camping Etxarri. Superficie de 55\u202fm\u00b2 con electricidad y sombra. Sanitarios y ba\u00f1os en las instalaciones.\",\"breadcrumb\":{\"@id\":\"https:\/\/campingetxarri.com\/es\/parcelas-erdi\/#breadcrumb\"},\"inLanguage\":\"es\",\"potentialAction\":[{\"@type\":\"ReadAction\",\"target\":[\"https:\/\/campingetxarri.com\/es\/parcelas-erdi\/\"]}]},{\"@type\":\"BreadcrumbList\",\"@id\":\"https:\/\/campingetxarri.com\/es\/parcelas-erdi\/#breadcrumb\",\"itemListElement\":[{\"@type\":\"ListItem\",\"position\":1,\"name\":\"Portada\",\"item\":\"https:\/\/campingetxarri.com\/es\/\"},{\"@type\":\"ListItem\",\"position\":2,\"name\":\"Parcelas Erdi\"}]},{\"@type\":\"WebSite\",\"@id\":\"https:\/\/campingetxarri.com\/es\/#website\",\"url\":\"https:\/\/campingetxarri.com\/es\/\",\"name\":\"Camping Etxarri\",\"description\":\"\",\"potentialAction\":[{\"@type\":\"SearchAction\",\"target\":{\"@type\":\"EntryPoint\",\"urlTemplate\":\"https:\/\/campingetxarri.com\/es\/?s={search_term_string}\"},\"query-input\":\"required name=search_term_string\"}],\"inLanguage\":\"es\"}]}<\/script>\n<!-- \/ Yoast SEO plugin. -->","yoast_head_json":{"title":"Parcelas Erdi - Camping Etxarri","description":"Parcelas para furgonetas y campers en Camping Etxarri. Superficie de 55\u202fm\u00b2 con electricidad y sombra. Sanitarios y ba\u00f1os en las instalaciones.","robots":{"index":"index","follow":"follow","max-snippet":"max-snippet:-1","max-image-preview":"max-image-preview:large","max-video-preview":"max-video-preview:-1"},"canonical":"https:\/\/campingetxarri.com\/es\/parcelas-erdi\/","og_locale":"es_ES","og_type":"article","og_title":"Parcelas Erdi - Camping Etxarri","og_description":"Parcelas para furgonetas y campers en Camping Etxarri. Superficie de 55\u202fm\u00b2 con electricidad y sombra. Sanitarios y ba\u00f1os en las instalaciones.","og_url":"https:\/\/campingetxarri.com\/es\/parcelas-erdi\/","og_site_name":"Camping Etxarri","article_modified_time":"2024-08-22T16:32:44+00:00","twitter_card":"summary_large_image","twitter_misc":{"Tiempo de lectura":"2 minutos"},"schema":{"@context":"https:\/\/schema.org","@graph":[{"@type":"WebPage","@id":"https:\/\/campingetxarri.com\/es\/parcelas-erdi\/","url":"https:\/\/campingetxarri.com\/es\/parcelas-erdi\/","name":"Parcelas Erdi - Camping Etxarri","isPartOf":{"@id":"https:\/\/campingetxarri.com\/es\/#website"},"datePublished":"2023-10-30T08:45:07+00:00","dateModified":"2024-08-22T16:32:44+00:00","description":"Parcelas para furgonetas y campers en Camping Etxarri. Superficie de 55\u202fm\u00b2 con electricidad y sombra. Sanitarios y ba\u00f1os en las instalaciones.","breadcrumb":{"@id":"https:\/\/campingetxarri.com\/es\/parcelas-erdi\/#breadcrumb"},"inLanguage":"es","potentialAction":[{"@type":"ReadAction","target":["https:\/\/campingetxarri.com\/es\/parcelas-erdi\/"]}]},{"@type":"BreadcrumbList","@id":"https:\/\/campingetxarri.com\/es\/parcelas-erdi\/#breadcrumb","itemListElement":[{"@type":"ListItem","position":1,"name":"Portada","item":"https:\/\/campingetxarri.com\/es\/"},{"@type":"ListItem","position":2,"name":"Parcelas Erdi"}]},{"@type":"WebSite","@id":"https:\/\/campingetxarri.com\/es\/#website","url":"https:\/\/campingetxarri.com\/es\/","name":"Camping Etxarri","description":"","potentialAction":[{"@type":"SearchAction","target":{"@type":"EntryPoint","urlTemplate":"https:\/\/campingetxarri.com\/es\/?s={search_term_string}"},"query-input":"required name=search_term_string"}],"inLanguage":"es"}]}},"_links":{"self":[{"href":"https:\/\/campingetxarri.com\/es\/wp-json\/wp\/v2\/pages\/13268","targetHints":{"allow":["GET"]}}],"collection":[{"href":"https:\/\/campingetxarri.com\/es\/wp-json\/wp\/v2\/pages"}],"about":[{"href":"https:\/\/campingetxarri.com\/es\/wp-json\/wp\/v2\/types\/page"}],"author":[{"embeddable":true,"href":"https:\/\/campingetxarri.com\/es\/wp-json\/wp\/v2\/users\/1"}],"replies":[{"embeddable":true,"href":"https:\/\/campingetxarri.com\/es\/wp-json\/wp\/v2\/comments?post=13268"}],"version-history":[{"count":23,"href":"https:\/\/campingetxarri.com\/es\/wp-json\/wp\/v2\/pages\/13268\/revisions"}],"predecessor-version":[{"id":20281,"href":"https:\/\/campingetxarri.com\/es\/wp-json\/wp\/v2\/pages\/13268\/revisions\/20281"}],"wp:attachment":[{"href":"https:\/\/campingetxarri.com\/es\/wp-json\/wp\/v2\/media?parent=13268"}],"curies":[{"name":"wp","href":"https:\/\/api.w.org\/{rel}","templated":true}]}}