{"id":13245,"date":"2023-10-30T09:35:34","date_gmt":"2023-10-30T08:35:34","guid":{"rendered":"https:\/\/campingetxarri.com\/?page_id=13245"},"modified":"2026-03-02T13:48:10","modified_gmt":"2026-03-02T12:48:10","slug":"parcelas-ttipi","status":"publish","type":"page","link":"https:\/\/campingetxarri.com\/es\/parcelas-ttipi\/","title":{"rendered":"Parcelas Ttipi"},"content":{"rendered":"\n\t<section class=\"section\" id=\"section_1642567656\">\n\t\t<div class=\"bg section-bg fill bg-fill bg-loaded bg-loaded\" >\n\n\t\t\t\n\t\t\t\n\t\t\t\n\n\t\t<\/div>\n\n\t\t\n\n\t\t<div class=\"section-content relative\">\n\t\t\t\n\n<div class=\"row\"  id=\"row-1379050701\">\n\n\n\t<div id=\"col-1544508628\" class=\"col medium-3 small-12 large-3\"  >\n\t\t\t\t<div class=\"col-inner\"  >\n\t\t\t\n\t\t\t\n\n\t<div id=\"text-397635081\" class=\"text\">\n\t\t\n\n<h1><span style=\"font-size: 140%; font-family: hkbold;\" data-text-color=\"primary\">PARCELAS TTIPI<\/span><\/h1>\n\t\t\n<style>\n#text-397635081 {\n  text-align: left;\n  color: rgb(0,0,0);\n}\n#text-397635081 > * {\n  color: rgb(0,0,0);\n}\n<\/style>\n\t<\/div>\n\t\n\t<div id=\"gap-293913125\" class=\"gap-element clearfix\" style=\"display:block; height:auto;\">\n\t\t\n<style>\n#gap-293913125 {\n  padding-top: 30px;\n}\n<\/style>\n\t<\/div>\n\t\n\n\n\t\t<\/div>\n\t\t\t\t\n<style>\n#col-1544508628 > .col-inner {\n  margin: 0px 0px -50px 0px;\n}\n<\/style>\n\t<\/div>\n\n\t\n\n\t<div id=\"col-1666269360\" class=\"col medium-4 small-12 large-4\"  >\n\t\t\t\t<div class=\"col-inner\"  >\n\t\t\t\n\t\t\t\n\n\n\t\t<\/div>\n\t\t\t\t\n<style>\n#col-1666269360 > .col-inner {\n  padding: 10px 0px 0px 0px;\n}\n<\/style>\n\t<\/div>\n\n\t\n\n<\/div>\n<div class=\"row show-for-medium\"  id=\"row-816900657\">\n\n\n\t<div id=\"col-1081442851\" class=\"col small-12 large-12\"  >\n\t\t\t\t<div class=\"col-inner\"  >\n\t\t\t\n\t\t\t\n\n<div class=\"slider-wrapper relative\" id=\"slider-433965002\" >\n    <div class=\"slider slider-nav-circle slider-nav-large slider-nav-light slider-style-normal\"\n        data-flickity-options='{\n            \"cellAlign\": \"center\",\n            \"imagesLoaded\": true,\n            \"lazyLoad\": 1,\n            \"freeScroll\": false,\n            \"wrapAround\": true,\n            \"autoPlay\": 6000,\n            \"pauseAutoPlayOnHover\" : true,\n            \"prevNextButtons\": true,\n            \"contain\" : true,\n            \"adaptiveHeight\" : true,\n            \"dragThreshold\" : 10,\n            \"percentPosition\": true,\n            \"pageDots\": true,\n            \"rightToLeft\": false,\n            \"draggable\": true,\n            \"selectedAttraction\": 0.1,\n            \"parallax\" : 0,\n            \"friction\": 0.6        }'\n        >\n        \n\n\t<div class=\"img has-hover x md-x lg-x y md-y lg-y\" id=\"image_1026873667\">\n\t\t\t\t\t\t\t\t<div class=\"img-inner image-cover dark\" style=\"padding-top:75%;\">\n\t\t\t<img loading=\"lazy\" decoding=\"async\" width=\"1000\" height=\"750\" src=\"https:\/\/campingetxarri.com\/wp-content\/uploads\/2024\/01\/IMG_4191-1-scaled-1.jpg\" class=\"attachment-large size-large\" alt=\"Camping Etxarri, alojamientos. Parcelas Navarra\" srcset=\"https:\/\/campingetxarri.com\/wp-content\/uploads\/2024\/01\/IMG_4191-1-scaled-1.jpg 1000w, https:\/\/campingetxarri.com\/wp-content\/uploads\/2024\/01\/IMG_4191-1-scaled-1-300x225.jpg 300w, https:\/\/campingetxarri.com\/wp-content\/uploads\/2024\/01\/IMG_4191-1-scaled-1-768x576.jpg 768w\" sizes=\"auto, (max-width: 1000px) 100vw, 1000px\" \/>\t\t\t\t\t\t\n\t\t\t\t\t<\/div>\n\t\t\t\t\t\t\t\t\n<style>\n#image_1026873667 {\n  width: 100%;\n}\n<\/style>\n\t<\/div>\n\t\n\n\t<div class=\"img has-hover x md-x lg-x y md-y lg-y\" id=\"image_868665230\">\n\t\t\t\t\t\t\t\t<div class=\"img-inner image-cover dark\" style=\"padding-top:75%;\">\n\t\t\t<img loading=\"lazy\" decoding=\"async\" width=\"640\" height=\"480\" src=\"https:\/\/campingetxarri.com\/wp-content\/uploads\/2023\/10\/TTIPI.jpg\" class=\"attachment-large size-large\" alt=\"Camping Etxarri, alojamientos. parcelas Navarra\" srcset=\"https:\/\/campingetxarri.com\/wp-content\/uploads\/2023\/10\/TTIPI.jpg 640w, https:\/\/campingetxarri.com\/wp-content\/uploads\/2023\/10\/TTIPI-300x225.jpg 300w\" sizes=\"auto, (max-width: 640px) 100vw, 640px\" \/>\t\t\t\t\t\t\n\t\t\t\t\t<\/div>\n\t\t\t\t\t\t\t\t\n<style>\n#image_868665230 {\n  width: 100%;\n}\n<\/style>\n\t<\/div>\n\t\n\n\t<div class=\"img has-hover x md-x lg-x y md-y lg-y\" id=\"image_20316253\">\n\t\t\t\t\t\t\t\t<div class=\"img-inner image-cover dark\" style=\"padding-top:75%;\">\n\t\t\t<img loading=\"lazy\" decoding=\"async\" width=\"1020\" height=\"680\" src=\"https:\/\/campingetxarri.com\/wp-content\/uploads\/2023\/10\/Camping-Etxarri_-4-1024x683.jpg\" class=\"attachment-large size-large\" alt=\"\" srcset=\"https:\/\/campingetxarri.com\/wp-content\/uploads\/2023\/10\/Camping-Etxarri_-4-1024x683.jpg 1024w, https:\/\/campingetxarri.com\/wp-content\/uploads\/2023\/10\/Camping-Etxarri_-4-300x200.jpg 300w, https:\/\/campingetxarri.com\/wp-content\/uploads\/2023\/10\/Camping-Etxarri_-4-768x512.jpg 768w, https:\/\/campingetxarri.com\/wp-content\/uploads\/2023\/10\/Camping-Etxarri_-4-1536x1024.jpg 1536w, https:\/\/campingetxarri.com\/wp-content\/uploads\/2023\/10\/Camping-Etxarri_-4-2048x1365.jpg 2048w\" sizes=\"auto, (max-width: 1020px) 100vw, 1020px\" \/>\t\t\t\t\t\t\n\t\t\t\t\t<\/div>\n\t\t\t\t\t\t\t\t\n<style>\n#image_20316253 {\n  width: 100%;\n}\n<\/style>\n\t<\/div>\n\t\n\n\n     <\/div>\n\n     <div class=\"loading-spin dark large centered\"><\/div>\n\n\t<\/div>\n\n\n\n\t\t<\/div>\n\t\t\t\t\t<\/div>\n\n\t\n\n<\/div>\n<div class=\"row hide-for-medium\"  id=\"row-664085313\">\n\n\n\t<div id=\"col-507101580\" class=\"col small-12 large-12\"  >\n\t\t\t\t<div class=\"col-inner\"  >\n\t\t\t\n\t\t\t\n\n  <div class=\"banner-grid-wrapper\">\n  <div id=\"banner-grid-676090107\" class=\"banner-grid row row-grid row-small\" data-packery-options=\"\">\n                      \n\n<div class=\"col grid-col small-13 large-8 grid-col-1\" ><div class=\"col-inner\">\n\n\t<div class=\"img has-hover x md-x lg-x y md-y lg-y\" id=\"image_461429060\">\n\t\t\t\t\t\t\t\t<div class=\"img-inner image-cover dark\" style=\"padding-top:100%;\">\n\t\t\t<img loading=\"lazy\" decoding=\"async\" width=\"1000\" height=\"750\" src=\"https:\/\/campingetxarri.com\/wp-content\/uploads\/2024\/01\/IMG_4191-1-scaled-1.jpg\" class=\"attachment-original size-original\" alt=\"Camping Etxarri, alojamientos. Parcelas Navarra\" srcset=\"https:\/\/campingetxarri.com\/wp-content\/uploads\/2024\/01\/IMG_4191-1-scaled-1.jpg 1000w, https:\/\/campingetxarri.com\/wp-content\/uploads\/2024\/01\/IMG_4191-1-scaled-1-300x225.jpg 300w, https:\/\/campingetxarri.com\/wp-content\/uploads\/2024\/01\/IMG_4191-1-scaled-1-768x576.jpg 768w\" sizes=\"auto, (max-width: 1000px) 100vw, 1000px\" \/>\t\t\t\t\t\t\n\t\t\t\t\t<\/div>\n\t\t\t\t\t\t\t\t\n<style>\n#image_461429060 {\n  width: 100%;\n}\n<\/style>\n\t<\/div>\n\t\n\n\n<\/div><\/div>\n<div class=\"col grid-col small-15 large-4 grid-col-1-2\" ><div class=\"col-inner\">\n\n\t<div class=\"img has-hover x md-x lg-x y md-y lg-y\" id=\"image_1145461353\">\n\t\t\t\t\t\t\t\t<div class=\"img-inner image-cover dark\" style=\"padding-top:100%;\">\n\t\t\t<img loading=\"lazy\" decoding=\"async\" width=\"640\" height=\"480\" src=\"https:\/\/campingetxarri.com\/wp-content\/uploads\/2023\/10\/TTIPI.jpg\" class=\"attachment-original size-original\" alt=\"Camping Etxarri, alojamientos. parcelas Navarra\" srcset=\"https:\/\/campingetxarri.com\/wp-content\/uploads\/2023\/10\/TTIPI.jpg 640w, https:\/\/campingetxarri.com\/wp-content\/uploads\/2023\/10\/TTIPI-300x225.jpg 300w\" sizes=\"auto, (max-width: 640px) 100vw, 640px\" \/>\t\t\t\t\t\t\n\t\t\t\t\t<\/div>\n\t\t\t\t\t\t\t\t\n<style>\n#image_1145461353 {\n  width: 100%;\n}\n<\/style>\n\t<\/div>\n\t\n\n\n<\/div><\/div>\n<div class=\"col grid-col small-14 large-4 grid-col-1-2\" ><div class=\"col-inner\">\n\n\t<div class=\"img has-hover x md-x lg-x y md-y lg-y\" id=\"image_484478249\">\n\t\t\t\t\t\t\t\t<div class=\"img-inner image-cover dark\" style=\"padding-top:75%;\">\n\t\t\t<img loading=\"lazy\" decoding=\"async\" width=\"1000\" height=\"667\" src=\"https:\/\/campingetxarri.com\/wp-content\/uploads\/2026\/03\/452ad6a54c69b4ac1cf221e599fe0999.jpg\" class=\"attachment-large size-large\" alt=\"tippi parcela\" srcset=\"https:\/\/campingetxarri.com\/wp-content\/uploads\/2026\/03\/452ad6a54c69b4ac1cf221e599fe0999.jpg 1000w, https:\/\/campingetxarri.com\/wp-content\/uploads\/2026\/03\/452ad6a54c69b4ac1cf221e599fe0999-300x200.jpg 300w, https:\/\/campingetxarri.com\/wp-content\/uploads\/2026\/03\/452ad6a54c69b4ac1cf221e599fe0999-768x512.jpg 768w\" sizes=\"auto, (max-width: 1000px) 100vw, 1000px\" \/>\t\t\t\t\t\t\n\t\t\t\t\t<\/div>\n\t\t\t\t\t\t\t\t\n<style>\n#image_484478249 {\n  width: 100%;\n}\n<\/style>\n\t<\/div>\n\t\n\n\t<div class=\"img has-hover x md-x lg-x y md-y lg-y\" id=\"image_1466843555\">\n\t\t\t\t\t\t\t\t<div class=\"img-inner image-cover dark\" style=\"padding-top:75%;\">\n\t\t\t<img loading=\"lazy\" decoding=\"async\" width=\"1020\" height=\"459\" src=\"https:\/\/campingetxarri.com\/wp-content\/uploads\/2026\/03\/TTIPI-2-1024x461.jpeg\" class=\"attachment-large size-large\" alt=\"tippi parcela imagen\" srcset=\"https:\/\/campingetxarri.com\/wp-content\/uploads\/2026\/03\/TTIPI-2-1024x461.jpeg 1024w, https:\/\/campingetxarri.com\/wp-content\/uploads\/2026\/03\/TTIPI-2-300x135.jpeg 300w, https:\/\/campingetxarri.com\/wp-content\/uploads\/2026\/03\/TTIPI-2-768x346.jpeg 768w, https:\/\/campingetxarri.com\/wp-content\/uploads\/2026\/03\/TTIPI-2-1536x691.jpeg 1536w, https:\/\/campingetxarri.com\/wp-content\/uploads\/2026\/03\/TTIPI-2.jpeg 1600w\" sizes=\"auto, (max-width: 1020px) 100vw, 1020px\" \/>\t\t\t\t\t\t\n\t\t\t\t\t<\/div>\n\t\t\t\t\t\t\t\t\n<style>\n#image_1466843555 {\n  width: 100%;\n}\n<\/style>\n\t<\/div>\n\t\n\n\n<\/div><\/div>\n\n            <\/div>\n    <style>\n    #banner-grid-676090107 .grid-col-1{height: 600px}\n    #banner-grid-676090107 .grid-col-1-2{height: 300px}\n    #banner-grid-676090107 .grid-col-1-3{height:200px}\n    #banner-grid-676090107 .grid-col-2-3{height: 400px}\n    #banner-grid-676090107 .grid-col-1-4{height: 150px}\n    #banner-grid-676090107 .grid-col-3-4{height: 450px}\n\n\n    \n    \n\n  <\/style>\n    <\/div>\n  \n<div class=\"is-divider divider clearfix\" style=\"max-width:1280px;height:1px;\"><\/div>\n\n\n\t\t<\/div>\n\t\t\t\t\t<\/div>\n\n\t\n\n<\/div>\n<div class=\"row row-large\"  id=\"row-1874118137\">\n\n\n\t<div id=\"col-894491460\" class=\"col medium-8 small-12 large-8\"  >\n\t\t\t\t<div class=\"col-inner text-left\"  >\n\t\t\t\n\t\t\t\n\n<h2>TU PARCELA IDEAL PARA TIENDAS\u00a0<\/h2>\n<p>Libera tu esp\u00edritu de acampada en nuestra parcela Ttipi, espec\u00edfica para tiendas de campa\u00f1a. Si tu tienda de campa\u00f1a es peque\u00f1a, tambi\u00e9n puede albergar el coche.<\/p>\n<p>Protegida por la sombra de los \u00e1rboles del camping, donde te garantizamos la privacidad y la tranquilidad que te mereces.<\/p>\n<p>Hay que tener en cuenta que la toma de luz puede no estar en la propia parcela, por lo que recomendamos llevar un alargador.<\/p>\n<p>La tranquilidad y la comodidad son compatibles en Camping Etxarri: reserva ahora tu parcela y te esperamos en el Valle de Sakana.<\/p>\n<p>\u00a0<\/p>\n<a href=\"https:\/\/q10-etxarri-dot-q10-campings.appspot.com\/booking1?adultsRoom1=2&#038;advanced_filters=%3B1\" target=\"_self\" class=\"button primary\"  style=\"padding:8px 30px 8px 30px;\">\n    <span>Reserva ahora<\/span>\n  <\/a>\n\n\n\n\t\t<\/div>\n\t\t\t\t\t<\/div>\n\n\t\n\n\t<div id=\"col-375011065\" class=\"col medium-4 small-12 large-4\"  data-animate=\"fadeInUp\">\n\t\t\t\t<div class=\"col-inner text-left\" style=\"background-color:#e7d3b1;\" >\n\t\t\t\n\t<div class=\"is-border\"\n\t\tstyle=\"border-width:0px 0px 0px 0px;\">\n\t<\/div>\n\t\t\t\n\n<div class=\"row\"  id=\"row-2146301972\">\n\n\n\t<div id=\"col-65313601\" class=\"col medium-6 small-12 large-6\"  >\n\t\t\t\t<div class=\"col-inner\"  >\n\t\t\t\n\t\t\t\n\n\n\t\t<div class=\"icon-box featured-box icon-box-left text-left\"  style=\"margin:0px 0px 15px 0px;\">\n\t\t\t\t\t<div class=\"icon-box-img\" style=\"width: 20px\">\n\t\t\t\t<div class=\"icon\">\n\t\t\t\t\t<div class=\"icon-inner\" >\n\t\t\t\t\t\t<img loading=\"lazy\" decoding=\"async\" width=\"1\" height=\"1\" src=\"https:\/\/campingetxarri.com\/wp-content\/uploads\/2023\/02\/bathroom-shower-1.svg\" class=\"attachment-medium size-medium\" alt=\"\" \/>\t\t\t\t\t<\/div>\n\t\t\t\t<\/div>\n\t\t\t<\/div>\n\t\t\t\t<div class=\"icon-box-text last-reset\">\n\t\t\t\t\t\t\t\t\t\n\n<p><span style=\"font-size: 90%;\">Ba\u00f1o en las instalaciones<\/span><\/p>\n\n\t\t<\/div>\n\t<\/div>\n\t\n\t\n\n\t\t<div class=\"icon-box featured-box icon-box-left text-left\"  style=\"margin:0px 0px 15px 0px;\">\n\t\t\t\t\t<div class=\"icon-box-img\" style=\"width: 20px\">\n\t\t\t\t<div class=\"icon\">\n\t\t\t\t\t<div class=\"icon-inner\" >\n\t\t\t\t\t\t<img loading=\"lazy\" decoding=\"async\" width=\"1\" height=\"1\" src=\"https:\/\/campingetxarri.com\/wp-content\/uploads\/2024\/08\/icon-alargador.svg\" class=\"attachment-medium size-medium\" alt=\"\" \/>\t\t\t\t\t<\/div>\n\t\t\t\t<\/div>\n\t\t\t<\/div>\n\t\t\t\t<div class=\"icon-box-text last-reset\">\n\t\t\t\t\t\t\t\t\t\n\n<p><span style=\"font-size: 90%;\">Necesario alargador<\/span><\/p>\n\n\t\t<\/div>\n\t<\/div>\n\t\n\t\n\n\t\t<div class=\"icon-box featured-box icon-box-left text-left\"  style=\"margin:0px 0px 15px 0px;\">\n\t\t\t\t\t<div class=\"icon-box-img\" style=\"width: 20px\">\n\t\t\t\t<div class=\"icon\">\n\t\t\t\t\t<div class=\"icon-inner\" >\n\t\t\t\t\t\t<img loading=\"lazy\" decoding=\"async\" width=\"1\" height=\"1\" src=\"https:\/\/campingetxarri.com\/wp-content\/uploads\/2023\/02\/dog-01.svg\" class=\"attachment-medium size-medium\" alt=\"\" \/>\t\t\t\t\t<\/div>\n\t\t\t\t<\/div>\n\t\t\t<\/div>\n\t\t\t\t<div class=\"icon-box-text last-reset\">\n\t\t\t\t\t\t\t\t\t\n\n<p><span style=\"font-size: 90%;\">Trae a tu mascota<\/span><\/p>\n\n\t\t<\/div>\n\t<\/div>\n\t\n\t\n\t<div id=\"gap-1610615974\" class=\"gap-element clearfix\" style=\"display:block; height:auto;\">\n\t\t\n<style>\n#gap-1610615974 {\n  padding-top: 20px;\n}\n@media (min-width:550px) {\n  #gap-1610615974 {\n    padding-top: 20px;\n  }\n}\n<\/style>\n\t<\/div>\n\t\n\n\n\t\t<\/div>\n\t\t\t\t\n<style>\n#col-65313601 > .col-inner {\n  margin: 0px 0px -50px 0px;\n}\n<\/style>\n\t<\/div>\n\n\t\n\n\t<div id=\"col-2034950267\" class=\"col medium-6 small-12 large-6\"  >\n\t\t\t\t<div class=\"col-inner\"  >\n\t\t\t\n\t\t\t\n\n\n\t\t<div class=\"icon-box featured-box icon-box-left text-left\"  style=\"margin:0px 0px 15px 0px;\">\n\t\t\t\t\t<div class=\"icon-box-img\" style=\"width: 20px\">\n\t\t\t\t<div class=\"icon\">\n\t\t\t\t\t<div class=\"icon-inner\" >\n\t\t\t\t\t\t<img loading=\"lazy\" decoding=\"async\" width=\"300\" height=\"300\" src=\"https:\/\/campingetxarri.com\/wp-content\/uploads\/2023\/10\/enchufe-300x300-1.png\" class=\"attachment-medium size-medium\" alt=\"\" srcset=\"https:\/\/campingetxarri.com\/wp-content\/uploads\/2023\/10\/enchufe-300x300-1.png 300w, https:\/\/campingetxarri.com\/wp-content\/uploads\/2023\/10\/enchufe-300x300-1-150x150.png 150w\" sizes=\"auto, (max-width: 300px) 100vw, 300px\" \/>\t\t\t\t\t<\/div>\n\t\t\t\t<\/div>\n\t\t\t<\/div>\n\t\t\t\t<div class=\"icon-box-text last-reset\">\n\t\t\t\t\t\t\t\t\t\n\n<p><span style=\"font-size: 90%;\">6A<\/span><\/p>\n\n\t\t<\/div>\n\t<\/div>\n\t\n\t\n\n\t\t<div class=\"icon-box featured-box icon-box-left text-left\"  style=\"margin:0px 0px 15px 0px;\">\n\t\t\t\t\t<div class=\"icon-box-img\" style=\"width: 20px\">\n\t\t\t\t<div class=\"icon\">\n\t\t\t\t\t<div class=\"icon-inner\" >\n\t\t\t\t\t\t<img loading=\"lazy\" decoding=\"async\" width=\"300\" height=\"222\" src=\"https:\/\/campingetxarri.com\/wp-content\/uploads\/2023\/10\/img_431311-300x222.png\" class=\"attachment-medium size-medium\" alt=\"\" srcset=\"https:\/\/campingetxarri.com\/wp-content\/uploads\/2023\/10\/img_431311-300x222.png 300w, https:\/\/campingetxarri.com\/wp-content\/uploads\/2023\/10\/img_431311-768x569.png 768w, https:\/\/campingetxarri.com\/wp-content\/uploads\/2023\/10\/img_431311.png 980w\" sizes=\"auto, (max-width: 300px) 100vw, 300px\" \/>\t\t\t\t\t<\/div>\n\t\t\t\t<\/div>\n\t\t\t<\/div>\n\t\t\t\t<div class=\"icon-box-text last-reset\">\n\t\t\t\t\t\t\t\t\t\n\n<p><span style=\"font-size: 90%;\">Tiendas<\/span><\/p>\n\n\t\t<\/div>\n\t<\/div>\n\t\n\t\n\n\t\t<\/div>\n\t\t\t\t\n<style>\n#col-2034950267 > .col-inner {\n  margin: 0px 0px -50px 0px;\n}\n<\/style>\n\t<\/div>\n\n\t\n\n<\/div>\n\n\t\t<\/div>\n\t\t\t\t\n<style>\n#col-375011065 > .col-inner {\n  padding: 15% 10% 15% 10%;\n  margin: 0px 0px 0px 0px;\n  border-radius: 64px;\n}\n<\/style>\n\t<\/div>\n\n\t\n\n<\/div>\n\n\t\t<\/div>\n\n\t\t\n<style>\n#section_1642567656 {\n  padding-top: 50px;\n  padding-bottom: 50px;\n}\n@media (min-width:550px) {\n  #section_1642567656 {\n    padding-top: 110px;\n    padding-bottom: 110px;\n  }\n}\n@media (min-width:850px) {\n  #section_1642567656 {\n    padding-top: 131px;\n    padding-bottom: 131px;\n  }\n}\n<\/style>\n\t<\/section>\n\t\n\n","protected":false},"excerpt":{"rendered":"","protected":false},"author":1,"featured_media":0,"parent":0,"menu_order":0,"comment_status":"closed","ping_status":"closed","template":"page-blank.php","meta":{"inline_featured_image":false,"footnotes":""},"class_list":["post-13245","page","type-page","status-publish","hentry"],"yoast_head":"<!-- This site is optimized with the Yoast SEO plugin v21.7 - https:\/\/yoast.com\/wordpress\/plugins\/seo\/ -->\n<title>Parcelas Ttipi - Camping Etxarri<\/title>\n<meta name=\"description\" content=\"Parcelas para tiendas en Camping Etxarri. Superficie de 30 m\u00b2 con electricidad y sombra. Sanitarios y ba\u00f1os en las instalaciones del camping.\" \/>\n<meta name=\"robots\" content=\"index, follow, max-snippet:-1, max-image-preview:large, max-video-preview:-1\" \/>\n<link rel=\"canonical\" href=\"https:\/\/campingetxarri.com\/es\/parcelas-ttipi\/\" \/>\n<meta property=\"og:locale\" content=\"es_ES\" \/>\n<meta property=\"og:type\" content=\"article\" \/>\n<meta property=\"og:title\" content=\"Parcelas Ttipi - Camping Etxarri\" \/>\n<meta property=\"og:description\" content=\"Parcelas para tiendas en Camping Etxarri. Superficie de 30 m\u00b2 con electricidad y sombra. Sanitarios y ba\u00f1os en las instalaciones del camping.\" \/>\n<meta property=\"og:url\" content=\"https:\/\/campingetxarri.com\/es\/parcelas-ttipi\/\" \/>\n<meta property=\"og:site_name\" content=\"Camping Etxarri\" \/>\n<meta property=\"article:modified_time\" content=\"2026-03-02T12:48:10+00:00\" \/>\n<meta name=\"twitter:card\" content=\"summary_large_image\" \/>\n<meta name=\"twitter:label1\" content=\"Tiempo de lectura\" \/>\n\t<meta name=\"twitter:data1\" content=\"2 minutos\" \/>\n<script type=\"application\/ld+json\" class=\"yoast-schema-graph\">{\"@context\":\"https:\/\/schema.org\",\"@graph\":[{\"@type\":\"WebPage\",\"@id\":\"https:\/\/campingetxarri.com\/es\/parcelas-ttipi\/\",\"url\":\"https:\/\/campingetxarri.com\/es\/parcelas-ttipi\/\",\"name\":\"Parcelas Ttipi - Camping Etxarri\",\"isPartOf\":{\"@id\":\"https:\/\/campingetxarri.com\/es\/#website\"},\"datePublished\":\"2023-10-30T08:35:34+00:00\",\"dateModified\":\"2026-03-02T12:48:10+00:00\",\"description\":\"Parcelas para tiendas en Camping Etxarri. Superficie de 30 m\u00b2 con electricidad y sombra. Sanitarios y ba\u00f1os en las instalaciones del camping.\",\"breadcrumb\":{\"@id\":\"https:\/\/campingetxarri.com\/es\/parcelas-ttipi\/#breadcrumb\"},\"inLanguage\":\"es\",\"potentialAction\":[{\"@type\":\"ReadAction\",\"target\":[\"https:\/\/campingetxarri.com\/es\/parcelas-ttipi\/\"]}]},{\"@type\":\"BreadcrumbList\",\"@id\":\"https:\/\/campingetxarri.com\/es\/parcelas-ttipi\/#breadcrumb\",\"itemListElement\":[{\"@type\":\"ListItem\",\"position\":1,\"name\":\"Portada\",\"item\":\"https:\/\/campingetxarri.com\/es\/\"},{\"@type\":\"ListItem\",\"position\":2,\"name\":\"Parcelas Ttipi\"}]},{\"@type\":\"WebSite\",\"@id\":\"https:\/\/campingetxarri.com\/es\/#website\",\"url\":\"https:\/\/campingetxarri.com\/es\/\",\"name\":\"Camping Etxarri\",\"description\":\"\",\"potentialAction\":[{\"@type\":\"SearchAction\",\"target\":{\"@type\":\"EntryPoint\",\"urlTemplate\":\"https:\/\/campingetxarri.com\/es\/?s={search_term_string}\"},\"query-input\":\"required name=search_term_string\"}],\"inLanguage\":\"es\"}]}<\/script>\n<!-- \/ Yoast SEO plugin. -->","yoast_head_json":{"title":"Parcelas Ttipi - Camping Etxarri","description":"Parcelas para tiendas en Camping Etxarri. Superficie de 30 m\u00b2 con electricidad y sombra. Sanitarios y ba\u00f1os en las instalaciones del camping.","robots":{"index":"index","follow":"follow","max-snippet":"max-snippet:-1","max-image-preview":"max-image-preview:large","max-video-preview":"max-video-preview:-1"},"canonical":"https:\/\/campingetxarri.com\/es\/parcelas-ttipi\/","og_locale":"es_ES","og_type":"article","og_title":"Parcelas Ttipi - Camping Etxarri","og_description":"Parcelas para tiendas en Camping Etxarri. Superficie de 30 m\u00b2 con electricidad y sombra. Sanitarios y ba\u00f1os en las instalaciones del camping.","og_url":"https:\/\/campingetxarri.com\/es\/parcelas-ttipi\/","og_site_name":"Camping Etxarri","article_modified_time":"2026-03-02T12:48:10+00:00","twitter_card":"summary_large_image","twitter_misc":{"Tiempo de lectura":"2 minutos"},"schema":{"@context":"https:\/\/schema.org","@graph":[{"@type":"WebPage","@id":"https:\/\/campingetxarri.com\/es\/parcelas-ttipi\/","url":"https:\/\/campingetxarri.com\/es\/parcelas-ttipi\/","name":"Parcelas Ttipi - Camping Etxarri","isPartOf":{"@id":"https:\/\/campingetxarri.com\/es\/#website"},"datePublished":"2023-10-30T08:35:34+00:00","dateModified":"2026-03-02T12:48:10+00:00","description":"Parcelas para tiendas en Camping Etxarri. Superficie de 30 m\u00b2 con electricidad y sombra. Sanitarios y ba\u00f1os en las instalaciones del camping.","breadcrumb":{"@id":"https:\/\/campingetxarri.com\/es\/parcelas-ttipi\/#breadcrumb"},"inLanguage":"es","potentialAction":[{"@type":"ReadAction","target":["https:\/\/campingetxarri.com\/es\/parcelas-ttipi\/"]}]},{"@type":"BreadcrumbList","@id":"https:\/\/campingetxarri.com\/es\/parcelas-ttipi\/#breadcrumb","itemListElement":[{"@type":"ListItem","position":1,"name":"Portada","item":"https:\/\/campingetxarri.com\/es\/"},{"@type":"ListItem","position":2,"name":"Parcelas Ttipi"}]},{"@type":"WebSite","@id":"https:\/\/campingetxarri.com\/es\/#website","url":"https:\/\/campingetxarri.com\/es\/","name":"Camping Etxarri","description":"","potentialAction":[{"@type":"SearchAction","target":{"@type":"EntryPoint","urlTemplate":"https:\/\/campingetxarri.com\/es\/?s={search_term_string}"},"query-input":"required name=search_term_string"}],"inLanguage":"es"}]}},"_links":{"self":[{"href":"https:\/\/campingetxarri.com\/es\/wp-json\/wp\/v2\/pages\/13245","targetHints":{"allow":["GET"]}}],"collection":[{"href":"https:\/\/campingetxarri.com\/es\/wp-json\/wp\/v2\/pages"}],"about":[{"href":"https:\/\/campingetxarri.com\/es\/wp-json\/wp\/v2\/types\/page"}],"author":[{"embeddable":true,"href":"https:\/\/campingetxarri.com\/es\/wp-json\/wp\/v2\/users\/1"}],"replies":[{"embeddable":true,"href":"https:\/\/campingetxarri.com\/es\/wp-json\/wp\/v2\/comments?post=13245"}],"version-history":[{"count":21,"href":"https:\/\/campingetxarri.com\/es\/wp-json\/wp\/v2\/pages\/13245\/revisions"}],"predecessor-version":[{"id":21376,"href":"https:\/\/campingetxarri.com\/es\/wp-json\/wp\/v2\/pages\/13245\/revisions\/21376"}],"wp:attachment":[{"href":"https:\/\/campingetxarri.com\/es\/wp-json\/wp\/v2\/media?parent=13245"}],"curies":[{"name":"wp","href":"https:\/\/api.w.org\/{rel}","templated":true}]}}