{"id":21278,"date":"2025-04-08T15:43:10","date_gmt":"2025-04-08T13:43:10","guid":{"rendered":"https:\/\/campingetxarri.com\/politica-cookies\/"},"modified":"2026-01-12T10:36:51","modified_gmt":"2026-01-12T09:36:51","slug":"cookies","status":"publish","type":"page","link":"https:\/\/campingetxarri.com\/de\/cookies\/","title":{"rendered":"Pol\u00edtica de Cookies"},"content":{"rendered":"\n\t<section class=\"section\" id=\"section_241640623\">\n\t\t<div class=\"bg section-bg fill bg-fill bg-loaded bg-loaded\" >\n\n\t\t\t\n\t\t\t\n\t\t\t\n\n\t\t<\/div>\n\n\t\t\n\n\t\t<div class=\"section-content relative\">\n\t\t\t\n\n<div class=\"row align-center\"  id=\"row-39520127\">\n\n\n\t<div id=\"col-1102298853\" class=\"col medium-7 small-12 large-6\"  >\n\t\t\t\t<div class=\"col-inner text-center\"  >\n\t\t\t\n\t\t\t\n\n\t<div id=\"text-3515478396\" class=\"text\">\n\t\t\n\n<h1><span style=\"font-size: 130%;\">Cookie-Richtlinie<\/span><\/h1>\n\t\t\n<style>\n#text-3515478396 {\n  color: #465f51;\n}\n#text-3515478396 > * {\n  color: #465f51;\n}\n<\/style>\n\t<\/div>\n\t\n\n\t\t<\/div>\n\t\t\t\t\t<\/div>\n\n\t\n\n<\/div>\n<div class=\"row align-center\"  id=\"row-1998426166\">\n\n\n\t<div id=\"col-1026094086\" class=\"col medium-12 small-12 large-8\"  >\n\t\t\t\t<div class=\"col-inner\" style=\"background-color:rgb(255,255,255);\" >\n\t\t\t\n\t\t\t\n\n\t<div id=\"text-3522030638\" class=\"text\">\n\t\t\n\n<p><strong><u>Cookie-Richtlinie, zweite Informationsebene.<\/u><\/strong><\/p>\n<ol>\n<li><strong>WAS SIND COOKIES?<\/strong><\/li>\n<\/ol>\n<p><strong>Hospium 10, S.L<\/strong> ist f\u00fcr die Website https:\/\/campingetxarri.com\/ verantwortlich und verwendet Cookies und\/oder andere Dateien mit \u00e4hnlicher Funktionalit\u00e4t (nachfolgend \u201eCookies\u201c).<\/p>\n<p>Ein Cookie ist eine Textdatei, die eine Website, Anwendung oder andere Plattform auf Ihrem Ger\u00e4t speichert, z. B. auf Ihrem Computer, Tablet oder Smartphone. Sie enth\u00e4lt Informationen \u00fcber Ihr Surfverhalten oder Ihre Nutzung, wie z. B. eine Kennung, die Ihr Ger\u00e4t identifiziert. Cookies sind erforderlich, um die Navigation zu erleichtern und zu verstehen, wie Nutzer mit Websites interagieren, was Verbesserungen erm\u00f6glicht. Sie sind au\u00dferdem n\u00fctzlich, um Werbung entsprechend Ihren Pr\u00e4ferenzen zu personalisieren und f\u00fcr weitere nachstehend erl\u00e4uterte Zwecke. Cookies besch\u00e4digen Ihr Ger\u00e4t nicht.<\/p>\n<p>\u00a0<\/p>\n<ol start=\"2\">\n<li><strong>ARTEN VON COOKIES<\/strong><\/li>\n<\/ol>\n<p>Bitte lesen Sie diesen Abschnitt, der einen allgemeinen \u00dcberblick \u00fcber die verschiedenen Arten von Cookies bietet, die in einer Online-Umgebung verwendet werden k\u00f6nnen.<\/p>\n<p>\u00a0<\/p>\n<p>Je nach Eigent\u00fcmer der Cookies k\u00f6nnen diese wie folgt klassifiziert werden:<\/p>\n<ol>\n<li>Eigene Cookies: Diese Cookies werden vom Ger\u00e4t oder der Domain des Herausgebers, der die vom Nutzer angeforderte Website oder den Dienst bereitstellt, an den Computer oder das Ger\u00e4t des Nutzers gesendet.<\/li>\n<li>Cookies von Drittanbietern: Diese Cookies werden von einem Ger\u00e4t oder einer Domain an den Computer oder das Ger\u00e4t des Nutzers gesendet, die nicht vom Herausgeber verwaltet werden, sondern von einer anderen Stelle, die die durch die Cookies erhaltenen Daten verarbeitet.<\/li>\n<\/ol>\n<p>\u00a0<\/p>\n<p>\u00a0<\/p>\n<p>Je nach Zweck des Cookies k\u00f6nnen diese wie folgt klassifiziert werden:<\/p>\n<p>\u00a0<\/p>\n<ul>\n<li><strong><u>Unbedingt erforderliche (technische) Cookies<\/u><\/strong> sind solche, die es dem Nutzer erm\u00f6glichen, auf einer Website, Plattform oder Anwendung zu navigieren und die dort angebotenen verschiedenen Optionen oder Dienste zu nutzen. Diese Cookies erf\u00fcllen wesentliche Funktionen, wie z. B. die Steuerung des Datenverkehrs, die Identifizierung von Daten oder Sitzungen, den Zugriff auf gesch\u00fctzte Bereiche, das Speichern von Bestellelementen, die Abwicklung von Zahlungen, die Gew\u00e4hrleistung der Sicherheit des Dienstes, die Teilnahme an Veranstaltungen, das Speichern von Multimedia-Inhalten und das Teilen von Inhalten in sozialen Netzwerken. Diese technischen Cookies werden automatisch heruntergeladen, wenn die Website angezeigt wird oder der vom Nutzer angeforderte Dienst bereitgestellt wird.<\/li>\n<\/ul>\n<p>\u00a0<\/p>\n<ul>\n<li><strong><u>Funktionale oder personalisierte Cookies<\/u><\/strong> sind solche, die es erm\u00f6glichen, Informationen zu speichern, um dem Nutzer einen Dienst oder eine Plattform mit spezifischen Merkmalen bereitzustellen, die seine Erfahrung von der anderer Nutzer unterscheiden. Diese Merkmale k\u00f6nnen unter anderem die Sprache, die Anzahl der in einer Suche angezeigten Ergebnisse, das Erscheinungsbild oder den Inhalt des Dienstes je nach verwendetem Browser oder der Region, aus der auf den Dienst zugegriffen wird, umfassen. Die Nichtannahme dieser Cookies kann zu einer langsameren Leistung der Website oder zu ungeeigneten Empfehlungen f\u00fchren.<\/li>\n<\/ul>\n<p>\u00a0<\/p>\n<ul>\n<li><strong><u>Analyse-Cookies<\/u><\/strong> werden verwendet, um Informationen \u00fcber die Anzahl der Nutzer, die auf der Website besuchten Bereiche und deren Interaktion mit der Website zu sammeln. Diese Daten werden f\u00fcr eine statistische Analyse der Nutzung des Dienstes verwendet, mit dem Ziel, auf Grundlage der Nutzungsmuster Verbesserungsbereiche zu identifizieren.<\/li>\n<\/ul>\n<p>\u00a0<\/p>\n<ul>\n<li><strong><u>Cookies f\u00fcr verhaltensbasierte Werbung<\/u><\/strong> erfassen und speichern Informationen \u00fcber die Surfgewohnheiten der Nutzer, wodurch die Erstellung spezifischer Profile zur Anzeige personalisierter Werbung erm\u00f6glicht wird. Diese Cookies erm\u00f6glichen eine effiziente Verwaltung der Werbefl\u00e4chen, die der Herausgeber entweder direkt oder in Zusammenarbeit mit Dritten eingebunden hat.<\/li>\n<\/ul>\n<ol start=\"3\">\n<li><strong>ZWECK DER COOKIES AUF UNSERER WEBSITE<\/strong><\/li>\n<\/ol>\n<p>Cookies spielen eine grundlegende Rolle f\u00fcr das Funktionieren unserer Website. Ihr Hauptzweck besteht darin, eine bequemere und effizientere Navigation zu erm\u00f6glichen. Beispielsweise werden sie verwendet, um Ihre Pr\u00e4ferenzen w\u00e4hrend des Surfens und bei zuk\u00fcnftigen Besuchen zu speichern.<\/p>\n<p>Sie helfen uns au\u00dferdem, Werbung entsprechend Ihren Surfgewohnheiten zu personalisieren. Die \u00fcber Cookies gesammelten Informationen erm\u00f6glichen es uns, statistische Auswertungen und Nutzungsanalysen durchzuf\u00fchren, wie z. B. die Anzahl der Besuche und die am h\u00e4ufigsten aufgerufenen Bereiche. Dadurch k\u00f6nnen wir unsere Dienstleistungen verbessern und die Plattform an Ihre individuellen Interessen anpassen.<\/p>\n<p>In einigen F\u00e4llen verwenden wir Cookies, um Informationen zu sammeln, die es uns erm\u00f6glichen, auf unserer Plattform und auf Plattformen von Drittanbietern Werbung basierend auf Ihren Surfgewohnheiten anzuzeigen.<\/p>\n<p>Nachfolgend werden sowohl die Drittanbieter aufgef\u00fchrt, die Cookies auf Ihrem Ger\u00e4t setzen und darauf zugreifen k\u00f6nnen, als auch die Zwecke, f\u00fcr die die gespeicherten Informationen verwendet werden:<\/p>\n<table width=\"665\">\n<tbody>\n<tr>\n<td width=\"297\">\n<p><strong>ZWECK<\/strong><\/p>\n<\/td>\n<td width=\"155\">\n<p><strong>DRITTANBIETER<\/strong><\/p>\n<\/td>\n<td width=\"213\">\n<p><strong>WEITERE INFORMATIONEN<\/strong><\/p>\n<\/td>\n<\/tr>\n<tr>\n<td width=\"297\">\n<p>Analyse: Analyse-Cookies werden verwendet,<br \/>um Surfprofile zu erstellen und die<br \/>Pr\u00e4ferenzen der Nutzer kennenzulernen,<br \/>um das Angebot an Produkten und Dienstleistungen zu verbessern.<\/p>\n<\/td>\n<td width=\"155\">\n<p>Google<\/p>\n<\/td>\n<td width=\"213\">\n<p><a href=\"https:\/\/developers.google.com\/analytics\/devguides\/collection\/analyticsjs\/cookie-usage\">Hier klicken<\/a><\/p>\n<\/td>\n<\/tr>\n<tr>\n<td width=\"297\">\n<p>Soziale Netzwerke: Die sozialen Netzwerke, mit denen wir auf unserer Website interagieren, verwenden Cookies in ihren Teilen-Schaltfl\u00e4chen. Wir haben keinerlei Einfluss, Kontrolle oder Berichterstattung \u00fcber die Ergebnisse; diese liegen in der Verantwortung des jeweiligen sozialen Netzwerks. Wenn sich der Nutzer mit Zugangsdaten eines sozialen Netzwerks f\u00fcr einen Dienst registriert, autorisiert er das soziale Netzwerk, ein dauerhaftes Cookie zu speichern, das seine Identit\u00e4t erkennt und ihm den Zugang zu den Diensten bis zum Ablauf gew\u00e4hrleistet. Der Nutzer kann dieses Cookie l\u00f6schen und den Zugriff auf die Dienste \u00fcber soziale Netzwerke widerrufen, indem er seine Einstellungen im jeweiligen sozialen Netzwerk aktualisiert.<\/p>\n<p>\u00a0<\/p>\n<\/td>\n<td width=\"155\">\n<p>Facebook<\/p>\n<p>Connect<\/p>\n<\/td>\n<td width=\"213\">\n<p><a href=\"https:\/\/www.facebook.com\/about\/privacy\">Hier klicken<\/a><\/p>\n<\/td>\n<\/tr>\n<\/tbody>\n<\/table>\n<p>\u00a0<\/p>\n<p>\u00a0<\/p>\n<ol start=\"4\">\n<li><strong>COOKIE-VERWALTUNG AUF UNSERER WEBSITE<\/strong><\/li>\n<\/ol>\n<p>Im Cookie-Einstellungsbereich, auf den Sie jederzeit auf unserer Plattform zugreifen k\u00f6nnen, finden Sie detaillierte Informationen \u00fcber die von uns verwendeten Cookies. Dort werden deren Zweck, Dauer und der jeweilige Verwalter (wir oder Dritte) angegeben. Dieses Panel erm\u00f6glicht es Ihnen, Cookies zu aktivieren oder zu deaktivieren, die f\u00fcr den Betrieb der Plattform nicht unbedingt erforderlich sind, sowie Ihre Einwilligung jederzeit zu \u00e4ndern.<\/p>\n<div class=\"cky-audit-table-element\">\u00a0<\/div>\n<p>Sie k\u00f6nnen die Einstellungen aufrufen, indem Sie <a class=\"cky-banner-element\" style=\"cursor: pointer;\"><strong><u>hier<\/u><\/strong><\/a> klicken, um Ihre Pr\u00e4ferenzen zu \u00e4ndern oder Ihre Einwilligung zu widerrufen.<\/p>\n<p>Dar\u00fcber hinaus haben Sie auch die M\u00f6glichkeit, die Verwendung von Cookies in Ihrem Browser w\u00e4hrend des Surfens im Internet zu deaktivieren. Nachfolgend zeigen wir Ihnen, wie Sie diese Einstellungen in den g\u00e4ngigsten Browsern vornehmen k\u00f6nnen:<\/p>\n<ul>\n<li><a href=\"https:\/\/support.google.com\/chrome\/answer\/95647?co=GENIE.Platform=Desktop&amp;&amp;hl=es\">Google Chrome<\/a><\/li>\n<li><a href=\"https:\/\/support.mozilla.org\/es\/kb\/impedir-que-los-sitios-web-guarden-sus-preferencia\">Mozilla Firefox<\/a><\/li>\n<li><a href=\"https:\/\/support.microsoft.com\/es-es\/help\/17442\/windows-internet-explorer-delete-manage-cookies\">Internet Explorer<\/a><\/li>\n<li><a href=\"https:\/\/privacy.microsoft.com\/es-ES\/windows-10-microsoft-edge-and-privacy\">Microsoft Edge<\/a><\/li>\n<li><a href=\"https:\/\/support.apple.com\/es-es\/HT201265\">Safari<\/a><\/li>\n<li><a href=\"http:\/\/help.opera.com\/Linux\/10.60\/es-ES\/cookies.html\">Opera<\/a><\/li>\n<\/ul>\n<p>\u00a0<\/p>\n<p>Sie k\u00f6nnen diese Option zur Vermeidung der Verwendung von Cookies jederzeit aus\u00fcben. Bitte beachten Sie, dass die Verwaltung des Cookie-Einstellungsbereichs und die M\u00f6glichkeit, Cookies abzulehnen, browserspezifisch ist.<\/p>\n<p>Daher m\u00fcssen Sie, wenn Sie Cookies auf einem Ger\u00e4t auf eine bestimmte Weise konfigurieren und diese Einstellung auch auf ein anderes Ger\u00e4t anwenden m\u00f6chten, dieselbe Option auf diesem anderen Ger\u00e4t aktivieren.<\/p>\n<p>Der Nutzer sollte beachten, dass einige Funktionen der Inhalte unserer Website nur verf\u00fcgbar sind, wenn die Installation von Cookies im Browser erlaubt ist. Wenn Sie sich entscheiden, bestimmte Cookies (je nach Zweck) nicht zu akzeptieren oder zu blockieren, kann dies ganz oder teilweise die normale Funktionsweise der Website beeintr\u00e4chtigen oder den Zugriff auf einige ihrer Dienste verhindern.<\/p>\n<p><strong>\u00a0<\/strong><\/p>\n<ol start=\"5\">\n<li><strong>VERWENDUNG DER IN COOKIES GESPEICHERTEN INFORMATIONEN<\/strong><\/li>\n<\/ol>\n<p><strong>\u00a0<\/strong><\/p>\n<p>Die in den Cookies unserer Website gespeicherten Informationen werden ausschlie\u00dflich von uns verwendet. Einige Cookies von Drittanbietern, die von externen Stellen verwaltet werden, k\u00f6nnen jedoch genutzt werden, um uns zus\u00e4tzliche Dienstleistungen bereitzustellen. Weitere Einzelheiten finden Sie in unserem Cookie-Einstellungsbereich, der jederzeit auf unserer Website zug\u00e4nglich ist.<\/p>\n<p>\u00a0<\/p>\n<p>Wir empfehlen Ihnen, unsere Datenschutzerkl\u00e4rung auf unserer Website zu lesen, um detaillierte Informationen dar\u00fcber zu erhalten, wie Ihre personenbezogenen Daten in der Zusammenarbeit mit Dritten sowie bei internationalen Daten\u00fcbermittlungen verarbeitet werden. Dar\u00fcber hinaus empfehlen wir Ihnen, die Datenschutzrichtlinien und Datenschutzeinstellungen dieser externen Partner \u00fcber deren eigene Plattformen zu konsultieren.<\/p>\n<p><strong>\u00a0<\/strong><\/p>\n<ol start=\"6\">\n<li><strong>AKTUALISIERUNGEN UND \u00c4NDERUNGEN DER COOKIE-RICHTLINIE<\/strong><\/li>\n<\/ol>\n<p><strong>Hospium 10, S.L<\/strong> kann diese Cookie-Richtlinie aufgrund neuer gesetzlicher oder regulatorischer Anforderungen \u00e4ndern oder um sie an die von der Spanischen Datenschutzbeh\u00f6rde erlassenen Anweisungen anzupassen.<\/p>\n<p>Wenn Sie weitere Informationen dar\u00fcber w\u00fcnschen, wie wir Cookies verwenden, k\u00f6nnen Sie uns eine E-Mail senden an: info@campingetxarri.com<\/p>\n\t\t\n<style>\n#text-3522030638 {\n  text-align: left;\n}\n<\/style>\n\t<\/div>\n\t\n\n\n\t\t<\/div>\n\t\t\t\t\n<style>\n#col-1026094086 > .col-inner {\n  padding: 20px 20px 10px 20px;\n}\n@media (min-width:550px) {\n  #col-1026094086 > .col-inner {\n    padding: 70px 70px 40px 70px;\n  }\n}\n<\/style>\n\t<\/div>\n\n\t\n\n<\/div>\n\t<div id=\"gap-1302626064\" class=\"gap-element clearfix\" style=\"display:block; height:auto;\">\n\t\t\n<style>\n#gap-1302626064 {\n  padding-top: 10px;\n}\n@media (min-width:550px) {\n  #gap-1302626064 {\n    padding-top: 50px;\n  }\n}\n<\/style>\n\t<\/div>\n\t\n\n\n\t\t<\/div>\n\n\t\t\n<style>\n#section_241640623 {\n  padding-top: 80px;\n  padding-bottom: 80px;\n}\n<\/style>\n\t<\/section>\n\t\n\n\n\n<p><\/p>\n","protected":false},"excerpt":{"rendered":"","protected":false},"author":1,"featured_media":0,"parent":0,"menu_order":0,"comment_status":"closed","ping_status":"closed","template":"page-blank.php","meta":{"inline_featured_image":false,"footnotes":""},"class_list":["post-21278","page","type-page","status-publish","hentry"],"yoast_head":"<!-- This site is optimized with the Yoast SEO plugin v21.7 - https:\/\/yoast.com\/wordpress\/plugins\/seo\/ -->\n<title>Pol\u00edtica de Cookies - Camping Etxarri<\/title>\n<meta name=\"robots\" content=\"index, follow, max-snippet:-1, max-image-preview:large, max-video-preview:-1\" \/>\n<link rel=\"canonical\" href=\"https:\/\/campingetxarri.com\/de\/cookies\/\" \/>\n<meta property=\"og:locale\" content=\"de_DE\" \/>\n<meta property=\"og:type\" content=\"article\" \/>\n<meta property=\"og:title\" content=\"Pol\u00edtica de Cookies - Camping Etxarri\" \/>\n<meta property=\"og:url\" content=\"https:\/\/campingetxarri.com\/de\/cookies\/\" \/>\n<meta property=\"og:site_name\" content=\"Camping Etxarri\" \/>\n<meta property=\"article:modified_time\" content=\"2026-01-12T09:36:51+00:00\" \/>\n<meta name=\"twitter:card\" content=\"summary_large_image\" \/>\n<meta name=\"twitter:label1\" content=\"Gesch\u00e4tzte Lesezeit\" \/>\n\t<meta name=\"twitter:data1\" content=\"15\u00a0Minuten\" \/>\n<script type=\"application\/ld+json\" class=\"yoast-schema-graph\">{\"@context\":\"https:\/\/schema.org\",\"@graph\":[{\"@type\":\"WebPage\",\"@id\":\"https:\/\/campingetxarri.com\/de\/cookies\/\",\"url\":\"https:\/\/campingetxarri.com\/de\/cookies\/\",\"name\":\"Pol\u00edtica de Cookies - Camping Etxarri\",\"isPartOf\":{\"@id\":\"https:\/\/campingetxarri.com\/de\/#website\"},\"datePublished\":\"2025-04-08T13:43:10+00:00\",\"dateModified\":\"2026-01-12T09:36:51+00:00\",\"breadcrumb\":{\"@id\":\"https:\/\/campingetxarri.com\/de\/cookies\/#breadcrumb\"},\"inLanguage\":\"de\",\"potentialAction\":[{\"@type\":\"ReadAction\",\"target\":[\"https:\/\/campingetxarri.com\/de\/cookies\/\"]}]},{\"@type\":\"BreadcrumbList\",\"@id\":\"https:\/\/campingetxarri.com\/de\/cookies\/#breadcrumb\",\"itemListElement\":[{\"@type\":\"ListItem\",\"position\":1,\"name\":\"Portada\",\"item\":\"https:\/\/campingetxarri.com\/de\/\"},{\"@type\":\"ListItem\",\"position\":2,\"name\":\"Pol\u00edtica de Cookies\"}]},{\"@type\":\"WebSite\",\"@id\":\"https:\/\/campingetxarri.com\/de\/#website\",\"url\":\"https:\/\/campingetxarri.com\/de\/\",\"name\":\"Camping Etxarri\",\"description\":\"\",\"potentialAction\":[{\"@type\":\"SearchAction\",\"target\":{\"@type\":\"EntryPoint\",\"urlTemplate\":\"https:\/\/campingetxarri.com\/de\/?s={search_term_string}\"},\"query-input\":\"required name=search_term_string\"}],\"inLanguage\":\"de\"}]}<\/script>\n<!-- \/ Yoast SEO plugin. -->","yoast_head_json":{"title":"Pol\u00edtica de Cookies - Camping Etxarri","robots":{"index":"index","follow":"follow","max-snippet":"max-snippet:-1","max-image-preview":"max-image-preview:large","max-video-preview":"max-video-preview:-1"},"canonical":"https:\/\/campingetxarri.com\/de\/cookies\/","og_locale":"de_DE","og_type":"article","og_title":"Pol\u00edtica de Cookies - Camping Etxarri","og_url":"https:\/\/campingetxarri.com\/de\/cookies\/","og_site_name":"Camping Etxarri","article_modified_time":"2026-01-12T09:36:51+00:00","twitter_card":"summary_large_image","twitter_misc":{"Gesch\u00e4tzte Lesezeit":"15\u00a0Minuten"},"schema":{"@context":"https:\/\/schema.org","@graph":[{"@type":"WebPage","@id":"https:\/\/campingetxarri.com\/de\/cookies\/","url":"https:\/\/campingetxarri.com\/de\/cookies\/","name":"Pol\u00edtica de Cookies - Camping Etxarri","isPartOf":{"@id":"https:\/\/campingetxarri.com\/de\/#website"},"datePublished":"2025-04-08T13:43:10+00:00","dateModified":"2026-01-12T09:36:51+00:00","breadcrumb":{"@id":"https:\/\/campingetxarri.com\/de\/cookies\/#breadcrumb"},"inLanguage":"de","potentialAction":[{"@type":"ReadAction","target":["https:\/\/campingetxarri.com\/de\/cookies\/"]}]},{"@type":"BreadcrumbList","@id":"https:\/\/campingetxarri.com\/de\/cookies\/#breadcrumb","itemListElement":[{"@type":"ListItem","position":1,"name":"Portada","item":"https:\/\/campingetxarri.com\/de\/"},{"@type":"ListItem","position":2,"name":"Pol\u00edtica de Cookies"}]},{"@type":"WebSite","@id":"https:\/\/campingetxarri.com\/de\/#website","url":"https:\/\/campingetxarri.com\/de\/","name":"Camping Etxarri","description":"","potentialAction":[{"@type":"SearchAction","target":{"@type":"EntryPoint","urlTemplate":"https:\/\/campingetxarri.com\/de\/?s={search_term_string}"},"query-input":"required name=search_term_string"}],"inLanguage":"de"}]}},"_links":{"self":[{"href":"https:\/\/campingetxarri.com\/de\/wp-json\/wp\/v2\/pages\/21278","targetHints":{"allow":["GET"]}}],"collection":[{"href":"https:\/\/campingetxarri.com\/de\/wp-json\/wp\/v2\/pages"}],"about":[{"href":"https:\/\/campingetxarri.com\/de\/wp-json\/wp\/v2\/types\/page"}],"author":[{"embeddable":true,"href":"https:\/\/campingetxarri.com\/de\/wp-json\/wp\/v2\/users\/1"}],"replies":[{"embeddable":true,"href":"https:\/\/campingetxarri.com\/de\/wp-json\/wp\/v2\/comments?post=21278"}],"version-history":[{"count":3,"href":"https:\/\/campingetxarri.com\/de\/wp-json\/wp\/v2\/pages\/21278\/revisions"}],"predecessor-version":[{"id":21313,"href":"https:\/\/campingetxarri.com\/de\/wp-json\/wp\/v2\/pages\/21278\/revisions\/21313"}],"wp:attachment":[{"href":"https:\/\/campingetxarri.com\/de\/wp-json\/wp\/v2\/media?parent=21278"}],"curies":[{"name":"wp","href":"https:\/\/api.w.org\/{rel}","templated":true}]}}