{"id":15484,"date":"2023-02-26T20:01:04","date_gmt":"2023-02-26T19:01:04","guid":{"rendered":"https:\/\/campingetxarri.com\/valle-de-sakana\/"},"modified":"2024-01-08T09:46:39","modified_gmt":"2024-01-08T08:46:39","slug":"sakana-tal","status":"publish","type":"page","link":"https:\/\/campingetxarri.com\/de\/sakana-tal\/","title":{"rendered":"Sakana-Tal"},"content":{"rendered":"\n<div class=\"slider-wrapper relative\" id=\"slider-1566263434\" >\n    <div class=\"slider slider-nav-simple slider-nav-large slider-nav-light slider-style-normal\"\n        data-flickity-options='{\n            \"cellAlign\": \"center\",\n            \"imagesLoaded\": true,\n            \"lazyLoad\": 1,\n            \"freeScroll\": false,\n            \"wrapAround\": true,\n            \"autoPlay\": 4000,\n            \"pauseAutoPlayOnHover\" : false,\n            \"prevNextButtons\": false,\n            \"contain\" : true,\n            \"adaptiveHeight\" : true,\n            \"dragThreshold\" : 10,\n            \"percentPosition\": true,\n            \"pageDots\": false,\n            \"rightToLeft\": false,\n            \"draggable\": true,\n            \"selectedAttraction\": 0.1,\n            \"parallax\" : 0,\n            \"friction\": 0.6        }'\n        >\n        \n\n<div class=\"row row-collapse row-full-width align-center\"  id=\"row-971871134\">\n\n\n\t<div id=\"col-1751000970\" class=\"col delante small-12 large-12\"  >\n\t\t\t\t<div class=\"col-inner\"  >\n\t\t\t\n\t\t\t\n\n\n  <div class=\"banner has-hover\" id=\"banner-1225444158\">\n          <div class=\"banner-inner fill\">\n        <div class=\"banner-bg fill\" >\n            <div class=\"bg fill bg-fill bg-loaded\"><\/div>\n                        <div class=\"overlay\"><\/div>            \n                    <\/div>\n\t\t\n\t<div class=\"ux-shape-divider ux-shape-divider--bottom ux-shape-divider--style-waves-opacity-3\">\n\t\t<svg viewBox=\"0 0 1000 300\" xmlns=\"http:\/\/www.w3.org\/2000\/svg\" preserveAspectRatio=\"none\">\n\t<path class=\"ux-shape-fill\" opacity=\"0.05\" d=\"M1014 264V386H206L34 300C34 300 344.42 277.16 436 221C542 156 590 160 704 209C811 255 899.11 214.94 979 346L1014 264Z\"\/>\n\t<path class=\"ux-shape-fill\" opacity=\"0.1\" d=\"M-302 55C-302 55 -66.73 263.25 50 214C178 160 283 116 353 141C445.68 174.1 534.28 256.19 588 249C692.9 235 764.52 75.94 855 131C940.61 183.09 1000 254 1000 254V328L-306 338L-302 55Z\"\/>\n\t<path class=\"ux-shape-fill\" opacity=\"0.15\" d=\"M-286 255C-286 255 -72 152 52 126C176 100 255 155 436 227C581.57 284.91 614.7 277.79 708 227C787 184 1009 3.0001 1093 164C1146 265.63 1031 293 1031 293L924 377L-288 389L-286 255Z\"\/>\n\t<path class=\"ux-shape-fill\" opacity=\"0.3\" d=\"M-24 69C-24 69 275.68 370.66 389 314C397 310 622 316 673 356C690.47 369.7 845 224 890 182C944.8 130.85 1018 92 1078 143C1154.12 207.7 1196 242 1196 242L1184 374L-28 386L-24 69Z\"\/>\n\t<path class=\"ux-shape-fill\" d=\"M-12 201C-12 201 58 284 182 258C306 232 342.29 221.23 456 264C565 305 640.82 288.36 721 249C776 222 837.5 191.31 935 253C984 284 1030 279 1030 279L1024 430L-12 440V201Z\"\/>\n<\/svg>\n\t<\/div>\n        <div class=\"banner-layers container\">\n            <div class=\"fill banner-link\"><\/div>            \n\n   <div id=\"text-box-1447287067\" class=\"text-box banner-layer x50 md-x20 lg-x20 y80 md-y80 lg-y80 res-text\">\n                                <div class=\"text-box-content text dark\">\n              \n              <div class=\"text-inner text-center\">\n                  \n\n\t<div id=\"text-1691958784\" class=\"text\">\n\t\t\n\n<h1 class=\"uppercase\" style=\"text-align: left;\"><span style=\"font-size: 90%;\" data-line-height=\"xs\">Sakana-Tal <\/span><\/h1>\n\t\t\n<style>\n#text-1691958784 {\n  line-height: 1.75;\n  text-align: left;\n}\n@media (min-width:550px) {\n  #text-1691958784 {\n    line-height: 1.7;\n    text-align: left;\n  }\n}\n<\/style>\n\t<\/div>\n\t\n\n              <\/div>\n           <\/div>\n                            \n<style>\n#text-box-1447287067 {\n  width: 78%;\n}\n#text-box-1447287067 .text-box-content {\n  font-size: 91%;\n}\n@media (min-width:550px) {\n  #text-box-1447287067 {\n    width: 50%;\n  }\n  #text-box-1447287067 .text-box-content {\n    font-size: 149%;\n  }\n}\n<\/style>\n    <\/div>\n \n\n        <\/div>\n      <\/div>\n\n            \n<style>\n#banner-1225444158 {\n  padding-top: 500px;\n}\n#banner-1225444158 .bg.bg-loaded {\n  background-image: url(https:\/\/campingetxarri.com\/wp-content\/uploads\/2023\/10\/MODALIDAD-1.-OIER-GARICANO-1-scaled.jpg);\n}\n#banner-1225444158 .overlay {\n  background-color: rgba(0, 0, 0, 0.198);\n}\n#banner-1225444158 .bg {\n  background-position: 37% 56%;\n}\n#banner-1225444158 .ux-shape-divider--bottom svg {\n  height: 150px;\n  --divider-width: 242%;\n}\n#banner-1225444158 .ux-shape-divider--bottom .ux-shape-fill {\n  fill: rgb(246, 245, 241);\n}\n@media (min-width:550px) {\n  #banner-1225444158 {\n    padding-top: 700px;\n  }\n  #banner-1225444158 .ux-shape-divider--bottom svg {\n    --divider-width: 100%;\n  }\n}\n<\/style>\n  <\/div>\n\n\n\n\t\t<\/div>\n\t\t\t\t\t<\/div>\n\n\t\n\n<\/div>\n\n     <\/div>\n\n     <div class=\"loading-spin dark large centered\"><\/div>\n\n\t<\/div>\n\n\n\n\t<section class=\"section\" id=\"section_2018744748\">\n\t\t<div class=\"bg section-bg fill bg-fill bg-loaded bg-loaded\" >\n\n\t\t\t\n\t\t\t\n\t\t\t\n\n\t\t<\/div>\n\n\t\t\n\n\t\t<div class=\"section-content relative\">\n\t\t\t\n\n<div class=\"row align-middle align-center\"  id=\"row-663387348\">\n\n\n\t<div id=\"col-1011634504\" class=\"col medium-11 small-12 large-10\"  data-animate=\"bounceInUp\">\n\t\t\t\t<div class=\"col-inner text-center\"  >\n\t\t\t\n\t\t\t\n\n\t<div id=\"gap-1391761091\" class=\"gap-element clearfix\" style=\"display:block; height:auto;\">\n\t\t\n<style>\n#gap-1391761091 {\n  padding-top: 20px;\n}\n<\/style>\n\t<\/div>\n\t\n\n\t<div id=\"gap-2136639271\" class=\"gap-element clearfix\" style=\"display:block; height:auto;\">\n\t\t\n<style>\n#gap-2136639271 {\n  padding-top: 0px;\n}\n@media (min-width:550px) {\n  #gap-2136639271 {\n    padding-top: 50px;\n  }\n}\n<\/style>\n\t<\/div>\n\t\n\n\t<div id=\"gap-280804898\" class=\"gap-element clearfix\" style=\"display:block; height:auto;\">\n\t\t\n<style>\n#gap-280804898 {\n  padding-top: 0px;\n}\n@media (min-width:550px) {\n  #gap-280804898 {\n    padding-top: 50px;\n  }\n}\n<\/style>\n\t<\/div>\n\t\n\n\t<div id=\"text-1626747718\" class=\"text\">\n\t\t\n\n<h1 class=\"uppercase\"><span style=\"font-size: 100%; font-family: hkbold;\">EIN VERBOGENES PARADIES IN NAVARRA<\/span><\/h1>\n\t\t\n<style>\n#text-1626747718 {\n  font-size: 1.4rem;\n}\n<\/style>\n\t<\/div>\n\t\n<p>Tauche ein in eine einzigartige Naturlandschaft. Das Sakana-Tal ist ein perfekter Ort, um Energie zu tanken und mit der Natur in Verbindung zu treten.<\/p>\n<p>Atemberaubende Naturkulissen, charmante D\u00f6rfer, sch\u00f6ne romanische Kirchen, exquisite Gastronomie und Traditionen, die zu Festen werden<\/p>\n\n\t\t<\/div>\n\t\t\t\t\n<style>\n#col-1011634504 > .col-inner {\n  padding: 0px 0px 0px 0;\n}\n@media (min-width:850px) {\n  #col-1011634504 > .col-inner {\n    padding: 0px 0px 0px 0%;\n  }\n}\n<\/style>\n\t<\/div>\n\n\t\n\n<\/div>\n\n\t\t<\/div>\n\n\t\t\n<style>\n#section_2018744748 {\n  padding-top: 0px;\n  padding-bottom: 0px;\n}\n<\/style>\n\t<\/section>\n\t\n\t<div id=\"gap-2110664767\" class=\"gap-element clearfix\" style=\"display:block; height:auto;\">\n\t\t\n<style>\n#gap-2110664767 {\n  padding-top: 20px;\n}\n@media (min-width:550px) {\n  #gap-2110664767 {\n    padding-top: 90px;\n  }\n}\n<\/style>\n\t<\/div>\n\t\n\n\t<div id=\"gap-1998089434\" class=\"gap-element clearfix\" style=\"display:block; height:auto;\">\n\t\t\n<style>\n#gap-1998089434 {\n  padding-top: 0px;\n}\n<\/style>\n\t<\/div>\n\t\n\n\n\t<section class=\"section\" id=\"section_444049896\">\n\t\t<div class=\"bg section-bg fill bg-fill bg-loaded bg-loaded\" >\n\n\t\t\t\n\t\t\t\n\t\t\t\n\n\t\t<\/div>\n\n\t\t\n\n\t\t<div class=\"section-content relative\">\n\t\t\t\n\n<div class=\"row row-collapse row-full-width align-middle\"  id=\"row-1799122780\">\n\n\n\t<div id=\"col-1317222254\" class=\"col delante medium-5 small-12 large-5\"  data-animate=\"bounceInLeft\">\n\t\t\t\t<div class=\"col-inner\"  >\n\t\t\t\n\t\t\t\n\n\t<div class=\"img has-hover x md-x lg-x y md-y lg-y\" id=\"image_2103428564\">\n\t\t\t\t\t\t\t\t<div class=\"img-inner image-cover dark\" style=\"padding-top:56.25%;\">\n\t\t\t<img loading=\"lazy\" decoding=\"async\" width=\"1024\" height=\"680\" src=\"https:\/\/campingetxarri.com\/wp-content\/uploads\/2023\/10\/35831416592_52d59a9b6d_b.jpg\" class=\"attachment-original size-original\" alt=\"Camping Etxarri, actividades.\" srcset=\"https:\/\/campingetxarri.com\/wp-content\/uploads\/2023\/10\/35831416592_52d59a9b6d_b.jpg 1024w, https:\/\/campingetxarri.com\/wp-content\/uploads\/2023\/10\/35831416592_52d59a9b6d_b-300x199.jpg 300w, https:\/\/campingetxarri.com\/wp-content\/uploads\/2023\/10\/35831416592_52d59a9b6d_b-768x510.jpg 768w\" sizes=\"auto, (max-width: 1024px) 100vw, 1024px\" \/>\t\t\t\t\t\t\n\t\t\t\t\t<\/div>\n\t\t\t\t\t\t\t\t\n<style>\n#image_2103428564 {\n  width: 100%;\n}\n<\/style>\n\t<\/div>\n\t\n\n\n\t\t<\/div>\n\t\t\t\t\n<style>\n#col-1317222254 > .col-inner {\n  margin: 0px 0px -20px 0px;\n}\n@media (min-width:550px) {\n  #col-1317222254 > .col-inner {\n    margin: 0px 0px 0px 10%;\n  }\n}\n<\/style>\n\t<\/div>\n\n\t\n\n\t<div id=\"col-1746862616\" class=\"col medium-7 small-12 large-7\"  >\n\t\t\t\t<div class=\"col-inner\" style=\"background-color:rgb(43, 60, 50);\" >\n\t\t\t\n\t\t\t\n\n\n  <div class=\"banner has-hover\" id=\"banner-1181029956\">\n          <div class=\"banner-inner fill\">\n        <div class=\"banner-bg fill\" >\n            <div class=\"bg fill bg-fill bg-loaded\"><\/div>\n                                    \n                    <\/div>\n\t\t\n        <div class=\"banner-layers container\">\n            <div class=\"fill banner-link\"><\/div>            \n\n   <div id=\"text-box-1146892472\" class=\"text-box banner-layer x50 md-x50 lg-x50 y50 md-y50 lg-y50 res-text\">\n                     <div data-animate=\"bounceInUp\">           <div class=\"text-box-content text \">\n              \n              <div class=\"text-inner text-left\">\n                  \n\n<h1><span style=\"font-size: 90%;\" data-text-color=\"primary\"><span style=\"font-family: hkbold;\">ruta de los robles milenarios<\/span><\/span><\/h1>\n<p><span style=\"font-size: 140%;\">Eichen Der Weg f\u00fchrt durch einen wundersch\u00f6nen Eichenwald in unmittelbarer N\u00e4he des Campingplatzes Etxarri. Diese Route ist Teil der perfekt ausgeschilderten lokalen Wanderwege.<\/span><\/p>\n<p><span style=\"font-size: 140%;\">Der Spaziergang ist leicht zu bew\u00e4ltigen und bietet ein einzigartiges visuelles Erlebnis. Er eignet sich hervorragend f\u00fcr Familien und Kinder und ist zu jeder Jahreszeit ideal.<\/span><\/p>\n<p>\u00a0<\/p>\n<p>\u00a0<\/p>\n<p>\u00a0<\/p>\n\n\n\n              <\/div>\n           <\/div>\n       <\/div>                     \n<style>\n#text-box-1146892472 {\n  margin: 30px 0px 0px 0px;\n  width: 90%;\n}\n#text-box-1146892472 .text-box-content {\n  font-size: 102%;\n}\n@media (min-width:550px) {\n  #text-box-1146892472 {\n    width: 76%;\n  }\n}\n<\/style>\n    <\/div>\n \n\n        <\/div>\n      <\/div>\n\n            \n<style>\n#banner-1181029956 {\n  padding-top: 350px;\n  background-color: rgb(238, 236, 220);\n}\n@media (min-width:550px) {\n  #banner-1181029956 {\n    padding-top: 500px;\n  }\n}\n<\/style>\n  <\/div>\n\n\n\n\t\t<\/div>\n\t\t\t\t\n<style>\n#col-1746862616 > .col-inner {\n  padding: 0px 0px 0px 0px;\n  margin: 0px 0px 0px 0px;\n}\n<\/style>\n\t<\/div>\n\n\t\n\n<\/div>\n\t<div id=\"gap-1073134421\" class=\"gap-element clearfix\" style=\"display:block; height:auto;\">\n\t\t\n<style>\n#gap-1073134421 {\n  padding-top: 0px;\n}\n@media (min-width:550px) {\n  #gap-1073134421 {\n    padding-top: 70px;\n  }\n}\n<\/style>\n\t<\/div>\n\t\n\n<div class=\"row row-collapse row-full-width align-middle\"  id=\"row-1758785970\">\n\n\n\t<div id=\"col-22594711\" class=\"col medium-6 small-12 large-6\"  data-animate=\"fadeInRight\">\n\t\t\t\t<div class=\"col-inner\"  >\n\t\t\t\n\t\t\t\n\n\t<div id=\"text-3255441313\" class=\"text\">\n\t\t\n\n<h1><span style=\"font-size: 125%;\" data-text-color=\"primary\"><span style=\"font-family: hkbold;\">ruta de los d\u00f3lmenes<\/span><\/span><\/h1>\n<p>Der Weg beginnt direkt im Camping Etxarri und erstreckt sich \u00fcber eine Strecke von 15 km.<\/p>\n<p>Die Route f\u00fchrt zum erstklassigen Gipfel \u201eTxaradigorri\u201c und passiert neun verschiedene Dolmen in der Sierra de Aralar.<\/p>\n<p>Entlang der Strecke stehen Wanderern und Besuchern Informationstafeln zur Verf\u00fcgung, die jeden der verschiedenen Dolmen erkl\u00e4ren. Es ist zweifellos eine fantastische Route, um sie als Paar oder mit Freunden zu genie\u00dfen.<\/p>\n\t\t\n<style>\n#text-3255441313 {\n  text-align: left;\n}\n<\/style>\n\t<\/div>\n\t\n\n\t\t<\/div>\n\t\t\t\t\n<style>\n#col-22594711 > .col-inner {\n  padding: 5% 10% 5% 5%;\n  max-width: 700px;\n}\n<\/style>\n\t<\/div>\n\n\t\n\n\t<div id=\"col-191678401\" class=\"col medium-6 small-12 large-6 small-col-first\"  >\n\t\t\t\t<div class=\"col-inner\"  >\n\t\t\t\n\t\t\t\n\n\t<div class=\"img has-hover x md-x lg-x y md-y lg-y\" id=\"image_1319668660\">\n\t\t\t\t\t\t\t\t<div class=\"img-inner image-cover dark\" style=\"padding-top:56.25%;\">\n\t\t\t<img loading=\"lazy\" decoding=\"async\" width=\"1000\" height=\"752\" src=\"https:\/\/campingetxarri.com\/wp-content\/uploads\/2024\/01\/MODALIDAD-1.-AITOR-CASAS-2-scaled-1.jpg\" class=\"attachment-original size-original\" alt=\"Camping Etxarri, actividades. Descubre Navarra.\" srcset=\"https:\/\/campingetxarri.com\/wp-content\/uploads\/2024\/01\/MODALIDAD-1.-AITOR-CASAS-2-scaled-1.jpg 1000w, https:\/\/campingetxarri.com\/wp-content\/uploads\/2024\/01\/MODALIDAD-1.-AITOR-CASAS-2-scaled-1-300x226.jpg 300w, https:\/\/campingetxarri.com\/wp-content\/uploads\/2024\/01\/MODALIDAD-1.-AITOR-CASAS-2-scaled-1-768x578.jpg 768w\" sizes=\"auto, (max-width: 1000px) 100vw, 1000px\" \/>\t\t\t\t\t\t\n\t\t\t\t\t<\/div>\n\t\t\t\t\t\t\t\t\n<style>\n#image_1319668660 {\n  width: 100%;\n}\n<\/style>\n\t<\/div>\n\t\n\n\n\t\t<\/div>\n\t\t\t\t\t<\/div>\n\n\t\n\n<\/div>\n\t<div id=\"gap-1996256817\" class=\"gap-element clearfix\" style=\"display:block; height:auto;\">\n\t\t\n<style>\n#gap-1996256817 {\n  padding-top: 0px;\n}\n@media (min-width:550px) {\n  #gap-1996256817 {\n    padding-top: 70px;\n  }\n}\n<\/style>\n\t<\/div>\n\t\n\n<div class=\"row row-collapse row-full-width align-middle\"  id=\"row-1978929624\">\n\n\n\t<div id=\"col-658056122\" class=\"col delante medium-5 small-12 large-5\"  data-animate=\"bounceInLeft\">\n\t\t\t\t<div class=\"col-inner\"  >\n\t\t\t\n\t\t\t\n\n\t<div class=\"img has-hover x md-x lg-x y md-y lg-y\" id=\"image_725014197\">\n\t\t\t\t\t\t\t\t<div class=\"img-inner image-cover dark\" style=\"padding-top:56.25%;\">\n\t\t\t<img loading=\"lazy\" decoding=\"async\" width=\"1000\" height=\"1333\" src=\"https:\/\/campingetxarri.com\/wp-content\/uploads\/2024\/01\/IMG_20200819_181649-scaled-1.jpg\" class=\"attachment-original size-original\" alt=\"Camping Etxarri, actividades. Descubre Navarra.\" srcset=\"https:\/\/campingetxarri.com\/wp-content\/uploads\/2024\/01\/IMG_20200819_181649-scaled-1.jpg 1000w, https:\/\/campingetxarri.com\/wp-content\/uploads\/2024\/01\/IMG_20200819_181649-scaled-1-225x300.jpg 225w, https:\/\/campingetxarri.com\/wp-content\/uploads\/2024\/01\/IMG_20200819_181649-scaled-1-768x1024.jpg 768w\" sizes=\"auto, (max-width: 1000px) 100vw, 1000px\" \/>\t\t\t\t\t\t\n\t\t\t\t\t<\/div>\n\t\t\t\t\t\t\t\t\n<style>\n#image_725014197 {\n  width: 100%;\n}\n<\/style>\n\t<\/div>\n\t\n\n\n\t\t<\/div>\n\t\t\t\t\n<style>\n#col-658056122 > .col-inner {\n  margin: 0px 0px -20px 0px;\n}\n@media (min-width:550px) {\n  #col-658056122 > .col-inner {\n    margin: 0px 0px 0px 10%;\n  }\n}\n<\/style>\n\t<\/div>\n\n\t\n\n\t<div id=\"col-1755514571\" class=\"col medium-7 small-12 large-7\"  >\n\t\t\t\t<div class=\"col-inner\" style=\"background-color:rgb(43, 60, 50);\" >\n\t\t\t\n\t\t\t\n\n\n  <div class=\"banner has-hover\" id=\"banner-188083404\">\n          <div class=\"banner-inner fill\">\n        <div class=\"banner-bg fill\" >\n            <div class=\"bg fill bg-fill bg-loaded\"><\/div>\n                                    \n                    <\/div>\n\t\t\n        <div class=\"banner-layers container\">\n            <div class=\"fill banner-link\"><\/div>            \n\n   <div id=\"text-box-1832634565\" class=\"text-box banner-layer x50 md-x50 lg-x50 y50 md-y50 lg-y50 res-text\">\n                     <div data-animate=\"bounceInUp\">           <div class=\"text-box-content text \">\n              \n              <div class=\"text-inner text-left\">\n                  \n\n<h1><span style=\"font-size: 90%;\" data-text-color=\"primary\"><span style=\"font-family: hkbold;\">Entdecke sakana<\/span><\/span><\/h1>\n<div class=\"flex-1 overflow-hidden\">\n<div class=\"react-scroll-to-bottom--css-jdjal-79elbk h-full\">\n<div class=\"react-scroll-to-bottom--css-jdjal-1n7m0yu\">\n<div class=\"flex flex-col pb-9 text-sm\">\n<div class=\"w-full text-token-text-primary\" data-testid=\"conversation-turn-745\">\n<div class=\"px-4 py-2 justify-center text-base md:gap-6 m-auto\">\n<div class=\"flex flex-1 text-base mx-auto gap-3 md:px-5 lg:px-1 xl:px-5 md:max-w-3xl } group final-completion\">\n<div class=\"relative flex w-full flex-col lg:w-&#091;calc(100%-115px)&#093; agent-turn\">\n<div class=\"flex-col gap-1 md:gap-3\">\n<div class=\"flex flex-grow flex-col max-w-full\">\n<div class=\"min-h-&#091;20px&#093; text-message flex flex-col items-start gap-3 whitespace-pre-wrap break-words &#091;.text-message+&amp;&#093;:mt-5 overflow-x-auto\" data-message-author-role=\"assistant\" data-message-id=\"820f2384-d17c-4a9c-a953-3b3be2f8aa4a\">\n<div class=\"markdown prose w-full break-words dark:prose-invert light\">\n<p><span style=\"font-size: 150%;\">D\u00f6rfer, Routen, Natur, kulturelles Erbe&#8230; Entdecke alles, was Sakana dir ganz in der N\u00e4he des Campingplatzes Etxarri bieten kann. Lass dich von seiner einzigartigen Naturlandschaft verzaubern.<\/span><\/p>\n<\/div>\n<\/div>\n<\/div>\n<div class=\"mt-1 flex justify-start gap-3 empty:hidden\">\n<div class=\"text-gray-400 flex self-end lg:self-center justify-center lg:justify-start mt-0 gap-1 visible\"><button class=\"flex items-center gap-1.5 rounded-md p-1 pl-0 text-xs hover:text-gray-950 dark:text-gray-400 dark:hover:text-gray-200 disabled:dark:hover:text-gray-400 md:invisible md:group-hover:visible md:group-&#091;.final-completion&#093;:visible\"><\/button><\/p>\n<div class=\"flex gap-1\">\u00a0<\/div>\n<div class=\"flex items-center gap-1.5 text-xs\">\u00a0<\/div>\n<\/div>\n<\/div>\n<\/div>\n<\/div>\n<\/div>\n<\/div>\n<\/div>\n<\/div>\n<\/div>\n<\/div>\n<\/div>\n<div class=\"w-full pt-2 md:pt-0 dark:border-white\/20 md:border-transparent md:dark:border-transparent md:w-&#091;calc(100%-.5rem)&#093;\">\n<form class=\"stretch mx-2 flex flex-row gap-3 last:mb-2 md:mx-4 md:last:mb-6 lg:mx-auto lg:max-w-2xl xl:max-w-3xl\">\n<div class=\"relative flex h-full flex-1 items-stretch md:flex-col\">\n<div class=\"flex w-full items-center\">\u00a0<\/div>\n<\/div>\n<\/form>\n<\/div>\n\n\n\n              <\/div>\n           <\/div>\n       <\/div>                     \n<style>\n#text-box-1832634565 {\n  margin: 30px 0px 0px 0px;\n  width: 90%;\n}\n#text-box-1832634565 .text-box-content {\n  font-size: 102%;\n}\n@media (min-width:550px) {\n  #text-box-1832634565 {\n    width: 55%;\n  }\n}\n<\/style>\n    <\/div>\n \n\n        <\/div>\n      <\/div>\n\n            \n<style>\n#banner-188083404 {\n  padding-top: 550px;\n  background-color: rgb(238, 236, 220);\n}\n@media (min-width:550px) {\n  #banner-188083404 {\n    padding-top: 600px;\n  }\n}\n<\/style>\n  <\/div>\n\n\n\n\t\t<\/div>\n\t\t\t\t\n<style>\n#col-1755514571 > .col-inner {\n  padding: 0px 0px 0px 0px;\n  margin: 0px 0px 0px 0px;\n}\n<\/style>\n\t<\/div>\n\n\t\n\n<\/div>\n\n\t\t<\/div>\n\n\t\t\n<style>\n#section_444049896 {\n  padding-top: 30px;\n  padding-bottom: 30px;\n  background-color: rgb(246, 245, 241);\n}\n<\/style>\n\t<\/section>\n\t\n\t<div id=\"gap-1640498668\" class=\"gap-element clearfix\" style=\"display:block; height:auto;\">\n\t\t\n<style>\n#gap-1640498668 {\n  padding-top: 0px;\n}\n@media (min-width:550px) {\n  #gap-1640498668 {\n    padding-top: 70px;\n  }\n}\n<\/style>\n\t<\/div>\n\t\n\n\n","protected":false},"excerpt":{"rendered":"","protected":false},"author":1,"featured_media":0,"parent":0,"menu_order":0,"comment_status":"closed","ping_status":"closed","template":"page-transparent-header-light.php","meta":{"inline_featured_image":false,"footnotes":""},"class_list":["post-15484","page","type-page","status-publish","hentry"],"yoast_head":"<!-- This site is optimized with the Yoast SEO plugin v21.7 - https:\/\/yoast.com\/wordpress\/plugins\/seo\/ -->\n<title>Sakana-Tal - Camping Etxarri<\/title>\n<meta name=\"description\" content=\"Lade deine Batterien auf und schalte ab im Sakana-Tal im Camping Etxarri. Nat\u00fcrliche Landschaften, D\u00f6rfer, Gastronomie und kulturelle Traditionen erwarten dich.\" \/>\n<meta name=\"robots\" content=\"index, follow, max-snippet:-1, max-image-preview:large, max-video-preview:-1\" \/>\n<link rel=\"canonical\" href=\"https:\/\/campingetxarri.com\/de\/sakana-tal\/\" \/>\n<meta property=\"og:locale\" content=\"de_DE\" \/>\n<meta property=\"og:type\" content=\"article\" \/>\n<meta property=\"og:title\" content=\"Sakana-Tal - Camping Etxarri\" \/>\n<meta property=\"og:description\" content=\"Lade deine Batterien auf und schalte ab im Sakana-Tal im Camping Etxarri. Nat\u00fcrliche Landschaften, D\u00f6rfer, Gastronomie und kulturelle Traditionen erwarten dich.\" \/>\n<meta property=\"og:url\" content=\"https:\/\/campingetxarri.com\/de\/sakana-tal\/\" \/>\n<meta property=\"og:site_name\" content=\"Camping Etxarri\" \/>\n<meta property=\"article:modified_time\" content=\"2024-01-08T08:46:39+00:00\" \/>\n<meta name=\"twitter:card\" content=\"summary_large_image\" \/>\n<meta name=\"twitter:label1\" content=\"Gesch\u00e4tzte Lesezeit\" \/>\n\t<meta name=\"twitter:data1\" content=\"4\u00a0Minuten\" \/>\n<script type=\"application\/ld+json\" class=\"yoast-schema-graph\">{\"@context\":\"https:\/\/schema.org\",\"@graph\":[{\"@type\":\"WebPage\",\"@id\":\"https:\/\/campingetxarri.com\/de\/sakana-tal\/\",\"url\":\"https:\/\/campingetxarri.com\/de\/sakana-tal\/\",\"name\":\"Sakana-Tal - Camping Etxarri\",\"isPartOf\":{\"@id\":\"https:\/\/campingetxarri.com\/de\/#website\"},\"datePublished\":\"2023-02-26T19:01:04+00:00\",\"dateModified\":\"2024-01-08T08:46:39+00:00\",\"description\":\"Lade deine Batterien auf und schalte ab im Sakana-Tal im Camping Etxarri. Nat\u00fcrliche Landschaften, D\u00f6rfer, Gastronomie und kulturelle Traditionen erwarten dich.\",\"breadcrumb\":{\"@id\":\"https:\/\/campingetxarri.com\/de\/sakana-tal\/#breadcrumb\"},\"inLanguage\":\"de\",\"potentialAction\":[{\"@type\":\"ReadAction\",\"target\":[\"https:\/\/campingetxarri.com\/de\/sakana-tal\/\"]}]},{\"@type\":\"BreadcrumbList\",\"@id\":\"https:\/\/campingetxarri.com\/de\/sakana-tal\/#breadcrumb\",\"itemListElement\":[{\"@type\":\"ListItem\",\"position\":1,\"name\":\"Portada\",\"item\":\"https:\/\/campingetxarri.com\/de\/\"},{\"@type\":\"ListItem\",\"position\":2,\"name\":\"Sakana-Tal\"}]},{\"@type\":\"WebSite\",\"@id\":\"https:\/\/campingetxarri.com\/de\/#website\",\"url\":\"https:\/\/campingetxarri.com\/de\/\",\"name\":\"Camping Etxarri\",\"description\":\"\",\"potentialAction\":[{\"@type\":\"SearchAction\",\"target\":{\"@type\":\"EntryPoint\",\"urlTemplate\":\"https:\/\/campingetxarri.com\/de\/?s={search_term_string}\"},\"query-input\":\"required name=search_term_string\"}],\"inLanguage\":\"de\"}]}<\/script>\n<!-- \/ Yoast SEO plugin. -->","yoast_head_json":{"title":"Sakana-Tal - Camping Etxarri","description":"Lade deine Batterien auf und schalte ab im Sakana-Tal im Camping Etxarri. Nat\u00fcrliche Landschaften, D\u00f6rfer, Gastronomie und kulturelle Traditionen erwarten dich.","robots":{"index":"index","follow":"follow","max-snippet":"max-snippet:-1","max-image-preview":"max-image-preview:large","max-video-preview":"max-video-preview:-1"},"canonical":"https:\/\/campingetxarri.com\/de\/sakana-tal\/","og_locale":"de_DE","og_type":"article","og_title":"Sakana-Tal - Camping Etxarri","og_description":"Lade deine Batterien auf und schalte ab im Sakana-Tal im Camping Etxarri. Nat\u00fcrliche Landschaften, D\u00f6rfer, Gastronomie und kulturelle Traditionen erwarten dich.","og_url":"https:\/\/campingetxarri.com\/de\/sakana-tal\/","og_site_name":"Camping Etxarri","article_modified_time":"2024-01-08T08:46:39+00:00","twitter_card":"summary_large_image","twitter_misc":{"Gesch\u00e4tzte Lesezeit":"4\u00a0Minuten"},"schema":{"@context":"https:\/\/schema.org","@graph":[{"@type":"WebPage","@id":"https:\/\/campingetxarri.com\/de\/sakana-tal\/","url":"https:\/\/campingetxarri.com\/de\/sakana-tal\/","name":"Sakana-Tal - Camping Etxarri","isPartOf":{"@id":"https:\/\/campingetxarri.com\/de\/#website"},"datePublished":"2023-02-26T19:01:04+00:00","dateModified":"2024-01-08T08:46:39+00:00","description":"Lade deine Batterien auf und schalte ab im Sakana-Tal im Camping Etxarri. Nat\u00fcrliche Landschaften, D\u00f6rfer, Gastronomie und kulturelle Traditionen erwarten dich.","breadcrumb":{"@id":"https:\/\/campingetxarri.com\/de\/sakana-tal\/#breadcrumb"},"inLanguage":"de","potentialAction":[{"@type":"ReadAction","target":["https:\/\/campingetxarri.com\/de\/sakana-tal\/"]}]},{"@type":"BreadcrumbList","@id":"https:\/\/campingetxarri.com\/de\/sakana-tal\/#breadcrumb","itemListElement":[{"@type":"ListItem","position":1,"name":"Portada","item":"https:\/\/campingetxarri.com\/de\/"},{"@type":"ListItem","position":2,"name":"Sakana-Tal"}]},{"@type":"WebSite","@id":"https:\/\/campingetxarri.com\/de\/#website","url":"https:\/\/campingetxarri.com\/de\/","name":"Camping Etxarri","description":"","potentialAction":[{"@type":"SearchAction","target":{"@type":"EntryPoint","urlTemplate":"https:\/\/campingetxarri.com\/de\/?s={search_term_string}"},"query-input":"required name=search_term_string"}],"inLanguage":"de"}]}},"_links":{"self":[{"href":"https:\/\/campingetxarri.com\/de\/wp-json\/wp\/v2\/pages\/15484","targetHints":{"allow":["GET"]}}],"collection":[{"href":"https:\/\/campingetxarri.com\/de\/wp-json\/wp\/v2\/pages"}],"about":[{"href":"https:\/\/campingetxarri.com\/de\/wp-json\/wp\/v2\/types\/page"}],"author":[{"embeddable":true,"href":"https:\/\/campingetxarri.com\/de\/wp-json\/wp\/v2\/users\/1"}],"replies":[{"embeddable":true,"href":"https:\/\/campingetxarri.com\/de\/wp-json\/wp\/v2\/comments?post=15484"}],"version-history":[{"count":11,"href":"https:\/\/campingetxarri.com\/de\/wp-json\/wp\/v2\/pages\/15484\/revisions"}],"predecessor-version":[{"id":18348,"href":"https:\/\/campingetxarri.com\/de\/wp-json\/wp\/v2\/pages\/15484\/revisions\/18348"}],"wp:attachment":[{"href":"https:\/\/campingetxarri.com\/de\/wp-json\/wp\/v2\/media?parent=15484"}],"curies":[{"name":"wp","href":"https:\/\/api.w.org\/{rel}","templated":true}]}}