{"id":15432,"date":"2021-07-09T12:35:00","date_gmt":"2021-07-09T10:35:00","guid":{"rendered":"https:\/\/campingetxarri.com\/politica-de-privacidad\/"},"modified":"2023-11-30T10:07:28","modified_gmt":"2023-11-30T09:07:28","slug":"datenschutzritchlinie","status":"publish","type":"page","link":"https:\/\/campingetxarri.com\/de\/datenschutzritchlinie\/","title":{"rendered":"Datenschutzritchlinie"},"content":{"rendered":"\n\t<section class=\"section\" id=\"section_1683900981\">\n\t\t<div class=\"bg section-bg fill bg-fill bg-loaded bg-loaded\" >\n\n\t\t\t\n\t\t\t\n\t\t\t\n\n\t\t<\/div>\n\n\t\t\n\n\t\t<div class=\"section-content relative\">\n\t\t\t\n\n<div class=\"row align-center\"  id=\"row-888446966\">\n\n\n\t<div id=\"col-1604109325\" class=\"col medium-7 small-12 large-9\"  >\n\t\t\t\t<div class=\"col-inner text-center\"  >\n\t\t\t\n\t\t\t\n\n\t<div id=\"text-707607420\" class=\"text\">\n\t\t\n\n<h1 style=\"text-align: center;\"><span style=\"font-size: 170%;\">Datenschutzritchlinie<\/span><\/h1>\n\t\t\n<style>\n#text-707607420 {\n  color: #465f51;\n}\n#text-707607420 > * {\n  color: #465f51;\n}\n<\/style>\n\t<\/div>\n\t\n\n\t\t<\/div>\n\t\t\t\t\t<\/div>\n\n\t\n\n<\/div>\n<div class=\"row align-center\"  id=\"row-863549212\">\n\n\n\t<div id=\"col-1407069208\" class=\"col medium-12 small-12 large-8\"  >\n\t\t\t\t<div class=\"col-inner\" style=\"background-color:rgb(255,255,255);\" >\n\t\t\t\n\t\t\t\n\n\t<div id=\"text-622746430\" class=\"text\">\n\t\t\n\n<p>Dieser rechtliche Text gibt Ihnen Details dar\u00fcber, wie wir Ihre pers\u00f6nlichen Daten sammeln und verarbeiten, wenn Sie unsere Website <a href=\"https:\/\/campingetxarri.com\">https:\/\/etxarri.quimeras.cat<\/a> nutzen, einschlie\u00dflich aller Informationen, die Sie uns \u00fcber die Website zukommen lassen, wenn Sie eine Reservierung vornehmen.<\/p>\n<p>Indem Sie uns die Daten zur Verf\u00fcgung stellen, informieren wir Sie dar\u00fcber, dass unsere Dienstleistungen f\u00fcr Personen, denen es gesetzlich untersagt ist, ihre Zustimmung zu erteilen, nicht m\u00f6glich sind. Wenn Sie uns also die Formulare zusenden, garantieren Sie uns, dass Sie die ausreichende F\u00e4higkeit zur Erteilung Ihrer Zustimmung haben.<\/p>\n<p>Im Folgenden informieren wir Sie \u00fcber die Datenschutzrichtlinie von: <strong>Camping Etxarri, S.L.<\/strong><\/p>\n<ol>\n<li><strong>Verantwortlicher f\u00fcr die Verarbeitung.<\/strong><\/li>\n<\/ol>\n<p>Kontaktdaten des Verantwortlichen:<\/p>\n<p><strong>Camping Etxarri, S.L,<\/strong> mit CIF: B-47785621 und Sitz in: Camino de Pollos 8, 47100 Tordesillas, Valladolid, und Telefon: 948460537 E-Mail: info@campingetxarri.com<\/p>\n<p>Handelsregister von VALLADOLID T 1546, F 142, S 8, H VA 30154, I\/A 1 (22.10.18)<\/p>\n<p><strong>Camping Etxarri, S.L<\/strong>, ist f\u00fcr Ihre Daten verantwortlich. (Nachfolgend wir oder unser).<\/p>\n<ol start=\"2\">\n<li><strong>Welche Daten erfassen wir?<\/strong><\/li>\n<\/ol>\n<p>Die Datenschutz-Grundverordnung definiert personenbezogene Daten als alle Informationen \u00fcber eine identifizierte oder identifizierbare nat\u00fcrliche Person, das hei\u00dft jede Information, die eine Person identifizieren kann. Hierzu geh\u00f6ren keine anonymen oder prozentualen Daten.<\/p>\n<p>Die pers\u00f6nlichen Daten, die direkt vom Interessenten erfasst werden k\u00f6nnten, werden vertraulich behandelt und in die entsprechenden Verarbeitungst\u00e4tigkeiten eingegliedert, die im Eigentum von <strong>Camping Etxarri, S.L<\/strong> stehen.<\/p>\n<p>Auf unserer Website k\u00f6nnen wir bestimmte Arten personenbezogener Daten verarbeiten, darunter:<\/p>\n<ul>\n<li>Identit\u00e4tsdaten: Vorname, Nachname und Personalausweisnummer.<\/li>\n<li>Daten zu pers\u00f6nlichen Merkmalen: Geburtsdatum.<\/li>\n<li>Kontaktdaten: E-Mail, Telefonnummer und Adresse.<\/li>\n<li>Wirtschaftliche Daten: Kreditkartendaten.<\/li>\n<\/ul>\n<p>Wir erfassen keine Daten zu besonderen Kategorien personenbezogener Daten (die ethnische oder rassische Herkunft, politische Meinungen, religi\u00f6se oder philosophische \u00dcberzeugungen, die Mitgliedschaft in Gewerkschaften sowie Informationen zu Ihrer Gesundheit, genetische oder biometrische Daten offenlegen).<\/p>\n<p>Falls Sie aufgefordert werden, gesetzlich vorgeschriebene oder vertraglich vereinbarte Daten zu erfassen und sich weigern, uns diese zur Verf\u00fcgung zu stellen, k\u00f6nnen wir m\u00f6glicherweise den Vertrag nicht durchf\u00fchren oder den Service nicht erbringen, und Sie sollten uns dies im Voraus mitteilen.<\/p>\n<ol start=\"3\">\n<li><strong>Wie erfassen wir Ihre personenbezogenen Daten?<\/strong><\/li>\n<\/ol>\n<p>Die von uns verwendeten Methoden zur Erfassung personenbezogener Daten sind:<\/p>\n<ul>\n<li><strong>\u00dcber das Formular auf unserer Website, per E-Mail \u00fcber unsere Kontakt-E-Mails, telefonisch oder per Post, wenn:<br \/><\/strong>\n<ul>\n<li>Sie Informationen zu unseren Dienstleistungen anfordern<\/li>\n<li>Die Erbringung unserer Dienstleistungen in Auftrag geben<\/li>\n<li>Kostenvoranschl\u00e4ge anfordern<\/li>\n<\/ul>\n<\/li>\n<\/ul>\n<ul>\n<li><strong>\u00dcber Technologie oder automatisierte Interaktionen: <\/strong>Auf unserer Website k\u00f6nnen automatisch technische Daten zu Ihrem Ger\u00e4t, Browser-Aktionen und Nutzungsverhalten erfasst werden. Diese Daten werden durch Cookies oder \u00e4hnliche Technologien gesammelt. Weitere Informationen finden Sie in unserer Cookie-Richtlinie hier.\u00a0\u00a0<\/li>\n<li><strong>\u00dcber Dritte:<br \/><\/strong>\n<ul>\n<li>Google: Analytische Daten oder Suchdaten. Au\u00dferhalb der Europ\u00e4ischen Union.<\/li>\n<\/ul>\n<\/li>\n<\/ul>\n<ol start=\"4\">\n<li>\n<p><strong>Zweck und Legitimation f\u00fcr die Verwendung Ihrer Daten.<\/strong><\/p>\n<\/li>\n<\/ol>\n<p>Die h\u00e4ufigsten Verwendungen Ihrer personenbezogenen Daten sind:<\/p>\n<ul>\n<li>Zur Formalisierung eines Vertrags zwischen <strong>Camping Etxarri, S.L<\/strong> und Ihnen.<\/li>\n<li>Wenn Sie Ihre Einwilligung zur Verarbeitung Ihrer Daten geben.<\/li>\n<li>Wenn wir sie f\u00fcr die Erf\u00fcllung einer gesetzlichen oder regulatorischen Verpflichtung ben\u00f6tigen.<\/li>\n<li>Wenn es f\u00fcr unser legitimes Interesse oder das eines Dritten erforderlich ist.<\/li>\n<\/ul>\n<p>Der Benutzer kann die erteilte Einwilligung jederzeit widerrufen, indem er eine E-Mail an<strong> info@campingetxarri.com<\/strong> sendet oder den Abschnitt zur Aus\u00fcbung von Rechten unten konsultiert.<\/p>\n<p>Im Folgenden finden Sie eine Tabelle, in der Sie die Arten sehen k\u00f6nnen, wie wir Ihre personenbezogenen Daten verwenden werden, und die Legitimation f\u00fcr ihre Verwendung. Au\u00dferdem erfahren Sie, welche Art von personenbezogenen Daten wir verarbeiten werden. Es ist m\u00f6glich, dass wir einige personenbezogene Daten aus einem zus\u00e4tzlichen rechtlichen Grund verarbeiten, daher k\u00f6nnen Sie bei Bedarf eine E-Mail an <strong>info@campingetxarri.com<\/strong> senden.<\/p>\n<table style=\"height: 1029px;\" width=\"554\">\n<tbody>\n<tr>\n<td width=\"132\"><strong>Formular<\/strong><\/td>\n<td width=\"208\">\n<p><strong>Zweck<\/strong><\/p>\n<\/td>\n<td width=\"159\">\n<p><strong>Art der daten\u00a0<\/strong><\/p>\n<\/td>\n<td width=\"171\">\n<p><strong>Legitimit\u00e4t f\u00fcr die Verarbeitung<\/strong><\/p>\n<\/td>\n<\/tr>\n<tr>\n<td width=\"132\">\n<p>Reservierungen<\/p>\n<\/td>\n<td width=\"208\">\n<p>Der Zweck ist das Management von Reservierungen<\/p>\n<p>\u00a0<\/p>\n<\/td>\n<td width=\"159\">\n<p>Name<\/p>\n<p>Nachname<\/p>\n<p>E-Mail<\/p>\n<p>Telefon<\/p>\n<p>Ausweis\/NIE\/Pass<\/p>\n<p>Adresse<\/p>\n<p>Kartennummer<\/p>\n<\/td>\n<td width=\"171\">\n<p>Einwilligung der betroffenen Person (Art. 6.1.a DSGVO)<\/p>\n<p>\u00a0<\/p>\n<p>Verarbeitung, die zur Erf\u00fcllung einer gesetzlichen Verpflichtung erforderlich ist, die auf den f\u00fcr die Verarbeitung Verantwortlichen zutrifft (Art. 6.1.c DSGVO)<\/p>\n<p>\u00a0<\/p>\n<p>Verarbeitung, die f\u00fcr die Durchf\u00fchrung eines Vertrags erforderlich ist, bei dem die betroffene Person Vertragspartei ist, oder f\u00fcr die Durchf\u00fchrung von vorvertraglichen Ma\u00dfnahmen auf Anfrage der betroffenen Person (Art. 6.1b DSGVO)<\/p>\n<p>Verarbeitung ist f\u00fcr die Wahrung der berechtigten Interessen erforderlich, die von dem f\u00fcr die Verarbeitung Verantwortlichen verfolgt werden (Art. 6.1f DSGVO)<\/p>\n<\/td>\n<\/tr>\n<\/tbody>\n<\/table>\n<p><strong>\u00a0<\/strong><\/p>\n<p><strong>Zweck: <\/strong>Wir werden Ihre Daten nur f\u00fcr die Zwecke verwenden, f\u00fcr die wir sie gesammelt haben, es sei denn, wir halten es f\u00fcr vern\u00fcnftigerweise notwendig, sie f\u00fcr einen anderen Zweck zu verwenden, den wir Ihnen vorher mitteilen, damit Sie \u00fcber den rechtlichen Grund f\u00fcr ihre Verarbeitung informiert sind und vorausgesetzt, der Zweck ist mit dem urspr\u00fcnglichen Zweck vereinbar.<\/p>\n<ol start=\"5\">\n<li><strong>Wie lange werden Ihre Daten aufbewahrt?<\/strong><\/li>\n<\/ol>\n<p>Sie werden so lange aufbewahrt, wie es f\u00fcr die Erf\u00fcllung des Zwecks, f\u00fcr den sie gesammelt wurden, und f\u00fcr die Feststellung der m\u00f6glichen Verantwortlichkeiten, die sich aus diesem Zweck und der Datenverarbeitung ergeben k\u00f6nnten, erforderlich ist. Es gelten die Bestimmungen der verschiedenen Vorschriften zur Aufbewahrungsdauer, soweit sie auf diese Verarbeitung anwendbar sind.<\/p>\n<p>\u00a0<\/p>\n<ol start=\"6\">\n<li><strong>Minderj\u00e4hrige<\/strong><\/li>\n<\/ol>\n<p><strong>Camping Etxarri, S.L<\/strong> gestattet es nicht, dass Minderj\u00e4hrige unter 14 Jahren ihre personenbezogenen Daten \u00fcber die auf dieser Website bereitgestellten Mittel (Ausf\u00fcllen von Webformularen zur Anforderung von Dienstleistungen, Kontakt oder per E-Mail) zur Verf\u00fcgung stellen. Personen, die personenbezogene Daten \u00fcber diese Mittel bereitstellen, erkl\u00e4ren ausdr\u00fccklich, dass sie \u00e4lter als 14 Jahre sind, und Camping Etxarri, S.L wird von jeglicher Verantwortung f\u00fcr die Nichteinhaltung dieser Anforderung befreit.<\/p>\n<p>Wenn Ihr Kind unterhalb des festgelegten Alterslimits pers\u00f6nliche Informationen an <strong>Camping Etxarri, S.L<\/strong> \u00fcbermittelt hat, setzen Sie sich bitte mit uns in Verbindung, um die Aus\u00fcbung Ihrer geltenden Rechte zu beantragen.<\/p>\n<p>In F\u00e4llen, in denen die von <strong>Camping Etxarri, S.L<\/strong> angebotenen Dienstleistungen f\u00fcr Minderj\u00e4hrige unter 14 Jahren bestimmt sind, werden die Mittel bereitgestellt, um die Zustimmung der Eltern oder gesetzlichen Vorm\u00fcnder des Minderj\u00e4hrigen einzuholen<\/p>\n<ol start=\"7\">\n<li>\n<p><strong>Aus\u00fcbung der Datenschutzrechte<\/strong><\/p>\n<\/li>\n<\/ol>\n<p>Wie k\u00f6nnen diese Rechte ausge\u00fcbt werden? Die Nutzer k\u00f6nnen sich schriftlich an die Gesch\u00e4ftsadresse von Camping Etxarri, S.L. oder die E-Mail-Adresse <a href=\"mailto:info@campingetxarri.com\" target=\"_new\" rel=\"noopener\">info@campingetxarri.com<\/a> wenden, wobei in beiden F\u00e4llen eine Fotokopie ihres Personalausweises oder eines \u00e4hnlichen Identifikationsdokuments beigef\u00fcgt werden muss, um die Aus\u00fcbung der folgenden Rechte zu beantragen:<\/p>\n<ul>\n<li>Zugang zu ihren personenbezogenen Daten: Sie k\u00f6nnen <strong>Camping Etxarri, S.L.<\/strong> fragen, ob ihre personenbezogenen Daten verwendet werden.<\/li>\n<li>Berichtigung beantragen, wenn sie nicht korrekt sind, oder das Recht auf Vergessenwerden in Bezug auf diese aus\u00fcben.<\/li>\n<li>Beantragung der Einschr\u00e4nkung der Verarbeitung; in diesem Fall werden die Daten nur von Camping Etxarri, S.L. f\u00fcr die Aus\u00fcbung oder Verteidigung von Anspr\u00fcchen aufbewahrt.<\/li>\n<li>Widerspruch gegen die Verarbeitung: Camping Etxarri, S.L. wird die Daten gem\u00e4\u00df Ihren Anweisungen nicht weiter verarbeiten, es sei denn, es liegen legitime Gr\u00fcnde oder die Aus\u00fcbung oder Verteidigung m\u00f6glicher Anspr\u00fcche vor.<\/li>\n<li>Daten\u00fcbertragbarkeit: Falls Sie m\u00f6chten, dass Ihre Daten von einem anderen Unternehmen verarbeitet werden, wird Camping Etxarri, S.L. Ihnen die \u00dcbertragbarkeit Ihrer Daten an den neuen Verantwortlichen erm\u00f6glichen.<\/li>\n<\/ul>\n<p>Sie k\u00f6nnen die von der Spanischen Datenschutzbeh\u00f6rde zur Verf\u00fcgung gestellten Modelle verwenden, um Ihre oben genannten Rechte auszu\u00fcben: <a href=\"https:\/\/www.aepd.es\/reglamento\/derechos\/index.html\">Hier<\/a><\/p>\n<p>Beschwerde bei der AEPD: Wenn Sie der Ansicht sind, dass es ein Problem mit der Art und Weise gibt, wie Camping Etxarri, S.L. Ihre Daten verarbeitet, k\u00f6nnen Sie Ihre Beschwerden an die entsprechende Aufsichtsbeh\u00f6rde richten, die in Spanien die zust\u00e4ndige ist: <a href=\"https:\/\/sedeagpd.gob.es\/sede-electronica-web\/vistas\/formNuevaReclamacion\/solicitudReclamacion.jsf;jsessionid=5085E2038B4210818633610065963C3E\">Agencia Espa\u00f1ola de Protecci\u00f3n de Datos<\/a><\/p>\n<p>Wir werden spezifische Informationen von Ihnen anfordern, um Ihre Identit\u00e4t zu best\u00e4tigen und Ihr Recht auf Zugang zu Ihren personenbezogenen Daten sicherzustellen (oder eines der oben genannten Rechte auszu\u00fcben). Dies ist eine Sicherheitsma\u00dfnahme, um sicherzustellen, dass personenbezogene Daten nicht an Personen weitergegeben werden, die nicht berechtigt sind, sie zu erhalten.<\/p>\n<p>Alle Anfragen werden innerhalb der gesetzlichen Frist von einem Monat bearbeitet. Es kann jedoch l\u00e4nger dauern, wenn Ihre Anfrage besonders komplex ist. In diesem Fall werden wir Sie benachrichtigen und auf dem Laufenden halten.<\/p>\n<ol start=\"8\">\n<li>\n<p><strong>Datenweitergabe: Dienstleistungserbringung.<\/strong><\/p>\n<\/li>\n<\/ol>\n<p>Es ist m\u00f6glich, dass wir bei der Ausf\u00fchrung unserer Arbeit die Hilfe von Dritten in Anspruch nehmen m\u00fcssen, die die Daten nur f\u00fcr die Erbringung der vereinbarten Dienstleistung verarbeiten und f\u00fcr die entsprechenden Ma\u00dfnahmen zum Schutz Ihrer Rechte sorgen:<\/p>\n<ul>\n<li>Dienstleister, die Systemverwaltungs- und IT-Dienstleistungen anbieten.<\/li>\n<li>Berufsberater, einschlie\u00dflich Anw\u00e4lte, Pr\u00fcfer und Versicherer, die Bank-, Rechts-, Versicherungs- und Buchhaltungsdienstleistungen anbieten.<\/li>\n<\/ul>\n<p>Alle Auftragsverarbeiter, denen wir Ihre Daten \u00fcbermitteln, werden die Sicherheit Ihrer personenbezogenen Daten respektieren und gem\u00e4\u00df der DSGVO behandeln.<\/p>\n<p>Wir erlauben nur solchen Auftragsverarbeitern, Ihre Daten f\u00fcr bestimmte Zwecke und gem\u00e4\u00df unseren Anweisungen zu verarbeiten. Sie k\u00f6nnen jedoch im Rahmen der Transparenz von uns eine Liste der Unternehmen anfordern, die uns Dienstleistungen erbringen. Dies k\u00f6nnen Sie per E-Mail an <a href=\"mailto:info@campingetxarri.com\" target=\"_new\" rel=\"noopener\">info@campingetxarri.com<\/a> tun.<\/p>\n<ol start=\"9\">\n<li>\n<p><strong>Datensicherheit.<\/strong><\/p>\n<\/li>\n<\/ol>\n<p>Wir haben angemessene Sicherheitsma\u00dfnahmen implementiert, um zu verhindern, dass Ihre personenbezogenen Daten unbeabsichtigt verloren gehen, unbefugt genutzt oder zugegriffen wird, sie ver\u00e4ndert oder offengelegt wird. Dar\u00fcber hinaus beschr\u00e4nken wir den Zugang zu Ihren personenbezogenen Daten auf diejenigen Mitarbeiter, Auftragnehmer und Dritten, die gesch\u00e4ftlich darauf angewiesen sind, diese Daten zu kennen. Sie werden Ihre personenbezogenen Daten nur gem\u00e4\u00df unseren Anweisungen verarbeiten und unterliegen einer Verschwiegenheitspflicht.<\/p>\n<p>Wir haben Verfahren implementiert, um jeden Verdacht auf Verletzung Ihrer personenbezogenen Daten zu behandeln, und werden Sie und die Aufsichtsbeh\u00f6rde im Falle eines Sicherheitsvorfalls gem\u00e4\u00df der DSGVO in Artikel 33 und 34 benachrichtigen.<\/p>\n<p><span style=\"font-size: 14.4px;\">.<\/span><\/p>\n\t\t\n<style>\n#text-622746430 {\n  text-align: left;\n}\n<\/style>\n\t<\/div>\n\t\n\n\n\t\t<\/div>\n\t\t\t\t\n<style>\n#col-1407069208 > .col-inner {\n  padding: 20px 20px 10px 20px;\n}\n@media (min-width:550px) {\n  #col-1407069208 > .col-inner {\n    padding: 70px 70px 40px 70px;\n  }\n}\n<\/style>\n\t<\/div>\n\n\t\n\n<\/div>\n\t<div id=\"gap-1449961655\" class=\"gap-element clearfix\" style=\"display:block; height:auto;\">\n\t\t\n<style>\n#gap-1449961655 {\n  padding-top: 10px;\n}\n@media (min-width:550px) {\n  #gap-1449961655 {\n    padding-top: 50px;\n  }\n}\n<\/style>\n\t<\/div>\n\t\n\n\n\t\t<\/div>\n\n\t\t\n<style>\n#section_1683900981 {\n  padding-top: 80px;\n  padding-bottom: 80px;\n}\n<\/style>\n\t<\/section>\n\t\n\n","protected":false},"excerpt":{"rendered":"","protected":false},"author":1,"featured_media":0,"parent":0,"menu_order":0,"comment_status":"closed","ping_status":"closed","template":"page-blank.php","meta":{"inline_featured_image":false,"footnotes":""},"class_list":["post-15432","page","type-page","status-publish","hentry"],"yoast_head":"<!-- This site is optimized with the Yoast SEO plugin v21.7 - https:\/\/yoast.com\/wordpress\/plugins\/seo\/ -->\n<title>Datenschutzritchlinie - Camping Etxarri<\/title>\n<meta name=\"robots\" content=\"index, follow, max-snippet:-1, max-image-preview:large, max-video-preview:-1\" \/>\n<link rel=\"canonical\" href=\"https:\/\/campingetxarri.com\/de\/datenschutzritchlinie\/\" \/>\n<meta property=\"og:locale\" content=\"de_DE\" \/>\n<meta property=\"og:type\" content=\"article\" \/>\n<meta property=\"og:title\" content=\"Datenschutzritchlinie - Camping Etxarri\" \/>\n<meta property=\"og:url\" content=\"https:\/\/campingetxarri.com\/de\/datenschutzritchlinie\/\" \/>\n<meta property=\"og:site_name\" content=\"Camping Etxarri\" \/>\n<meta property=\"article:modified_time\" content=\"2023-11-30T09:07:28+00:00\" \/>\n<meta name=\"twitter:card\" content=\"summary_large_image\" \/>\n<meta name=\"twitter:label1\" content=\"Gesch\u00e4tzte Lesezeit\" \/>\n\t<meta name=\"twitter:data1\" content=\"15\u00a0Minuten\" \/>\n<script type=\"application\/ld+json\" class=\"yoast-schema-graph\">{\"@context\":\"https:\/\/schema.org\",\"@graph\":[{\"@type\":\"WebPage\",\"@id\":\"https:\/\/campingetxarri.com\/de\/datenschutzritchlinie\/\",\"url\":\"https:\/\/campingetxarri.com\/de\/datenschutzritchlinie\/\",\"name\":\"Datenschutzritchlinie - Camping Etxarri\",\"isPartOf\":{\"@id\":\"https:\/\/campingetxarri.com\/de\/#website\"},\"datePublished\":\"2021-07-09T10:35:00+00:00\",\"dateModified\":\"2023-11-30T09:07:28+00:00\",\"breadcrumb\":{\"@id\":\"https:\/\/campingetxarri.com\/de\/datenschutzritchlinie\/#breadcrumb\"},\"inLanguage\":\"de\",\"potentialAction\":[{\"@type\":\"ReadAction\",\"target\":[\"https:\/\/campingetxarri.com\/de\/datenschutzritchlinie\/\"]}]},{\"@type\":\"BreadcrumbList\",\"@id\":\"https:\/\/campingetxarri.com\/de\/datenschutzritchlinie\/#breadcrumb\",\"itemListElement\":[{\"@type\":\"ListItem\",\"position\":1,\"name\":\"Portada\",\"item\":\"https:\/\/campingetxarri.com\/de\/\"},{\"@type\":\"ListItem\",\"position\":2,\"name\":\"Datenschutzritchlinie\"}]},{\"@type\":\"WebSite\",\"@id\":\"https:\/\/campingetxarri.com\/de\/#website\",\"url\":\"https:\/\/campingetxarri.com\/de\/\",\"name\":\"Camping Etxarri\",\"description\":\"\",\"potentialAction\":[{\"@type\":\"SearchAction\",\"target\":{\"@type\":\"EntryPoint\",\"urlTemplate\":\"https:\/\/campingetxarri.com\/de\/?s={search_term_string}\"},\"query-input\":\"required name=search_term_string\"}],\"inLanguage\":\"de\"}]}<\/script>\n<!-- \/ Yoast SEO plugin. -->","yoast_head_json":{"title":"Datenschutzritchlinie - Camping Etxarri","robots":{"index":"index","follow":"follow","max-snippet":"max-snippet:-1","max-image-preview":"max-image-preview:large","max-video-preview":"max-video-preview:-1"},"canonical":"https:\/\/campingetxarri.com\/de\/datenschutzritchlinie\/","og_locale":"de_DE","og_type":"article","og_title":"Datenschutzritchlinie - Camping Etxarri","og_url":"https:\/\/campingetxarri.com\/de\/datenschutzritchlinie\/","og_site_name":"Camping Etxarri","article_modified_time":"2023-11-30T09:07:28+00:00","twitter_card":"summary_large_image","twitter_misc":{"Gesch\u00e4tzte Lesezeit":"15\u00a0Minuten"},"schema":{"@context":"https:\/\/schema.org","@graph":[{"@type":"WebPage","@id":"https:\/\/campingetxarri.com\/de\/datenschutzritchlinie\/","url":"https:\/\/campingetxarri.com\/de\/datenschutzritchlinie\/","name":"Datenschutzritchlinie - Camping Etxarri","isPartOf":{"@id":"https:\/\/campingetxarri.com\/de\/#website"},"datePublished":"2021-07-09T10:35:00+00:00","dateModified":"2023-11-30T09:07:28+00:00","breadcrumb":{"@id":"https:\/\/campingetxarri.com\/de\/datenschutzritchlinie\/#breadcrumb"},"inLanguage":"de","potentialAction":[{"@type":"ReadAction","target":["https:\/\/campingetxarri.com\/de\/datenschutzritchlinie\/"]}]},{"@type":"BreadcrumbList","@id":"https:\/\/campingetxarri.com\/de\/datenschutzritchlinie\/#breadcrumb","itemListElement":[{"@type":"ListItem","position":1,"name":"Portada","item":"https:\/\/campingetxarri.com\/de\/"},{"@type":"ListItem","position":2,"name":"Datenschutzritchlinie"}]},{"@type":"WebSite","@id":"https:\/\/campingetxarri.com\/de\/#website","url":"https:\/\/campingetxarri.com\/de\/","name":"Camping Etxarri","description":"","potentialAction":[{"@type":"SearchAction","target":{"@type":"EntryPoint","urlTemplate":"https:\/\/campingetxarri.com\/de\/?s={search_term_string}"},"query-input":"required name=search_term_string"}],"inLanguage":"de"}]}},"_links":{"self":[{"href":"https:\/\/campingetxarri.com\/de\/wp-json\/wp\/v2\/pages\/15432","targetHints":{"allow":["GET"]}}],"collection":[{"href":"https:\/\/campingetxarri.com\/de\/wp-json\/wp\/v2\/pages"}],"about":[{"href":"https:\/\/campingetxarri.com\/de\/wp-json\/wp\/v2\/types\/page"}],"author":[{"embeddable":true,"href":"https:\/\/campingetxarri.com\/de\/wp-json\/wp\/v2\/users\/1"}],"replies":[{"embeddable":true,"href":"https:\/\/campingetxarri.com\/de\/wp-json\/wp\/v2\/comments?post=15432"}],"version-history":[{"count":4,"href":"https:\/\/campingetxarri.com\/de\/wp-json\/wp\/v2\/pages\/15432\/revisions"}],"predecessor-version":[{"id":15437,"href":"https:\/\/campingetxarri.com\/de\/wp-json\/wp\/v2\/pages\/15432\/revisions\/15437"}],"wp:attachment":[{"href":"https:\/\/campingetxarri.com\/de\/wp-json\/wp\/v2\/media?parent=15432"}],"curies":[{"name":"wp","href":"https:\/\/api.w.org\/{rel}","templated":true}]}}