{"id":15409,"date":"2023-06-15T18:36:15","date_gmt":"2023-06-15T16:36:15","guid":{"rendered":"https:\/\/campingetxarri.com\/parcelas-larri\/"},"modified":"2026-03-09T11:16:47","modified_gmt":"2026-03-09T10:16:47","slug":"stellplaetze-larri","status":"publish","type":"page","link":"https:\/\/campingetxarri.com\/de\/stellplaetze-larri\/","title":{"rendered":"Stellpl\u00e4tze Larri"},"content":{"rendered":"\n\t<section class=\"section\" id=\"section_37548668\">\n\t\t<div class=\"bg section-bg fill bg-fill bg-loaded bg-loaded\" >\n\n\t\t\t\n\t\t\t\n\t\t\t\n\n\t\t<\/div>\n\n\t\t\n\n\t\t<div class=\"section-content relative\">\n\t\t\t\n\n<div class=\"row\"  id=\"row-633319287\">\n\n\n\t<div id=\"col-1473156278\" class=\"col medium-4 small-12 large-4\"  >\n\t\t\t\t<div class=\"col-inner\"  >\n\t\t\t\n\t\t\t\n\n\t<div id=\"text-1857962353\" class=\"text\">\n\t\t\n\n<h1><span style=\"font-size: 140%; font-family: hkbold;\" data-text-color=\"primary\">stellpl\u00e4tze larri<\/span><\/h1>\n\t\t\n<style>\n#text-1857962353 {\n  text-align: left;\n  color: rgb(0,0,0);\n}\n#text-1857962353 > * {\n  color: rgb(0,0,0);\n}\n<\/style>\n\t<\/div>\n\t\n\t<div id=\"gap-1421128111\" class=\"gap-element clearfix\" style=\"display:block; height:auto;\">\n\t\t\n<style>\n#gap-1421128111 {\n  padding-top: 30px;\n}\n<\/style>\n\t<\/div>\n\t\n\n\n\t\t<\/div>\n\t\t\t\t\n<style>\n#col-1473156278 > .col-inner {\n  margin: 0px 0px -50px 0px;\n}\n<\/style>\n\t<\/div>\n\n\t\n\n<\/div>\n<div class=\"row show-for-medium\"  id=\"row-135122365\">\n\n\n\t<div id=\"col-1419734549\" class=\"col small-12 large-12\"  >\n\t\t\t\t<div class=\"col-inner\"  >\n\t\t\t\n\t\t\t\n\n<div class=\"slider-wrapper relative\" id=\"slider-495738928\" >\n    <div class=\"slider slider-nav-circle slider-nav-large slider-nav-light slider-style-normal\"\n        data-flickity-options='{\n            \"cellAlign\": \"center\",\n            \"imagesLoaded\": true,\n            \"lazyLoad\": 1,\n            \"freeScroll\": false,\n            \"wrapAround\": true,\n            \"autoPlay\": 6000,\n            \"pauseAutoPlayOnHover\" : true,\n            \"prevNextButtons\": true,\n            \"contain\" : true,\n            \"adaptiveHeight\" : true,\n            \"dragThreshold\" : 10,\n            \"percentPosition\": true,\n            \"pageDots\": true,\n            \"rightToLeft\": false,\n            \"draggable\": true,\n            \"selectedAttraction\": 0.1,\n            \"parallax\" : 0,\n            \"friction\": 0.6        }'\n        >\n        \n\n\t<div class=\"img has-hover x md-x lg-x y md-y lg-y\" id=\"image_1603338873\">\n\t\t\t\t\t\t\t\t<div class=\"img-inner image-cover dark\" style=\"padding-top:75%;\">\n\t\t\t<img loading=\"lazy\" decoding=\"async\" width=\"1000\" height=\"750\" src=\"https:\/\/campingetxarri.com\/wp-content\/uploads\/2024\/01\/IMG_20210822_133439-1-scaled-1.jpg\" class=\"attachment-large size-large\" alt=\"Camping Etxarri, alojamientos. Parcelas Navarra\" srcset=\"https:\/\/campingetxarri.com\/wp-content\/uploads\/2024\/01\/IMG_20210822_133439-1-scaled-1.jpg 1000w, https:\/\/campingetxarri.com\/wp-content\/uploads\/2024\/01\/IMG_20210822_133439-1-scaled-1-300x225.jpg 300w, https:\/\/campingetxarri.com\/wp-content\/uploads\/2024\/01\/IMG_20210822_133439-1-scaled-1-768x576.jpg 768w\" sizes=\"auto, (max-width: 1000px) 100vw, 1000px\" \/>\t\t\t\t\t\t\n\t\t\t\t\t<\/div>\n\t\t\t\t\t\t\t\t\n<style>\n#image_1603338873 {\n  width: 100%;\n}\n<\/style>\n\t<\/div>\n\t\n\n\t<div class=\"img has-hover x md-x lg-x y md-y lg-y\" id=\"image_1921322853\">\n\t\t\t\t\t\t\t\t<div class=\"img-inner image-cover dark\" style=\"padding-top:75%;\">\n\t\t\t<img loading=\"lazy\" decoding=\"async\" width=\"1000\" height=\"666\" src=\"https:\/\/campingetxarri.com\/wp-content\/uploads\/2024\/01\/LARRI-ETXARRI-3-scaled-1.jpg\" class=\"attachment-large size-large\" alt=\"Camping Etxarri, alojamientos. Parcelas Navarra\" srcset=\"https:\/\/campingetxarri.com\/wp-content\/uploads\/2024\/01\/LARRI-ETXARRI-3-scaled-1.jpg 1000w, https:\/\/campingetxarri.com\/wp-content\/uploads\/2024\/01\/LARRI-ETXARRI-3-scaled-1-300x200.jpg 300w, https:\/\/campingetxarri.com\/wp-content\/uploads\/2024\/01\/LARRI-ETXARRI-3-scaled-1-768x511.jpg 768w\" sizes=\"auto, (max-width: 1000px) 100vw, 1000px\" \/>\t\t\t\t\t\t\n\t\t\t\t\t<\/div>\n\t\t\t\t\t\t\t\t\n<style>\n#image_1921322853 {\n  width: 100%;\n}\n<\/style>\n\t<\/div>\n\t\n\n\t<div class=\"img has-hover x md-x lg-x y md-y lg-y\" id=\"image_1616678186\">\n\t\t\t\t\t\t\t\t<div class=\"img-inner image-cover dark\" style=\"padding-top:75%;\">\n\t\t\t<img loading=\"lazy\" decoding=\"async\" width=\"1000\" height=\"666\" src=\"https:\/\/campingetxarri.com\/wp-content\/uploads\/2024\/01\/LARRI-ETXARRI-scaled-1.jpg\" class=\"attachment-large size-large\" alt=\"Camping Etxarri, alojamientos. Parcelas Navarra\" srcset=\"https:\/\/campingetxarri.com\/wp-content\/uploads\/2024\/01\/LARRI-ETXARRI-scaled-1.jpg 1000w, https:\/\/campingetxarri.com\/wp-content\/uploads\/2024\/01\/LARRI-ETXARRI-scaled-1-300x200.jpg 300w, https:\/\/campingetxarri.com\/wp-content\/uploads\/2024\/01\/LARRI-ETXARRI-scaled-1-768x511.jpg 768w\" sizes=\"auto, (max-width: 1000px) 100vw, 1000px\" \/>\t\t\t\t\t\t\n\t\t\t\t\t<\/div>\n\t\t\t\t\t\t\t\t\n<style>\n#image_1616678186 {\n  width: 100%;\n}\n<\/style>\n\t<\/div>\n\t\n\n\n     <\/div>\n\n     <div class=\"loading-spin dark large centered\"><\/div>\n\n\t<\/div>\n\n\n\n\t\t<\/div>\n\t\t\t\t\t<\/div>\n\n\t\n\n<\/div>\n<div class=\"row hide-for-medium\"  id=\"row-1778081646\">\n\n\n\t<div id=\"col-1105734694\" class=\"col small-12 large-12\"  >\n\t\t\t\t<div class=\"col-inner\"  >\n\t\t\t\n\t\t\t\n\n  <div class=\"banner-grid-wrapper\">\n  <div id=\"banner-grid-1962630863\" class=\"banner-grid row row-grid row-small\" data-packery-options=\"\">\n                      \n\n<div class=\"col grid-col small-13 large-8 grid-col-1\" ><div class=\"col-inner\">\n\n\t<div class=\"img has-hover x md-x lg-x y md-y lg-y\" id=\"image_2079803211\">\n\t\t\t\t\t\t\t\t<div class=\"img-inner image-cover dark\" style=\"padding-top:100%;\">\n\t\t\t<img loading=\"lazy\" decoding=\"async\" width=\"1000\" height=\"750\" src=\"https:\/\/campingetxarri.com\/wp-content\/uploads\/2024\/08\/larri-caravana.jpg\" class=\"attachment-original size-original\" alt=\"alojamiento parcelas larri\" srcset=\"https:\/\/campingetxarri.com\/wp-content\/uploads\/2024\/08\/larri-caravana.jpg 1000w, https:\/\/campingetxarri.com\/wp-content\/uploads\/2024\/08\/larri-caravana-300x225.jpg 300w, https:\/\/campingetxarri.com\/wp-content\/uploads\/2024\/08\/larri-caravana-768x576.jpg 768w\" sizes=\"auto, (max-width: 1000px) 100vw, 1000px\" \/>\t\t\t\t\t\t\n\t\t\t\t\t<\/div>\n\t\t\t\t\t\t\t\t\n<style>\n#image_2079803211 {\n  width: 100%;\n}\n<\/style>\n\t<\/div>\n\t\n\n\n<\/div><\/div>\n<div class=\"col grid-col small-15 large-4 grid-col-1-2\" ><div class=\"col-inner\">\n\n\t<div class=\"img has-hover x md-x lg-x y md-y lg-y\" id=\"image_1090639891\">\n\t\t\t\t\t\t\t\t<div class=\"img-inner image-cover dark\" style=\"padding-top:100%;\">\n\t\t\t<img loading=\"lazy\" decoding=\"async\" width=\"1000\" height=\"750\" src=\"https:\/\/campingetxarri.com\/wp-content\/uploads\/2024\/08\/larri-caravana-camping.jpg\" class=\"attachment-original size-original\" alt=\"alojamiento parcelas larri\" srcset=\"https:\/\/campingetxarri.com\/wp-content\/uploads\/2024\/08\/larri-caravana-camping.jpg 1000w, https:\/\/campingetxarri.com\/wp-content\/uploads\/2024\/08\/larri-caravana-camping-300x225.jpg 300w, https:\/\/campingetxarri.com\/wp-content\/uploads\/2024\/08\/larri-caravana-camping-768x576.jpg 768w\" sizes=\"auto, (max-width: 1000px) 100vw, 1000px\" \/>\t\t\t\t\t\t\n\t\t\t\t\t<\/div>\n\t\t\t\t\t\t\t\t\n<style>\n#image_1090639891 {\n  width: 100%;\n}\n<\/style>\n\t<\/div>\n\t\n\n\n<\/div><\/div>\n<div class=\"col grid-col small-14 large-4 grid-col-1-2\" ><div class=\"col-inner\">\n\n\t<div class=\"img has-hover x md-x lg-x y md-y lg-y\" id=\"image_2080663062\">\n\t\t\t\t\t\t\t\t<div class=\"img-inner image-cover dark\" style=\"padding-top:100%;\">\n\t\t\t<img loading=\"lazy\" decoding=\"async\" width=\"1000\" height=\"750\" src=\"https:\/\/campingetxarri.com\/wp-content\/uploads\/2024\/08\/larri-autocaravanas.jpg\" class=\"attachment-original size-original\" alt=\"alojamiento parcelas larri\" srcset=\"https:\/\/campingetxarri.com\/wp-content\/uploads\/2024\/08\/larri-autocaravanas.jpg 1000w, https:\/\/campingetxarri.com\/wp-content\/uploads\/2024\/08\/larri-autocaravanas-300x225.jpg 300w, https:\/\/campingetxarri.com\/wp-content\/uploads\/2024\/08\/larri-autocaravanas-768x576.jpg 768w\" sizes=\"auto, (max-width: 1000px) 100vw, 1000px\" \/>\t\t\t\t\t\t\n\t\t\t\t\t<\/div>\n\t\t\t\t\t\t\t\t\n<style>\n#image_2080663062 {\n  width: 100%;\n}\n<\/style>\n\t<\/div>\n\t\n\n\n<\/div><\/div>\n\n            <\/div>\n    <style>\n    #banner-grid-1962630863 .grid-col-1{height: 600px}\n    #banner-grid-1962630863 .grid-col-1-2{height: 300px}\n    #banner-grid-1962630863 .grid-col-1-3{height:200px}\n    #banner-grid-1962630863 .grid-col-2-3{height: 400px}\n    #banner-grid-1962630863 .grid-col-1-4{height: 150px}\n    #banner-grid-1962630863 .grid-col-3-4{height: 450px}\n\n\n    \n    \n\n  <\/style>\n    <\/div>\n  \n<div class=\"is-divider divider clearfix\" style=\"max-width:1280px;height:1px;\"><\/div>\n\n\n\t\t<\/div>\n\t\t\t\t\t<\/div>\n\n\t\n\n<\/div>\n<div class=\"row row-large\"  id=\"row-171148099\">\n\n\n\t<div id=\"col-943299638\" class=\"col medium-8 small-12 large-8\"  >\n\t\t\t\t<div class=\"col-inner text-left\"  >\n\t\t\t\n\t\t\t\n\n<h2>DIE GR\u00d6SSTEN STELLPL\u00c4TZE IM CAMPING ETXARRI<\/h2>\n<p>Lass deinen Campinggeist auf unserem gro\u00dfz\u00fcgigen Standardstellplatz Larri frei, ideal f\u00fcr Autos, Wohnwagen, Wohnmobile und Camper.<\/p>\n<p>Ob auf Gras oder Schotter, gesch\u00fctzt durch den Schatten der Campingb\u00e4ume, bieten wir dir die Privatsph\u00e4re und Ruhe, die du verdienst.<\/p>\n<p>Jetzt einen Stellplatz auf dem Campingplatz Etxarri buchen, und wir erwarten dich in Navarra.<\/p>\n<p>Bitte beachten Sie, dass sich der Stromanschluss m\u00f6glicherweise nicht direkt auf der Parzelle befindet. Daher empfehlen wir, ein Verl\u00e4ngerungskabel mitzubringen.<\/p>\n<a rel=\"noopener noreferrer\" href=\"https:\/\/q10-etxarri-dot-q10-campings.appspot.com\/booking1?adultsRoom1=2&#038;advanced_filters=%3B1&#038;language=GERMAN\" target=\"_blank\" class=\"button primary\"  style=\"padding:8px 30px 8px 30px;\">\n    <span>Buchen Sie Jetzt<\/span>\n  <\/a>\n\n\n\n\t\t<\/div>\n\t\t\t\t\t<\/div>\n\n\t\n\n\t<div id=\"col-1139564416\" class=\"col medium-4 small-12 large-4\"  data-animate=\"fadeInUp\">\n\t\t\t\t<div class=\"col-inner text-left\" style=\"background-color:#e7d3b1;\" >\n\t\t\t\n\t<div class=\"is-border\"\n\t\tstyle=\"border-width:0px 0px 0px 0px;\">\n\t<\/div>\n\t\t\t\n\n<div class=\"row\"  id=\"row-2144503210\">\n\n\n\t<div id=\"col-1117740470\" class=\"col medium-6 small-12 large-6\"  >\n\t\t\t\t<div class=\"col-inner\"  >\n\t\t\t\n\t\t\t\n\n\n\t\t<div class=\"icon-box featured-box icon-box-left text-left\"  style=\"margin:0px 0px 15px 0px;\">\n\t\t\t\t\t<div class=\"icon-box-img\" style=\"width: 20px\">\n\t\t\t\t<div class=\"icon\">\n\t\t\t\t\t<div class=\"icon-inner\" >\n\t\t\t\t\t\t<img loading=\"lazy\" decoding=\"async\" width=\"1\" height=\"1\" src=\"https:\/\/campingetxarri.com\/wp-content\/uploads\/2023\/02\/expand-3-1.svg\" class=\"attachment-medium size-medium\" alt=\"\" \/>\t\t\t\t\t<\/div>\n\t\t\t\t<\/div>\n\t\t\t<\/div>\n\t\t\t\t<div class=\"icon-box-text last-reset\">\n\t\t\t\t\t\t\t\t\t\n\n<p>70 m\u00b2<\/p>\n\n\t\t<\/div>\n\t<\/div>\n\t\n\t\n\n\t\t<div class=\"icon-box featured-box icon-box-left text-left\"  style=\"margin:0px 0px 15px 0px;\">\n\t\t\t\t\t<div class=\"icon-box-img\" style=\"width: 20px\">\n\t\t\t\t<div class=\"icon\">\n\t\t\t\t\t<div class=\"icon-inner\" >\n\t\t\t\t\t\t<img loading=\"lazy\" decoding=\"async\" width=\"1\" height=\"1\" src=\"https:\/\/campingetxarri.com\/wp-content\/uploads\/2023\/02\/bathroom-shower-1.svg\" class=\"attachment-medium size-medium\" alt=\"\" \/>\t\t\t\t\t<\/div>\n\t\t\t\t<\/div>\n\t\t\t<\/div>\n\t\t\t\t<div class=\"icon-box-text last-reset\">\n\t\t\t\t\t\t\t\t\t\n\n<p><span style=\"font-size: 90%;\">Bad im Campingplatz<\/span><\/p>\n\n\t\t<\/div>\n\t<\/div>\n\t\n\t\n\t<div id=\"gap-979322752\" class=\"gap-element clearfix\" style=\"display:block; height:auto;\">\n\t\t\n<style>\n#gap-979322752 {\n  padding-top: 20px;\n}\n@media (min-width:550px) {\n  #gap-979322752 {\n    padding-top: 20px;\n  }\n}\n<\/style>\n\t<\/div>\n\t\n\n\n\t\t<\/div>\n\t\t\t\t\n<style>\n#col-1117740470 > .col-inner {\n  margin: 0px 0px -50px 0px;\n}\n<\/style>\n\t<\/div>\n\n\t\n\n\t<div id=\"col-1340269275\" class=\"col medium-6 small-12 large-6\"  >\n\t\t\t\t<div class=\"col-inner\"  >\n\t\t\t\n\t\t\t\n\n\n\t\t<div class=\"icon-box featured-box icon-box-left text-left\"  style=\"margin:0px 0px 15px 0px;\">\n\t\t\t\t\t<div class=\"icon-box-img\" style=\"width: 20px\">\n\t\t\t\t<div class=\"icon\">\n\t\t\t\t\t<div class=\"icon-inner\" >\n\t\t\t\t\t\t<img loading=\"lazy\" decoding=\"async\" width=\"300\" height=\"300\" src=\"https:\/\/campingetxarri.com\/wp-content\/uploads\/2023\/10\/enchufe-300x300-1.png\" class=\"attachment-medium size-medium\" alt=\"\" srcset=\"https:\/\/campingetxarri.com\/wp-content\/uploads\/2023\/10\/enchufe-300x300-1.png 300w, https:\/\/campingetxarri.com\/wp-content\/uploads\/2023\/10\/enchufe-300x300-1-150x150.png 150w\" sizes=\"auto, (max-width: 300px) 100vw, 300px\" \/>\t\t\t\t\t<\/div>\n\t\t\t\t<\/div>\n\t\t\t<\/div>\n\t\t\t\t<div class=\"icon-box-text last-reset\">\n\t\t\t\t\t\t\t\t\t\n\n<p><span style=\"font-size: 90%;\">6A<\/span><\/p>\n\n\t\t<\/div>\n\t<\/div>\n\t\n\t\n\n\t\t<div class=\"icon-box featured-box icon-box-left text-left\"  style=\"margin:0px 0px 15px 0px;\">\n\t\t\t\t\t<div class=\"icon-box-img\" style=\"width: 20px\">\n\t\t\t\t<div class=\"icon\">\n\t\t\t\t\t<div class=\"icon-inner\" >\n\t\t\t\t\t\t<img loading=\"lazy\" decoding=\"async\" width=\"1\" height=\"1\" src=\"https:\/\/campingetxarri.com\/wp-content\/uploads\/2023\/02\/dog-01.svg\" class=\"attachment-medium size-medium\" alt=\"\" \/>\t\t\t\t\t<\/div>\n\t\t\t\t<\/div>\n\t\t\t<\/div>\n\t\t\t\t<div class=\"icon-box-text last-reset\">\n\t\t\t\t\t\t\t\t\t\n\n<p>Bringen Sie Ihr Haustier mit\u00a0<\/p>\n\n\t\t<\/div>\n\t<\/div>\n\t\n\t\n\n\t\t<\/div>\n\t\t\t\t\n<style>\n#col-1340269275 > .col-inner {\n  margin: 0px 0px -50px 0px;\n}\n<\/style>\n\t<\/div>\n\n\t\n\n<\/div>\n\n\t\t<\/div>\n\t\t\t\t\n<style>\n#col-1139564416 > .col-inner {\n  padding: 15% 10% 15% 10%;\n  margin: 0px 0px 0px 0px;\n  border-radius: 64px;\n}\n<\/style>\n\t<\/div>\n\n\t\n\n<\/div>\n\n\t\t<\/div>\n\n\t\t\n<style>\n#section_37548668 {\n  padding-top: 50px;\n  padding-bottom: 50px;\n}\n@media (min-width:550px) {\n  #section_37548668 {\n    padding-top: 110px;\n    padding-bottom: 110px;\n  }\n}\n@media (min-width:850px) {\n  #section_37548668 {\n    padding-top: 131px;\n    padding-bottom: 131px;\n  }\n}\n<\/style>\n\t<\/section>\n\t\n\n","protected":false},"excerpt":{"rendered":"","protected":false},"author":1,"featured_media":0,"parent":0,"menu_order":0,"comment_status":"closed","ping_status":"closed","template":"page-blank.php","meta":{"inline_featured_image":false,"footnotes":""},"class_list":["post-15409","page","type-page","status-publish","hentry"],"yoast_head":"<!-- This site is optimized with the Yoast SEO plugin v21.7 - https:\/\/yoast.com\/wordpress\/plugins\/seo\/ -->\n<title>Stellpl\u00e4tze Larri - Camping Etxarri<\/title>\n<meta name=\"description\" content=\"STELLPL\u00c4TZE F\u00dcR WOHNWAGEN UND WOHNMOBILE IM CAMPING ETXARRI. FL\u00c4CHE VON 70 m\u00b2 MIT STROM UND SCHATTEN. SANIT\u00c4RE ANLAGEN UND B\u00c4DER VOR ORT.\" \/>\n<meta name=\"robots\" content=\"index, follow, max-snippet:-1, max-image-preview:large, max-video-preview:-1\" \/>\n<link rel=\"canonical\" href=\"https:\/\/campingetxarri.com\/de\/stellplaetze-larri\/\" \/>\n<meta property=\"og:locale\" content=\"de_DE\" \/>\n<meta property=\"og:type\" content=\"article\" \/>\n<meta property=\"og:title\" content=\"Stellpl\u00e4tze Larri - Camping Etxarri\" \/>\n<meta property=\"og:description\" content=\"STELLPL\u00c4TZE F\u00dcR WOHNWAGEN UND WOHNMOBILE IM CAMPING ETXARRI. FL\u00c4CHE VON 70 m\u00b2 MIT STROM UND SCHATTEN. SANIT\u00c4RE ANLAGEN UND B\u00c4DER VOR ORT.\" \/>\n<meta property=\"og:url\" content=\"https:\/\/campingetxarri.com\/de\/stellplaetze-larri\/\" \/>\n<meta property=\"og:site_name\" content=\"Camping Etxarri\" \/>\n<meta property=\"article:modified_time\" content=\"2026-03-09T10:16:47+00:00\" \/>\n<meta name=\"twitter:card\" content=\"summary_large_image\" \/>\n<meta name=\"twitter:label1\" content=\"Gesch\u00e4tzte Lesezeit\" \/>\n\t<meta name=\"twitter:data1\" content=\"2\u00a0Minuten\" \/>\n<script type=\"application\/ld+json\" class=\"yoast-schema-graph\">{\"@context\":\"https:\/\/schema.org\",\"@graph\":[{\"@type\":\"WebPage\",\"@id\":\"https:\/\/campingetxarri.com\/de\/stellplaetze-larri\/\",\"url\":\"https:\/\/campingetxarri.com\/de\/stellplaetze-larri\/\",\"name\":\"Stellpl\u00e4tze Larri - Camping Etxarri\",\"isPartOf\":{\"@id\":\"https:\/\/campingetxarri.com\/de\/#website\"},\"datePublished\":\"2023-06-15T16:36:15+00:00\",\"dateModified\":\"2026-03-09T10:16:47+00:00\",\"description\":\"STELLPL\u00c4TZE F\u00dcR WOHNWAGEN UND WOHNMOBILE IM CAMPING ETXARRI. FL\u00c4CHE VON 70 m\u00b2 MIT STROM UND SCHATTEN. SANIT\u00c4RE ANLAGEN UND B\u00c4DER VOR ORT.\",\"breadcrumb\":{\"@id\":\"https:\/\/campingetxarri.com\/de\/stellplaetze-larri\/#breadcrumb\"},\"inLanguage\":\"de\",\"potentialAction\":[{\"@type\":\"ReadAction\",\"target\":[\"https:\/\/campingetxarri.com\/de\/stellplaetze-larri\/\"]}]},{\"@type\":\"BreadcrumbList\",\"@id\":\"https:\/\/campingetxarri.com\/de\/stellplaetze-larri\/#breadcrumb\",\"itemListElement\":[{\"@type\":\"ListItem\",\"position\":1,\"name\":\"Portada\",\"item\":\"https:\/\/campingetxarri.com\/de\/\"},{\"@type\":\"ListItem\",\"position\":2,\"name\":\"Stellpl\u00e4tze Larri\"}]},{\"@type\":\"WebSite\",\"@id\":\"https:\/\/campingetxarri.com\/de\/#website\",\"url\":\"https:\/\/campingetxarri.com\/de\/\",\"name\":\"Camping Etxarri\",\"description\":\"\",\"potentialAction\":[{\"@type\":\"SearchAction\",\"target\":{\"@type\":\"EntryPoint\",\"urlTemplate\":\"https:\/\/campingetxarri.com\/de\/?s={search_term_string}\"},\"query-input\":\"required name=search_term_string\"}],\"inLanguage\":\"de\"}]}<\/script>\n<!-- \/ Yoast SEO plugin. -->","yoast_head_json":{"title":"Stellpl\u00e4tze Larri - Camping Etxarri","description":"STELLPL\u00c4TZE F\u00dcR WOHNWAGEN UND WOHNMOBILE IM CAMPING ETXARRI. FL\u00c4CHE VON 70 m\u00b2 MIT STROM UND SCHATTEN. SANIT\u00c4RE ANLAGEN UND B\u00c4DER VOR ORT.","robots":{"index":"index","follow":"follow","max-snippet":"max-snippet:-1","max-image-preview":"max-image-preview:large","max-video-preview":"max-video-preview:-1"},"canonical":"https:\/\/campingetxarri.com\/de\/stellplaetze-larri\/","og_locale":"de_DE","og_type":"article","og_title":"Stellpl\u00e4tze Larri - Camping Etxarri","og_description":"STELLPL\u00c4TZE F\u00dcR WOHNWAGEN UND WOHNMOBILE IM CAMPING ETXARRI. FL\u00c4CHE VON 70 m\u00b2 MIT STROM UND SCHATTEN. SANIT\u00c4RE ANLAGEN UND B\u00c4DER VOR ORT.","og_url":"https:\/\/campingetxarri.com\/de\/stellplaetze-larri\/","og_site_name":"Camping Etxarri","article_modified_time":"2026-03-09T10:16:47+00:00","twitter_card":"summary_large_image","twitter_misc":{"Gesch\u00e4tzte Lesezeit":"2\u00a0Minuten"},"schema":{"@context":"https:\/\/schema.org","@graph":[{"@type":"WebPage","@id":"https:\/\/campingetxarri.com\/de\/stellplaetze-larri\/","url":"https:\/\/campingetxarri.com\/de\/stellplaetze-larri\/","name":"Stellpl\u00e4tze Larri - Camping Etxarri","isPartOf":{"@id":"https:\/\/campingetxarri.com\/de\/#website"},"datePublished":"2023-06-15T16:36:15+00:00","dateModified":"2026-03-09T10:16:47+00:00","description":"STELLPL\u00c4TZE F\u00dcR WOHNWAGEN UND WOHNMOBILE IM CAMPING ETXARRI. FL\u00c4CHE VON 70 m\u00b2 MIT STROM UND SCHATTEN. SANIT\u00c4RE ANLAGEN UND B\u00c4DER VOR ORT.","breadcrumb":{"@id":"https:\/\/campingetxarri.com\/de\/stellplaetze-larri\/#breadcrumb"},"inLanguage":"de","potentialAction":[{"@type":"ReadAction","target":["https:\/\/campingetxarri.com\/de\/stellplaetze-larri\/"]}]},{"@type":"BreadcrumbList","@id":"https:\/\/campingetxarri.com\/de\/stellplaetze-larri\/#breadcrumb","itemListElement":[{"@type":"ListItem","position":1,"name":"Portada","item":"https:\/\/campingetxarri.com\/de\/"},{"@type":"ListItem","position":2,"name":"Stellpl\u00e4tze Larri"}]},{"@type":"WebSite","@id":"https:\/\/campingetxarri.com\/de\/#website","url":"https:\/\/campingetxarri.com\/de\/","name":"Camping Etxarri","description":"","potentialAction":[{"@type":"SearchAction","target":{"@type":"EntryPoint","urlTemplate":"https:\/\/campingetxarri.com\/de\/?s={search_term_string}"},"query-input":"required name=search_term_string"}],"inLanguage":"de"}]}},"_links":{"self":[{"href":"https:\/\/campingetxarri.com\/de\/wp-json\/wp\/v2\/pages\/15409","targetHints":{"allow":["GET"]}}],"collection":[{"href":"https:\/\/campingetxarri.com\/de\/wp-json\/wp\/v2\/pages"}],"about":[{"href":"https:\/\/campingetxarri.com\/de\/wp-json\/wp\/v2\/types\/page"}],"author":[{"embeddable":true,"href":"https:\/\/campingetxarri.com\/de\/wp-json\/wp\/v2\/users\/1"}],"replies":[{"embeddable":true,"href":"https:\/\/campingetxarri.com\/de\/wp-json\/wp\/v2\/comments?post=15409"}],"version-history":[{"count":18,"href":"https:\/\/campingetxarri.com\/de\/wp-json\/wp\/v2\/pages\/15409\/revisions"}],"predecessor-version":[{"id":21391,"href":"https:\/\/campingetxarri.com\/de\/wp-json\/wp\/v2\/pages\/15409\/revisions\/21391"}],"wp:attachment":[{"href":"https:\/\/campingetxarri.com\/de\/wp-json\/wp\/v2\/media?parent=15409"}],"curies":[{"name":"wp","href":"https:\/\/api.w.org\/{rel}","templated":true}]}}