{"id":15401,"date":"2023-10-30T09:45:07","date_gmt":"2023-10-30T08:45:07","guid":{"rendered":"https:\/\/campingetxarri.com\/parcelas-erdi\/"},"modified":"2026-03-09T11:18:53","modified_gmt":"2026-03-09T10:18:53","slug":"stellplaetze-erdi","status":"publish","type":"page","link":"https:\/\/campingetxarri.com\/de\/stellplaetze-erdi\/","title":{"rendered":"Stellpl\u00e4tze Erdi"},"content":{"rendered":"\n\t<section class=\"section\" id=\"section_1483416115\">\n\t\t<div class=\"bg section-bg fill bg-fill bg-loaded bg-loaded\" >\n\n\t\t\t\n\t\t\t\n\t\t\t\n\n\t\t<\/div>\n\n\t\t\n\n\t\t<div class=\"section-content relative\">\n\t\t\t\n\n<div class=\"row\"  id=\"row-862709037\">\n\n\n\t<div id=\"col-1955949768\" class=\"col medium-4 small-12 large-4\"  >\n\t\t\t\t<div class=\"col-inner\"  >\n\t\t\t\n\t\t\t\n\n\t<div id=\"text-2217909746\" class=\"text\">\n\t\t\n\n<h1><span style=\"font-size: 140%; font-family: hkbold;\" data-text-color=\"primary\">stellpl\u00e4tze erdi<\/span><\/h1>\n\t\t\n<style>\n#text-2217909746 {\n  text-align: left;\n  color: rgb(0,0,0);\n}\n#text-2217909746 > * {\n  color: rgb(0,0,0);\n}\n<\/style>\n\t<\/div>\n\t\n\t<div id=\"gap-1743430964\" class=\"gap-element clearfix\" style=\"display:block; height:auto;\">\n\t\t\n<style>\n#gap-1743430964 {\n  padding-top: 30px;\n}\n<\/style>\n\t<\/div>\n\t\n\n\n\t\t<\/div>\n\t\t\t\t\n<style>\n#col-1955949768 > .col-inner {\n  margin: 0px 0px -50px 0px;\n}\n<\/style>\n\t<\/div>\n\n\t\n\n\t<div id=\"col-1646596325\" class=\"col medium-3 small-12 large-3\"  >\n\t\t\t\t<div class=\"col-inner\"  >\n\t\t\t\n\t\t\t\n\n\n\t\t<div class=\"icon-box featured-box icon-box-left text-left\"  style=\"margin:0px 0px 15px 0px;\">\n\t\t\t\t\t<div class=\"icon-box-img\" style=\"width: 20px\">\n\t\t\t\t<div class=\"icon\">\n\t\t\t\t\t<div class=\"icon-inner\" >\n\t\t\t\t\t\t<img loading=\"lazy\" decoding=\"async\" width=\"1\" height=\"1\" src=\"https:\/\/campingetxarri.com\/wp-content\/uploads\/2023\/02\/expand-3-1.svg\" class=\"attachment-medium size-medium\" alt=\"\" \/>\t\t\t\t\t<\/div>\n\t\t\t\t<\/div>\n\t\t\t<\/div>\n\t\t\t\t<div class=\"icon-box-text last-reset\">\n\t\t\t\t\t\t\t\t\t\n\n<p>55 m\u00b2<\/p>\n\n\t\t<\/div>\n\t<\/div>\n\t\n\t\n\n\t\t<\/div>\n\t\t\t\t\n<style>\n#col-1646596325 > .col-inner {\n  padding: 10px 0px 0px 0px;\n}\n<\/style>\n\t<\/div>\n\n\t\n\n<\/div>\n<div class=\"row show-for-medium\"  id=\"row-610358443\">\n\n\n\t<div id=\"col-1880357839\" class=\"col small-12 large-12\"  >\n\t\t\t\t<div class=\"col-inner\"  >\n\t\t\t\n\t\t\t\n\n<div class=\"slider-wrapper relative\" id=\"slider-1297100972\" >\n    <div class=\"slider slider-nav-circle slider-nav-large slider-nav-light slider-style-normal\"\n        data-flickity-options='{\n            \"cellAlign\": \"center\",\n            \"imagesLoaded\": true,\n            \"lazyLoad\": 1,\n            \"freeScroll\": false,\n            \"wrapAround\": true,\n            \"autoPlay\": 6000,\n            \"pauseAutoPlayOnHover\" : true,\n            \"prevNextButtons\": true,\n            \"contain\" : true,\n            \"adaptiveHeight\" : true,\n            \"dragThreshold\" : 10,\n            \"percentPosition\": true,\n            \"pageDots\": true,\n            \"rightToLeft\": false,\n            \"draggable\": true,\n            \"selectedAttraction\": 0.1,\n            \"parallax\" : 0,\n            \"friction\": 0.6        }'\n        >\n        \n\n\t<div class=\"img has-hover x md-x lg-x y md-y lg-y\" id=\"image_1357902169\">\n\t\t\t\t\t\t\t\t<div class=\"img-inner image-cover dark\" style=\"padding-top:75%;\">\n\t\t\t<img loading=\"lazy\" decoding=\"async\" width=\"1020\" height=\"459\" src=\"https:\/\/campingetxarri.com\/wp-content\/uploads\/2023\/10\/WhatsApp-Image-2023-01-05-at-12.55.38-1024x461.jpeg\" class=\"attachment-large size-large\" alt=\"Camping Etxarri, alojamientos. parcelas Navarra\" srcset=\"https:\/\/campingetxarri.com\/wp-content\/uploads\/2023\/10\/WhatsApp-Image-2023-01-05-at-12.55.38-1024x461.jpeg 1024w, https:\/\/campingetxarri.com\/wp-content\/uploads\/2023\/10\/WhatsApp-Image-2023-01-05-at-12.55.38-300x135.jpeg 300w, https:\/\/campingetxarri.com\/wp-content\/uploads\/2023\/10\/WhatsApp-Image-2023-01-05-at-12.55.38-768x346.jpeg 768w, https:\/\/campingetxarri.com\/wp-content\/uploads\/2023\/10\/WhatsApp-Image-2023-01-05-at-12.55.38-1536x691.jpeg 1536w, https:\/\/campingetxarri.com\/wp-content\/uploads\/2023\/10\/WhatsApp-Image-2023-01-05-at-12.55.38.jpeg 1600w\" sizes=\"auto, (max-width: 1020px) 100vw, 1020px\" \/>\t\t\t\t\t\t\n\t\t\t\t\t<\/div>\n\t\t\t\t\t\t\t\t\n<style>\n#image_1357902169 {\n  width: 100%;\n}\n<\/style>\n\t<\/div>\n\t\n\n\t<div class=\"img has-hover x md-x lg-x y md-y lg-y\" id=\"image_1401226919\">\n\t\t\t\t\t\t\t\t<div class=\"img-inner image-cover dark\" style=\"padding-top:75%;\">\n\t\t\t<img loading=\"lazy\" decoding=\"async\" width=\"1020\" height=\"459\" src=\"https:\/\/campingetxarri.com\/wp-content\/uploads\/2023\/10\/ERDI-PARTZELA-1024x461.jpeg\" class=\"attachment-large size-large\" alt=\"Camping Etxarri, alojamientos. parcelas Navarra\" srcset=\"https:\/\/campingetxarri.com\/wp-content\/uploads\/2023\/10\/ERDI-PARTZELA-1024x461.jpeg 1024w, https:\/\/campingetxarri.com\/wp-content\/uploads\/2023\/10\/ERDI-PARTZELA-300x135.jpeg 300w, https:\/\/campingetxarri.com\/wp-content\/uploads\/2023\/10\/ERDI-PARTZELA-768x346.jpeg 768w, https:\/\/campingetxarri.com\/wp-content\/uploads\/2023\/10\/ERDI-PARTZELA-1536x691.jpeg 1536w, https:\/\/campingetxarri.com\/wp-content\/uploads\/2023\/10\/ERDI-PARTZELA.jpeg 1600w\" sizes=\"auto, (max-width: 1020px) 100vw, 1020px\" \/>\t\t\t\t\t\t\n\t\t\t\t\t<\/div>\n\t\t\t\t\t\t\t\t\n<style>\n#image_1401226919 {\n  width: 100%;\n}\n<\/style>\n\t<\/div>\n\t\n\n\t<div class=\"img has-hover x md-x lg-x y md-y lg-y\" id=\"image_1406382117\">\n\t\t\t\t\t\t\t\t<div class=\"img-inner image-cover dark\" style=\"padding-top:75%;\">\n\t\t\t<img loading=\"lazy\" decoding=\"async\" width=\"1020\" height=\"459\" src=\"https:\/\/campingetxarri.com\/wp-content\/uploads\/2023\/10\/WhatsApp-Image-2023-01-05-at-12.55.44-1-1024x461.jpeg\" class=\"attachment-large size-large\" alt=\"Camping Etxarri, alojamientos. parcelas Navarra\" srcset=\"https:\/\/campingetxarri.com\/wp-content\/uploads\/2023\/10\/WhatsApp-Image-2023-01-05-at-12.55.44-1-1024x461.jpeg 1024w, https:\/\/campingetxarri.com\/wp-content\/uploads\/2023\/10\/WhatsApp-Image-2023-01-05-at-12.55.44-1-300x135.jpeg 300w, https:\/\/campingetxarri.com\/wp-content\/uploads\/2023\/10\/WhatsApp-Image-2023-01-05-at-12.55.44-1-768x346.jpeg 768w, https:\/\/campingetxarri.com\/wp-content\/uploads\/2023\/10\/WhatsApp-Image-2023-01-05-at-12.55.44-1-1536x691.jpeg 1536w, https:\/\/campingetxarri.com\/wp-content\/uploads\/2023\/10\/WhatsApp-Image-2023-01-05-at-12.55.44-1.jpeg 1600w\" sizes=\"auto, (max-width: 1020px) 100vw, 1020px\" \/>\t\t\t\t\t\t\n\t\t\t\t\t<\/div>\n\t\t\t\t\t\t\t\t\n<style>\n#image_1406382117 {\n  width: 100%;\n}\n<\/style>\n\t<\/div>\n\t\n\n\n     <\/div>\n\n     <div class=\"loading-spin dark large centered\"><\/div>\n\n\t<\/div>\n\n\n\n\t\t<\/div>\n\t\t\t\t\t<\/div>\n\n\t\n\n<\/div>\n<div class=\"row hide-for-medium\"  id=\"row-1907986474\">\n\n\n\t<div id=\"col-1679358508\" class=\"col small-12 large-12\"  >\n\t\t\t\t<div class=\"col-inner\"  >\n\t\t\t\n\t\t\t\n\n  <div class=\"banner-grid-wrapper\">\n  <div id=\"banner-grid-940471301\" class=\"banner-grid row row-grid row-small\" data-packery-options=\"\">\n                      \n\n<div class=\"col grid-col small-13 large-8 grid-col-1\" ><div class=\"col-inner\">\n\n\t<div class=\"img has-hover x md-x lg-x y md-y lg-y\" id=\"image_1335113639\">\n\t\t\t\t\t\t\t\t<div class=\"img-inner image-cover dark\" style=\"padding-top:100%;\">\n\t\t\t<img loading=\"lazy\" decoding=\"async\" width=\"1000\" height=\"750\" src=\"https:\/\/campingetxarri.com\/wp-content\/uploads\/2024\/01\/IMG_20210822_133439-1-scaled-1.jpg\" class=\"attachment-original size-original\" alt=\"Camping Etxarri, alojamientos. Parcelas Navarra\" srcset=\"https:\/\/campingetxarri.com\/wp-content\/uploads\/2024\/01\/IMG_20210822_133439-1-scaled-1.jpg 1000w, https:\/\/campingetxarri.com\/wp-content\/uploads\/2024\/01\/IMG_20210822_133439-1-scaled-1-300x225.jpg 300w, https:\/\/campingetxarri.com\/wp-content\/uploads\/2024\/01\/IMG_20210822_133439-1-scaled-1-768x576.jpg 768w\" sizes=\"auto, (max-width: 1000px) 100vw, 1000px\" \/>\t\t\t\t\t\t\n\t\t\t\t\t<\/div>\n\t\t\t\t\t\t\t\t\n<style>\n#image_1335113639 {\n  width: 100%;\n}\n<\/style>\n\t<\/div>\n\t\n\n\n<\/div><\/div>\n<div class=\"col grid-col small-15 large-4 grid-col-1-2\" ><div class=\"col-inner\">\n\n\t<div class=\"img has-hover x md-x lg-x y md-y lg-y\" id=\"image_625613811\">\n\t\t\t\t\t\t\t\t<div class=\"img-inner image-cover dark\" style=\"padding-top:100%;\">\n\t\t\t<img loading=\"lazy\" decoding=\"async\" width=\"1000\" height=\"750\" src=\"https:\/\/campingetxarri.com\/wp-content\/uploads\/2024\/08\/erdi-tiendas-camping.jpg\" class=\"attachment-original size-original\" alt=\"alojamiento parcelas erdi\" srcset=\"https:\/\/campingetxarri.com\/wp-content\/uploads\/2024\/08\/erdi-tiendas-camping.jpg 1000w, https:\/\/campingetxarri.com\/wp-content\/uploads\/2024\/08\/erdi-tiendas-camping-300x225.jpg 300w, https:\/\/campingetxarri.com\/wp-content\/uploads\/2024\/08\/erdi-tiendas-camping-768x576.jpg 768w\" sizes=\"auto, (max-width: 1000px) 100vw, 1000px\" \/>\t\t\t\t\t\t\n\t\t\t\t\t<\/div>\n\t\t\t\t\t\t\t\t\n<style>\n#image_625613811 {\n  width: 100%;\n}\n<\/style>\n\t<\/div>\n\t\n\n\n<\/div><\/div>\n<div class=\"col grid-col small-14 large-4 grid-col-1-2\" ><div class=\"col-inner\">\n\n\t<div class=\"img has-hover x md-x lg-x y md-y lg-y\" id=\"image_1417120153\">\n\t\t\t\t\t\t\t\t<div class=\"img-inner image-cover dark\" style=\"padding-top:100%;\">\n\t\t\t<img loading=\"lazy\" decoding=\"async\" width=\"1000\" height=\"750\" src=\"https:\/\/campingetxarri.com\/wp-content\/uploads\/2024\/08\/erdi-furgoneta-tienda.jpg\" class=\"attachment-original size-original\" alt=\"alojamiento parcelas erdi\" srcset=\"https:\/\/campingetxarri.com\/wp-content\/uploads\/2024\/08\/erdi-furgoneta-tienda.jpg 1000w, https:\/\/campingetxarri.com\/wp-content\/uploads\/2024\/08\/erdi-furgoneta-tienda-300x225.jpg 300w, https:\/\/campingetxarri.com\/wp-content\/uploads\/2024\/08\/erdi-furgoneta-tienda-768x576.jpg 768w\" sizes=\"auto, (max-width: 1000px) 100vw, 1000px\" \/>\t\t\t\t\t\t\n\t\t\t\t\t<\/div>\n\t\t\t\t\t\t\t\t\n<style>\n#image_1417120153 {\n  width: 100%;\n}\n<\/style>\n\t<\/div>\n\t\n\n\n<\/div><\/div>\n\n            <\/div>\n    <style>\n    #banner-grid-940471301 .grid-col-1{height: 600px}\n    #banner-grid-940471301 .grid-col-1-2{height: 300px}\n    #banner-grid-940471301 .grid-col-1-3{height:200px}\n    #banner-grid-940471301 .grid-col-2-3{height: 400px}\n    #banner-grid-940471301 .grid-col-1-4{height: 150px}\n    #banner-grid-940471301 .grid-col-3-4{height: 450px}\n\n\n    \n    \n\n  <\/style>\n    <\/div>\n  \n<div class=\"is-divider divider clearfix\" style=\"max-width:1280px;height:1px;\"><\/div>\n\n\n\t\t<\/div>\n\t\t\t\t\t<\/div>\n\n\t\n\n<\/div>\n<div class=\"row row-large\"  id=\"row-1963000324\">\n\n\n\t<div id=\"col-1765857836\" class=\"col medium-8 small-12 large-8\"  >\n\t\t\t\t<div class=\"col-inner text-left\"  >\n\t\t\t\n\t\t\t\n\n<h2>KOMFORT UND RUHE IN ETXARRI\u00a0<\/h2>\n<p>Auf dem Campingplatz Etxarri verstehen wir, dass Komfort und Ruhe w\u00e4hrend Ihres Urlaubs unerl\u00e4sslich sind. Daher sind unsere Erdi-Parzellen ideal f\u00fcr diejenigen, die in Kontakt mit der Natur sein m\u00f6chten.<\/p>\n<p>Diese Parzellen sind sowohl f\u00fcr Wohnmobile als auch f\u00fcr Autos geeignet. Sie werden vom Schatten der B\u00e4ume auf dem Campingplatz gesch\u00fctzt, wo wir Ihnen die Privatsph\u00e4re und Ruhe garantieren, die Sie verdienen.<\/p>\n<p>Buchen Sie jetzt einen Stellplatz auf dem Campingplatz Etxarri und wir erwarten Sie in Navarra.<\/p>\n<p>Bitte beachten Sie, dass sich der Stromanschluss m\u00f6glicherweise nicht direkt auf der Parzelle befindet. Daher empfehlen wir, ein Verl\u00e4ngerungskabel mitzubringen.<\/p>\n<a rel=\"noopener noreferrer\" href=\"https:\/\/q10-etxarri-dot-q10-campings.appspot.com\/booking1?adultsRoom1=2&#038;advanced_filters=%3B1&#038;language=GERMAN\" target=\"_blank\" class=\"button primary\"  style=\"padding:8px 30px 8px 30px;\">\n    <span>Buchen Sie Jetzt<\/span>\n  <\/a>\n\n\n\n\t\t<\/div>\n\t\t\t\t\t<\/div>\n\n\t\n\n\t<div id=\"col-2147410676\" class=\"col medium-4 small-12 large-4\"  data-animate=\"fadeInUp\">\n\t\t\t\t<div class=\"col-inner text-left\" style=\"background-color:#e7d3b1;\" >\n\t\t\t\n\t<div class=\"is-border\"\n\t\tstyle=\"border-width:0px 0px 0px 0px;\">\n\t<\/div>\n\t\t\t\n\n<div class=\"row\"  id=\"row-1653347554\">\n\n\n\t<div id=\"col-990267735\" class=\"col medium-6 small-12 large-6\"  >\n\t\t\t\t<div class=\"col-inner\"  >\n\t\t\t\n\t\t\t\n\n\n\t\t<div class=\"icon-box featured-box icon-box-left text-left\"  style=\"margin:0px 0px 15px 0px;\">\n\t\t\t\t\t<div class=\"icon-box-img\" style=\"width: 20px\">\n\t\t\t\t<div class=\"icon\">\n\t\t\t\t\t<div class=\"icon-inner\" >\n\t\t\t\t\t\t<img loading=\"lazy\" decoding=\"async\" width=\"1\" height=\"1\" src=\"https:\/\/campingetxarri.com\/wp-content\/uploads\/2023\/02\/expand-3-1.svg\" class=\"attachment-medium size-medium\" alt=\"\" \/>\t\t\t\t\t<\/div>\n\t\t\t\t<\/div>\n\t\t\t<\/div>\n\t\t\t\t<div class=\"icon-box-text last-reset\">\n\t\t\t\t\t\t\t\t\t\n\n<p>55 m\u00b2<\/p>\n\n\t\t<\/div>\n\t<\/div>\n\t\n\t\n\n\t\t<div class=\"icon-box featured-box icon-box-left text-left\"  style=\"margin:0px 0px 15px 0px;\">\n\t\t\t\t\t<div class=\"icon-box-img\" style=\"width: 20px\">\n\t\t\t\t<div class=\"icon\">\n\t\t\t\t\t<div class=\"icon-inner\" >\n\t\t\t\t\t\t<img loading=\"lazy\" decoding=\"async\" width=\"1\" height=\"1\" src=\"https:\/\/campingetxarri.com\/wp-content\/uploads\/2023\/02\/bathroom-shower-1.svg\" class=\"attachment-medium size-medium\" alt=\"\" \/>\t\t\t\t\t<\/div>\n\t\t\t\t<\/div>\n\t\t\t<\/div>\n\t\t\t\t<div class=\"icon-box-text last-reset\">\n\t\t\t\t\t\t\t\t\t\n\n<p><span style=\"font-size: 90%;\">Bad im Campingplatz<\/span><\/p>\n\n\t\t<\/div>\n\t<\/div>\n\t\n\t\n\t<div id=\"gap-1710726558\" class=\"gap-element clearfix\" style=\"display:block; height:auto;\">\n\t\t\n<style>\n#gap-1710726558 {\n  padding-top: 20px;\n}\n@media (min-width:550px) {\n  #gap-1710726558 {\n    padding-top: 20px;\n  }\n}\n<\/style>\n\t<\/div>\n\t\n\n\n\t\t<\/div>\n\t\t\t\t\n<style>\n#col-990267735 > .col-inner {\n  margin: 0px 0px -50px 0px;\n}\n<\/style>\n\t<\/div>\n\n\t\n\n\t<div id=\"col-175659315\" class=\"col medium-6 small-12 large-6\"  >\n\t\t\t\t<div class=\"col-inner\"  >\n\t\t\t\n\t\t\t\n\n\n\t\t<div class=\"icon-box featured-box icon-box-left text-left\"  style=\"margin:0px 0px 15px 0px;\">\n\t\t\t\t\t<div class=\"icon-box-img\" style=\"width: 20px\">\n\t\t\t\t<div class=\"icon\">\n\t\t\t\t\t<div class=\"icon-inner\" >\n\t\t\t\t\t\t<img loading=\"lazy\" decoding=\"async\" width=\"300\" height=\"300\" src=\"https:\/\/campingetxarri.com\/wp-content\/uploads\/2023\/10\/enchufe-300x300-1.png\" class=\"attachment-medium size-medium\" alt=\"\" srcset=\"https:\/\/campingetxarri.com\/wp-content\/uploads\/2023\/10\/enchufe-300x300-1.png 300w, https:\/\/campingetxarri.com\/wp-content\/uploads\/2023\/10\/enchufe-300x300-1-150x150.png 150w\" sizes=\"auto, (max-width: 300px) 100vw, 300px\" \/>\t\t\t\t\t<\/div>\n\t\t\t\t<\/div>\n\t\t\t<\/div>\n\t\t\t\t<div class=\"icon-box-text last-reset\">\n\t\t\t\t\t\t\t\t\t\n\n<p><span style=\"font-size: 90%;\">6A<\/span><\/p>\n\n\t\t<\/div>\n\t<\/div>\n\t\n\t\n\n\t\t<div class=\"icon-box featured-box icon-box-left text-left\"  style=\"margin:0px 0px 15px 0px;\">\n\t\t\t\t\t<div class=\"icon-box-img\" style=\"width: 20px\">\n\t\t\t\t<div class=\"icon\">\n\t\t\t\t\t<div class=\"icon-inner\" >\n\t\t\t\t\t\t<img loading=\"lazy\" decoding=\"async\" width=\"1\" height=\"1\" src=\"https:\/\/campingetxarri.com\/wp-content\/uploads\/2023\/02\/dog-01.svg\" class=\"attachment-medium size-medium\" alt=\"\" \/>\t\t\t\t\t<\/div>\n\t\t\t\t<\/div>\n\t\t\t<\/div>\n\t\t\t\t<div class=\"icon-box-text last-reset\">\n\t\t\t\t\t\t\t\t\t\n\n<p>Bringen Sie Ihr Haustier mit\u00a0<\/p>\n\n\t\t<\/div>\n\t<\/div>\n\t\n\t\n\n\t\t<\/div>\n\t\t\t\t\n<style>\n#col-175659315 > .col-inner {\n  margin: 0px 0px -50px 0px;\n}\n<\/style>\n\t<\/div>\n\n\t\n\n<\/div>\n\n\t\t<\/div>\n\t\t\t\t\n<style>\n#col-2147410676 > .col-inner {\n  padding: 15% 10% 15% 10%;\n  margin: 0px 0px 0px 0px;\n  border-radius: 64px;\n}\n<\/style>\n\t<\/div>\n\n\t\n\n<\/div>\n\n\t\t<\/div>\n\n\t\t\n<style>\n#section_1483416115 {\n  padding-top: 50px;\n  padding-bottom: 50px;\n}\n@media (min-width:550px) {\n  #section_1483416115 {\n    padding-top: 110px;\n    padding-bottom: 110px;\n  }\n}\n@media (min-width:850px) {\n  #section_1483416115 {\n    padding-top: 131px;\n    padding-bottom: 131px;\n  }\n}\n<\/style>\n\t<\/section>\n\t\n\n","protected":false},"excerpt":{"rendered":"","protected":false},"author":1,"featured_media":0,"parent":0,"menu_order":0,"comment_status":"closed","ping_status":"closed","template":"page-blank.php","meta":{"inline_featured_image":false,"footnotes":""},"class_list":["post-15401","page","type-page","status-publish","hentry"],"yoast_head":"<!-- This site is optimized with the Yoast SEO plugin v21.7 - https:\/\/yoast.com\/wordpress\/plugins\/seo\/ -->\n<title>Stellpl\u00e4tze Erdi - Camping Etxarri<\/title>\n<meta name=\"description\" content=\"Stellpl\u00e4tze f\u00fcr Wohnmobile und Camper auf dem Campingplatz Etxarri. Fl\u00e4che von 55 m\u00b2 mit Stromanschluss und Schatten. Sanit\u00e4re Einrichtungen und B\u00e4der auf dem Gel\u00e4nde.\" \/>\n<meta name=\"robots\" content=\"index, follow, max-snippet:-1, max-image-preview:large, max-video-preview:-1\" \/>\n<link rel=\"canonical\" href=\"https:\/\/campingetxarri.com\/de\/stellplaetze-erdi\/\" \/>\n<meta property=\"og:locale\" content=\"de_DE\" \/>\n<meta property=\"og:type\" content=\"article\" \/>\n<meta property=\"og:title\" content=\"Stellpl\u00e4tze Erdi - Camping Etxarri\" \/>\n<meta property=\"og:description\" content=\"Stellpl\u00e4tze f\u00fcr Wohnmobile und Camper auf dem Campingplatz Etxarri. Fl\u00e4che von 55 m\u00b2 mit Stromanschluss und Schatten. Sanit\u00e4re Einrichtungen und B\u00e4der auf dem Gel\u00e4nde.\" \/>\n<meta property=\"og:url\" content=\"https:\/\/campingetxarri.com\/de\/stellplaetze-erdi\/\" \/>\n<meta property=\"og:site_name\" content=\"Camping Etxarri\" \/>\n<meta property=\"article:modified_time\" content=\"2026-03-09T10:18:53+00:00\" \/>\n<meta name=\"twitter:card\" content=\"summary_large_image\" \/>\n<script type=\"application\/ld+json\" class=\"yoast-schema-graph\">{\"@context\":\"https:\/\/schema.org\",\"@graph\":[{\"@type\":\"WebPage\",\"@id\":\"https:\/\/campingetxarri.com\/de\/stellplaetze-erdi\/\",\"url\":\"https:\/\/campingetxarri.com\/de\/stellplaetze-erdi\/\",\"name\":\"Stellpl\u00e4tze Erdi - Camping Etxarri\",\"isPartOf\":{\"@id\":\"https:\/\/campingetxarri.com\/de\/#website\"},\"datePublished\":\"2023-10-30T08:45:07+00:00\",\"dateModified\":\"2026-03-09T10:18:53+00:00\",\"description\":\"Stellpl\u00e4tze f\u00fcr Wohnmobile und Camper auf dem Campingplatz Etxarri. Fl\u00e4che von 55 m\u00b2 mit Stromanschluss und Schatten. Sanit\u00e4re Einrichtungen und B\u00e4der auf dem Gel\u00e4nde.\",\"breadcrumb\":{\"@id\":\"https:\/\/campingetxarri.com\/de\/stellplaetze-erdi\/#breadcrumb\"},\"inLanguage\":\"de\",\"potentialAction\":[{\"@type\":\"ReadAction\",\"target\":[\"https:\/\/campingetxarri.com\/de\/stellplaetze-erdi\/\"]}]},{\"@type\":\"BreadcrumbList\",\"@id\":\"https:\/\/campingetxarri.com\/de\/stellplaetze-erdi\/#breadcrumb\",\"itemListElement\":[{\"@type\":\"ListItem\",\"position\":1,\"name\":\"Portada\",\"item\":\"https:\/\/campingetxarri.com\/de\/\"},{\"@type\":\"ListItem\",\"position\":2,\"name\":\"Stellpl\u00e4tze Erdi\"}]},{\"@type\":\"WebSite\",\"@id\":\"https:\/\/campingetxarri.com\/de\/#website\",\"url\":\"https:\/\/campingetxarri.com\/de\/\",\"name\":\"Camping Etxarri\",\"description\":\"\",\"potentialAction\":[{\"@type\":\"SearchAction\",\"target\":{\"@type\":\"EntryPoint\",\"urlTemplate\":\"https:\/\/campingetxarri.com\/de\/?s={search_term_string}\"},\"query-input\":\"required name=search_term_string\"}],\"inLanguage\":\"de\"}]}<\/script>\n<!-- \/ Yoast SEO plugin. -->","yoast_head_json":{"title":"Stellpl\u00e4tze Erdi - Camping Etxarri","description":"Stellpl\u00e4tze f\u00fcr Wohnmobile und Camper auf dem Campingplatz Etxarri. Fl\u00e4che von 55 m\u00b2 mit Stromanschluss und Schatten. Sanit\u00e4re Einrichtungen und B\u00e4der auf dem Gel\u00e4nde.","robots":{"index":"index","follow":"follow","max-snippet":"max-snippet:-1","max-image-preview":"max-image-preview:large","max-video-preview":"max-video-preview:-1"},"canonical":"https:\/\/campingetxarri.com\/de\/stellplaetze-erdi\/","og_locale":"de_DE","og_type":"article","og_title":"Stellpl\u00e4tze Erdi - Camping Etxarri","og_description":"Stellpl\u00e4tze f\u00fcr Wohnmobile und Camper auf dem Campingplatz Etxarri. Fl\u00e4che von 55 m\u00b2 mit Stromanschluss und Schatten. Sanit\u00e4re Einrichtungen und B\u00e4der auf dem Gel\u00e4nde.","og_url":"https:\/\/campingetxarri.com\/de\/stellplaetze-erdi\/","og_site_name":"Camping Etxarri","article_modified_time":"2026-03-09T10:18:53+00:00","twitter_card":"summary_large_image","schema":{"@context":"https:\/\/schema.org","@graph":[{"@type":"WebPage","@id":"https:\/\/campingetxarri.com\/de\/stellplaetze-erdi\/","url":"https:\/\/campingetxarri.com\/de\/stellplaetze-erdi\/","name":"Stellpl\u00e4tze Erdi - Camping Etxarri","isPartOf":{"@id":"https:\/\/campingetxarri.com\/de\/#website"},"datePublished":"2023-10-30T08:45:07+00:00","dateModified":"2026-03-09T10:18:53+00:00","description":"Stellpl\u00e4tze f\u00fcr Wohnmobile und Camper auf dem Campingplatz Etxarri. Fl\u00e4che von 55 m\u00b2 mit Stromanschluss und Schatten. Sanit\u00e4re Einrichtungen und B\u00e4der auf dem Gel\u00e4nde.","breadcrumb":{"@id":"https:\/\/campingetxarri.com\/de\/stellplaetze-erdi\/#breadcrumb"},"inLanguage":"de","potentialAction":[{"@type":"ReadAction","target":["https:\/\/campingetxarri.com\/de\/stellplaetze-erdi\/"]}]},{"@type":"BreadcrumbList","@id":"https:\/\/campingetxarri.com\/de\/stellplaetze-erdi\/#breadcrumb","itemListElement":[{"@type":"ListItem","position":1,"name":"Portada","item":"https:\/\/campingetxarri.com\/de\/"},{"@type":"ListItem","position":2,"name":"Stellpl\u00e4tze Erdi"}]},{"@type":"WebSite","@id":"https:\/\/campingetxarri.com\/de\/#website","url":"https:\/\/campingetxarri.com\/de\/","name":"Camping Etxarri","description":"","potentialAction":[{"@type":"SearchAction","target":{"@type":"EntryPoint","urlTemplate":"https:\/\/campingetxarri.com\/de\/?s={search_term_string}"},"query-input":"required name=search_term_string"}],"inLanguage":"de"}]}},"_links":{"self":[{"href":"https:\/\/campingetxarri.com\/de\/wp-json\/wp\/v2\/pages\/15401","targetHints":{"allow":["GET"]}}],"collection":[{"href":"https:\/\/campingetxarri.com\/de\/wp-json\/wp\/v2\/pages"}],"about":[{"href":"https:\/\/campingetxarri.com\/de\/wp-json\/wp\/v2\/types\/page"}],"author":[{"embeddable":true,"href":"https:\/\/campingetxarri.com\/de\/wp-json\/wp\/v2\/users\/1"}],"replies":[{"embeddable":true,"href":"https:\/\/campingetxarri.com\/de\/wp-json\/wp\/v2\/comments?post=15401"}],"version-history":[{"count":12,"href":"https:\/\/campingetxarri.com\/de\/wp-json\/wp\/v2\/pages\/15401\/revisions"}],"predecessor-version":[{"id":21393,"href":"https:\/\/campingetxarri.com\/de\/wp-json\/wp\/v2\/pages\/15401\/revisions\/21393"}],"wp:attachment":[{"href":"https:\/\/campingetxarri.com\/de\/wp-json\/wp\/v2\/media?parent=15401"}],"curies":[{"name":"wp","href":"https:\/\/api.w.org\/{rel}","templated":true}]}}