{"id":15036,"date":"2023-01-31T10:27:27","date_gmt":"2023-01-31T09:27:27","guid":{"rendered":"https:\/\/campingetxarri.com\/aviso-legal\/"},"modified":"2025-10-15T20:09:07","modified_gmt":"2025-10-15T18:09:07","slug":"rechtlicher-hinweis","status":"publish","type":"page","link":"https:\/\/campingetxarri.com\/de\/rechtlicher-hinweis\/","title":{"rendered":"Rechtlicher Hinweis"},"content":{"rendered":"\n\t<section class=\"section\" id=\"section_1249398117\">\n\t\t<div class=\"bg section-bg fill bg-fill bg-loaded bg-loaded\" >\n\n\t\t\t\n\t\t\t\n\t\t\t\n\n\t\t<\/div>\n\n\t\t\n\n\t\t<div class=\"section-content relative\">\n\t\t\t\n\n<div class=\"row align-center\"  id=\"row-475113798\">\n\n\n\t<div id=\"col-1849706733\" class=\"col medium-7 small-12 large-6\"  >\n\t\t\t\t<div class=\"col-inner text-center\"  >\n\t\t\t\n\t\t\t\n\n\t<div id=\"text-3385458081\" class=\"text\">\n\t\t\n\n<h1><span style=\"font-size: 170%;\">Rechtlicher Hinweis<\/span><\/h1>\n\t\t\n<style>\n#text-3385458081 {\n  color: #465f51;\n}\n#text-3385458081 > * {\n  color: #465f51;\n}\n<\/style>\n\t<\/div>\n\t\n\n\t\t<\/div>\n\t\t\t\t\t<\/div>\n\n\t\n\n<\/div>\n<div class=\"row align-center\"  id=\"row-898820240\">\n\n\n\n<\/div>\n\t<div id=\"gap-1188907200\" class=\"gap-element clearfix\" style=\"display:block; height:auto;\">\n\t\t\n<style>\n#gap-1188907200 {\n  padding-top: 10px;\n}\n@media (min-width:550px) {\n  #gap-1188907200 {\n    padding-top: 50px;\n  }\n}\n<\/style>\n\t<\/div>\n\t\n\n<div class=\"row row-collapse\"  id=\"row-2110639830\">\n\n\n\t<div id=\"col-2138710073\" class=\"col small-12 large-12\"  >\n\t\t\t\t<div class=\"col-inner text-left\" style=\"background-color:rgb(255, 255, 255);\" >\n\t\t\t\n\t\t\t\n\n<ol>\n<li><strong>Rechtliche Informationen und Akzeptanz<\/strong><\/li>\n<\/ol>\n<p>Gem\u00e4\u00df Artikel 10 des Gesetzes 34\/2002 vom 11. Juli \u00fcber Dienste der Informationsgesellschaft und des elektronischen Gesch\u00e4ftsverkehrs werden im Folgenden die Identifikationsdaten des Unternehmens dargelegt. Dieses Internetportal steht den Nutzern im Auftrag der Entit\u00e4t zur Verf\u00fcgung, deren Identifikationsdaten wie folgt lauten:<\/p>\n<table width=\"576\">\n<tbody>\n<tr>\n<td width=\"181\">\n<p>Unternehmensname:<\/p>\n<\/td>\n<td width=\"395\">\n<p><strong>Hospium10, S.L\u00a0 <\/strong>(im Folgenden Camping Etxarri)<\/p>\n<\/td>\n<\/tr>\n<tr>\n<td width=\"181\">\n<p>Steuernummer (CIF):<\/p>\n<\/td>\n<td width=\"395\">\n<p><strong>B-47785621<\/strong><\/p>\n<\/td>\n<\/tr>\n<tr>\n<td width=\"181\">\n<p>Gesch\u00e4ftssitz:<\/p>\n<\/td>\n<td width=\"395\">\n<p><strong>Paraje de Danbolintxulo, s\/n 31820 Etxarri-Aranatz Navarra<\/strong><\/p>\n<\/td>\n<\/tr>\n<tr>\n<td width=\"181\">\n<p>Telefon:<\/p>\n<\/td>\n<td width=\"395\">\n<p><strong>951204313<\/strong><\/p>\n<\/td>\n<\/tr>\n<tr>\n<td width=\"181\">\n<p>E-mail:<\/p>\n<\/td>\n<td width=\"395\">\n<p><strong>info@campingetxarri.com<\/strong><\/p>\n<\/td>\n<\/tr>\n<tr>\n<td width=\"181\">\n<p>Handelsregisterdaten:<\/p>\n<\/td>\n<td width=\"395\">\n<p><strong>Registro Mercantil de Navarra, el d\u00eda 22 de octubre de 2018, al Tomo 1546, Folio 143, Secci\u00f3n 8, Hoja VA 30154, I\/A 2.<\/strong><\/p>\n<\/td>\n<\/tr>\n<\/tbody>\n<\/table>\n<p><strong>\u00a0<\/strong><\/p>\n<p>Die vorliegende rechtliche Mitteilung enth\u00e4lt die allgemeinen Bedingungen f\u00fcr den Zugang und die Nutzung dieser Website, nachfolgend als \u201edie Website\u201c bezeichnet. Die Nutzung der Website impliziert die ausdr\u00fcckliche und uneingeschr\u00e4nkte Akzeptanz dieser allgemeinen Bedingungen in der zum Zeitpunkt des Zugriffs des Benutzers ver\u00f6ffentlichten Version, unbeschadet der besonderen Bedingungen, die f\u00fcr bestimmte Dienste der Website gelten k\u00f6nnen.<\/p>\n<p>Der Zugang zur Website ist kostenfrei, abgesehen von den Kosten f\u00fcr die Verbindung \u00fcber das Telekommunikationsnetz, die vom vom Benutzer beauftragten Access-Provider bereitgestellt wird. Einige Dienstleistungen sind exklusiv f\u00fcr unsere Kunden und der Zugang dazu ist beschr\u00e4nkt.<\/p>\n<p>Die Nutzung des Portals verleiht dem Benutzer des Portals (im Folgenden der \u201eBenutzer\u201c) den Status eines Benutzers und impliziert die Akzeptanz aller in dieser rechtlichen Mitteilung enthaltenen Bedingungen. Die Bereitstellung des Portal-Services ist auf den Zeitpunkt begrenzt, in dem der Benutzer mit dem Portal oder einem der dar\u00fcber bereitgestellten Dienste verbunden ist. Daher sollte der Benutzer diese rechtliche Mitteilung bei jeder beabsichtigten Nutzung des Portals aufmerksam lesen, da diese und die darin enthaltenen Nutzungsbedingungen jederzeit ge\u00e4ndert werden k\u00f6nnen.<\/p>\n<p>Einige \u00fcber das Portal zug\u00e4ngliche Dienste f\u00fcr Internetbenutzer oder exklusiv f\u00fcr Kunden von Camping Etxarri S.L k\u00f6nnen besonderen Bedingungen, Regelungen und Anweisungen unterliegen, die gegebenenfalls diese rechtliche Mitteilung ersetzen, erg\u00e4nzen und\/oder \u00e4ndern und die vom Benutzer vor Beginn der entsprechenden Dienstleistung akzeptiert werden m\u00fcssen.<\/p>\n<p>\u00a0<\/p>\n<ol start=\"2\">\n<li><strong>Geistiges und gewerbliches Eigentum<\/strong><\/li>\n<\/ol>\n<p>Diese Website und die darin enthaltenen Inhalte sind durch die geltende Gesetzgebung zum geistigen Eigentum gesch\u00fctzt.<\/p>\n<p><strong>Camping Etxarri, S.L<\/strong> ist Inhaber oder Lizenznehmer aller Rechte am geistigen und gewerblichen Eigentum seiner Website sowie der darin enthaltenen Elemente. Daher ist die Vervielf\u00e4ltigung, Verbreitung, \u00f6ffentliche Wiedergabe und Ver\u00e4nderung des gesamten oder eines Teils der Inhalte dieser Website zu kommerziellen Zwecken in jeglichem Format und auf jeglichem technischen Medium ausdr\u00fccklich untersagt, ohne die Genehmigung von T\u00e9rminos y Condiciones.<\/p>\n<p>Die Marken, Handelsnamen oder Unterscheidungszeichen sind Eigentum von <strong>Camping Etxarri, S.L<\/strong>, sei es durch gewerbliches oder geistiges Eigentum, und der Zugang zum Portal verleiht kein Recht an diesen Marken, Handelsnamen und\/oder Unterscheidungszeichen.<\/p>\n<p>Alle Produkte und Dienstleistungen auf diesen Seiten, die NICHT im Eigentum von <strong>Camping Etxarri, S.L<\/strong> stehen, sind eingetragene Marken ihrer jeweiligen Eigent\u00fcmer und werden von unserem Unternehmen als solche anerkannt. Sie erscheinen nur auf der Website von <strong>Camping Etxarri, S.L<\/strong> zu Werbe- und Informationszwecken. Diese Eigent\u00fcmer k\u00f6nnen die \u00c4nderung oder L\u00f6schung der ihnen geh\u00f6renden Informationen beantragen.<\/p>\n<p>\u00a0<\/p>\n<ol start=\"3\">\n<li><strong>Nutzungsbedingungen des Portals<\/strong><\/li>\n<\/ol>\n<p>3.1 Allgemein<\/p>\n<p>Der Benutzer verpflichtet sich, das Portal gem\u00e4\u00df dem Gesetz und diesen rechtlichen Hinweisen ordnungsgem\u00e4\u00df zu nutzen. Der Benutzer haftet gegen\u00fcber <strong>Camping Etxarri, S.L<\/strong> oder Dritten f\u00fcr alle Sch\u00e4den, die durch die Nichteinhaltung dieser Verpflichtung entstehen k\u00f6nnten.<\/p>\n<p>Die Nutzung des Portals zu sch\u00e4dlichen Zwecken f\u00fcr das Eigentum oder die Interessen von <strong>Camping Etxarri, S.L<\/strong> oder Dritten oder auf andere Weise, die Netzwerke, Server und andere Computerger\u00e4te (Hardware) oder Produkte und Softwareanwendungen (Software) von <strong>Camping Etxarri, S.L<\/strong> oder Dritten \u00fcberlasten, sch\u00e4digen oder deaktivieren k\u00f6nnten, ist ausdr\u00fccklich untersagt.<\/p>\n<p>3.2 Inhalte<\/p>\n<p>Der Benutzer verpflichtet sich, die Inhalte gem\u00e4\u00df dem Gesetz und diesem rechtlichen Hinweis sowie gem\u00e4\u00df den sonstigen Bedingungen, Vorschriften und Anweisungen, die gegebenenfalls gem\u00e4\u00df Klausel 1 anwendbar sein k\u00f6nnten, zu nutzen.<\/p>\n<p>Der Benutzer muss sich insbesondere gem\u00e4\u00df geltendem Recht enthalten von:<\/p>\n<ul>\n<li>Reproduzieren, Kopieren, Verteilen, Zug\u00e4nglichmachen, \u00d6ffentlichkeitsarbeit, Umwandeln oder Modifizieren der Inhalte, es sei denn, dies ist gesetzlich gestattet oder <strong>Camping Etxarri, S.L<\/strong> oder der Inhaber der jeweiligen Nutzungsrechte hat dies ausdr\u00fccklich genehmigt<\/li>\n<li>Reproduzieren oder Kopieren f\u00fcr den privaten Gebrauch der Inhalte, die als Software oder Datenbank gem\u00e4\u00df den geltenden Gesetzen zum geistigen Eigentum gelten, sowie deren \u00f6ffentliche Kommunikation oder Bereitstellung f\u00fcr Dritte, wenn diese Handlungen zwangsl\u00e4ufig die Reproduktion durch den Benutzer oder einen Dritten beinhalten.<\/li>\n<li>Die Gesamtheit oder einen wesentlichen Teil der Inhalte des Portals sowie der Datenbanken, die <strong>Camping Etxarri, S.L<\/strong> den Benutzern zur Verf\u00fcgung stellt, extrahieren und\/oder wiederverwenden.<\/li>\n<\/ul>\n<p>3.3 Einf\u00fchrung von Links auf das Portal<\/p>\n<p>Der Internetbenutzer, der Links von seinen eigenen Webseiten auf das Portal setzen m\u00f6chte, muss die nachstehenden Bedingungen erf\u00fcllen, ohne dass die Unkenntnis davon die aus dem Gesetz resultierenden Verantwortlichkeiten verhindert:<\/p>\n<ul>\n<li>Der Link verkn\u00fcpft ausschlie\u00dflich mit der Startseite oder der Hauptseite des Portals, darf sie jedoch in keiner Weise reproduzieren (Online-Links, Kopie von Texten, Grafiken usw.).<\/li>\n<li>Es ist in jedem Fall untersagt, gem\u00e4\u00df den jeweils geltenden Gesetzen und Vorschriften, Frames oder Rahmen jeglicher Art einzurichten, die das Portal umgeben oder die Anzeige der Inhalte \u00fcber Internetadressen, die sich von denen des Portals unterscheiden, erm\u00f6glichen und in jedem Fall, wenn sie gemeinsam mit Inhalten au\u00dferhalb des Portals angezeigt werden, sodass: (I) Fehler, Verwirrung oder T\u00e4uschung bei den Benutzern \u00fcber den wahren Ursprung des Dienstes oder der Inhalte auftreten k\u00f6nnen; (II) ein Akt der unlauteren Vergleichung oder Nachahmung darstellen k\u00f6nnte; (III) dazu dienen k\u00f6nnte, den Ruf der Marke und den Ruf von Camping Etxarri, S.L auszunutzen; oder (IV) in irgendeiner anderen Weise durch das geltende Recht verboten ist.<\/li>\n<li>Auf der Seite, die den Link setzt, darf keine falsche, ungenaue oder inkorrekte Aussage \u00fcber <strong>Camping Etxarri, S.L,<\/strong> seine Partner, Mitarbeiter, Kunden oder die Qualit\u00e4t der von ihm erbrachten Dienstleistungen gemacht werden.<\/li>\n<li>In keinem Fall wird auf der Seite, auf der der Link platziert ist, ausgedr\u00fcckt, dass <strong>Camping Etxarri, S.L<\/strong> seine Zustimmung zur Einf\u00fcgung des Links gegeben hat oder auf andere Weise die Dienstleistungen des Absenders unterst\u00fctzt, sich daran beteiligt, sie \u00fcberpr\u00fcft oder \u00fcberwacht.<\/li>\n<li>Die Verwendung von Warenzeichen, Wortbildmarken oder sonstigen Kennzeichen von <strong>Camping Etxarri, S.L<\/strong> auf der Seite des Absenders ist au\u00dfer in den von der Gesetzgebung gestatteten F\u00e4llen oder ausdr\u00fccklich von <strong>Camping Etxarri, S.L<\/strong> genehmigten F\u00e4llen untersagt, und in diesen F\u00e4llen ist stets ein direkter Link zum Portal in der in dieser Klausel festgelegten Form zul\u00e4ssig.<\/li>\n<li>Die Seite, die den Link setzt, muss das Gesetz treu erf\u00fcllen und darf in keinem Fall eigene oder Drittanbieterinhalte bereitstellen oder verlinken, die: (I) illegal, sch\u00e4dlich oder gegen die Moral und gute Sitten versto\u00dfen (pornografisch, gewaltt\u00e4tig, rassistisch, etc.); (II) den Benutzer zu der falschen Vorstellung verleiten oder verleiten k\u00f6nnen, dass <strong>Camping Etxarri, S.L<\/strong> die Ideen, Aussagen oder Ausdr\u00fccke des Absenders in legaler oder illegaler Weise unterst\u00fctzt, bef\u00fcrwortet, sich anschlie\u00dft oder auf irgendeine Weise unterst\u00fctzt; (III) unangemessen oder nicht relevant sind f\u00fcr die T\u00e4tigkeit von<strong> Camping Etxarri, S.L<\/strong> im Hinblick auf den Ort, den Inhalt und das Thema der Webseite des Absenders.<\/li>\n<\/ul>\n<ol start=\"4\">\n<li><strong>Haftungsausschluss<\/strong><\/li>\n<\/ol>\n<p>4.1 F\u00fcr die Informationen<\/p>\n<p><strong>Camping Etxarri, S.L<\/strong> no se responsabiliza de las decisiones tomadas a partir de la informaci\u00f3n suministrada en el Portal ni de los da\u00f1os y perjuicios producidos en el Usuario o terceros con motivo de actuaciones que tengan como \u00fanico fundamento la informaci\u00f3n obtenida en el Portal.<\/p>\n<p>4.2. F\u00fcr die Qualit\u00e4t des Dienstes<\/p>\n<p>Der Zugang zum Portal bedeutet nicht, dass<strong> Camping Etxarri, S.L<\/strong> verpflichtet ist, das Fehlen von Viren, W\u00fcrmern oder anderen sch\u00e4dlichen Elementen in der Informationstechnologie zu \u00fcberwachen.<\/p>\n<p>Es liegt in der Verantwortung des Benutzers, \u00fcber geeignete Tools zur Erkennung und Bereinigung sch\u00e4dlicher Software zu verf\u00fcgen.<\/p>\n<p><strong>Camping Etxarri, S.L<\/strong> haftet nicht f\u00fcr Sch\u00e4den an den Computerausr\u00fcstungen der Benutzer oder Dritter w\u00e4hrend der Bereitstellung des Portaldienstes.<\/p>\n<p>4.3. Zur Verf\u00fcgbarkeit des Dienstes<\/p>\n<p>Der Zugang zum Portal erfordert Dienstleistungen und Lieferungen von Dritten, einschlie\u00dflich des Transports \u00fcber Telekommunikationsnetze, deren Zuverl\u00e4ssigkeit, Qualit\u00e4t, Kontinuit\u00e4t und Funktion nicht in der Verantwortung von <strong>Camping Etxarri, S.L<\/strong> liegt. Daher k\u00f6nnen die \u00fcber das Portal bereitgestellten Dienste vor der Erbringung des Portaldienstes, gleichzeitig oder danach ausgesetzt, storniert oder unzug\u00e4nglich gemacht werden.<\/p>\n<p><strong>Camping Etxarri, S.L<\/strong> haftet nicht f\u00fcr Sch\u00e4den jeglicher Art, die dem Benutzer aufgrund von Fehlern oder Unterbrechungen in den Telekommunikationsnetzen entstehen, die die Aussetzung, Stornierung oder Unterbrechung des Portaldienstes w\u00e4hrend der Erbringung desselben oder davor verursachen.<\/p>\n<p>4.4. Zu den \u00fcber das Portal verlinkten Inhalten und Dienstleistungen<\/p>\n<p>Der Zugangsdienst zum Portal umfasst technische Verkn\u00fcpfungsvorrichtungen, Verzeichnisse und sogar Suchinstrumente, die es dem Benutzer erm\u00f6glichen, auf andere Internetseiten und Portale (nachfolgend &#8218;Verlinkte Seiten&#8216;) zuzugreifen. In diesen F\u00e4llen fungiert Camping Etxarri, S.L als Vermittlungsdienstleister gem\u00e4\u00df Artikel 17 des Gesetzes 34\/2002 vom 12. Juli \u00fcber Dienste der Informationsgesellschaft und des elektronischen Gesch\u00e4ftsverkehrs (LSSI) und ist nur f\u00fcr die Inhalte und Dienstleistungen auf den verlinkten Seiten verantwortlich, soweit es von der Rechtswidrigkeit wirksam Kenntnis erlangt hat und den Link nicht ordnungsgem\u00e4\u00df deaktiviert hat. Falls der Benutzer der Ansicht ist, dass es eine Verlinkte Seite mit rechtswidrigen oder unangemessenen Inhalten gibt, kann er dies Camping Etxarri, S.L gem\u00e4\u00df dem in Klausel 6 festgelegten Verfahren und mit den dort festgelegten Auswirkungen mitteilen, wobei diese Mitteilung keineswegs die Verpflichtung zur Entfernung des entsprechenden Links nach sich zieht.<\/p>\n<p>In keinem Fall darf die Existenz von Verlinkten Seiten das Bestehen von Vereinbarungen mit den Verantwortlichen oder Eigent\u00fcmern derselben voraussetzen, noch die Empfehlung, F\u00f6rderung oder Identifizierung von Camping Etxarri, S.L mit den \u00c4u\u00dferungen, Inhalten oder Dienstleistungen auf den verlinkten Seiten.<\/p>\n<p><strong>Camping Etxarri, S.L<\/strong> kennt die Inhalte und Dienstleistungen der Verlinkten Seiten nicht und \u00fcbernimmt daher keine Verantwortung f\u00fcr Sch\u00e4den, die durch die Rechtswidrigkeit, Qualit\u00e4t, Veraltetheit, Nichtverf\u00fcgbarkeit, Fehler und Nutzlosigkeit der Inhalte und\/oder Dienstleistungen der Verlinkten Seiten entstehen, es sei denn, diese sind direkt auf <strong>Camping Etxarri, S.L<\/strong> zur\u00fcckzuf\u00fchren.<\/p>\n<ol start=\"5\">\n<li><strong>Datenschutz<\/strong><\/li>\n<\/ol>\n<p>Sie k\u00f6nnen unsere Datenschutzrichtlinie konsultieren, um zu erfahren, wie wir Ihre personenbezogenen Daten verwenden.<\/p>\n<ol start=\"6\">\n<li>\n<p><strong>Mitteilung von rechtswidrigen und unangemessenen Aktivit\u00e4ten<\/strong><\/p>\n<\/li>\n<\/ol>\n<p>Falls der Benutzer oder ein anderer Internetbenutzer Kenntnis davon hat, dass die verlinkten Seiten zu Seiten f\u00fchren, deren Inhalte oder Dienstleistungen rechtswidrig, sch\u00e4dlich, abwertend, gewaltt\u00e4tig oder gegen die Moral versto\u00dfen, kann er sich mit Camping Etxarri, S.L in Verbindung setzen und die folgenden Punkte angeben:<\/p>\n<ol>\n<li>Personenbezogene Daten des Mitteilenden: Name, Adresse, Telefonnummer und E-Mail-Adresse;<\/li>\n<li>Beschreibung der Tatsachen, die den rechtswidrigen oder unangemessenen Charakter der verlinkten Seite offenbaren;<\/li>\n<li>Im Falle einer Verletzung von Rechten, wie zum Beispiel geistiges Eigentum, die personenbezogenen Daten des Rechteinhabers, wenn diese eine andere Person als der Mitteilende ist.<\/li>\n<li>Dar\u00fcber hinaus m\u00fcssen Sie den Nachweis der Legitimation des Rechteinhabers und gegebenenfalls den der Vertretung f\u00fcr den Rechteinhaber erbringen, wenn es sich um eine andere Person als den Mitteilenden handelt;<\/li>\n<li>Ausdr\u00fcckliche Erkl\u00e4rung, dass die Informationen in der Beschwerde korrekt sind.<\/li>\n<\/ol>\n<div class=\"flex-1 overflow-hidden\">\n<div class=\"react-scroll-to-bottom--css-dywxp-79elbk h-full\">\n<div class=\"react-scroll-to-bottom--css-dywxp-1n7m0yu\">\n<div class=\"flex flex-col pb-9 text-sm\">\n<div class=\"w-full text-token-text-primary\" data-testid=\"conversation-turn-545\">\n<div class=\"px-4 py-2 justify-center text-base md:gap-6 md:py-6 m-auto\">\n<div class=\"flex flex-1 text-base mx-auto gap-3 md:px-5 lg:px-1 xl:px-5 md:max-w-3xl } group final-completion\">\n<div class=\"relative flex w-full flex-col lg:w-&#091;calc(100%-115px)&#093; agent-turn\">\n<div class=\"flex-col gap-1 md:gap-3\">\n<div class=\"flex flex-grow flex-col max-w-full\">\n<div class=\"min-h-&#091;20px&#093; text-message flex flex-col items-start gap-3 whitespace-pre-wrap break-words &#091;.text-message+&amp;&#093;:mt-5 overflow-x-auto\" data-message-author-role=\"assistant\" data-message-id=\"2507881f-b5e6-4c1d-84d7-cbcd7b736ea5\">\n<div class=\"markdown prose w-full break-words dark:prose-invert light\">\n<p>Der Erhalt der Mitteilung gem\u00e4\u00df dieser Klausel durch <strong>Camping Etxarri, S.L<\/strong> bedeutet nach den Bestimmungen des LSSI nicht die effektive Kenntnis der vom Mitteilenden angegebenen Aktivit\u00e4ten und\/oder Inhalte.<\/p>\n<p>Dar\u00fcber hinaus m\u00fcssen Sie den Nachweis der Legitimation des Rechteinhabers und gegebenenfalls den der Vertretung f\u00fcr den Rechteinhaber erbringen, wenn es sich um eine andere Person als den Mitteilenden handelt.<\/p>\n<p>\u00a0<\/p>\n<\/div>\n<\/div>\n<\/div>\n<\/div>\n<\/div>\n<\/div>\n<\/div>\n<\/div>\n<\/div>\n<\/div>\n<\/div>\n<\/div>\n<ol start=\"7\">\n<li><strong>Benachrichtigungen<\/strong><\/li>\n<\/ol>\n<p>Alle von den Parteien vorgenommenen Mitteilungen und Kommunikationen sind gem\u00e4\u00df den gesetzlich zul\u00e4ssigen Mitteln g\u00fcltig. Diejenigen, die sich auf das vorliegende Portal beziehen, gelten f\u00fcr alle Zwecke als wirksam, wenn sie \u00fcber das Portal selbst erfolgen..<\/p>\n<p>\u00a0<\/p>\n<ol start=\"8\">\n<li><strong>\u00c4nderungen<\/strong><\/li>\n<\/ol>\n<p><strong>Camping Etxarri, S.L<\/strong> beh\u00e4lt sich das Recht vor, jederzeit und ohne vorherige Ank\u00fcndigung die \u00c4nderungen vorzunehmen, die es f\u00fcr angemessen h\u00e4lt, indem es sowohl die Inhalte und Dienstleistungen, die \u00fcber das Portal bereitgestellt werden, \u00e4ndern, l\u00f6schen oder hinzuf\u00fcgen kann, als auch die Art und Weise, wie sie pr\u00e4sentiert werden.<\/p>\n<p>Andererseits k\u00f6nnen diese Allgemeinen Gesch\u00e4ftsbedingungen jederzeit ge\u00e4ndert werden. Die \u00c4nderungen treten ab dem Zeitpunkt ihrer Ver\u00f6ffentlichung in Kraft.<\/p>\n<p>\u00a0<\/p>\n<ol start=\"9\">\n<li>\n<p><strong>Soziale Netzwerke<\/strong><\/p>\n<\/li>\n<\/ol>\n<p>Camping Etxarri, S.L ist in verschiedenen sozialen Netzwerken und Plattformen vertreten. Daher sollte bei jedem Zugriff auf eines dieser oder anderer Netzwerke beachtet werden, dass die geltenden Nutzungsbedingungen diejenigen sind, die jede Plattform festgelegt hat, in denen Camping Etxarri, S.L nicht interveniert<\/p>\n<p>\u00a0<\/p>\n<ol start=\"10\">\n<li><strong>Gesetzgebung<\/strong><\/li>\n<\/ol>\n<p>Dieses Rechtliche Hinweis unterliegt in allen seinen Teilen dem spanischen Recht, sofern das anwendbare Recht die Ab\u00e4nderung des gesetzlich festgelegten Gerichtsstands erlaubt. Als Gerichtsstand zur Beilegung m\u00f6glicher Streitigkeiten wird das Gericht von Tarragona festgelegt, wobei der Nutzer ausdr\u00fccklich auf jeden anderen Gerichtsstand verzichtet, der ihm zustehen k\u00f6nnte.<\/p>\n<p>Online-Streitbeilegung gem\u00e4\u00df Artikel 14.1 der Verordnung (EU) 524\/2013: Die Europ\u00e4ische Kommission stellt eine Plattform zur Online-Streitbeilegung zur Verf\u00fcgung, die unter dem folgenden Link erreichbar ist: <a href=\"http:\/\/ec.europa.eu\/consumers\/odr\/.\">http:\/\/ec.europa.eu\/consumers\/odr\/.<\/a><\/p>\n\n\t\t<\/div>\n\t\t\t\t\n<style>\n#col-2138710073 > .col-inner {\n  padding: 20px 20px 40px 20px;\n}\n@media (min-width:550px) {\n  #col-2138710073 > .col-inner {\n    padding: 70px 70px 40px 70px;\n  }\n}\n<\/style>\n\t<\/div>\n\n\t\n\n<\/div>\n\n\t\t<\/div>\n\n\t\t\n<style>\n#section_1249398117 {\n  padding-top: 80px;\n  padding-bottom: 80px;\n}\n<\/style>\n\t<\/section>\n\t\n\n","protected":false},"excerpt":{"rendered":"","protected":false},"author":1,"featured_media":0,"parent":0,"menu_order":0,"comment_status":"closed","ping_status":"closed","template":"page-blank.php","meta":{"inline_featured_image":false,"footnotes":""},"class_list":["post-15036","page","type-page","status-publish","hentry"],"yoast_head":"<!-- This site is optimized with the Yoast SEO plugin v21.7 - https:\/\/yoast.com\/wordpress\/plugins\/seo\/ -->\n<title>Rechtlicher Hinweis - Camping Etxarri<\/title>\n<meta name=\"robots\" content=\"index, follow, max-snippet:-1, max-image-preview:large, max-video-preview:-1\" \/>\n<link rel=\"canonical\" href=\"https:\/\/campingetxarri.com\/de\/rechtlicher-hinweis\/\" \/>\n<meta property=\"og:locale\" content=\"de_DE\" \/>\n<meta property=\"og:type\" content=\"article\" \/>\n<meta property=\"og:title\" content=\"Rechtlicher Hinweis - Camping Etxarri\" \/>\n<meta property=\"og:url\" content=\"https:\/\/campingetxarri.com\/de\/rechtlicher-hinweis\/\" \/>\n<meta property=\"og:site_name\" content=\"Camping Etxarri\" \/>\n<meta property=\"article:modified_time\" content=\"2025-10-15T18:09:07+00:00\" \/>\n<meta name=\"twitter:card\" content=\"summary_large_image\" \/>\n<meta name=\"twitter:label1\" content=\"Gesch\u00e4tzte Lesezeit\" \/>\n\t<meta name=\"twitter:data1\" content=\"23\u00a0Minuten\" \/>\n<script type=\"application\/ld+json\" class=\"yoast-schema-graph\">{\"@context\":\"https:\/\/schema.org\",\"@graph\":[{\"@type\":\"WebPage\",\"@id\":\"https:\/\/campingetxarri.com\/de\/rechtlicher-hinweis\/\",\"url\":\"https:\/\/campingetxarri.com\/de\/rechtlicher-hinweis\/\",\"name\":\"Rechtlicher Hinweis - Camping Etxarri\",\"isPartOf\":{\"@id\":\"https:\/\/campingetxarri.com\/de\/#website\"},\"datePublished\":\"2023-01-31T09:27:27+00:00\",\"dateModified\":\"2025-10-15T18:09:07+00:00\",\"breadcrumb\":{\"@id\":\"https:\/\/campingetxarri.com\/de\/rechtlicher-hinweis\/#breadcrumb\"},\"inLanguage\":\"de\",\"potentialAction\":[{\"@type\":\"ReadAction\",\"target\":[\"https:\/\/campingetxarri.com\/de\/rechtlicher-hinweis\/\"]}]},{\"@type\":\"BreadcrumbList\",\"@id\":\"https:\/\/campingetxarri.com\/de\/rechtlicher-hinweis\/#breadcrumb\",\"itemListElement\":[{\"@type\":\"ListItem\",\"position\":1,\"name\":\"Portada\",\"item\":\"https:\/\/campingetxarri.com\/de\/\"},{\"@type\":\"ListItem\",\"position\":2,\"name\":\"Rechtlicher Hinweis\"}]},{\"@type\":\"WebSite\",\"@id\":\"https:\/\/campingetxarri.com\/de\/#website\",\"url\":\"https:\/\/campingetxarri.com\/de\/\",\"name\":\"Camping Etxarri\",\"description\":\"\",\"potentialAction\":[{\"@type\":\"SearchAction\",\"target\":{\"@type\":\"EntryPoint\",\"urlTemplate\":\"https:\/\/campingetxarri.com\/de\/?s={search_term_string}\"},\"query-input\":\"required name=search_term_string\"}],\"inLanguage\":\"de\"}]}<\/script>\n<!-- \/ Yoast SEO plugin. -->","yoast_head_json":{"title":"Rechtlicher Hinweis - Camping Etxarri","robots":{"index":"index","follow":"follow","max-snippet":"max-snippet:-1","max-image-preview":"max-image-preview:large","max-video-preview":"max-video-preview:-1"},"canonical":"https:\/\/campingetxarri.com\/de\/rechtlicher-hinweis\/","og_locale":"de_DE","og_type":"article","og_title":"Rechtlicher Hinweis - Camping Etxarri","og_url":"https:\/\/campingetxarri.com\/de\/rechtlicher-hinweis\/","og_site_name":"Camping Etxarri","article_modified_time":"2025-10-15T18:09:07+00:00","twitter_card":"summary_large_image","twitter_misc":{"Gesch\u00e4tzte Lesezeit":"23\u00a0Minuten"},"schema":{"@context":"https:\/\/schema.org","@graph":[{"@type":"WebPage","@id":"https:\/\/campingetxarri.com\/de\/rechtlicher-hinweis\/","url":"https:\/\/campingetxarri.com\/de\/rechtlicher-hinweis\/","name":"Rechtlicher Hinweis - Camping Etxarri","isPartOf":{"@id":"https:\/\/campingetxarri.com\/de\/#website"},"datePublished":"2023-01-31T09:27:27+00:00","dateModified":"2025-10-15T18:09:07+00:00","breadcrumb":{"@id":"https:\/\/campingetxarri.com\/de\/rechtlicher-hinweis\/#breadcrumb"},"inLanguage":"de","potentialAction":[{"@type":"ReadAction","target":["https:\/\/campingetxarri.com\/de\/rechtlicher-hinweis\/"]}]},{"@type":"BreadcrumbList","@id":"https:\/\/campingetxarri.com\/de\/rechtlicher-hinweis\/#breadcrumb","itemListElement":[{"@type":"ListItem","position":1,"name":"Portada","item":"https:\/\/campingetxarri.com\/de\/"},{"@type":"ListItem","position":2,"name":"Rechtlicher Hinweis"}]},{"@type":"WebSite","@id":"https:\/\/campingetxarri.com\/de\/#website","url":"https:\/\/campingetxarri.com\/de\/","name":"Camping Etxarri","description":"","potentialAction":[{"@type":"SearchAction","target":{"@type":"EntryPoint","urlTemplate":"https:\/\/campingetxarri.com\/de\/?s={search_term_string}"},"query-input":"required name=search_term_string"}],"inLanguage":"de"}]}},"_links":{"self":[{"href":"https:\/\/campingetxarri.com\/de\/wp-json\/wp\/v2\/pages\/15036","targetHints":{"allow":["GET"]}}],"collection":[{"href":"https:\/\/campingetxarri.com\/de\/wp-json\/wp\/v2\/pages"}],"about":[{"href":"https:\/\/campingetxarri.com\/de\/wp-json\/wp\/v2\/types\/page"}],"author":[{"embeddable":true,"href":"https:\/\/campingetxarri.com\/de\/wp-json\/wp\/v2\/users\/1"}],"replies":[{"embeddable":true,"href":"https:\/\/campingetxarri.com\/de\/wp-json\/wp\/v2\/comments?post=15036"}],"version-history":[{"count":5,"href":"https:\/\/campingetxarri.com\/de\/wp-json\/wp\/v2\/pages\/15036\/revisions"}],"predecessor-version":[{"id":20951,"href":"https:\/\/campingetxarri.com\/de\/wp-json\/wp\/v2\/pages\/15036\/revisions\/20951"}],"wp:attachment":[{"href":"https:\/\/campingetxarri.com\/de\/wp-json\/wp\/v2\/media?parent=15036"}],"curies":[{"name":"wp","href":"https:\/\/api.w.org\/{rel}","templated":true}]}}