{"id":15002,"date":"2023-02-27T08:16:51","date_gmt":"2023-02-27T07:16:51","guid":{"rendered":"https:\/\/campingetxarri.com\/animacion\/"},"modified":"2026-03-12T09:29:50","modified_gmt":"2026-03-12T08:29:50","slug":"animation","status":"publish","type":"page","link":"https:\/\/campingetxarri.com\/de\/animation\/","title":{"rendered":"Animation"},"content":{"rendered":"\n<div class=\"slider-wrapper relative\" id=\"slider-499241424\" >\n    <div class=\"slider slider-nav-simple slider-nav-large slider-nav-light slider-style-normal\"\n        data-flickity-options='{\n            \"cellAlign\": \"center\",\n            \"imagesLoaded\": true,\n            \"lazyLoad\": 1,\n            \"freeScroll\": false,\n            \"wrapAround\": true,\n            \"autoPlay\": 4000,\n            \"pauseAutoPlayOnHover\" : false,\n            \"prevNextButtons\": false,\n            \"contain\" : true,\n            \"adaptiveHeight\" : true,\n            \"dragThreshold\" : 10,\n            \"percentPosition\": true,\n            \"pageDots\": false,\n            \"rightToLeft\": false,\n            \"draggable\": true,\n            \"selectedAttraction\": 0.1,\n            \"parallax\" : 0,\n            \"friction\": 0.6        }'\n        >\n        \n\n<div class=\"row row-collapse row-full-width align-center\"  id=\"row-1979515545\">\n\n\n\t<div id=\"col-1639125407\" class=\"col delante small-12 large-12\"  >\n\t\t\t\t<div class=\"col-inner\"  >\n\t\t\t\n\t\t\t\n\n\n  <div class=\"banner has-hover has-parallax\" id=\"banner-1039382324\">\n          <div class=\"banner-inner fill\">\n        <div class=\"banner-bg fill\" data-parallax=\"-5\" data-parallax-container=\".banner\" data-parallax-background>\n            <div class=\"bg fill bg-fill bg-loaded\"><\/div>\n                        <div class=\"overlay\"><\/div>            \n                    <\/div>\n\t\t\n\t<div class=\"ux-shape-divider ux-shape-divider--bottom ux-shape-divider--style-waves-opacity-3\">\n\t\t<svg viewBox=\"0 0 1000 300\" xmlns=\"http:\/\/www.w3.org\/2000\/svg\" preserveAspectRatio=\"none\">\n\t<path class=\"ux-shape-fill\" opacity=\"0.05\" d=\"M1014 264V386H206L34 300C34 300 344.42 277.16 436 221C542 156 590 160 704 209C811 255 899.11 214.94 979 346L1014 264Z\"\/>\n\t<path class=\"ux-shape-fill\" opacity=\"0.1\" d=\"M-302 55C-302 55 -66.73 263.25 50 214C178 160 283 116 353 141C445.68 174.1 534.28 256.19 588 249C692.9 235 764.52 75.94 855 131C940.61 183.09 1000 254 1000 254V328L-306 338L-302 55Z\"\/>\n\t<path class=\"ux-shape-fill\" opacity=\"0.15\" d=\"M-286 255C-286 255 -72 152 52 126C176 100 255 155 436 227C581.57 284.91 614.7 277.79 708 227C787 184 1009 3.0001 1093 164C1146 265.63 1031 293 1031 293L924 377L-288 389L-286 255Z\"\/>\n\t<path class=\"ux-shape-fill\" opacity=\"0.3\" d=\"M-24 69C-24 69 275.68 370.66 389 314C397 310 622 316 673 356C690.47 369.7 845 224 890 182C944.8 130.85 1018 92 1078 143C1154.12 207.7 1196 242 1196 242L1184 374L-28 386L-24 69Z\"\/>\n\t<path class=\"ux-shape-fill\" d=\"M-12 201C-12 201 58 284 182 258C306 232 342.29 221.23 456 264C565 305 640.82 288.36 721 249C776 222 837.5 191.31 935 253C984 284 1030 279 1030 279L1024 430L-12 440V201Z\"\/>\n<\/svg>\n\t<\/div>\n        <div class=\"banner-layers container\">\n            <div class=\"fill banner-link\"><\/div>            \n\n\n   <div id=\"text-box-708456686\" class=\"text-box banner-layer x50 md-x20 lg-x20 y80 md-y80 lg-y80 res-text\">\n                                <div class=\"text-box-content text dark\">\n              \n              <div class=\"text-inner text-left\">\n                  \n\n\t<div id=\"text-534099888\" class=\"text\">\n\t\t\n\n<h1 class=\"uppercase\" style=\"text-align: left;\"><span style=\"font-size: 90%;\" data-line-height=\"xs\">UNTERHALTUNG UND SPASS<\/span><\/h1>\n\t\t\n<style>\n#text-534099888 {\n  line-height: 1.7;\n  text-align: center;\n}\n@media (min-width:550px) {\n  #text-534099888 {\n    text-align: left;\n  }\n}\n<\/style>\n\t<\/div>\n\t\n\n              <\/div>\n           <\/div>\n                            \n<style>\n#text-box-708456686 {\n  width: 78%;\n}\n#text-box-708456686 .text-box-content {\n  font-size: 91%;\n}\n@media (min-width:550px) {\n  #text-box-708456686 {\n    width: 49%;\n  }\n  #text-box-708456686 .text-box-content {\n    font-size: 149%;\n  }\n}\n<\/style>\n    <\/div>\n \n\n        <\/div>\n      <\/div>\n\n            \n<style>\n#banner-1039382324 {\n  padding-top: 350px;\n}\n#banner-1039382324 .bg.bg-loaded {\n  background-image: url(https:\/\/campingetxarri.com\/wp-content\/uploads\/2024\/01\/DSC06095-scaled-1.jpg);\n}\n#banner-1039382324 .overlay {\n  background-color: rgba(0, 0, 0, 0.395);\n}\n#banner-1039382324 .bg {\n  background-position: 64% 45%;\n}\n#banner-1039382324 .ux-shape-divider--bottom svg {\n  height: 150px;\n  --divider-width: 242%;\n}\n#banner-1039382324 .ux-shape-divider--bottom .ux-shape-fill {\n  fill: rgb(246, 245, 241);\n}\n@media (min-width:550px) {\n  #banner-1039382324 {\n    padding-top: 800px;\n  }\n  #banner-1039382324 .overlay {\n    background-color: rgba(0, 0, 0, 0.221);\n  }\n  #banner-1039382324 .ux-shape-divider--bottom svg {\n    --divider-width: 100%;\n  }\n}\n<\/style>\n  <\/div>\n\n\n\n\t\t<\/div>\n\t\t\t\t\t<\/div>\n\n\t\n\n<\/div>\n\n     <\/div>\n\n     <div class=\"loading-spin dark large centered\"><\/div>\n\n\t<\/div>\n\n\n\n\t<section class=\"section\" id=\"section_927427633\">\n\t\t<div class=\"bg section-bg fill bg-fill bg-loaded bg-loaded\" >\n\n\t\t\t\n\t\t\t\n\t\t\t\n\n\t\t<\/div>\n\n\t\t\n\n\t\t<div class=\"section-content relative\">\n\t\t\t\n\n<div class=\"row align-middle align-center\"  id=\"row-645525499\">\n\n\n\t<div id=\"col-442523841\" class=\"col medium-11 small-12 large-7\"  data-animate=\"bounceInUp\">\n\t\t\t\t<div class=\"col-inner text-center\"  >\n\t\t\t\n\t\t\t\n\n\t<div id=\"gap-1938598650\" class=\"gap-element clearfix\" style=\"display:block; height:auto;\">\n\t\t\n<style>\n#gap-1938598650 {\n  padding-top: 20px;\n}\n<\/style>\n\t<\/div>\n\t\n\n\t<div id=\"gap-1532699738\" class=\"gap-element clearfix\" style=\"display:block; height:auto;\">\n\t\t\n<style>\n#gap-1532699738 {\n  padding-top: 0px;\n}\n@media (min-width:550px) {\n  #gap-1532699738 {\n    padding-top: 50px;\n  }\n}\n<\/style>\n\t<\/div>\n\t\n\n\t<div id=\"text-945712458\" class=\"text\">\n\t\t\n\n<h1 class=\"uppercase\"><span style=\"font-size: 90%; font-family: hkbold;\">UNTERHALTUNG F\u00dcR DIE GANZE FAMILIE<\/span><\/h1>\n<p>Im Camping Etxarri gibt es Unterhaltung f\u00fcr alle Familienmitglieder. Wir m\u00f6chten, dass Sie Ihren Urlaub in unseren Einrichtungen voll auskosten und genie\u00dfen. Unser Animationsteam wird Ihren Aufenthalt auf dem Campingplatz zu einer grenzenlos unterhaltsamen Erfahrung machen.<\/p>\n\t\t\n<style>\n#text-945712458 {\n  font-size: 1.4rem;\n}\n<\/style>\n\t<\/div>\n\t\n\n\t\t<\/div>\n\t\t\t\t\n<style>\n#col-442523841 > .col-inner {\n  padding: 0px 0px 0px 0;\n}\n@media (min-width:850px) {\n  #col-442523841 > .col-inner {\n    padding: 0px 0px 0px 0%;\n  }\n}\n<\/style>\n\t<\/div>\n\n\t\n\n<\/div>\n\n\t\t<\/div>\n\n\t\t\n<style>\n#section_927427633 {\n  padding-top: 30px;\n  padding-bottom: 30px;\n}\n@media (min-width:550px) {\n  #section_927427633 {\n    padding-top: 80px;\n    padding-bottom: 80px;\n  }\n}\n<\/style>\n\t<\/section>\n\t\n\t<section class=\"section\" id=\"section_2025374031\">\n\t\t<div class=\"bg section-bg fill bg-fill bg-loaded bg-loaded\" >\n\n\t\t\t\n\t\t\t\n\t\t\t\n\n\t\t<\/div>\n\n\t\t\t<div class=\"ux-shape-divider ux-shape-divider--top ux-shape-divider--style-arrow\">\n\t\t<svg viewBox=\"0 0 1000 100\" xmlns=\"http:\/\/www.w3.org\/2000\/svg\" preserveAspectRatio=\"none\">\n\t<path class=\"ux-shape-fill\" d=\"M1000 100H0L0 96H483L500 79L517 96H1000V100Z\"\/>\n<\/svg>\n\t<\/div>\n\n\n\t\t<div class=\"section-content relative\">\n\t\t\t\n\n<div class=\"row\"  id=\"row-1925270666\">\n\n\n\t<div id=\"col-1031009643\" class=\"col medium-6 small-12 large-6\"  >\n\t\t\t\t<div class=\"col-inner dark\"  >\n\t\t\t\n\t\t\t\n\n\t<div class=\"box has-hover   has-hover box-text-bottom\" >\n\n\t\t<div class=\"box-image\" >\n\t\t\t\t\t\t<div class=\"image-cover\" style=\"padding-top:75%;\">\n\t\t\t\t<img loading=\"lazy\" decoding=\"async\" width=\"1000\" height=\"562\" src=\"https:\/\/campingetxarri.com\/wp-content\/uploads\/2024\/01\/DSC05985-scaled-1.jpg\" class=\"attachment- size-\" alt=\"Camping Etxarri - Txiki Txoko. Instalaciones y servicios.\" srcset=\"https:\/\/campingetxarri.com\/wp-content\/uploads\/2024\/01\/DSC05985-scaled-1.jpg 1000w, https:\/\/campingetxarri.com\/wp-content\/uploads\/2024\/01\/DSC05985-scaled-1-300x169.jpg 300w, https:\/\/campingetxarri.com\/wp-content\/uploads\/2024\/01\/DSC05985-scaled-1-768x432.jpg 768w\" sizes=\"auto, (max-width: 1000px) 100vw, 1000px\" \/>\t\t\t\t\t\t\t\t\t\t\t<\/div>\n\t\t\t\t\t<\/div>\n\n\t\t<div class=\"box-text text-left\" style=\"padding:20px 0px 0px 0px;\">\n\t\t\t<div class=\"box-text-inner\">\n\t\t\t\t\n\n<h3><span style=\"font-family: hkbold; font-size: 120%;\">WORKSHOPS UND AKTIVIT\u00c4TEN F\u00dcR KINDER<\/span><\/h3>\n<p>Die Kleinen werden von unseren Workshops f\u00fcr Malerei, Armb\u00e4nder, Bastelsitzungen, Schminken, Zeichnen, musikalischen Kinderstunden und vielem mehr begeistert sein. Bei all diesen Aktivit\u00e4ten k\u00f6nnen sie ihre Vorstellungskraft entfalten und ihre Kreativit\u00e4t zum Ausdruck bringen.<\/p>\n<p>\u00a0<\/p>\n<p>\u00a0<\/p>\n<p>\u00a0<\/p>\n\t<div id=\"gap-139007032\" class=\"gap-element clearfix\" style=\"display:block; height:auto;\">\n\t\t\n<style>\n#gap-139007032 {\n  padding-top: 30px;\n}\n<\/style>\n\t<\/div>\n\t\n\n\n\t\t\t<\/div>\n\t\t<\/div>\n\t<\/div>\n\t\n\t<div class=\"box has-hover   has-hover box-text-bottom\" >\n\n\t\t<div class=\"box-image\" >\n\t\t\t\t\t\t<div class=\"image-cover\" style=\"padding-top:50%;\">\n\t\t\t\t<img loading=\"lazy\" decoding=\"async\" width=\"1000\" height=\"562\" src=\"https:\/\/campingetxarri.com\/wp-content\/uploads\/2024\/01\/DSC05232-Mejorado-NR-scaled-1.jpg\" class=\"attachment- size-\" alt=\"Camping Etxarri, actividades infantiles.\" srcset=\"https:\/\/campingetxarri.com\/wp-content\/uploads\/2024\/01\/DSC05232-Mejorado-NR-scaled-1.jpg 1000w, https:\/\/campingetxarri.com\/wp-content\/uploads\/2024\/01\/DSC05232-Mejorado-NR-scaled-1-300x169.jpg 300w, https:\/\/campingetxarri.com\/wp-content\/uploads\/2024\/01\/DSC05232-Mejorado-NR-scaled-1-768x432.jpg 768w\" sizes=\"auto, (max-width: 1000px) 100vw, 1000px\" \/>\t\t\t\t\t\t\t\t\t\t\t<\/div>\n\t\t\t\t\t<\/div>\n\n\t\t<div class=\"box-text text-left\" style=\"padding:20px 0px 0px 0px;\">\n\t\t\t<div class=\"box-text-inner\">\n\t\t\t\t\n\n<h3><span style=\"font-family: hkbold; font-size: 120%;\">BRETTSPIELE<\/span><\/h3>\n<p>Mit unseren Brettspiel-Sitzungen k\u00f6nnen alle Familienmitglieder von den Kleinsten bis zu den Gr\u00f6\u00dften Spa\u00df haben.<\/p>\n<p>\u00a0<\/p>\n<p>\u00a0<\/p>\n<p>\u00a0<\/p>\n\n\t\t\t<\/div>\n\t\t<\/div>\n\t<\/div>\n\t\n\n\t\t<\/div>\n\t\t\t\t\t<\/div>\n\n\t\n\n\t<div id=\"col-1860064055\" class=\"col medium-6 small-12 large-6\"  >\n\t\t\t\t<div class=\"col-inner\"  >\n\t\t\t\n\t\t\t\n\n<div class=\"row\"  id=\"row-1403203917\">\n\n\n\t<div id=\"col-1594204796\" class=\"col small-12 large-12\"  >\n\t\t\t\t<div class=\"col-inner dark\"  >\n\t\t\t\n\t\t\t\n\n\t<div class=\"box has-hover   has-hover box-text-bottom\" >\n\n\t\t<div class=\"box-image\" >\n\t\t\t\t\t\t<div class=\"image-cover\" style=\"padding-top:50%;\">\n\t\t\t\t<img loading=\"lazy\" decoding=\"async\" width=\"2048\" height=\"1127\" src=\"https:\/\/campingetxarri.com\/wp-content\/uploads\/2024\/01\/camping-ECHARRI-pisci-8-scaled.jpg\" class=\"attachment- size-\" alt=\"Camping Etxarri - Actividades. Animaci\u00f3n en Navarra.\" srcset=\"https:\/\/campingetxarri.com\/wp-content\/uploads\/2024\/01\/camping-ECHARRI-pisci-8-scaled.jpg 2048w, https:\/\/campingetxarri.com\/wp-content\/uploads\/2024\/01\/camping-ECHARRI-pisci-8-300x165.jpg 300w, https:\/\/campingetxarri.com\/wp-content\/uploads\/2024\/01\/camping-ECHARRI-pisci-8-1024x563.jpg 1024w, https:\/\/campingetxarri.com\/wp-content\/uploads\/2024\/01\/camping-ECHARRI-pisci-8-768x423.jpg 768w, https:\/\/campingetxarri.com\/wp-content\/uploads\/2024\/01\/camping-ECHARRI-pisci-8-1536x845.jpg 1536w\" sizes=\"auto, (max-width: 2048px) 100vw, 2048px\" \/>\t\t\t\t\t\t\t\t\t\t\t<\/div>\n\t\t\t\t\t<\/div>\n\n\t\t<div class=\"box-text text-left\" style=\"padding:20px 0px 0px 0px;\">\n\t\t\t<div class=\"box-text-inner\">\n\t\t\t\t\n\n<h3><span style=\"font-family: hkbold; font-size: 120%;\">WASSERSPIELE IM POOL<\/span><\/h3>\n<p><span style=\"font-weight: 400;\">Tauchen Sie ein in die Poolspiele im Camping Etxarri! Unsere Poolanimation bietet Ihnen ein einzigartiges Erlebnis mit vielen Wasserspielen, die Ihre Tage in der Sonne unvergesslich machen werden.<\/span><\/p>\n\n\t\t\t<\/div>\n\t\t<\/div>\n\t<\/div>\n\t\n\n\t\t<\/div>\n\t\t\t\t\t<\/div>\n\n\t\n\n\t<div id=\"col-918249624\" class=\"col medium-6 small-12 large-6\"  >\n\t\t\t\t<div class=\"col-inner dark\"  >\n\t\t\t\n\t\t\t\n\n\t<div class=\"box has-hover   has-hover box-text-bottom\" >\n\n\t\t<div class=\"box-image\" >\n\t\t\t\t\t\t<div class=\"image-cover\" style=\"padding-top:75%;\">\n\t\t\t\t<img loading=\"lazy\" decoding=\"async\" width=\"1000\" height=\"666\" src=\"https:\/\/campingetxarri.com\/wp-content\/uploads\/2024\/01\/Camping-Etxarri_-21.jpg\" class=\"attachment- size-\" alt=\"Camping Etxarri, actividades deportivas.\" srcset=\"https:\/\/campingetxarri.com\/wp-content\/uploads\/2024\/01\/Camping-Etxarri_-21.jpg 1000w, https:\/\/campingetxarri.com\/wp-content\/uploads\/2024\/01\/Camping-Etxarri_-21-300x200.jpg 300w, https:\/\/campingetxarri.com\/wp-content\/uploads\/2024\/01\/Camping-Etxarri_-21-768x511.jpg 768w\" sizes=\"auto, (max-width: 1000px) 100vw, 1000px\" \/>\t\t\t\t\t\t\t\t\t\t\t<\/div>\n\t\t\t\t\t<\/div>\n\n\t\t<div class=\"box-text text-left\" style=\"padding:20px 0px 0px 0px;\">\n\t\t\t<div class=\"box-text-inner\">\n\t\t\t\t\n\n<h3><span style=\"font-family: hkbold;\"><span style=\"font-size: 24.192px;\">SPORTAKTIVIT\u00c4TEN<\/span><\/span><\/h3>\n<p>Im Camping Etxarri glauben wir an die perfekte Kombination aus Spa\u00df, Sport und Natur. Deshalb bieten wir auch in unserem Animationsprogramm sportliche Aktivit\u00e4ten an, die Sie w\u00e4hrend Ihres Aufenthalts aktiv und unterhalten halten werden.<\/p>\n\n\t\t\t<\/div>\n\t\t<\/div>\n\t<\/div>\n\t\n\t<div class=\"box has-hover   has-hover box-text-bottom\" >\n\n\t\t<div class=\"box-image\" >\n\t\t\t\t\t\t<div class=\"image-cover\" style=\"padding-top:75%;\">\n\t\t\t\t<img loading=\"lazy\" decoding=\"async\" width=\"1200\" height=\"1600\" src=\"https:\/\/campingetxarri.com\/wp-content\/uploads\/2025\/04\/MUSICA1-1.jpg\" class=\"attachment- size-\" alt=\"MUSICA\" srcset=\"https:\/\/campingetxarri.com\/wp-content\/uploads\/2025\/04\/MUSICA1-1.jpg 1200w, https:\/\/campingetxarri.com\/wp-content\/uploads\/2025\/04\/MUSICA1-1-225x300.jpg 225w, https:\/\/campingetxarri.com\/wp-content\/uploads\/2025\/04\/MUSICA1-1-768x1024.jpg 768w, https:\/\/campingetxarri.com\/wp-content\/uploads\/2025\/04\/MUSICA1-1-1152x1536.jpg 1152w\" sizes=\"auto, (max-width: 1200px) 100vw, 1200px\" \/>\t\t\t\t\t\t\t\t\t\t\t<\/div>\n\t\t\t\t\t<\/div>\n\n\t\t<div class=\"box-text text-left\" style=\"padding:20px 0px 0px 0px;\">\n\t\t\t<div class=\"box-text-inner\">\n\t\t\t\t\n\n<h3><span style=\"font-family: hkbold;\"><span style=\"font-size: 24.192px;\">LIVE-AUFF\u00dcHRUNGEN<\/span><\/span><\/h3>\n<p>Auf dem Camping Etxarri bieten wir ein abwechslungsreiches Programm mit Live-Auff\u00fchrungen, um deine Sommerabende zu versch\u00f6nern. Live-Musik, Zaubershows, Clown-Acts, Theater und vieles mehr. Au\u00dferdem gibt es f\u00fcr die Kleinsten eine Discotxiki, in der sie zu ihren Lieblingsliedern tanzen und Spa\u00df haben k\u00f6nnen. Und um den Tag abzurunden, gibt es nichts Besseres als ein Open-Air-Kino am Abend \u2013 ideal, um es mit der ganzen Familie unter den Sternen zu genie\u00dfen. Spa\u00df f\u00fcr alle garantiert!<\/p>\n\n\t\t\t<\/div>\n\t\t<\/div>\n\t<\/div>\n\t\n\n\t\t<\/div>\n\t\t\t\t\t<\/div>\n\n\t\n\n\t<div id=\"col-300388482\" class=\"col medium-6 small-12 large-6\"  >\n\t\t\t\t<div class=\"col-inner dark\"  >\n\t\t\t\n\t\t\t\n\n\t<div class=\"box has-hover   has-hover box-text-bottom\" >\n\n\t\t<div class=\"box-image\" >\n\t\t\t\t\t\t<div class=\"image-cover\" style=\"padding-top:75%;\">\n\t\t\t\t<img loading=\"lazy\" decoding=\"async\" width=\"800\" height=\"532\" src=\"https:\/\/campingetxarri.com\/wp-content\/uploads\/2024\/01\/camping-ECHARRI-Padel-2-1-scaled-e1704356998561.jpg\" class=\"attachment- size-\" alt=\"Camping Etxarri - Pista de p\u00e1del. Instalaciones y servicios\" srcset=\"https:\/\/campingetxarri.com\/wp-content\/uploads\/2024\/01\/camping-ECHARRI-Padel-2-1-scaled-e1704356998561.jpg 800w, https:\/\/campingetxarri.com\/wp-content\/uploads\/2024\/01\/camping-ECHARRI-Padel-2-1-scaled-e1704356998561-300x200.jpg 300w, https:\/\/campingetxarri.com\/wp-content\/uploads\/2024\/01\/camping-ECHARRI-Padel-2-1-scaled-e1704356998561-768x511.jpg 768w\" sizes=\"auto, (max-width: 800px) 100vw, 800px\" \/>\t\t\t\t\t\t\t\t\t\t\t<\/div>\n\t\t\t\t\t<\/div>\n\n\t\t<div class=\"box-text text-left\" style=\"padding:20px 0px 0px 0px;\">\n\t\t\t<div class=\"box-text-inner\">\n\t\t\t\t\n\n<h3><span style=\"font-family: hkbold; font-size: 120%;\">PADDLE<\/span><\/h3>\n<p><span style=\"font-weight: 400;\">Bist du ein leidenschaftlicher Paddle-Tennisspieler? Im Camping Etxarri bieten wir dir die M\u00f6glichkeit, auf unseren Paddle-Tennispl\u00e4tzen aufregende Spiele zu genie\u00dfen. Schlie\u00dfe dich uns an und erlebe eine ausgezeichnete M\u00f6glichkeit, Sport und Wettbewerb in einer entspannten und freundlichen Umgebung zu genie\u00dfen.<\/span><\/p>\n\n\t\t\t<\/div>\n\t\t<\/div>\n\t<\/div>\n\t\n\t<div class=\"box has-hover   has-hover box-text-bottom\" >\n\n\t\t<div class=\"box-image\" >\n\t\t\t\t\t\t<div class=\"image-cover\" style=\"padding-top:75%;\">\n\t\t\t\t<img loading=\"lazy\" decoding=\"async\" width=\"1000\" height=\"563\" src=\"https:\/\/campingetxarri.com\/wp-content\/uploads\/2025\/04\/masajes.jpg\" class=\"attachment- size-\" alt=\"masajes\" srcset=\"https:\/\/campingetxarri.com\/wp-content\/uploads\/2025\/04\/masajes.jpg 1000w, https:\/\/campingetxarri.com\/wp-content\/uploads\/2025\/04\/masajes-300x169.jpg 300w, https:\/\/campingetxarri.com\/wp-content\/uploads\/2025\/04\/masajes-768x432.jpg 768w\" sizes=\"auto, (max-width: 1000px) 100vw, 1000px\" \/>\t\t\t\t\t\t\t\t\t\t\t<\/div>\n\t\t\t\t\t<\/div>\n\n\t\t<div class=\"box-text text-left\" style=\"padding:20px 0px 0px 0px;\">\n\t\t\t<div class=\"box-text-inner\">\n\t\t\t\t\n\n<h3><span style=\"font-family: hkbold; font-size: 120%;\">MASSAGEN<\/span><\/h3>\n<p>G\u00f6nn dir einen Moment des Wohlbefindens auf dem Camping Etxarri. Begib dich in die H\u00e4nde unserer professionellen Masseurin und w\u00e4hle zwischen einer entspannenden Massage oder einer Gesichtsmassage. Genie\u00dfe einen rundum erholsamen Urlaub und k\u00fcmmere dich dabei auch um dich selbst. Buche jetzt deine Sitzung f\u00fcr nur 40 \u20ac.<\/p>\n\n\t\t\t<\/div>\n\t\t<\/div>\n\t<\/div>\n\t\n\n\t\t<\/div>\n\t\t\t\t\t<\/div>\n\n\t\n\n<\/div>\n\n\t\t<\/div>\n\t\t\t\t\t<\/div>\n\n\t\n\n<\/div>\n\n\t\t<\/div>\n\n\t\t\n<style>\n#section_2025374031 {\n  padding-top: 100px;\n  padding-bottom: 100px;\n  background-color: rgb(70, 95, 81);\n}\n#section_2025374031 .ux-shape-divider--top svg {\n  height: 150px;\n  --divider-top-width: 300%;\n}\n#section_2025374031 .ux-shape-divider--top .ux-shape-fill {\n  fill: rgb(246, 245, 241);\n}\n@media (min-width:550px) {\n  #section_2025374031 .ux-shape-divider--top svg {\n    --divider-top-width: 100%;\n  }\n}\n<\/style>\n\t<\/section>\n\t\n\t<div id=\"gap-735389204\" class=\"gap-element clearfix\" style=\"display:block; height:auto;\">\n\t\t\n<style>\n#gap-735389204 {\n  padding-top: 0px;\n}\n<\/style>\n\t<\/div>\n\t\n\n\n\n","protected":false},"excerpt":{"rendered":"","protected":false},"author":1,"featured_media":0,"parent":0,"menu_order":0,"comment_status":"closed","ping_status":"closed","template":"page-transparent-header-light.php","meta":{"inline_featured_image":false,"footnotes":""},"class_list":["post-15002","page","type-page","status-publish","hentry"],"yoast_head":"<!-- This site is optimized with the Yoast SEO plugin v21.7 - https:\/\/yoast.com\/wordpress\/plugins\/seo\/ -->\n<title>Animation - Camping Etxarri<\/title>\n<meta name=\"description\" content=\"Animation im Camping Etxarri. Unterhaltung f\u00fcr alle Altersgruppen. Aktivit\u00e4ten f\u00fcr Kinder, Sportaktivit\u00e4ten, Spiele im Pool und Padel.\" \/>\n<meta name=\"robots\" content=\"index, follow, max-snippet:-1, max-image-preview:large, max-video-preview:-1\" \/>\n<link rel=\"canonical\" href=\"https:\/\/campingetxarri.com\/de\/animation\/\" \/>\n<meta property=\"og:locale\" content=\"de_DE\" \/>\n<meta property=\"og:type\" content=\"article\" \/>\n<meta property=\"og:title\" content=\"Animation - Camping Etxarri\" \/>\n<meta property=\"og:description\" content=\"Animation im Camping Etxarri. Unterhaltung f\u00fcr alle Altersgruppen. Aktivit\u00e4ten f\u00fcr Kinder, Sportaktivit\u00e4ten, Spiele im Pool und Padel.\" \/>\n<meta property=\"og:url\" content=\"https:\/\/campingetxarri.com\/de\/animation\/\" \/>\n<meta property=\"og:site_name\" content=\"Camping Etxarri\" \/>\n<meta property=\"article:modified_time\" content=\"2026-03-12T08:29:50+00:00\" \/>\n<meta name=\"twitter:card\" content=\"summary_large_image\" \/>\n<meta name=\"twitter:label1\" content=\"Gesch\u00e4tzte Lesezeit\" \/>\n\t<meta name=\"twitter:data1\" content=\"4\u00a0Minuten\" \/>\n<script type=\"application\/ld+json\" class=\"yoast-schema-graph\">{\"@context\":\"https:\/\/schema.org\",\"@graph\":[{\"@type\":\"WebPage\",\"@id\":\"https:\/\/campingetxarri.com\/de\/animation\/\",\"url\":\"https:\/\/campingetxarri.com\/de\/animation\/\",\"name\":\"Animation - Camping Etxarri\",\"isPartOf\":{\"@id\":\"https:\/\/campingetxarri.com\/de\/#website\"},\"datePublished\":\"2023-02-27T07:16:51+00:00\",\"dateModified\":\"2026-03-12T08:29:50+00:00\",\"description\":\"Animation im Camping Etxarri. Unterhaltung f\u00fcr alle Altersgruppen. Aktivit\u00e4ten f\u00fcr Kinder, Sportaktivit\u00e4ten, Spiele im Pool und Padel.\",\"breadcrumb\":{\"@id\":\"https:\/\/campingetxarri.com\/de\/animation\/#breadcrumb\"},\"inLanguage\":\"de\",\"potentialAction\":[{\"@type\":\"ReadAction\",\"target\":[\"https:\/\/campingetxarri.com\/de\/animation\/\"]}]},{\"@type\":\"BreadcrumbList\",\"@id\":\"https:\/\/campingetxarri.com\/de\/animation\/#breadcrumb\",\"itemListElement\":[{\"@type\":\"ListItem\",\"position\":1,\"name\":\"Portada\",\"item\":\"https:\/\/campingetxarri.com\/de\/\"},{\"@type\":\"ListItem\",\"position\":2,\"name\":\"Animation\"}]},{\"@type\":\"WebSite\",\"@id\":\"https:\/\/campingetxarri.com\/de\/#website\",\"url\":\"https:\/\/campingetxarri.com\/de\/\",\"name\":\"Camping Etxarri\",\"description\":\"\",\"potentialAction\":[{\"@type\":\"SearchAction\",\"target\":{\"@type\":\"EntryPoint\",\"urlTemplate\":\"https:\/\/campingetxarri.com\/de\/?s={search_term_string}\"},\"query-input\":\"required name=search_term_string\"}],\"inLanguage\":\"de\"}]}<\/script>\n<!-- \/ Yoast SEO plugin. -->","yoast_head_json":{"title":"Animation - Camping Etxarri","description":"Animation im Camping Etxarri. Unterhaltung f\u00fcr alle Altersgruppen. Aktivit\u00e4ten f\u00fcr Kinder, Sportaktivit\u00e4ten, Spiele im Pool und Padel.","robots":{"index":"index","follow":"follow","max-snippet":"max-snippet:-1","max-image-preview":"max-image-preview:large","max-video-preview":"max-video-preview:-1"},"canonical":"https:\/\/campingetxarri.com\/de\/animation\/","og_locale":"de_DE","og_type":"article","og_title":"Animation - Camping Etxarri","og_description":"Animation im Camping Etxarri. Unterhaltung f\u00fcr alle Altersgruppen. Aktivit\u00e4ten f\u00fcr Kinder, Sportaktivit\u00e4ten, Spiele im Pool und Padel.","og_url":"https:\/\/campingetxarri.com\/de\/animation\/","og_site_name":"Camping Etxarri","article_modified_time":"2026-03-12T08:29:50+00:00","twitter_card":"summary_large_image","twitter_misc":{"Gesch\u00e4tzte Lesezeit":"4\u00a0Minuten"},"schema":{"@context":"https:\/\/schema.org","@graph":[{"@type":"WebPage","@id":"https:\/\/campingetxarri.com\/de\/animation\/","url":"https:\/\/campingetxarri.com\/de\/animation\/","name":"Animation - Camping Etxarri","isPartOf":{"@id":"https:\/\/campingetxarri.com\/de\/#website"},"datePublished":"2023-02-27T07:16:51+00:00","dateModified":"2026-03-12T08:29:50+00:00","description":"Animation im Camping Etxarri. Unterhaltung f\u00fcr alle Altersgruppen. Aktivit\u00e4ten f\u00fcr Kinder, Sportaktivit\u00e4ten, Spiele im Pool und Padel.","breadcrumb":{"@id":"https:\/\/campingetxarri.com\/de\/animation\/#breadcrumb"},"inLanguage":"de","potentialAction":[{"@type":"ReadAction","target":["https:\/\/campingetxarri.com\/de\/animation\/"]}]},{"@type":"BreadcrumbList","@id":"https:\/\/campingetxarri.com\/de\/animation\/#breadcrumb","itemListElement":[{"@type":"ListItem","position":1,"name":"Portada","item":"https:\/\/campingetxarri.com\/de\/"},{"@type":"ListItem","position":2,"name":"Animation"}]},{"@type":"WebSite","@id":"https:\/\/campingetxarri.com\/de\/#website","url":"https:\/\/campingetxarri.com\/de\/","name":"Camping Etxarri","description":"","potentialAction":[{"@type":"SearchAction","target":{"@type":"EntryPoint","urlTemplate":"https:\/\/campingetxarri.com\/de\/?s={search_term_string}"},"query-input":"required name=search_term_string"}],"inLanguage":"de"}]}},"_links":{"self":[{"href":"https:\/\/campingetxarri.com\/de\/wp-json\/wp\/v2\/pages\/15002","targetHints":{"allow":["GET"]}}],"collection":[{"href":"https:\/\/campingetxarri.com\/de\/wp-json\/wp\/v2\/pages"}],"about":[{"href":"https:\/\/campingetxarri.com\/de\/wp-json\/wp\/v2\/types\/page"}],"author":[{"embeddable":true,"href":"https:\/\/campingetxarri.com\/de\/wp-json\/wp\/v2\/users\/1"}],"replies":[{"embeddable":true,"href":"https:\/\/campingetxarri.com\/de\/wp-json\/wp\/v2\/comments?post=15002"}],"version-history":[{"count":16,"href":"https:\/\/campingetxarri.com\/de\/wp-json\/wp\/v2\/pages\/15002\/revisions"}],"predecessor-version":[{"id":21441,"href":"https:\/\/campingetxarri.com\/de\/wp-json\/wp\/v2\/pages\/15002\/revisions\/21441"}],"wp:attachment":[{"href":"https:\/\/campingetxarri.com\/de\/wp-json\/wp\/v2\/media?parent=15002"}],"curies":[{"name":"wp","href":"https:\/\/api.w.org\/{rel}","templated":true}]}}