{"id":21280,"date":"2025-04-08T15:43:10","date_gmt":"2025-04-08T13:43:10","guid":{"rendered":"https:\/\/campingetxarri.com\/politica-cookies\/"},"modified":"2026-01-12T10:35:52","modified_gmt":"2026-01-12T09:35:52","slug":"cookies","status":"publish","type":"page","link":"https:\/\/campingetxarri.com\/ca\/cookies\/","title":{"rendered":"Pol\u00edtica de Cookies"},"content":{"rendered":"\n\t<section class=\"section\" id=\"section_1912196241\">\n\t\t<div class=\"bg section-bg fill bg-fill bg-loaded bg-loaded\" >\n\n\t\t\t\n\t\t\t\n\t\t\t\n\n\t\t<\/div>\n\n\t\t\n\n\t\t<div class=\"section-content relative\">\n\t\t\t\n\n<div class=\"row align-center\"  id=\"row-1185537614\">\n\n\n\t<div id=\"col-1184401246\" class=\"col medium-7 small-12 large-6\"  >\n\t\t\t\t<div class=\"col-inner text-center\"  >\n\t\t\t\n\t\t\t\n\n\t<div id=\"text-4036742883\" class=\"text\">\n\t\t\n\n<h1><span style=\"font-size: 170%;\">Pol\u00edtica de cookies<\/span><\/h1>\n\t\t\n<style>\n#text-4036742883 {\n  color: #465f51;\n}\n#text-4036742883 > * {\n  color: #465f51;\n}\n<\/style>\n\t<\/div>\n\t\n\n\t\t<\/div>\n\t\t\t\t\t<\/div>\n\n\t\n\n<\/div>\n<div class=\"row align-center\"  id=\"row-1560002269\">\n\n\n\t<div id=\"col-1635008843\" class=\"col medium-12 small-12 large-8\"  >\n\t\t\t\t<div class=\"col-inner\" style=\"background-color:rgb(255,255,255);\" >\n\t\t\t\n\t\t\t\n\n\t<div id=\"text-2395039231\" class=\"text\">\n\t\t\n\n<p><strong><u>Pol\u00edtica de cookies, segona capa informativa.<\/u><\/strong><\/p>\n<ol>\n<li><strong>QU\u00c8 S\u00d3N LES COOKIES?<\/strong><\/li>\n<\/ol>\n<p><strong>Hospium 10, S.L<\/strong> \u00e9s responsable del lloc web https:\/\/campingetxarri.com\/ i utilitza cookies i\/o altres fitxers amb una funcionalitat similar (d\u2019ara endavant, \u201cCookies\u201d).<\/p>\n<p>Una cookie \u00e9s un fitxer de text que un lloc web, una aplicaci\u00f3 o una altra plataforma desa al teu dispositiu, com ara el teu ordinador, tauleta o tel\u00e8fon intel\u00b7ligent. Cont\u00e9 informaci\u00f3 sobre la teva navegaci\u00f3 o \u00fas, com ara una etiqueta que identifica el teu dispositiu. Les cookies s\u00f3n necess\u00e0ries per facilitar la navegaci\u00f3 i comprendre com interactuen els usuaris amb els webs, cosa que permet fer millores. Tamb\u00e9 s\u00f3n \u00fatils per personalitzar la publicitat segons les teves prefer\u00e8ncies i per a altres finalitats detallades m\u00e9s endavant. Les cookies no fan malb\u00e9 el teu dispositiu.<\/p>\n<p>\u00a0<\/p>\n<ol start=\"2\">\n<li><strong>TIPOLOGIA DE COOKIES<\/strong><\/li>\n<\/ol>\n<p>Si us plau, revisa aquesta secci\u00f3, que ofereix una descripci\u00f3 general dels diferents tipus de cookies que es poden utilitzar en un entorn en l\u00ednia.<\/p>\n<p>\u00a0<\/p>\n<p>Segons el propietari de les cookies, es poden classificar en:<\/p>\n<ol>\n<li>Cookies pr\u00f2pies: aquestes cookies s\u2019envien a l\u2019ordinador o dispositiu de l\u2019usuari des de l\u2019equip o domini gestionat pel mateix editor, que proporciona el web o servei sol\u00b7licitat per l\u2019usuari.<\/li>\n<li>Cookies de tercers: aquestes cookies s\u2019envien a l\u2019ordinador o dispositiu de l\u2019usuari des d\u2019un equip o domini que no \u00e9s gestionat per l\u2019editor, sin\u00f3 per una altra entitat que processa les dades obtingudes a trav\u00e9s de les cookies.<\/li>\n<\/ol>\n<p>\u00a0<\/p>\n<p>\u00a0<\/p>\n<p>En funci\u00f3 de la finalitat de la cookie, es poden classificar en:<\/p>\n<p>\u00a0<\/p>\n<ul>\n<li>Les <strong><u>cookies estrictament necess\u00e0ries (t\u00e8cniques)<\/u><\/strong> s\u00f3n aquelles que permeten a l\u2019usuari navegar per una p\u00e0gina web, plataforma o aplicaci\u00f3 i utilitzar les diferents opcions o serveis que s\u2019hi ofereixen. Aquestes cookies duen a terme funcions essencials, com ara controlar el tr\u00e0nsit, identificar dades o sessions, accedir a seccions restringides, recordar elements d\u2019una comanda, gestionar pagaments, garantir la seguretat del servei, permetre la participaci\u00f3 en esdeveniments, emmagatzemar continguts multim\u00e8dia i compartir contingut a les xarxes socials. Aquestes cookies t\u00e8cniques es descarreguen autom\u00e0ticament quan es mostra el web o es presta el servei sol\u00b7licitat per l\u2019usuari.<\/li>\n<\/ul>\n<p>\u00a0<\/p>\n<ul>\n<li>Les <strong><u>cookies de funcionalitat o personalitzaci\u00f3<\/u><\/strong> s\u00f3n aquelles que permeten recordar informaci\u00f3 per proporcionar a l\u2019usuari un servei o plataforma amb caracter\u00edstiques espec\u00edfiques que diferencien la seva experi\u00e8ncia de la d\u2019altres usuaris. Aquestes caracter\u00edstiques poden incloure l\u2019idioma, el nombre de resultats mostrats en una cerca, l\u2019aspecte o contingut del servei en funci\u00f3 del navegador utilitzat o la regi\u00f3 des d\u2019on s\u2019accedeix al servei, entre d\u2019altres. No acceptar aquestes cookies pot comportar un rendiment lent del lloc web o recomanacions inadequades.<\/li>\n<\/ul>\n<p>\u00a0<\/p>\n<ul>\n<li>Les <strong><u>cookies d\u2019an\u00e0lisi<\/u><\/strong> s\u2019utilitzen per recopilar informaci\u00f3 sobre el nombre d\u2019usuaris, les seccions visitades al web i la seva interacci\u00f3 amb aquest. Aquestes dades s\u2019utilitzen per dur a terme una an\u00e0lisi estad\u00edstica de la utilitzaci\u00f3 del servei per part dels usuaris, amb l\u2019objectiu d\u2019identificar \u00e0rees de millora basades en els patrons d\u2019\u00fas.<\/li>\n<\/ul>\n<p>\u00a0<\/p>\n<ul>\n<li>Les <strong><u>cookies de publicitat comportamental<\/u><\/strong> registren i emmagatzemen informaci\u00f3 sobre els h\u00e0bits de navegaci\u00f3 dels usuaris, cosa que facilita la creaci\u00f3 de perfils espec\u00edfics per mostrar anuncis personalitzats. Aquestes cookies permeten una gesti\u00f3 eficient dels espais publicitaris que l\u2019editor ha incl\u00f2s, ja sigui de forma directa o en col\u00b7laboraci\u00f3 amb tercers.<\/li>\n<\/ul>\n<ol start=\"3\">\n<li><strong>FINALITAT DE LES COOKIES AL NOSTRE WEB<\/strong><\/li>\n<\/ol>\n<p>Les cookies tenen un paper fonamental en el funcionament del nostre web. El seu objectiu principal \u00e9s permetre una navegaci\u00f3 m\u00e9s c\u00f2moda i eficient. Per exemple, s\u2019utilitzen per recordar les teves prefer\u00e8ncies durant la navegaci\u00f3 i en futures visites.<\/p>\n<p>Tamb\u00e9 ens ajuden a personalitzar la publicitat en funci\u00f3 dels teus h\u00e0bits de navegaci\u00f3. La informaci\u00f3 recopilada a trav\u00e9s de les cookies ens permet fer estimacions estad\u00edstiques i an\u00e0lisis d\u2019\u00fas, com ara el nombre de visites i les seccions m\u00e9s consultades. Aix\u00f2 ens permet millorar els nostres serveis i adaptar la plataforma als teus interessos individuals.<\/p>\n<p>En algunes ocasions, utilitzem cookies per recopilar informaci\u00f3 que ens permet mostrar publicitat basada en els teus h\u00e0bits de navegaci\u00f3 a la nostra plataforma i a altres plataformes de tercers.<\/p>\n<p>A continuaci\u00f3, es detallen tant els tercers que poden configurar i accedir a cookies al teu dispositiu, com les finalitats amb qu\u00e8 s\u2019utilitza la informaci\u00f3 que emmagatzemen:<\/p>\n<table width=\"665\">\n<tbody>\n<tr>\n<td width=\"297\">\n<p><strong>FINALITAT<\/strong><\/p>\n<\/td>\n<td width=\"155\">\n<p><strong>TERCER<\/strong><\/p>\n<\/td>\n<td width=\"213\">\n<p><strong>M\u00c9S INFORMACI\u00d3<\/strong><\/p>\n<\/td>\n<\/tr>\n<tr>\n<td width=\"297\">\n<p>An\u00e0lisi: les cookies anal\u00edtiques s\u2019utilitzen<br \/>per elaborar perfils de navegaci\u00f3 i poder<br \/>con\u00e8ixer les prefer\u00e8ncies dels usuaris amb<br \/>la finalitat de millorar l\u2019oferta de productes i serveis.<\/p>\n<\/td>\n<td width=\"155\">\n<p>Google<\/p>\n<\/td>\n<td width=\"213\">\n<p><a href=\"https:\/\/developers.google.com\/analytics\/devguides\/collection\/analyticsjs\/cookie-usage\">Clica aqu\u00ed<\/a><\/p>\n<\/td>\n<\/tr>\n<tr>\n<td width=\"297\">\n<p>Xarxes socials: les xarxes socials amb les quals interactuem al nostre web utilitzen cookies als seus botons per compartir. No tenim cap intervenci\u00f3, control o informe de resultats; s\u00f3n responsabilitat de cada xarxa social. Quan l\u2019Usuari es registra en un Servei amb credencials d\u2019una xarxa social, autoritza la xarxa social a desar una cookie persistent que recorda la seva identitat i li garanteix l\u2019acc\u00e9s als Serveis fins que expira. L\u2019Usuari pot esborrar aquesta cookie i revocar l\u2019acc\u00e9s als Serveis mitjan\u00e7ant xarxes socials actualitzant les seves prefer\u00e8ncies a la xarxa social corresponent.<\/p>\n<p>\u00a0<\/p>\n<\/td>\n<td width=\"155\">\n<p>Facebook<\/p>\n<p>Connect<\/p>\n<\/td>\n<td width=\"213\">\n<p><a href=\"https:\/\/www.facebook.com\/about\/privacy\">Clica aqu\u00ed<\/a><\/p>\n<\/td>\n<\/tr>\n<\/tbody>\n<\/table>\n<p>\u00a0<\/p>\n<p>\u00a0<\/p>\n<ol start=\"4\">\n<li><strong>GESTI\u00d3 DE COOKIES AL NOSTRE WEB<\/strong><\/li>\n<\/ol>\n<p>Al panell de configuraci\u00f3 de cookies, al qual pots accedir en qualsevol moment a la nostra plataforma, hi trobar\u00e0s informaci\u00f3 detallada sobre les cookies que utilitzem. S\u2019hi especifica la seva finalitat, durada i qui les gestiona (nosaltres o tercers). Aquest panell et permet gestionar l\u2019activaci\u00f3 i desactivaci\u00f3 de les cookies que no s\u00f3n estrictament necess\u00e0ries per al funcionament de la plataforma, aix\u00ed com canviar el teu consentiment en qualsevol moment.<\/p>\n<div class=\"cky-audit-table-element\">\u00a0<\/div>\n<p>Pots accedir a la configuraci\u00f3 prement <a class=\"cky-banner-element\" style=\"cursor: pointer;\"><strong><u>aqu\u00ed<\/u><\/strong><\/a>, per canviar les teves prefer\u00e8ncies o retirar el teu consentiment.<\/p>\n<p>D\u2019altra banda, tamb\u00e9 tens l\u2019opci\u00f3 de desactivar l\u2019\u00fas de cookies al teu navegador mentre navegues per Internet. A continuaci\u00f3, et mostrem com fer aquesta configuraci\u00f3 als navegadors m\u00e9s comuns:<\/p>\n<ul>\n<li><a href=\"https:\/\/support.google.com\/chrome\/answer\/95647?co=GENIE.Platform=Desktop&amp;&amp;hl=es\">Google Chrome<\/a><\/li>\n<li><a href=\"https:\/\/support.mozilla.org\/es\/kb\/impedir-que-los-sitios-web-guarden-sus-preferencia\">Mozilla Firefox<\/a><\/li>\n<li><a href=\"https:\/\/support.microsoft.com\/es-es\/help\/17442\/windows-internet-explorer-delete-manage-cookies\">Internet Explorer<\/a><\/li>\n<li><a href=\"https:\/\/privacy.microsoft.com\/es-ES\/windows-10-microsoft-edge-and-privacy\">Microsoft Edge<\/a><\/li>\n<li><a href=\"https:\/\/support.apple.com\/es-es\/HT201265\">Safari<\/a><\/li>\n<li><a href=\"http:\/\/help.opera.com\/Linux\/10.60\/es-ES\/cookies.html\">Opera<\/a><\/li>\n<\/ul>\n<p>\u00a0<\/p>\n<p>Pots exercir aquesta opci\u00f3 per evitar l\u2019\u00fas de cookies en qualsevol moment. Tingues en compte que la gesti\u00f3 del panell de configuraci\u00f3 de cookies i l\u2019opci\u00f3 de rebutjar-les s\u00f3n espec\u00edfiques per a cada navegador que utilitzis.<\/p>\n<p>Per tant, si configures les cookies d\u2019una manera determinada en un dispositiu i vols que aquesta opci\u00f3 s\u2019apliqui de manera similar en un altre dispositiu, haur\u00e0s d\u2019activar la mateixa opci\u00f3 en aquest altre dispositiu.<\/p>\n<p>L\u2019usuari ha de tenir en compte que algunes caracter\u00edstiques dels continguts del nostre lloc web nom\u00e9s estan disponibles si es permet la instal\u00b7laci\u00f3 de cookies al seu navegador. Si decideixes no acceptar o bloquejar determinades cookies (en funci\u00f3 de la seva finalitat), aix\u00f2 pot afectar, totalment o parcialment, el funcionament normal del lloc web o impedir l\u2019acc\u00e9s a alguns dels seus serveis.<\/p>\n<p><strong>\u00a0<\/strong><\/p>\n<ol start=\"5\">\n<li><strong>\u00daS DE LA INFORMACI\u00d3 EMMAGATZEMADA A LES COOKIES<\/strong><\/li>\n<\/ol>\n<p><strong>\u00a0<\/strong><\/p>\n<p>La informaci\u00f3 emmagatzemada a les cookies del nostre lloc web \u00e9s utilitzada \u00fanicament per nosaltres. Tanmateix, algunes cookies de tercers, gestionades per entitats externes, poden ser utilitzades per oferir-nos serveis addicionals. Per a m\u00e9s detalls, consulta el nostre panell de configuraci\u00f3 de cookies, accessible en tot moment al nostre lloc web.<\/p>\n<p>\u00a0<\/p>\n<p>Et suggerim que revisis la nostra Pol\u00edtica de Privacitat al nostre lloc web per obtenir informaci\u00f3 detallada sobre com es tracten les teves dades personals en la nostra col\u00b7laboraci\u00f3 amb tercers, aix\u00ed com en les transfer\u00e8ncies internacionals de dades. A m\u00e9s, et recomanem que consultis les pol\u00edtiques de privacitat i les configuracions de privacitat d\u2019aquests col\u00b7laboradors externs a trav\u00e9s de les seves pr\u00f2pies plataformes.<\/p>\n<p><strong>\u00a0<\/strong><\/p>\n<ol start=\"6\">\n<li><strong>ACTUALITZACIONS I CANVIS A LA POL\u00cdTICA DE COOKIES<\/strong><\/li>\n<\/ol>\n<p><strong>Hospium 10, S.L<\/strong> pot modificar aquesta Pol\u00edtica de Cookies en funci\u00f3 de noves exig\u00e8ncies legislatives o reglament\u00e0ries, o amb la finalitat d\u2019adaptar aquesta pol\u00edtica a les instruccions dictades per l\u2019Ag\u00e8ncia Espanyola de Protecci\u00f3 de Dades.<\/p>\n<p>Si vols m\u00e9s informaci\u00f3 sobre quin \u00fas fem de les Cookies, pots enviar-nos un correu electr\u00f2nic a: info@campingetxarri.com<\/p>\n\t\t\n<style>\n#text-2395039231 {\n  text-align: left;\n}\n<\/style>\n\t<\/div>\n\t\n\n\n\t\t<\/div>\n\t\t\t\t\n<style>\n#col-1635008843 > .col-inner {\n  padding: 20px 20px 10px 20px;\n}\n@media (min-width:550px) {\n  #col-1635008843 > .col-inner {\n    padding: 70px 70px 40px 70px;\n  }\n}\n<\/style>\n\t<\/div>\n\n\t\n\n<\/div>\n\t<div id=\"gap-1005089783\" class=\"gap-element clearfix\" style=\"display:block; height:auto;\">\n\t\t\n<style>\n#gap-1005089783 {\n  padding-top: 10px;\n}\n@media (min-width:550px) {\n  #gap-1005089783 {\n    padding-top: 50px;\n  }\n}\n<\/style>\n\t<\/div>\n\t\n\n\n\t\t<\/div>\n\n\t\t\n<style>\n#section_1912196241 {\n  padding-top: 80px;\n  padding-bottom: 80px;\n}\n<\/style>\n\t<\/section>\n\t\n\n\n\n<p><\/p>\n","protected":false},"excerpt":{"rendered":"","protected":false},"author":1,"featured_media":0,"parent":0,"menu_order":0,"comment_status":"closed","ping_status":"closed","template":"page-blank.php","meta":{"inline_featured_image":false,"footnotes":""},"class_list":["post-21280","page","type-page","status-publish","hentry"],"yoast_head":"<!-- This site is optimized with the Yoast SEO plugin v21.7 - https:\/\/yoast.com\/wordpress\/plugins\/seo\/ -->\n<title>Pol\u00edtica de Cookies - Camping Etxarri<\/title>\n<meta name=\"robots\" content=\"index, follow, max-snippet:-1, max-image-preview:large, max-video-preview:-1\" \/>\n<link rel=\"canonical\" href=\"https:\/\/campingetxarri.com\/ca\/cookies\/\" \/>\n<meta property=\"og:locale\" content=\"ca_ES\" \/>\n<meta property=\"og:type\" content=\"article\" \/>\n<meta property=\"og:title\" content=\"Pol\u00edtica de Cookies - Camping Etxarri\" \/>\n<meta property=\"og:url\" content=\"https:\/\/campingetxarri.com\/ca\/cookies\/\" \/>\n<meta property=\"og:site_name\" content=\"Camping Etxarri\" \/>\n<meta property=\"article:modified_time\" content=\"2026-01-12T09:35:52+00:00\" \/>\n<meta name=\"twitter:card\" content=\"summary_large_image\" \/>\n<meta name=\"twitter:label1\" content=\"Temps estimat de lectura\" \/>\n\t<meta name=\"twitter:data1\" content=\"16 minuts\" \/>\n<script type=\"application\/ld+json\" class=\"yoast-schema-graph\">{\"@context\":\"https:\/\/schema.org\",\"@graph\":[{\"@type\":\"WebPage\",\"@id\":\"https:\/\/campingetxarri.com\/ca\/cookies\/\",\"url\":\"https:\/\/campingetxarri.com\/ca\/cookies\/\",\"name\":\"Pol\u00edtica de Cookies - Camping Etxarri\",\"isPartOf\":{\"@id\":\"https:\/\/campingetxarri.com\/ca\/#website\"},\"datePublished\":\"2025-04-08T13:43:10+00:00\",\"dateModified\":\"2026-01-12T09:35:52+00:00\",\"breadcrumb\":{\"@id\":\"https:\/\/campingetxarri.com\/ca\/cookies\/#breadcrumb\"},\"inLanguage\":\"ca\",\"potentialAction\":[{\"@type\":\"ReadAction\",\"target\":[\"https:\/\/campingetxarri.com\/ca\/cookies\/\"]}]},{\"@type\":\"BreadcrumbList\",\"@id\":\"https:\/\/campingetxarri.com\/ca\/cookies\/#breadcrumb\",\"itemListElement\":[{\"@type\":\"ListItem\",\"position\":1,\"name\":\"Portada\",\"item\":\"https:\/\/campingetxarri.com\/ca\/\"},{\"@type\":\"ListItem\",\"position\":2,\"name\":\"Pol\u00edtica de Cookies\"}]},{\"@type\":\"WebSite\",\"@id\":\"https:\/\/campingetxarri.com\/ca\/#website\",\"url\":\"https:\/\/campingetxarri.com\/ca\/\",\"name\":\"Camping Etxarri\",\"description\":\"\",\"potentialAction\":[{\"@type\":\"SearchAction\",\"target\":{\"@type\":\"EntryPoint\",\"urlTemplate\":\"https:\/\/campingetxarri.com\/ca\/?s={search_term_string}\"},\"query-input\":\"required name=search_term_string\"}],\"inLanguage\":\"ca\"}]}<\/script>\n<!-- \/ Yoast SEO plugin. -->","yoast_head_json":{"title":"Pol\u00edtica de Cookies - Camping Etxarri","robots":{"index":"index","follow":"follow","max-snippet":"max-snippet:-1","max-image-preview":"max-image-preview:large","max-video-preview":"max-video-preview:-1"},"canonical":"https:\/\/campingetxarri.com\/ca\/cookies\/","og_locale":"ca_ES","og_type":"article","og_title":"Pol\u00edtica de Cookies - Camping Etxarri","og_url":"https:\/\/campingetxarri.com\/ca\/cookies\/","og_site_name":"Camping Etxarri","article_modified_time":"2026-01-12T09:35:52+00:00","twitter_card":"summary_large_image","twitter_misc":{"Temps estimat de lectura":"16 minuts"},"schema":{"@context":"https:\/\/schema.org","@graph":[{"@type":"WebPage","@id":"https:\/\/campingetxarri.com\/ca\/cookies\/","url":"https:\/\/campingetxarri.com\/ca\/cookies\/","name":"Pol\u00edtica de Cookies - Camping Etxarri","isPartOf":{"@id":"https:\/\/campingetxarri.com\/ca\/#website"},"datePublished":"2025-04-08T13:43:10+00:00","dateModified":"2026-01-12T09:35:52+00:00","breadcrumb":{"@id":"https:\/\/campingetxarri.com\/ca\/cookies\/#breadcrumb"},"inLanguage":"ca","potentialAction":[{"@type":"ReadAction","target":["https:\/\/campingetxarri.com\/ca\/cookies\/"]}]},{"@type":"BreadcrumbList","@id":"https:\/\/campingetxarri.com\/ca\/cookies\/#breadcrumb","itemListElement":[{"@type":"ListItem","position":1,"name":"Portada","item":"https:\/\/campingetxarri.com\/ca\/"},{"@type":"ListItem","position":2,"name":"Pol\u00edtica de Cookies"}]},{"@type":"WebSite","@id":"https:\/\/campingetxarri.com\/ca\/#website","url":"https:\/\/campingetxarri.com\/ca\/","name":"Camping Etxarri","description":"","potentialAction":[{"@type":"SearchAction","target":{"@type":"EntryPoint","urlTemplate":"https:\/\/campingetxarri.com\/ca\/?s={search_term_string}"},"query-input":"required name=search_term_string"}],"inLanguage":"ca"}]}},"_links":{"self":[{"href":"https:\/\/campingetxarri.com\/ca\/wp-json\/wp\/v2\/pages\/21280","targetHints":{"allow":["GET"]}}],"collection":[{"href":"https:\/\/campingetxarri.com\/ca\/wp-json\/wp\/v2\/pages"}],"about":[{"href":"https:\/\/campingetxarri.com\/ca\/wp-json\/wp\/v2\/types\/page"}],"author":[{"embeddable":true,"href":"https:\/\/campingetxarri.com\/ca\/wp-json\/wp\/v2\/users\/1"}],"replies":[{"embeddable":true,"href":"https:\/\/campingetxarri.com\/ca\/wp-json\/wp\/v2\/comments?post=21280"}],"version-history":[{"count":3,"href":"https:\/\/campingetxarri.com\/ca\/wp-json\/wp\/v2\/pages\/21280\/revisions"}],"predecessor-version":[{"id":21312,"href":"https:\/\/campingetxarri.com\/ca\/wp-json\/wp\/v2\/pages\/21280\/revisions\/21312"}],"wp:attachment":[{"href":"https:\/\/campingetxarri.com\/ca\/wp-json\/wp\/v2\/media?parent=21280"}],"curies":[{"name":"wp","href":"https:\/\/api.w.org\/{rel}","templated":true}]}}