{"id":15976,"date":"2023-06-15T18:36:15","date_gmt":"2023-06-15T16:36:15","guid":{"rendered":"https:\/\/campingetxarri.com\/parcelas-larri\/"},"modified":"2026-03-09T11:16:03","modified_gmt":"2026-03-09T10:16:03","slug":"parcelles-larri","status":"publish","type":"page","link":"https:\/\/campingetxarri.com\/ca\/parcelles-larri\/","title":{"rendered":"Parcel\u00b7les Larri"},"content":{"rendered":"\n\t<section class=\"section\" id=\"section_1834121785\">\n\t\t<div class=\"bg section-bg fill bg-fill bg-loaded bg-loaded\" >\n\n\t\t\t\n\t\t\t\n\t\t\t\n\n\t\t<\/div>\n\n\t\t\n\n\t\t<div class=\"section-content relative\">\n\t\t\t\n\n<div class=\"row\"  id=\"row-2374973\">\n\n\n\t<div id=\"col-1538841119\" class=\"col medium-4 small-12 large-4\"  >\n\t\t\t\t<div class=\"col-inner\"  >\n\t\t\t\n\t\t\t\n\n\t<div id=\"text-776715412\" class=\"text\">\n\t\t\n\n<h1><span style=\"font-size: 140%; font-family: hkbold;\" data-text-color=\"primary\">PARCEL\u00b7les larri<\/span><\/h1>\n\t\t\n<style>\n#text-776715412 {\n  text-align: left;\n  color: rgb(0,0,0);\n}\n#text-776715412 > * {\n  color: rgb(0,0,0);\n}\n<\/style>\n\t<\/div>\n\t\n\t<div id=\"gap-370504027\" class=\"gap-element clearfix\" style=\"display:block; height:auto;\">\n\t\t\n<style>\n#gap-370504027 {\n  padding-top: 30px;\n}\n<\/style>\n\t<\/div>\n\t\n\n\n\t\t<\/div>\n\t\t\t\t\n<style>\n#col-1538841119 > .col-inner {\n  margin: 0px 0px -50px 0px;\n}\n<\/style>\n\t<\/div>\n\n\t\n\n\t<div id=\"col-1519777499\" class=\"col medium-3 small-12 large-3\"  >\n\t\t\t\t<div class=\"col-inner\"  >\n\t\t\t\n\t\t\t\n\n\n\t\t<div class=\"icon-box featured-box icon-box-left text-left\"  style=\"margin:0px 0px 15px 0px;\">\n\t\t\t\t\t<div class=\"icon-box-img\" style=\"width: 20px\">\n\t\t\t\t<div class=\"icon\">\n\t\t\t\t\t<div class=\"icon-inner\" >\n\t\t\t\t\t\t<img loading=\"lazy\" decoding=\"async\" width=\"1\" height=\"1\" src=\"https:\/\/campingetxarri.com\/wp-content\/uploads\/2023\/02\/expand-3-1.svg\" class=\"attachment-medium size-medium\" alt=\"\" \/>\t\t\t\t\t<\/div>\n\t\t\t\t<\/div>\n\t\t\t<\/div>\n\t\t\t\t<div class=\"icon-box-text last-reset\">\n\t\t\t\t\t\t\t\t\t\n\n\n\t\t<\/div>\n\t<\/div>\n\t\n\t\n\n\t\t<\/div>\n\t\t\t\t\n<style>\n#col-1519777499 > .col-inner {\n  padding: 10px 0px 0px 0px;\n}\n<\/style>\n\t<\/div>\n\n\t\n\n<\/div>\n<div class=\"row show-for-medium\"  id=\"row-155320466\">\n\n\n\t<div id=\"col-964184556\" class=\"col small-12 large-12\"  >\n\t\t\t\t<div class=\"col-inner\"  >\n\t\t\t\n\t\t\t\n\n<div class=\"slider-wrapper relative\" id=\"slider-1273969177\" >\n    <div class=\"slider slider-nav-circle slider-nav-large slider-nav-light slider-style-normal\"\n        data-flickity-options='{\n            \"cellAlign\": \"center\",\n            \"imagesLoaded\": true,\n            \"lazyLoad\": 1,\n            \"freeScroll\": false,\n            \"wrapAround\": true,\n            \"autoPlay\": 6000,\n            \"pauseAutoPlayOnHover\" : true,\n            \"prevNextButtons\": true,\n            \"contain\" : true,\n            \"adaptiveHeight\" : true,\n            \"dragThreshold\" : 10,\n            \"percentPosition\": true,\n            \"pageDots\": true,\n            \"rightToLeft\": false,\n            \"draggable\": true,\n            \"selectedAttraction\": 0.1,\n            \"parallax\" : 0,\n            \"friction\": 0.6        }'\n        >\n        \n\n\t<div class=\"img has-hover x md-x lg-x y md-y lg-y\" id=\"image_1929012253\">\n\t\t\t\t\t\t\t\t<div class=\"img-inner image-cover dark\" style=\"padding-top:75%;\">\n\t\t\t<img loading=\"lazy\" decoding=\"async\" width=\"1000\" height=\"750\" src=\"https:\/\/campingetxarri.com\/wp-content\/uploads\/2024\/01\/IMG_20210822_133439-1-scaled-1.jpg\" class=\"attachment-large size-large\" alt=\"Camping Etxarri, alojamientos. Parcelas Navarra\" srcset=\"https:\/\/campingetxarri.com\/wp-content\/uploads\/2024\/01\/IMG_20210822_133439-1-scaled-1.jpg 1000w, https:\/\/campingetxarri.com\/wp-content\/uploads\/2024\/01\/IMG_20210822_133439-1-scaled-1-300x225.jpg 300w, https:\/\/campingetxarri.com\/wp-content\/uploads\/2024\/01\/IMG_20210822_133439-1-scaled-1-768x576.jpg 768w\" sizes=\"auto, (max-width: 1000px) 100vw, 1000px\" \/>\t\t\t\t\t\t\n\t\t\t\t\t<\/div>\n\t\t\t\t\t\t\t\t\n<style>\n#image_1929012253 {\n  width: 100%;\n}\n<\/style>\n\t<\/div>\n\t\n\n\t<div class=\"img has-hover x md-x lg-x y md-y lg-y\" id=\"image_1657035209\">\n\t\t\t\t\t\t\t\t<div class=\"img-inner image-cover dark\" style=\"padding-top:75%;\">\n\t\t\t<img loading=\"lazy\" decoding=\"async\" width=\"1000\" height=\"666\" src=\"https:\/\/campingetxarri.com\/wp-content\/uploads\/2024\/01\/LARRI-ETXARRI-3-scaled-1.jpg\" class=\"attachment-large size-large\" alt=\"Camping Etxarri, alojamientos. Parcelas Navarra\" srcset=\"https:\/\/campingetxarri.com\/wp-content\/uploads\/2024\/01\/LARRI-ETXARRI-3-scaled-1.jpg 1000w, https:\/\/campingetxarri.com\/wp-content\/uploads\/2024\/01\/LARRI-ETXARRI-3-scaled-1-300x200.jpg 300w, https:\/\/campingetxarri.com\/wp-content\/uploads\/2024\/01\/LARRI-ETXARRI-3-scaled-1-768x511.jpg 768w\" sizes=\"auto, (max-width: 1000px) 100vw, 1000px\" \/>\t\t\t\t\t\t\n\t\t\t\t\t<\/div>\n\t\t\t\t\t\t\t\t\n<style>\n#image_1657035209 {\n  width: 100%;\n}\n<\/style>\n\t<\/div>\n\t\n\n\t<div class=\"img has-hover x md-x lg-x y md-y lg-y\" id=\"image_1532640524\">\n\t\t\t\t\t\t\t\t<div class=\"img-inner image-cover dark\" style=\"padding-top:75%;\">\n\t\t\t<img loading=\"lazy\" decoding=\"async\" width=\"1000\" height=\"666\" src=\"https:\/\/campingetxarri.com\/wp-content\/uploads\/2024\/01\/LARRI-ETXARRI-scaled-1.jpg\" class=\"attachment-large size-large\" alt=\"Camping Etxarri, alojamientos. Parcelas Navarra\" srcset=\"https:\/\/campingetxarri.com\/wp-content\/uploads\/2024\/01\/LARRI-ETXARRI-scaled-1.jpg 1000w, https:\/\/campingetxarri.com\/wp-content\/uploads\/2024\/01\/LARRI-ETXARRI-scaled-1-300x200.jpg 300w, https:\/\/campingetxarri.com\/wp-content\/uploads\/2024\/01\/LARRI-ETXARRI-scaled-1-768x511.jpg 768w\" sizes=\"auto, (max-width: 1000px) 100vw, 1000px\" \/>\t\t\t\t\t\t\n\t\t\t\t\t<\/div>\n\t\t\t\t\t\t\t\t\n<style>\n#image_1532640524 {\n  width: 100%;\n}\n<\/style>\n\t<\/div>\n\t\n\n\n     <\/div>\n\n     <div class=\"loading-spin dark large centered\"><\/div>\n\n\t<\/div>\n\n\n\n\t\t<\/div>\n\t\t\t\t\t<\/div>\n\n\t\n\n<\/div>\n<div class=\"row hide-for-medium\"  id=\"row-598103105\">\n\n\n\t<div id=\"col-1745677919\" class=\"col small-12 large-12\"  >\n\t\t\t\t<div class=\"col-inner\"  >\n\t\t\t\n\t\t\t\n\n  <div class=\"banner-grid-wrapper\">\n  <div id=\"banner-grid-596132797\" class=\"banner-grid row row-grid row-small\" data-packery-options=\"\">\n                      \n\n<div class=\"col grid-col small-13 large-8 grid-col-1\" ><div class=\"col-inner\">\n\n\t<div class=\"img has-hover x md-x lg-x y md-y lg-y\" id=\"image_2038605542\">\n\t\t\t\t\t\t\t\t<div class=\"img-inner image-cover dark\" style=\"padding-top:100%;\">\n\t\t\t<img loading=\"lazy\" decoding=\"async\" width=\"1000\" height=\"750\" src=\"https:\/\/campingetxarri.com\/wp-content\/uploads\/2024\/08\/larri-caravana.jpg\" class=\"attachment-original size-original\" alt=\"alojamiento parcelas larri\" srcset=\"https:\/\/campingetxarri.com\/wp-content\/uploads\/2024\/08\/larri-caravana.jpg 1000w, https:\/\/campingetxarri.com\/wp-content\/uploads\/2024\/08\/larri-caravana-300x225.jpg 300w, https:\/\/campingetxarri.com\/wp-content\/uploads\/2024\/08\/larri-caravana-768x576.jpg 768w\" sizes=\"auto, (max-width: 1000px) 100vw, 1000px\" \/>\t\t\t\t\t\t\n\t\t\t\t\t<\/div>\n\t\t\t\t\t\t\t\t\n<style>\n#image_2038605542 {\n  width: 100%;\n}\n<\/style>\n\t<\/div>\n\t\n\n\n<\/div><\/div>\n<div class=\"col grid-col small-15 large-4 grid-col-1-2\" ><div class=\"col-inner\">\n\n\t<div class=\"img has-hover x md-x lg-x y md-y lg-y\" id=\"image_1775087594\">\n\t\t\t\t\t\t\t\t<div class=\"img-inner image-cover dark\" style=\"padding-top:100%;\">\n\t\t\t<img loading=\"lazy\" decoding=\"async\" width=\"1000\" height=\"750\" src=\"https:\/\/campingetxarri.com\/wp-content\/uploads\/2024\/08\/larri-caravana-camping.jpg\" class=\"attachment-original size-original\" alt=\"alojamiento parcelas larri\" srcset=\"https:\/\/campingetxarri.com\/wp-content\/uploads\/2024\/08\/larri-caravana-camping.jpg 1000w, https:\/\/campingetxarri.com\/wp-content\/uploads\/2024\/08\/larri-caravana-camping-300x225.jpg 300w, https:\/\/campingetxarri.com\/wp-content\/uploads\/2024\/08\/larri-caravana-camping-768x576.jpg 768w\" sizes=\"auto, (max-width: 1000px) 100vw, 1000px\" \/>\t\t\t\t\t\t\n\t\t\t\t\t<\/div>\n\t\t\t\t\t\t\t\t\n<style>\n#image_1775087594 {\n  width: 100%;\n}\n<\/style>\n\t<\/div>\n\t\n\n\n<\/div><\/div>\n<div class=\"col grid-col small-14 large-4 grid-col-1-2\" ><div class=\"col-inner\">\n\n\t<div class=\"img has-hover x md-x lg-x y md-y lg-y\" id=\"image_1972838849\">\n\t\t\t\t\t\t\t\t<div class=\"img-inner image-cover dark\" style=\"padding-top:100%;\">\n\t\t\t<img loading=\"lazy\" decoding=\"async\" width=\"1000\" height=\"750\" src=\"https:\/\/campingetxarri.com\/wp-content\/uploads\/2024\/08\/larri-autocaravanas.jpg\" class=\"attachment-original size-original\" alt=\"alojamiento parcelas larri\" srcset=\"https:\/\/campingetxarri.com\/wp-content\/uploads\/2024\/08\/larri-autocaravanas.jpg 1000w, https:\/\/campingetxarri.com\/wp-content\/uploads\/2024\/08\/larri-autocaravanas-300x225.jpg 300w, https:\/\/campingetxarri.com\/wp-content\/uploads\/2024\/08\/larri-autocaravanas-768x576.jpg 768w\" sizes=\"auto, (max-width: 1000px) 100vw, 1000px\" \/>\t\t\t\t\t\t\n\t\t\t\t\t<\/div>\n\t\t\t\t\t\t\t\t\n<style>\n#image_1972838849 {\n  width: 100%;\n}\n<\/style>\n\t<\/div>\n\t\n\n\n<\/div><\/div>\n\n            <\/div>\n    <style>\n    #banner-grid-596132797 .grid-col-1{height: 600px}\n    #banner-grid-596132797 .grid-col-1-2{height: 300px}\n    #banner-grid-596132797 .grid-col-1-3{height:200px}\n    #banner-grid-596132797 .grid-col-2-3{height: 400px}\n    #banner-grid-596132797 .grid-col-1-4{height: 150px}\n    #banner-grid-596132797 .grid-col-3-4{height: 450px}\n\n\n    \n    \n\n  <\/style>\n    <\/div>\n  \n<div class=\"is-divider divider clearfix\" style=\"max-width:1280px;height:1px;\"><\/div>\n\n\n\t\t<\/div>\n\t\t\t\t\t<\/div>\n\n\t\n\n<\/div>\n<div class=\"row row-large\"  id=\"row-1804040113\">\n\n\n\t<div id=\"col-1972809538\" class=\"col medium-8 small-12 large-8\"  >\n\t\t\t\t<div class=\"col-inner text-left\"  >\n\t\t\t\n\t\t\t\n\n<h2>Les parcel\u00b7les m\u00e9s grans del Camping Etxarri<\/h2>\n<p>Allibera el teu esperit d&#8217;acampada a la nostra \u00e0mplia parcel\u00b7la est\u00e0ndard Larri, ideal per a cotxes, caravanes, autocaravanes i furgonetes.<\/p>\n<p>Parcel\u00b7les grans i de f\u00e0cil acc\u00e9s, d&#8217;herba o de graveta, protegides per l&#8217;ombra dels arbres del c\u00e0mping, on et garantim la privacitat i la tranquil\u00b7litat que et mereixes.\u00a0<\/p>\n<p>Reserva ara la teva parcel\u00b7la a Camping Etxarri i t&#8217;esperem a Navarra.<\/p>\n<p>Cal tenir en compte que la presa de llum pot no estar a la mateixa parcel\u00b7la; per aix\u00f2 recomanem portar un allargador.<\/p>\n<p>\u00a0<\/p>\n<a rel=\"noopener noreferrer\" href=\"https:\/\/q10-etxarri-dot-q10-campings.appspot.com\/booking1?adultsRoom1=2&#038;advanced_filters=%3B1&#038;language=CATALAN\" target=\"_blank\" class=\"button primary\"  style=\"padding:8px 30px 8px 30px;\">\n    <span>Reserva ara<\/span>\n  <\/a>\n\n\n\n\t\t<\/div>\n\t\t\t\t\t<\/div>\n\n\t\n\n\t<div id=\"col-1361350410\" class=\"col medium-4 small-12 large-4\"  data-animate=\"fadeInUp\">\n\t\t\t\t<div class=\"col-inner text-left\" style=\"background-color:#e7d3b1;\" >\n\t\t\t\n\t<div class=\"is-border\"\n\t\tstyle=\"border-width:0px 0px 0px 0px;\">\n\t<\/div>\n\t\t\t\n\n<div class=\"row\"  id=\"row-710515515\">\n\n\n\t<div id=\"col-1916650660\" class=\"col medium-6 small-12 large-6\"  >\n\t\t\t\t<div class=\"col-inner\"  >\n\t\t\t\n\t\t\t\n\n\n\t\t<div class=\"icon-box featured-box icon-box-left text-left\"  style=\"margin:0px 0px 15px 0px;\">\n\t\t\t\t\t<div class=\"icon-box-img\" style=\"width: 20px\">\n\t\t\t\t<div class=\"icon\">\n\t\t\t\t\t<div class=\"icon-inner\" >\n\t\t\t\t\t\t<img loading=\"lazy\" decoding=\"async\" width=\"1\" height=\"1\" src=\"https:\/\/campingetxarri.com\/wp-content\/uploads\/2023\/02\/expand-3-1.svg\" class=\"attachment-medium size-medium\" alt=\"\" \/>\t\t\t\t\t<\/div>\n\t\t\t\t<\/div>\n\t\t\t<\/div>\n\t\t\t\t<div class=\"icon-box-text last-reset\">\n\t\t\t\t\t\t\t\t\t\n\n<p>70 m\u00b2<\/p>\n\n\t\t<\/div>\n\t<\/div>\n\t\n\t\n\n\t\t<div class=\"icon-box featured-box icon-box-left text-left\"  style=\"margin:0px 0px 15px 0px;\">\n\t\t\t\t\t<div class=\"icon-box-img\" style=\"width: 20px\">\n\t\t\t\t<div class=\"icon\">\n\t\t\t\t\t<div class=\"icon-inner\" >\n\t\t\t\t\t\t<img loading=\"lazy\" decoding=\"async\" width=\"1\" height=\"1\" src=\"https:\/\/campingetxarri.com\/wp-content\/uploads\/2023\/02\/bathroom-shower-1.svg\" class=\"attachment-medium size-medium\" alt=\"\" \/>\t\t\t\t\t<\/div>\n\t\t\t\t<\/div>\n\t\t\t<\/div>\n\t\t\t\t<div class=\"icon-box-text last-reset\">\n\t\t\t\t\t\t\t\t\t\n\n<p><span style=\"font-size: 90%;\">Bany a les intal\u00b7lacions<\/span><\/p>\n\n\t\t<\/div>\n\t<\/div>\n\t\n\t\n\t<div id=\"gap-1761663170\" class=\"gap-element clearfix\" style=\"display:block; height:auto;\">\n\t\t\n<style>\n#gap-1761663170 {\n  padding-top: 20px;\n}\n@media (min-width:550px) {\n  #gap-1761663170 {\n    padding-top: 20px;\n  }\n}\n<\/style>\n\t<\/div>\n\t\n\n\n\t\t<\/div>\n\t\t\t\t\n<style>\n#col-1916650660 > .col-inner {\n  margin: 0px 0px -50px 0px;\n}\n<\/style>\n\t<\/div>\n\n\t\n\n\t<div id=\"col-1283192667\" class=\"col medium-6 small-12 large-6\"  >\n\t\t\t\t<div class=\"col-inner\"  >\n\t\t\t\n\t\t\t\n\n\n\t\t<div class=\"icon-box featured-box icon-box-left text-left\"  style=\"margin:0px 0px 15px 0px;\">\n\t\t\t\t\t<div class=\"icon-box-img\" style=\"width: 20px\">\n\t\t\t\t<div class=\"icon\">\n\t\t\t\t\t<div class=\"icon-inner\" >\n\t\t\t\t\t\t<img loading=\"lazy\" decoding=\"async\" width=\"300\" height=\"300\" src=\"https:\/\/campingetxarri.com\/wp-content\/uploads\/2023\/10\/enchufe-300x300-1.png\" class=\"attachment-medium size-medium\" alt=\"\" srcset=\"https:\/\/campingetxarri.com\/wp-content\/uploads\/2023\/10\/enchufe-300x300-1.png 300w, https:\/\/campingetxarri.com\/wp-content\/uploads\/2023\/10\/enchufe-300x300-1-150x150.png 150w\" sizes=\"auto, (max-width: 300px) 100vw, 300px\" \/>\t\t\t\t\t<\/div>\n\t\t\t\t<\/div>\n\t\t\t<\/div>\n\t\t\t\t<div class=\"icon-box-text last-reset\">\n\t\t\t\t\t\t\t\t\t\n\n<p><span style=\"font-size: 90%;\">6A<\/span><\/p>\n\n\t\t<\/div>\n\t<\/div>\n\t\n\t\n\n\t\t<div class=\"icon-box featured-box icon-box-left text-left\"  style=\"margin:0px 0px 15px 0px;\">\n\t\t\t\t\t<div class=\"icon-box-img\" style=\"width: 20px\">\n\t\t\t\t<div class=\"icon\">\n\t\t\t\t\t<div class=\"icon-inner\" >\n\t\t\t\t\t\t<img loading=\"lazy\" decoding=\"async\" width=\"1\" height=\"1\" src=\"https:\/\/campingetxarri.com\/wp-content\/uploads\/2023\/02\/dog-01.svg\" class=\"attachment-medium size-medium\" alt=\"\" \/>\t\t\t\t\t<\/div>\n\t\t\t\t<\/div>\n\t\t\t<\/div>\n\t\t\t\t<div class=\"icon-box-text last-reset\">\n\t\t\t\t\t\t\t\t\t\n\n<p><span style=\"font-size: 85%;\">Porta la teva mascota<\/span><\/p>\n\n\t\t<\/div>\n\t<\/div>\n\t\n\t\n\n\t\t<\/div>\n\t\t\t\t\n<style>\n#col-1283192667 > .col-inner {\n  margin: 0px 0px -50px 0px;\n}\n<\/style>\n\t<\/div>\n\n\t\n\n<\/div>\n\n\t\t<\/div>\n\t\t\t\t\n<style>\n#col-1361350410 > .col-inner {\n  padding: 15% 10% 15% 10%;\n  margin: 0px 0px 0px 0px;\n  border-radius: 64px;\n}\n<\/style>\n\t<\/div>\n\n\t\n\n<\/div>\n\n\t\t<\/div>\n\n\t\t\n<style>\n#section_1834121785 {\n  padding-top: 50px;\n  padding-bottom: 50px;\n}\n@media (min-width:550px) {\n  #section_1834121785 {\n    padding-top: 110px;\n    padding-bottom: 110px;\n  }\n}\n@media (min-width:850px) {\n  #section_1834121785 {\n    padding-top: 131px;\n    padding-bottom: 131px;\n  }\n}\n<\/style>\n\t<\/section>\n\t\n\n","protected":false},"excerpt":{"rendered":"","protected":false},"author":1,"featured_media":0,"parent":0,"menu_order":0,"comment_status":"closed","ping_status":"closed","template":"page-blank.php","meta":{"inline_featured_image":false,"footnotes":""},"class_list":["post-15976","page","type-page","status-publish","hentry"],"yoast_head":"<!-- This site is optimized with the Yoast SEO plugin v21.7 - https:\/\/yoast.com\/wordpress\/plugins\/seo\/ -->\n<title>Parcel\u00b7les Larri - Camping Etxarri<\/title>\n<meta name=\"description\" content=\"Parcel\u00b7les per a caravanes i autocaravanes en C\u00e0mping Etxarri. Superf\u00edcie de 70\u202fm\u00b2 amb electricitat i ombra. Sanitaris i banys en les instal\u00b7lacions.\" \/>\n<meta name=\"robots\" content=\"index, follow, max-snippet:-1, max-image-preview:large, max-video-preview:-1\" \/>\n<link rel=\"canonical\" href=\"https:\/\/campingetxarri.com\/ca\/parcelles-larri\/\" \/>\n<meta property=\"og:locale\" content=\"ca_ES\" \/>\n<meta property=\"og:type\" content=\"article\" \/>\n<meta property=\"og:title\" content=\"Parcel\u00b7les Larri - Camping Etxarri\" \/>\n<meta property=\"og:description\" content=\"Parcel\u00b7les per a caravanes i autocaravanes en C\u00e0mping Etxarri. Superf\u00edcie de 70\u202fm\u00b2 amb electricitat i ombra. Sanitaris i banys en les instal\u00b7lacions.\" \/>\n<meta property=\"og:url\" content=\"https:\/\/campingetxarri.com\/ca\/parcelles-larri\/\" \/>\n<meta property=\"og:site_name\" content=\"Camping Etxarri\" \/>\n<meta property=\"article:modified_time\" content=\"2026-03-09T10:16:03+00:00\" \/>\n<meta name=\"twitter:card\" content=\"summary_large_image\" \/>\n<meta name=\"twitter:label1\" content=\"Temps estimat de lectura\" \/>\n\t<meta name=\"twitter:data1\" content=\"2 minuts\" \/>\n<script type=\"application\/ld+json\" class=\"yoast-schema-graph\">{\"@context\":\"https:\/\/schema.org\",\"@graph\":[{\"@type\":\"WebPage\",\"@id\":\"https:\/\/campingetxarri.com\/ca\/parcelles-larri\/\",\"url\":\"https:\/\/campingetxarri.com\/ca\/parcelles-larri\/\",\"name\":\"Parcel\u00b7les Larri - Camping Etxarri\",\"isPartOf\":{\"@id\":\"https:\/\/campingetxarri.com\/ca\/#website\"},\"datePublished\":\"2023-06-15T16:36:15+00:00\",\"dateModified\":\"2026-03-09T10:16:03+00:00\",\"description\":\"Parcel\u00b7les per a caravanes i autocaravanes en C\u00e0mping Etxarri. Superf\u00edcie de 70\u202fm\u00b2 amb electricitat i ombra. Sanitaris i banys en les instal\u00b7lacions.\",\"breadcrumb\":{\"@id\":\"https:\/\/campingetxarri.com\/ca\/parcelles-larri\/#breadcrumb\"},\"inLanguage\":\"ca\",\"potentialAction\":[{\"@type\":\"ReadAction\",\"target\":[\"https:\/\/campingetxarri.com\/ca\/parcelles-larri\/\"]}]},{\"@type\":\"BreadcrumbList\",\"@id\":\"https:\/\/campingetxarri.com\/ca\/parcelles-larri\/#breadcrumb\",\"itemListElement\":[{\"@type\":\"ListItem\",\"position\":1,\"name\":\"Portada\",\"item\":\"https:\/\/campingetxarri.com\/ca\/\"},{\"@type\":\"ListItem\",\"position\":2,\"name\":\"Parcel\u00b7les Larri\"}]},{\"@type\":\"WebSite\",\"@id\":\"https:\/\/campingetxarri.com\/ca\/#website\",\"url\":\"https:\/\/campingetxarri.com\/ca\/\",\"name\":\"Camping Etxarri\",\"description\":\"\",\"potentialAction\":[{\"@type\":\"SearchAction\",\"target\":{\"@type\":\"EntryPoint\",\"urlTemplate\":\"https:\/\/campingetxarri.com\/ca\/?s={search_term_string}\"},\"query-input\":\"required name=search_term_string\"}],\"inLanguage\":\"ca\"}]}<\/script>\n<!-- \/ Yoast SEO plugin. -->","yoast_head_json":{"title":"Parcel\u00b7les Larri - Camping Etxarri","description":"Parcel\u00b7les per a caravanes i autocaravanes en C\u00e0mping Etxarri. Superf\u00edcie de 70\u202fm\u00b2 amb electricitat i ombra. Sanitaris i banys en les instal\u00b7lacions.","robots":{"index":"index","follow":"follow","max-snippet":"max-snippet:-1","max-image-preview":"max-image-preview:large","max-video-preview":"max-video-preview:-1"},"canonical":"https:\/\/campingetxarri.com\/ca\/parcelles-larri\/","og_locale":"ca_ES","og_type":"article","og_title":"Parcel\u00b7les Larri - Camping Etxarri","og_description":"Parcel\u00b7les per a caravanes i autocaravanes en C\u00e0mping Etxarri. Superf\u00edcie de 70\u202fm\u00b2 amb electricitat i ombra. Sanitaris i banys en les instal\u00b7lacions.","og_url":"https:\/\/campingetxarri.com\/ca\/parcelles-larri\/","og_site_name":"Camping Etxarri","article_modified_time":"2026-03-09T10:16:03+00:00","twitter_card":"summary_large_image","twitter_misc":{"Temps estimat de lectura":"2 minuts"},"schema":{"@context":"https:\/\/schema.org","@graph":[{"@type":"WebPage","@id":"https:\/\/campingetxarri.com\/ca\/parcelles-larri\/","url":"https:\/\/campingetxarri.com\/ca\/parcelles-larri\/","name":"Parcel\u00b7les Larri - Camping Etxarri","isPartOf":{"@id":"https:\/\/campingetxarri.com\/ca\/#website"},"datePublished":"2023-06-15T16:36:15+00:00","dateModified":"2026-03-09T10:16:03+00:00","description":"Parcel\u00b7les per a caravanes i autocaravanes en C\u00e0mping Etxarri. Superf\u00edcie de 70\u202fm\u00b2 amb electricitat i ombra. Sanitaris i banys en les instal\u00b7lacions.","breadcrumb":{"@id":"https:\/\/campingetxarri.com\/ca\/parcelles-larri\/#breadcrumb"},"inLanguage":"ca","potentialAction":[{"@type":"ReadAction","target":["https:\/\/campingetxarri.com\/ca\/parcelles-larri\/"]}]},{"@type":"BreadcrumbList","@id":"https:\/\/campingetxarri.com\/ca\/parcelles-larri\/#breadcrumb","itemListElement":[{"@type":"ListItem","position":1,"name":"Portada","item":"https:\/\/campingetxarri.com\/ca\/"},{"@type":"ListItem","position":2,"name":"Parcel\u00b7les Larri"}]},{"@type":"WebSite","@id":"https:\/\/campingetxarri.com\/ca\/#website","url":"https:\/\/campingetxarri.com\/ca\/","name":"Camping Etxarri","description":"","potentialAction":[{"@type":"SearchAction","target":{"@type":"EntryPoint","urlTemplate":"https:\/\/campingetxarri.com\/ca\/?s={search_term_string}"},"query-input":"required name=search_term_string"}],"inLanguage":"ca"}]}},"_links":{"self":[{"href":"https:\/\/campingetxarri.com\/ca\/wp-json\/wp\/v2\/pages\/15976","targetHints":{"allow":["GET"]}}],"collection":[{"href":"https:\/\/campingetxarri.com\/ca\/wp-json\/wp\/v2\/pages"}],"about":[{"href":"https:\/\/campingetxarri.com\/ca\/wp-json\/wp\/v2\/types\/page"}],"author":[{"embeddable":true,"href":"https:\/\/campingetxarri.com\/ca\/wp-json\/wp\/v2\/users\/1"}],"replies":[{"embeddable":true,"href":"https:\/\/campingetxarri.com\/ca\/wp-json\/wp\/v2\/comments?post=15976"}],"version-history":[{"count":18,"href":"https:\/\/campingetxarri.com\/ca\/wp-json\/wp\/v2\/pages\/15976\/revisions"}],"predecessor-version":[{"id":21389,"href":"https:\/\/campingetxarri.com\/ca\/wp-json\/wp\/v2\/pages\/15976\/revisions\/21389"}],"wp:attachment":[{"href":"https:\/\/campingetxarri.com\/ca\/wp-json\/wp\/v2\/media?parent=15976"}],"curies":[{"name":"wp","href":"https:\/\/api.w.org\/{rel}","templated":true}]}}